{"id":149,"date":"2021-12-11T14:23:56","date_gmt":"2021-12-11T14:23:56","guid":{"rendered":"https:\/\/elephantguide.com\/?page_id=149"},"modified":"2023-04-05T15:37:40","modified_gmt":"2023-04-05T15:37:40","slug":"kakor-cookies","status":"publish","type":"page","link":"https:\/\/elephantguide.com\/sv\/integritetspolicy\/kakor-cookies\/","title":{"rendered":"Kakor (cookies)"},"content":{"rendered":"<h2 class=\"wp-block-heading\">Vi anv\u00e4nder kakor<\/h2>\n\n\n\n<p>F\u00f6r att kunna erbjuda dig ett stort antal funktioner n\u00e4r du bes\u00f6ker v\u00e5r webbplats, k\u00e4nna igen dina preferenser och g\u00f6ra anv\u00e4ndningen av v\u00e5r webbplats mer bekv\u00e4m och smidig anv\u00e4nder vi kakor (cookies).<\/p>\n\n\n\n<h2 class=\"wp-block-heading\">Vad \u00e4r kakor?<\/h2>\n\n\n\n<p>En cookie \u00e4r en liten fil eller information som sparas p\u00e5 din dator eller enhet n\u00e4r du bes\u00f6ker webbplatsen. S\u00e5dan teknik g\u00f6r det m\u00f6jligt f\u00f6r oss att komma ih\u00e5g dina handlingar och preferenser (t.ex. spr\u00e5k, hur l\u00e4nge du interagerar med oss via ett analysverktyg etc.) under en viss tid.<\/p>\n\n\n\n<h2 class=\"wp-block-heading\">Dina alternativ<\/h2>\n\n\n\n<p>Du kan i allm\u00e4nhet se v\u00e5r webbplats utan cookies, men vissa delar av webbplatsen kanske inte fungerar som de ska eller s\u00e5 kan navigeringen bli l\u00e5ngsammare.<\/p>\n\n\n\n<p>Om du inte vill att cookies ska lagras p\u00e5 din dator eller enhet kan du avaktivera det relevanta alternativet i din webbl\u00e4sares systeminst\u00e4llningar. Du kan ocks\u00e5 n\u00e4r som helst radera lagrade cookies i din webbl\u00e4sares systeminst\u00e4llningar.<\/p>\n\n\n\n<p>Mer information om hur du inaktiverar eller raderar cookies finns h\u00e4r&nbsp;<a href=\"https:\/\/www.aboutcookies.org\/cookie-faq\/\" target=\"_blank\" rel=\"noreferrer noopener\">h\u00e4r<\/a>. T\u00e4nk dock p\u00e5 att om du inte accepterar n\u00e5gra cookies kan det begr\u00e4nsa funktionaliteten hos v\u00e5ra erbjudanden.<\/p>\n\n\n\n<h2 class=\"wp-block-heading\">Kategorier av kakor<\/h2>\n\n\n\n<figure class=\"wp-block-table\"><table><thead><tr><td><strong>Typ av kaka<\/strong><\/td><td><strong>Syfte<\/strong><\/td><td><strong>Maximal livsl\u00e4ngd<\/strong><\/td><\/tr><\/thead><tbody><tr><td><strong>Kr\u00e4vande kakor<\/strong><\/td><td>Dessa cookies beh\u00f6vs f\u00f6r att m\u00f6jligg\u00f6ra webbplatsens centrala funktioner. Utan dessa kan vi inte tillhandah\u00e5lla de tj\u00e4nster som du har bett om. Om du inaktiverar dessa cookies kommer vissa delar av webbplatsen inte att fungera f\u00f6r dig.<\/td><td>Upp till 24 m\u00e5nader<\/td><\/tr><tr><td><strong>Kakor f\u00f6r analys<\/strong><\/td><td>Dessa cookies hj\u00e4lper oss att f\u00f6rb\u00e4ttra eller optimera den upplevelse vi erbjuder. De g\u00f6r det m\u00f6jligt f\u00f6r oss att m\u00e4ta hur bes\u00f6kare interagerar med webbplatsen och f\u00f6rb\u00e4ttra anv\u00e4ndarupplevelsen och webbplatsens prestanda.<br><br>De anv\u00e4nds f\u00f6r att samla in teknisk information, t.ex. n\u00e4r du senast bes\u00f6kte webbplatsen, antalet bes\u00f6kta sidor, vilka delar av v\u00e5r webbplats som du klickar p\u00e5 och hur l\u00e5ng tid det tar mellan klickningarna. Se avsnittet \"Uppgifter om tredje parter och v\u00e5ra vanligaste kakor\" nedan f\u00f6r mer information om var dessa kakor placeras av tredje parter.<\/td><td>Upp till 24 m\u00e5nader<\/td><\/tr><\/tbody><\/table><\/figure>\n\n\n\n<p>Information om tredje parter och v\u00e5ra vanligaste cookies:<\/p>\n\n\n\n<figure class=\"wp-block-table\"><table><thead><tr><td><strong>Namnet p\u00e5 kakan<\/strong><\/td><td><strong>Leverant\u00f6r av cookies<\/strong><\/td><td><strong>Syfte<\/strong><\/td><\/tr><\/thead><tbody><tr><td>Ezoisk<\/td><td>Ezoisk<\/td><td>Ezoic kan samla in personlig information enligt definitionen i GDPR (t.ex. IP-adress och ett unikt ID i en cookie) om bes\u00f6kare p\u00e5 din webbplats f\u00f6r statistik, analys och personalisering. Dessutom samarbetar Ezoic med m\u00e5nga tredje parter f\u00f6r insamling och lagring av data och tillhandah\u00e5llande av analys- och reklamtj\u00e4nster. <a href=\"https:\/\/g.ezoic.net\/privacy\/elephantguide.com\" target=\"_blank\" rel=\"noreferrer noopener nofollow\">Mer information<\/a>.<\/td><\/tr><\/tbody><\/table><\/figure>\n\n\n\n<h2 class=\"wp-block-heading\">Andras produkter och l\u00e4nkar<\/h2>\n\n\n\n<p>Vi kan visa annonser fr\u00e5n tredje part och annat inneh\u00e5ll som l\u00e4nkar till webbplatser fr\u00e5n tredje part. Om du klickar p\u00e5 en annons eller l\u00e4nk fr\u00e5n en tredje part ska du vara medveten om att du l\u00e4mnar v\u00e5r webbplats och att alla uppgifter som du l\u00e4mnar kommer att behandlas i enlighet med den tredje partens respektive sekretess- och cookiepolicy, som vi r\u00e5der dig att ta del av i f\u00f6rv\u00e4g.<\/p>\n\n\n\n<h2 class=\"wp-block-heading\">Fler detaljer<\/h2>\n\n\n\n<p>Om du vill kontakta oss eller ta reda p\u00e5 mer om hur vi behandlar dina personuppgifter, v\u00e4nligen se v\u00e5r&nbsp;<a href=\"\/sv\/integritetspolicy\/\">Integritetspolicy<\/a>.<\/p>","protected":false},"excerpt":{"rendered":"<p>We use Cookies To offer you a full range of functions when you visit our website, recognize your preferences, and make the use of our website more comfortable and convenient, we use \u201ccookies.\u201d What are Cookies? A cookie is a small file or information saved on your computer or device when you visit the website. [&hellip;]<\/p>\n","protected":false},"author":3,"featured_media":0,"parent":3,"menu_order":0,"comment_status":"closed","ping_status":"closed","template":"","meta":{"footnotes":""},"class_list":["post-149","page","type-page","status-publish","hentry"],"yoast_head":"<!-- This site is optimized with the Yoast SEO plugin v27.4 - https:\/\/yoast.com\/product\/yoast-seo-wordpress\/ -->\n<title>Cookies - The Elephant Guide<\/title>\n<meta name=\"description\" content=\"Cookie Policy of The Elephant Guide. What data do we store?\" \/>\n<meta name=\"robots\" content=\"index, follow, max-snippet:-1, max-image-preview:large, max-video-preview:-1\" \/>\n<link rel=\"canonical\" href=\"https:\/\/elephantguide.com\/sv\/integritetspolicy\/kakor-cookies\/\" \/>\n<meta property=\"og:locale\" content=\"sv_SE\" \/>\n<meta property=\"og:type\" content=\"article\" \/>\n<meta property=\"og:title\" content=\"Cookies - The Elephant Guide\" \/>\n<meta property=\"og:description\" content=\"Cookie Policy of The Elephant Guide. What data do we store?\" \/>\n<meta property=\"og:url\" content=\"https:\/\/elephantguide.com\/sv\/integritetspolicy\/kakor-cookies\/\" \/>\n<meta property=\"og:site_name\" content=\"The Elephant Guide\" \/>\n<meta property=\"article:modified_time\" content=\"2023-04-05T15:37:40+00:00\" \/>\n<meta name=\"twitter:card\" content=\"summary_large_image\" \/>\n<meta name=\"twitter:label1\" content=\"Ber\u00e4knad l\u00e4stid\" \/>\n\t<meta name=\"twitter:data1\" content=\"3 minuter\" \/>\n<script type=\"application\/ld+json\" class=\"yoast-schema-graph\">{\"@context\":\"https:\\\/\\\/schema.org\",\"@graph\":[{\"@type\":\"WebPage\",\"@id\":\"https:\\\/\\\/elephantguide.com\\\/privacy-policy\\\/cookies\\\/\",\"url\":\"https:\\\/\\\/elephantguide.com\\\/privacy-policy\\\/cookies\\\/\",\"name\":\"Cookies - The Elephant Guide\",\"isPartOf\":{\"@id\":\"https:\\\/\\\/elephantguide.com\\\/en\\\/#website\"},\"datePublished\":\"2021-12-11T14:23:56+00:00\",\"dateModified\":\"2023-04-05T15:37:40+00:00\",\"description\":\"Cookie Policy of The Elephant Guide. What data do we store?\",\"breadcrumb\":{\"@id\":\"https:\\\/\\\/elephantguide.com\\\/privacy-policy\\\/cookies\\\/#breadcrumb\"},\"inLanguage\":\"sv-SE\",\"potentialAction\":[{\"@type\":\"ReadAction\",\"target\":[\"https:\\\/\\\/elephantguide.com\\\/privacy-policy\\\/cookies\\\/\"]}]},{\"@type\":\"BreadcrumbList\",\"@id\":\"https:\\\/\\\/elephantguide.com\\\/privacy-policy\\\/cookies\\\/#breadcrumb\",\"itemListElement\":[{\"@type\":\"ListItem\",\"position\":1,\"name\":\"Home\",\"item\":\"https:\\\/\\\/elephantguide.com\\\/\"},{\"@type\":\"ListItem\",\"position\":2,\"name\":\"Privacy Policy\",\"item\":\"https:\\\/\\\/elephantguide.com\\\/privacy-policy\\\/\"},{\"@type\":\"ListItem\",\"position\":3,\"name\":\"Cookies\"}]},{\"@type\":\"WebSite\",\"@id\":\"https:\\\/\\\/elephantguide.com\\\/en\\\/#website\",\"url\":\"https:\\\/\\\/elephantguide.com\\\/en\\\/\",\"name\":\"The Elephant Guide\",\"description\":\"Facts about elephants and best places to see them in the wild\",\"publisher\":{\"@id\":\"https:\\\/\\\/elephantguide.com\\\/en\\\/#organization\"},\"potentialAction\":[{\"@type\":\"SearchAction\",\"target\":{\"@type\":\"EntryPoint\",\"urlTemplate\":\"https:\\\/\\\/elephantguide.com\\\/en\\\/?s={search_term_string}\"},\"query-input\":{\"@type\":\"PropertyValueSpecification\",\"valueRequired\":true,\"valueName\":\"search_term_string\"}}],\"inLanguage\":\"sv-SE\"},{\"@type\":\"Organization\",\"@id\":\"https:\\\/\\\/elephantguide.com\\\/en\\\/#organization\",\"name\":\"The Elephant Guide\",\"url\":\"https:\\\/\\\/elephantguide.com\\\/en\\\/\",\"logo\":{\"@type\":\"ImageObject\",\"inLanguage\":\"sv-SE\",\"@id\":\"https:\\\/\\\/elephantguide.com\\\/en\\\/#\\\/schema\\\/logo\\\/image\\\/\",\"url\":\"https:\\\/\\\/elephantguide.com\\\/wp-content\\\/uploads\\\/2022\\\/02\\\/elephanticon.png\",\"contentUrl\":\"https:\\\/\\\/elephantguide.com\\\/wp-content\\\/uploads\\\/2022\\\/02\\\/elephanticon.png\",\"width\":1000,\"height\":1000,\"caption\":\"The Elephant Guide\"},\"image\":{\"@id\":\"https:\\\/\\\/elephantguide.com\\\/en\\\/#\\\/schema\\\/logo\\\/image\\\/\"}}]}<\/script>\n<!-- \/ Yoast SEO plugin. -->","yoast_head_json":{"title":"Kakor - Elefantguiden","description":"Cookiepolicy f\u00f6r Elefantguiden. Vilka uppgifter lagrar vi?","robots":{"index":"index","follow":"follow","max-snippet":"max-snippet:-1","max-image-preview":"max-image-preview:large","max-video-preview":"max-video-preview:-1"},"canonical":"https:\/\/elephantguide.com\/sv\/integritetspolicy\/kakor-cookies\/","og_locale":"sv_SE","og_type":"article","og_title":"Cookies - The Elephant Guide","og_description":"Cookie Policy of The Elephant Guide. What data do we store?","og_url":"https:\/\/elephantguide.com\/sv\/integritetspolicy\/kakor-cookies\/","og_site_name":"The Elephant Guide","article_modified_time":"2023-04-05T15:37:40+00:00","twitter_card":"summary_large_image","twitter_misc":{"Ber\u00e4knad l\u00e4stid":"3 minuter"},"schema":{"@context":"https:\/\/schema.org","@graph":[{"@type":"WebPage","@id":"https:\/\/elephantguide.com\/privacy-policy\/cookies\/","url":"https:\/\/elephantguide.com\/privacy-policy\/cookies\/","name":"Kakor - Elefantguiden","isPartOf":{"@id":"https:\/\/elephantguide.com\/en\/#website"},"datePublished":"2021-12-11T14:23:56+00:00","dateModified":"2023-04-05T15:37:40+00:00","description":"Cookiepolicy f\u00f6r Elefantguiden. Vilka uppgifter lagrar vi?","breadcrumb":{"@id":"https:\/\/elephantguide.com\/privacy-policy\/cookies\/#breadcrumb"},"inLanguage":"sv-SE","potentialAction":[{"@type":"ReadAction","target":["https:\/\/elephantguide.com\/privacy-policy\/cookies\/"]}]},{"@type":"BreadcrumbList","@id":"https:\/\/elephantguide.com\/privacy-policy\/cookies\/#breadcrumb","itemListElement":[{"@type":"ListItem","position":1,"name":"Home","item":"https:\/\/elephantguide.com\/"},{"@type":"ListItem","position":2,"name":"Privacy Policy","item":"https:\/\/elephantguide.com\/privacy-policy\/"},{"@type":"ListItem","position":3,"name":"Cookies"}]},{"@type":"WebSite","@id":"https:\/\/elephantguide.com\/en\/#website","url":"https:\/\/elephantguide.com\/en\/","name":"Elefantguiden","description":"Fakta om elefanter och de b\u00e4sta platserna att se dem i naturen","publisher":{"@id":"https:\/\/elephantguide.com\/en\/#organization"},"potentialAction":[{"@type":"SearchAction","target":{"@type":"EntryPoint","urlTemplate":"https:\/\/elephantguide.com\/en\/?s={search_term_string}"},"query-input":{"@type":"PropertyValueSpecification","valueRequired":true,"valueName":"search_term_string"}}],"inLanguage":"sv-SE"},{"@type":"Organization","@id":"https:\/\/elephantguide.com\/en\/#organization","name":"Elefantguiden","url":"https:\/\/elephantguide.com\/en\/","logo":{"@type":"ImageObject","inLanguage":"sv-SE","@id":"https:\/\/elephantguide.com\/en\/#\/schema\/logo\/image\/","url":"https:\/\/elephantguide.com\/wp-content\/uploads\/2022\/02\/elephanticon.png","contentUrl":"https:\/\/elephantguide.com\/wp-content\/uploads\/2022\/02\/elephanticon.png","width":1000,"height":1000,"caption":"The Elephant Guide"},"image":{"@id":"https:\/\/elephantguide.com\/en\/#\/schema\/logo\/image\/"}}]}},"yoast_title":"","yoast_description":"Cookie Policy of The Elephant Guide. What data do we store?","yoast_keyword":"cookie policy","_links":{"self":[{"href":"https:\/\/elephantguide.com\/sv\/wp-json\/wp\/v2\/pages\/149","targetHints":{"allow":["GET"]}}],"collection":[{"href":"https:\/\/elephantguide.com\/sv\/wp-json\/wp\/v2\/pages"}],"about":[{"href":"https:\/\/elephantguide.com\/sv\/wp-json\/wp\/v2\/types\/page"}],"author":[{"embeddable":true,"href":"https:\/\/elephantguide.com\/sv\/wp-json\/wp\/v2\/users\/3"}],"replies":[{"embeddable":true,"href":"https:\/\/elephantguide.com\/sv\/wp-json\/wp\/v2\/comments?post=149"}],"version-history":[{"count":4,"href":"https:\/\/elephantguide.com\/sv\/wp-json\/wp\/v2\/pages\/149\/revisions"}],"predecessor-version":[{"id":1486,"href":"https:\/\/elephantguide.com\/sv\/wp-json\/wp\/v2\/pages\/149\/revisions\/1486"}],"up":[{"embeddable":true,"href":"https:\/\/elephantguide.com\/sv\/wp-json\/wp\/v2\/pages\/3"}],"wp:attachment":[{"href":"https:\/\/elephantguide.com\/sv\/wp-json\/wp\/v2\/media?parent=149"}],"curies":[{"name":"wp","href":"https:\/\/api.w.org\/{rel}","templated":true}]}}