{"id":1348,"date":"2023-03-27T22:05:23","date_gmt":"2023-03-27T22:05:23","guid":{"rendered":"https:\/\/elephantguide.com\/conservation-efforts-copy\/"},"modified":"2023-03-28T08:04:01","modified_gmt":"2023-03-28T08:04:01","slug":"mat-och-diet","status":"publish","type":"page","link":"https:\/\/elephantguide.com\/sv\/mat-och-diet\/","title":{"rendered":"Kost och n\u00e4ring hos elefanter"},"content":{"rendered":"<p class=\"has-text-align-center has-large-font-size\"><br>Uppt\u00e4ck elefanternas f\u00e4ngslande v\u00e4rld och avsl\u00f6ja deras n\u00e4ringshemligheter och kulinariska preferenser. Vilken mat tycker de om?<\/p>\n\n\n\n<hr class=\"wp-block-separator has-alpha-channel-opacity is-style-dots\"\/>\n\n\n\n<div class=\"wp-block-group alignwide\"><div class=\"wp-block-group__inner-container is-layout-flow wp-block-group-is-layout-flow\">\n<h2 class=\"alignwide has-text-align-center wp-block-heading\" id=\"facts-about-elephants-and-best-places-to-see-them-in-the-wild\">Elefantens bord: Kost, n\u00e4ring och deras n\u00e4ringsv\u00e4rld<\/h2>\n\n\n\n<p>Ge dig ut p\u00e5 en kulinarisk uppt\u00e4cktsf\u00e4rd n\u00e4r vi uppt\u00e4cker elefanternas varierande kost. Fr\u00e5n det frodiga gr\u00e4set och l\u00f6ven som utg\u00f6r deras huvudf\u00f6da till de <a href=\"https:\/\/elephantguide.com\/sv\/elefanternas-favoritfrukter\/\">s\u00f6ta frukter<\/a> Du kommer att f\u00e5 en inblick i deras imponerande f\u00f6rm\u00e5ga att leta efter f\u00f6da och deras matpreferenser. <\/p>\n\n\n\n<p>L\u00e4r dig hur kost spelar en viktig roll f\u00f6r deras h\u00e4lsa, sociala dynamik och allm\u00e4nna v\u00e4lbefinnande. Uppt\u00e4ck den \u00f6verraskande komplexiteten i en elefants meny!<\/p>\n\n\n\n<figure class=\"wp-block-image alignfull size-full is-style-default\"><img loading=\"lazy\" decoding=\"async\" width=\"1200\" height=\"550\" src=\"https:\/\/elephantguide.com\/wp-content\/uploads\/2023\/03\/asian-elephant-eating-fresh-grass.jpg\" alt=\"En asiatisk elefant njuter av f\u00e4rskt gr\u00e4s. Foto av Rohit Varma.\" class=\"wp-image-1351\" srcset=\"https:\/\/elephantguide.com\/wp-content\/uploads\/2023\/03\/asian-elephant-eating-fresh-grass.jpg 1200w, https:\/\/elephantguide.com\/wp-content\/uploads\/2023\/03\/asian-elephant-eating-fresh-grass-300x138.jpg 300w, https:\/\/elephantguide.com\/wp-content\/uploads\/2023\/03\/asian-elephant-eating-fresh-grass-1024x469.jpg 1024w, https:\/\/elephantguide.com\/wp-content\/uploads\/2023\/03\/asian-elephant-eating-fresh-grass-768x352.jpg 768w, https:\/\/elephantguide.com\/wp-content\/uploads\/2023\/03\/asian-elephant-eating-fresh-grass-18x8.jpg 18w\" sizes=\"auto, (max-width: 1200px) 100vw, 1200px\" \/><figcaption class=\"wp-element-caption\">En asiatisk elefant njuter av f\u00e4rskt gr\u00e4s. Foto av <a href=\"https:\/\/unsplash.com\/@rohit_varma?utm_source=unsplash&amp;utm_medium=referral&amp;utm_content=creditCopyText\" target=\"_blank\" rel=\"noreferrer noopener nofollow\">Rohit Varma<\/a>.<\/figcaption><\/figure>\n<\/div><\/div>\n\n\n\n<hr class=\"wp-block-separator has-alpha-channel-opacity is-style-dots\"\/>\n\n\n\n<h2 class=\"alignwide has-text-align-center wp-block-heading\" id=\"how-many-species-of-elephant-are-there\">Vad \u00e4ter en elefant? V\u00e5ra senaste artiklar om kost och n\u00e4ring f\u00f6r elefanter<\/h2>\n\n\n\n<p>L\u00e4s v\u00e5ra senaste artiklar om elefanters kost och n\u00e4ring, som avsl\u00f6jar den fascinerande v\u00e4rlden av deras f\u00f6dos\u00f6ksvanor, matpreferenser och p\u00e5verkan p\u00e5 deras v\u00e4lbefinnande. M\u00e4tta din nyfikenhet! \ud83e\udd24<\/p>\n\n\n<ul class=\"wp-block-latest-posts__list is-grid columns-3 has-dates alignwide wp-block-latest-posts\"><li><div class=\"wp-block-latest-posts__featured-image aligncenter\"><img loading=\"lazy\" decoding=\"async\" width=\"300\" height=\"200\" src=\"https:\/\/elephantguide.com\/wp-content\/uploads\/2021\/12\/elephant-eating-grass-300x200.jpeg\" class=\"attachment-medium size-medium wp-post-image\" alt=\"Elefant som \u00e4ter gr\u00e4s\" style=\"\" srcset=\"https:\/\/elephantguide.com\/wp-content\/uploads\/2021\/12\/elephant-eating-grass-300x200.jpeg 300w, https:\/\/elephantguide.com\/wp-content\/uploads\/2021\/12\/elephant-eating-grass-1024x683.jpeg 1024w, https:\/\/elephantguide.com\/wp-content\/uploads\/2021\/12\/elephant-eating-grass-768x512.jpeg 768w, https:\/\/elephantguide.com\/wp-content\/uploads\/2021\/12\/elephant-eating-grass-1536x1024.jpeg 1536w, https:\/\/elephantguide.com\/wp-content\/uploads\/2021\/12\/elephant-eating-grass-18x12.jpeg 18w, https:\/\/elephantguide.com\/wp-content\/uploads\/2021\/12\/elephant-eating-grass-1200x800.jpeg 1200w, https:\/\/elephantguide.com\/wp-content\/uploads\/2021\/12\/elephant-eating-grass.jpeg 1600w\" sizes=\"auto, (max-width: 300px) 100vw, 300px\" \/><\/div><a class=\"wp-block-latest-posts__post-title\" href=\"https:\/\/elephantguide.com\/sv\/vad-ater-elefanter\/\">Vad \u00e4ter elefanter?<\/a><time datetime=\"2022-09-01T01:37:00+00:00\" class=\"wp-block-latest-posts__post-date\">1 september 2022<\/time><\/li>\n<li><div class=\"wp-block-latest-posts__featured-image aligncenter\"><img loading=\"lazy\" decoding=\"async\" width=\"300\" height=\"169\" src=\"https:\/\/elephantguide.com\/wp-content\/uploads\/2022\/08\/African-elephant-eating-watermelon-300x169.jpg\" class=\"attachment-medium size-medium wp-post-image\" alt=\"Afrikansk elefant som \u00e4ter en f\u00e4rsk vattenmelon\" style=\"\" srcset=\"https:\/\/elephantguide.com\/wp-content\/uploads\/2022\/08\/African-elephant-eating-watermelon-300x169.jpg 300w, https:\/\/elephantguide.com\/wp-content\/uploads\/2022\/08\/African-elephant-eating-watermelon-1024x576.jpg 1024w, https:\/\/elephantguide.com\/wp-content\/uploads\/2022\/08\/African-elephant-eating-watermelon-768x432.jpg 768w, https:\/\/elephantguide.com\/wp-content\/uploads\/2022\/08\/African-elephant-eating-watermelon-18x10.jpg 18w, https:\/\/elephantguide.com\/wp-content\/uploads\/2022\/08\/African-elephant-eating-watermelon.jpg 1200w\" sizes=\"auto, (max-width: 300px) 100vw, 300px\" \/><\/div><a class=\"wp-block-latest-posts__post-title\" href=\"https:\/\/elephantguide.com\/sv\/elefanternas-favoritfrukter\/\">Vilka \u00e4r elefanternas favoritfrukter?<\/a><time datetime=\"2022-08-09T16:43:46+00:00\" class=\"wp-block-latest-posts__post-date\">augusti 9, 2022<\/time><\/li>\n<li><div class=\"wp-block-latest-posts__featured-image aligncenter\"><img loading=\"lazy\" decoding=\"async\" width=\"300\" height=\"200\" src=\"https:\/\/elephantguide.com\/wp-content\/uploads\/2022\/07\/herd-of-elephants-looking-for-food-300x200.jpg\" class=\"attachment-medium size-medium wp-post-image\" alt=\"Elefanthjorden g\u00e5r f\u00f6r att hitta mat\" style=\"\" srcset=\"https:\/\/elephantguide.com\/wp-content\/uploads\/2022\/07\/herd-of-elephants-looking-for-food-300x200.jpg 300w, https:\/\/elephantguide.com\/wp-content\/uploads\/2022\/07\/herd-of-elephants-looking-for-food-1024x682.jpg 1024w, https:\/\/elephantguide.com\/wp-content\/uploads\/2022\/07\/herd-of-elephants-looking-for-food-768x512.jpg 768w, https:\/\/elephantguide.com\/wp-content\/uploads\/2022\/07\/herd-of-elephants-looking-for-food-18x12.jpg 18w, https:\/\/elephantguide.com\/wp-content\/uploads\/2022\/07\/herd-of-elephants-looking-for-food-1200x800.jpg 1200w, https:\/\/elephantguide.com\/wp-content\/uploads\/2022\/07\/herd-of-elephants-looking-for-food.jpg 1400w\" sizes=\"auto, (max-width: 300px) 100vw, 300px\" \/><\/div><a class=\"wp-block-latest-posts__post-title\" href=\"https:\/\/elephantguide.com\/sv\/hur-far-elefanter-sin-mat\/\">Hur f\u00e5r elefanter sin mat?<\/a><time datetime=\"2022-07-04T11:08:30+00:00\" class=\"wp-block-latest-posts__post-date\">4 juli 2022<\/time><\/li>\n<li><div class=\"wp-block-latest-posts__featured-image aligncenter\"><img loading=\"lazy\" decoding=\"async\" width=\"300\" height=\"225\" src=\"https:\/\/elephantguide.com\/wp-content\/uploads\/2022\/03\/Elephant-Dung-300x225.jpg\" class=\"attachment-medium size-medium wp-post-image\" alt=\"Elefantbajs fr\u00e5n en afrikansk elefant\" style=\"\" srcset=\"https:\/\/elephantguide.com\/wp-content\/uploads\/2022\/03\/Elephant-Dung-300x225.jpg 300w, https:\/\/elephantguide.com\/wp-content\/uploads\/2022\/03\/Elephant-Dung-1024x768.jpg 1024w, https:\/\/elephantguide.com\/wp-content\/uploads\/2022\/03\/Elephant-Dung-768x576.jpg 768w, https:\/\/elephantguide.com\/wp-content\/uploads\/2022\/03\/Elephant-Dung-16x12.jpg 16w, https:\/\/elephantguide.com\/wp-content\/uploads\/2022\/03\/Elephant-Dung-1200x900.jpg 1200w, https:\/\/elephantguide.com\/wp-content\/uploads\/2022\/03\/Elephant-Dung.jpg 1500w\" sizes=\"auto, (max-width: 300px) 100vw, 300px\" \/><\/div><a class=\"wp-block-latest-posts__post-title\" href=\"https:\/\/elephantguide.com\/sv\/elefantbajs-allt-du-vill-veta\/\">Elefantbajs: Varf\u00f6r dessa fakta kommer att g\u00f6ra dig galen<\/a><time datetime=\"2022-03-13T10:54:38+00:00\" class=\"wp-block-latest-posts__post-date\">mars 13, 2022<\/time><\/li>\n<\/ul>\n\n\n<hr class=\"wp-block-separator has-alpha-channel-opacity is-style-dots\"\/>\n\n\n\n<figure class=\"wp-block-pullquote\"><blockquote><p>Elefanten kan bara \u00f6verleva om skogarna \u00f6verlever.<\/p><cite>Mark Shand<\/cite><\/blockquote><\/figure>\n\n\n\n<hr class=\"wp-block-separator has-alpha-channel-opacity is-style-dots\"\/>\n\n\n\n<div class=\"wp-block-group alignfull has-accent-background-color has-background\"><div class=\"wp-block-group__inner-container is-layout-flow wp-block-group-is-layout-flow\">\n<p class=\"has-text-align-left has-large-font-size\"><strong>Varf\u00f6r ska du l\u00e4sa v\u00e5ra artiklar?<\/strong><\/p>\n\n\n\n<ul class=\"wp-block-list\">\n<li>V\u00e5rt team best\u00e5r av erfarna afrikanska journalister med omfattande kunskaper om djurlivet i Afrika.<\/li>\n\n\n\n<li>Medarbetarna har presenterats i ansedda produktioner som \"Planet Earth\" och National Geographic Magazine.<\/li>\n\n\n\n<li>Hyllade fotografer som har ett \u00f6ga f\u00f6r att f\u00e5nga de afrikanska elefanternas v\u00e4sen i deras naturliga livsmilj\u00f6er.<\/li>\n\n\n\n<li>H\u00e4ngivna f\u00f6respr\u00e5kare som har deltagit i praktiska projekt f\u00f6r bevarande av elefanter och som har haft en p\u00e5taglig inverkan.<\/li>\n\n\n\n<li>Ett orubbligt engagemang f\u00f6r att upplysa l\u00e4sarna om de otroliga elefanternas underverk och vikten av att bevara deras ekosystem.<\/li>\n<\/ul>\n<\/div><\/div>","protected":false},"excerpt":{"rendered":"<p>Discover the captivating world of elephant diets, uncovering their nutritional secrets and culinary preferences. What food do they like? The Elephant&#8217;s Table: Diet, Nutrition, and Their Nutritional World Embark on a culinary exploration as we uncover the diverse diet of elephants. From the lush grasses and leaves that form the staples of their diet to [&hellip;]<\/p>\n","protected":false},"author":3,"featured_media":0,"parent":0,"menu_order":0,"comment_status":"closed","ping_status":"closed","template":"","meta":{"footnotes":""},"class_list":["post-1348","page","type-page","status-publish","hentry"],"yoast_head":"<!-- This site is optimized with the Yoast SEO plugin v27.4 - https:\/\/yoast.com\/product\/yoast-seo-wordpress\/ -->\n<title>Diet &amp; Nutrition of Elephants - The Elephant Guide<\/title>\n<meta name=\"robots\" content=\"index, follow, max-snippet:-1, max-image-preview:large, max-video-preview:-1\" \/>\n<link rel=\"canonical\" href=\"https:\/\/elephantguide.com\/sv\/mat-och-diet\/\" \/>\n<meta property=\"og:locale\" content=\"sv_SE\" \/>\n<meta property=\"og:type\" content=\"article\" \/>\n<meta property=\"og:title\" content=\"Diet &amp; Nutrition of Elephants - The Elephant Guide\" \/>\n<meta property=\"og:description\" content=\"Discover the captivating world of elephant diets, uncovering their nutritional secrets and culinary preferences. What food do they like? The Elephant&#8217;s Table: Diet, Nutrition, and Their Nutritional World Embark on a culinary exploration as we uncover the diverse diet of elephants. From the lush grasses and leaves that form the staples of their diet to [&hellip;]\" \/>\n<meta property=\"og:url\" content=\"https:\/\/elephantguide.com\/sv\/mat-och-diet\/\" \/>\n<meta property=\"og:site_name\" content=\"The Elephant Guide\" \/>\n<meta property=\"article:modified_time\" content=\"2023-03-28T08:04:01+00:00\" \/>\n<meta property=\"og:image\" content=\"https:\/\/elephantguide.com\/wp-content\/uploads\/2023\/03\/asian-elephant-eating-fresh-grass.jpg\" \/>\n<meta name=\"twitter:card\" content=\"summary_large_image\" \/>\n<meta name=\"twitter:label1\" content=\"Ber\u00e4knad l\u00e4stid\" \/>\n\t<meta name=\"twitter:data1\" content=\"3 minuter\" \/>\n<script type=\"application\/ld+json\" class=\"yoast-schema-graph\">{\"@context\":\"https:\\\/\\\/schema.org\",\"@graph\":[{\"@type\":\"WebPage\",\"@id\":\"https:\\\/\\\/elephantguide.com\\\/diet-and-nutrition\\\/\",\"url\":\"https:\\\/\\\/elephantguide.com\\\/diet-and-nutrition\\\/\",\"name\":\"Diet &amp; Nutrition of Elephants - The Elephant Guide\",\"isPartOf\":{\"@id\":\"https:\\\/\\\/elephantguide.com\\\/en\\\/#website\"},\"primaryImageOfPage\":{\"@id\":\"https:\\\/\\\/elephantguide.com\\\/diet-and-nutrition\\\/#primaryimage\"},\"image\":{\"@id\":\"https:\\\/\\\/elephantguide.com\\\/diet-and-nutrition\\\/#primaryimage\"},\"thumbnailUrl\":\"https:\\\/\\\/elephantguide.com\\\/wp-content\\\/uploads\\\/2023\\\/03\\\/asian-elephant-eating-fresh-grass.jpg\",\"datePublished\":\"2023-03-27T22:05:23+00:00\",\"dateModified\":\"2023-03-28T08:04:01+00:00\",\"breadcrumb\":{\"@id\":\"https:\\\/\\\/elephantguide.com\\\/diet-and-nutrition\\\/#breadcrumb\"},\"inLanguage\":\"sv-SE\",\"potentialAction\":[{\"@type\":\"ReadAction\",\"target\":[\"https:\\\/\\\/elephantguide.com\\\/diet-and-nutrition\\\/\"]}]},{\"@type\":\"ImageObject\",\"inLanguage\":\"sv-SE\",\"@id\":\"https:\\\/\\\/elephantguide.com\\\/diet-and-nutrition\\\/#primaryimage\",\"url\":\"https:\\\/\\\/elephantguide.com\\\/wp-content\\\/uploads\\\/2023\\\/03\\\/asian-elephant-eating-fresh-grass.jpg\",\"contentUrl\":\"https:\\\/\\\/elephantguide.com\\\/wp-content\\\/uploads\\\/2023\\\/03\\\/asian-elephant-eating-fresh-grass.jpg\"},{\"@type\":\"BreadcrumbList\",\"@id\":\"https:\\\/\\\/elephantguide.com\\\/diet-and-nutrition\\\/#breadcrumb\",\"itemListElement\":[{\"@type\":\"ListItem\",\"position\":1,\"name\":\"Home\",\"item\":\"https:\\\/\\\/elephantguide.com\\\/\"},{\"@type\":\"ListItem\",\"position\":2,\"name\":\"Diet &amp; Nutrition of Elephants\"}]},{\"@type\":\"WebSite\",\"@id\":\"https:\\\/\\\/elephantguide.com\\\/en\\\/#website\",\"url\":\"https:\\\/\\\/elephantguide.com\\\/en\\\/\",\"name\":\"The Elephant Guide\",\"description\":\"Facts about elephants and best places to see them in the wild\",\"publisher\":{\"@id\":\"https:\\\/\\\/elephantguide.com\\\/en\\\/#organization\"},\"potentialAction\":[{\"@type\":\"SearchAction\",\"target\":{\"@type\":\"EntryPoint\",\"urlTemplate\":\"https:\\\/\\\/elephantguide.com\\\/en\\\/?s={search_term_string}\"},\"query-input\":{\"@type\":\"PropertyValueSpecification\",\"valueRequired\":true,\"valueName\":\"search_term_string\"}}],\"inLanguage\":\"sv-SE\"},{\"@type\":\"Organization\",\"@id\":\"https:\\\/\\\/elephantguide.com\\\/en\\\/#organization\",\"name\":\"The Elephant Guide\",\"url\":\"https:\\\/\\\/elephantguide.com\\\/en\\\/\",\"logo\":{\"@type\":\"ImageObject\",\"inLanguage\":\"sv-SE\",\"@id\":\"https:\\\/\\\/elephantguide.com\\\/en\\\/#\\\/schema\\\/logo\\\/image\\\/\",\"url\":\"https:\\\/\\\/elephantguide.com\\\/wp-content\\\/uploads\\\/2022\\\/02\\\/elephanticon.png\",\"contentUrl\":\"https:\\\/\\\/elephantguide.com\\\/wp-content\\\/uploads\\\/2022\\\/02\\\/elephanticon.png\",\"width\":1000,\"height\":1000,\"caption\":\"The Elephant Guide\"},\"image\":{\"@id\":\"https:\\\/\\\/elephantguide.com\\\/en\\\/#\\\/schema\\\/logo\\\/image\\\/\"}}]}<\/script>\n<!-- \/ Yoast SEO plugin. -->","yoast_head_json":{"title":"Elefanters kost och n\u00e4ring - Elefantguiden","robots":{"index":"index","follow":"follow","max-snippet":"max-snippet:-1","max-image-preview":"max-image-preview:large","max-video-preview":"max-video-preview:-1"},"canonical":"https:\/\/elephantguide.com\/sv\/mat-och-diet\/","og_locale":"sv_SE","og_type":"article","og_title":"Diet &amp; Nutrition of Elephants - The Elephant Guide","og_description":"Discover the captivating world of elephant diets, uncovering their nutritional secrets and culinary preferences. What food do they like? The Elephant&#8217;s Table: Diet, Nutrition, and Their Nutritional World Embark on a culinary exploration as we uncover the diverse diet of elephants. From the lush grasses and leaves that form the staples of their diet to [&hellip;]","og_url":"https:\/\/elephantguide.com\/sv\/mat-och-diet\/","og_site_name":"The Elephant Guide","article_modified_time":"2023-03-28T08:04:01+00:00","og_image":[{"url":"https:\/\/elephantguide.com\/wp-content\/uploads\/2023\/03\/asian-elephant-eating-fresh-grass.jpg","type":"","width":"","height":""}],"twitter_card":"summary_large_image","twitter_misc":{"Ber\u00e4knad l\u00e4stid":"3 minuter"},"schema":{"@context":"https:\/\/schema.org","@graph":[{"@type":"WebPage","@id":"https:\/\/elephantguide.com\/diet-and-nutrition\/","url":"https:\/\/elephantguide.com\/diet-and-nutrition\/","name":"Elefanters kost och n\u00e4ring - Elefantguiden","isPartOf":{"@id":"https:\/\/elephantguide.com\/en\/#website"},"primaryImageOfPage":{"@id":"https:\/\/elephantguide.com\/diet-and-nutrition\/#primaryimage"},"image":{"@id":"https:\/\/elephantguide.com\/diet-and-nutrition\/#primaryimage"},"thumbnailUrl":"https:\/\/elephantguide.com\/wp-content\/uploads\/2023\/03\/asian-elephant-eating-fresh-grass.jpg","datePublished":"2023-03-27T22:05:23+00:00","dateModified":"2023-03-28T08:04:01+00:00","breadcrumb":{"@id":"https:\/\/elephantguide.com\/diet-and-nutrition\/#breadcrumb"},"inLanguage":"sv-SE","potentialAction":[{"@type":"ReadAction","target":["https:\/\/elephantguide.com\/diet-and-nutrition\/"]}]},{"@type":"ImageObject","inLanguage":"sv-SE","@id":"https:\/\/elephantguide.com\/diet-and-nutrition\/#primaryimage","url":"https:\/\/elephantguide.com\/wp-content\/uploads\/2023\/03\/asian-elephant-eating-fresh-grass.jpg","contentUrl":"https:\/\/elephantguide.com\/wp-content\/uploads\/2023\/03\/asian-elephant-eating-fresh-grass.jpg"},{"@type":"BreadcrumbList","@id":"https:\/\/elephantguide.com\/diet-and-nutrition\/#breadcrumb","itemListElement":[{"@type":"ListItem","position":1,"name":"Home","item":"https:\/\/elephantguide.com\/"},{"@type":"ListItem","position":2,"name":"Diet &amp; Nutrition of Elephants"}]},{"@type":"WebSite","@id":"https:\/\/elephantguide.com\/en\/#website","url":"https:\/\/elephantguide.com\/en\/","name":"Elefantguiden","description":"Fakta om elefanter och de b\u00e4sta platserna att se dem i naturen","publisher":{"@id":"https:\/\/elephantguide.com\/en\/#organization"},"potentialAction":[{"@type":"SearchAction","target":{"@type":"EntryPoint","urlTemplate":"https:\/\/elephantguide.com\/en\/?s={search_term_string}"},"query-input":{"@type":"PropertyValueSpecification","valueRequired":true,"valueName":"search_term_string"}}],"inLanguage":"sv-SE"},{"@type":"Organization","@id":"https:\/\/elephantguide.com\/en\/#organization","name":"Elefantguiden","url":"https:\/\/elephantguide.com\/en\/","logo":{"@type":"ImageObject","inLanguage":"sv-SE","@id":"https:\/\/elephantguide.com\/en\/#\/schema\/logo\/image\/","url":"https:\/\/elephantguide.com\/wp-content\/uploads\/2022\/02\/elephanticon.png","contentUrl":"https:\/\/elephantguide.com\/wp-content\/uploads\/2022\/02\/elephanticon.png","width":1000,"height":1000,"caption":"The Elephant Guide"},"image":{"@id":"https:\/\/elephantguide.com\/en\/#\/schema\/logo\/image\/"}}]}},"yoast_title":"","yoast_description":"","yoast_keyword":"Diet & Nutrition of Elephants","_links":{"self":[{"href":"https:\/\/elephantguide.com\/sv\/wp-json\/wp\/v2\/pages\/1348","targetHints":{"allow":["GET"]}}],"collection":[{"href":"https:\/\/elephantguide.com\/sv\/wp-json\/wp\/v2\/pages"}],"about":[{"href":"https:\/\/elephantguide.com\/sv\/wp-json\/wp\/v2\/types\/page"}],"author":[{"embeddable":true,"href":"https:\/\/elephantguide.com\/sv\/wp-json\/wp\/v2\/users\/3"}],"replies":[{"embeddable":true,"href":"https:\/\/elephantguide.com\/sv\/wp-json\/wp\/v2\/comments?post=1348"}],"version-history":[{"count":9,"href":"https:\/\/elephantguide.com\/sv\/wp-json\/wp\/v2\/pages\/1348\/revisions"}],"predecessor-version":[{"id":1402,"href":"https:\/\/elephantguide.com\/sv\/wp-json\/wp\/v2\/pages\/1348\/revisions\/1402"}],"wp:attachment":[{"href":"https:\/\/elephantguide.com\/sv\/wp-json\/wp\/v2\/media?parent=1348"}],"curies":[{"name":"wp","href":"https:\/\/api.w.org\/{rel}","templated":true}]}}