{"id":1340,"date":"2023-03-27T21:49:31","date_gmt":"2023-03-27T21:49:31","guid":{"rendered":"https:\/\/elephantguide.com\/species-copy\/"},"modified":"2023-03-28T08:04:09","modified_gmt":"2023-03-28T08:04:09","slug":"bevara-elefanter","status":"publish","type":"page","link":"https:\/\/elephantguide.com\/sv\/bevara-elefanter\/","title":{"rendered":"Bevarande av elefanter"},"content":{"rendered":"<p class=\"has-text-align-center has-large-font-size\"><br>Dyk ner i v\u00e4rlden av elefantskydd och uppt\u00e4ck de viktiga insatserna f\u00f6r att skydda v\u00e5ra elefanter, bevara deras livsmilj\u00f6er och s\u00e4kra en blomstrande framtid.<\/p>\n\n\n\n<hr class=\"wp-block-separator has-alpha-channel-opacity is-style-dots\"\/>\n\n\n\n<div class=\"wp-block-group alignwide\"><div class=\"wp-block-group__inner-container is-layout-flow wp-block-group-is-layout-flow\">\n<h2 class=\"alignwide has-text-align-center wp-block-heading\" id=\"facts-about-elephants-and-best-places-to-see-them-in-the-wild\">F\u00f6renade f\u00f6r Elefanter: Att omfamna uppdraget att bevara<\/h2>\n\n\n\n<p>Bli en viktig del av det viktiga uppdraget att skydda och bevara de stora elefanter som pryder v\u00e5r planet. <\/p>\n\n\n\n<p>L\u00e4r dig mer om de utmaningar som de st\u00e5r inf\u00f6r, fr\u00e5n <a href=\"https:\/\/elephantguide.com\/sv\/hur-paverkar-klimatforandringar-elefanterna\/\">f\u00f6rlust av livsmilj\u00f6er<\/a> och uppt\u00e4ck vilka insatser som g\u00f6rs f\u00f6r att s\u00e4kra deras \u00f6verlevnad. <\/p>\n\n\n\n<p>Sl\u00e5 dig samman med naturv\u00e5rdare, forskare och passionerade personer \u00f6ver hela v\u00e4rlden som str\u00e4var efter att g\u00f6ra en skillnad i livet f\u00f6r dessa fascinerande djur. <\/p>\n\n\n\n<p>Hj\u00e4lp oss att s\u00e4kra elefanternas framtid f\u00f6r kommande generationer.<\/p>\n\n\n\n<figure class=\"wp-block-image alignfull size-full is-style-default\"><img loading=\"lazy\" decoding=\"async\" width=\"1200\" height=\"560\" src=\"https:\/\/elephantguide.com\/wp-content\/uploads\/2023\/03\/elephant-in-the-sunset.jpg\" alt=\"En elefant i solnedg\u00e5ngen i Botswana. Foto av Andy Brunner.\" class=\"wp-image-1346\" srcset=\"https:\/\/elephantguide.com\/wp-content\/uploads\/2023\/03\/elephant-in-the-sunset.jpg 1200w, https:\/\/elephantguide.com\/wp-content\/uploads\/2023\/03\/elephant-in-the-sunset-300x140.jpg 300w, https:\/\/elephantguide.com\/wp-content\/uploads\/2023\/03\/elephant-in-the-sunset-1024x478.jpg 1024w, https:\/\/elephantguide.com\/wp-content\/uploads\/2023\/03\/elephant-in-the-sunset-768x358.jpg 768w, https:\/\/elephantguide.com\/wp-content\/uploads\/2023\/03\/elephant-in-the-sunset-18x8.jpg 18w\" sizes=\"auto, (max-width: 1200px) 100vw, 1200px\" \/><figcaption class=\"wp-element-caption\">En elefant i solnedg\u00e5ngen i <a href=\"https:\/\/elephantguide.com\/sv\/basta-platserna-att-se-elefanter-botswana\/\">Botswana<\/a>. Foto av <a href=\"https:\/\/unsplash.com\/@andy_brunner?utm_source=unsplash&amp;utm_medium=referral&amp;utm_content=creditCopyText\" target=\"_blank\" rel=\"noreferrer noopener nofollow\">Andy Brunner<\/a>.<\/figcaption><\/figure>\n<\/div><\/div>\n\n\n\n<hr class=\"wp-block-separator has-alpha-channel-opacity is-style-dots\"\/>\n\n\n\n<h2 class=\"alignwide has-text-align-center wp-block-heading\" id=\"how-many-species-of-elephant-are-there\">Kr\u00f6nikor om bevarande: Nya artiklar om globala bevarandeinitiativ och elefantpopulationer<\/h2>\n\n\n\n<p>H\u00e5ll dig uppdaterad om genombrottsinitiativ, innovativa l\u00f6sningar och den globala r\u00f6relsen f\u00f6r att skydda <a href=\"https:\/\/elephantguide.com\/sv\/hur-manga-elefanter-finns-kvar-i-varlden\/\">elefantpopulationen<\/a> som pryder v\u00e5r planet. <\/p>\n\n\n\n<p>F\u00f6rdjupa dig i en v\u00e4rld av f\u00f6r\u00e4ndring och bli en del av uppdraget att s\u00e4kra en blomstrande framtid f\u00f6r elefanter!<\/p>\n\n\n<ul class=\"wp-block-latest-posts__list is-grid columns-3 has-dates alignwide wp-block-latest-posts\"><li><div class=\"wp-block-latest-posts__featured-image aligncenter\"><img loading=\"lazy\" decoding=\"async\" width=\"300\" height=\"200\" src=\"https:\/\/elephantguide.com\/wp-content\/uploads\/2023\/02\/african-forest-elephant-tanzania-300x200.jpg\" class=\"attachment-medium size-medium wp-post-image\" alt=\"Afrikansk skogselefant p\u00e5 en safari i Tanzania.\" style=\"\" srcset=\"https:\/\/elephantguide.com\/wp-content\/uploads\/2023\/02\/african-forest-elephant-tanzania-300x200.jpg 300w, https:\/\/elephantguide.com\/wp-content\/uploads\/2023\/02\/african-forest-elephant-tanzania-1024x683.jpg 1024w, https:\/\/elephantguide.com\/wp-content\/uploads\/2023\/02\/african-forest-elephant-tanzania-768x512.jpg 768w, https:\/\/elephantguide.com\/wp-content\/uploads\/2023\/02\/african-forest-elephant-tanzania-18x12.jpg 18w, https:\/\/elephantguide.com\/wp-content\/uploads\/2023\/02\/african-forest-elephant-tanzania.jpg 1200w\" sizes=\"auto, (max-width: 300px) 100vw, 300px\" \/><\/div><a class=\"wp-block-latest-posts__post-title\" href=\"https:\/\/elephantguide.com\/sv\/hur-paverkar-klimatforandringar-elefanterna\/\">Hur p\u00e5verkar klimatf\u00f6r\u00e4ndringar elefanterna?<\/a><time datetime=\"2023-02-09T05:23:01+00:00\" class=\"wp-block-latest-posts__post-date\">februari 9, 2023<\/time><\/li>\n<li><div class=\"wp-block-latest-posts__featured-image aligncenter\"><img loading=\"lazy\" decoding=\"async\" width=\"300\" height=\"200\" src=\"https:\/\/elephantguide.com\/wp-content\/uploads\/2022\/12\/the-african-elephant-is-endangered-300x200.jpg\" class=\"attachment-medium size-medium wp-post-image\" alt=\"Den afrikanska elefanten \u00e4r sedan l\u00e4nge utrotningshotad.\" style=\"\" srcset=\"https:\/\/elephantguide.com\/wp-content\/uploads\/2022\/12\/the-african-elephant-is-endangered-300x200.jpg 300w, https:\/\/elephantguide.com\/wp-content\/uploads\/2022\/12\/the-african-elephant-is-endangered-1024x683.jpg 1024w, https:\/\/elephantguide.com\/wp-content\/uploads\/2022\/12\/the-african-elephant-is-endangered-768x512.jpg 768w, https:\/\/elephantguide.com\/wp-content\/uploads\/2022\/12\/the-african-elephant-is-endangered-18x12.jpg 18w, https:\/\/elephantguide.com\/wp-content\/uploads\/2022\/12\/the-african-elephant-is-endangered.jpg 1200w\" sizes=\"auto, (max-width: 300px) 100vw, 300px\" \/><\/div><a class=\"wp-block-latest-posts__post-title\" href=\"https:\/\/elephantguide.com\/sv\/orsaker-till-att-elefanter-ar-utrotningshotade\/\">Orsaker till att elefanter \u00e4r utrotningshotade<\/a><time datetime=\"2022-12-12T22:32:25+00:00\" class=\"wp-block-latest-posts__post-date\">12 december 2022<\/time><\/li>\n<li><div class=\"wp-block-latest-posts__featured-image aligncenter\"><img loading=\"lazy\" decoding=\"async\" width=\"300\" height=\"199\" src=\"https:\/\/elephantguide.com\/wp-content\/uploads\/2022\/11\/elephants-drinking-in-pond-black-and-white-300x199.jpg\" class=\"attachment-medium size-medium wp-post-image\" alt=\"Svartvit bild av elefanter som dricker vatten fr\u00e5n ett vattenh\u00e5l.\" style=\"\" srcset=\"https:\/\/elephantguide.com\/wp-content\/uploads\/2022\/11\/elephants-drinking-in-pond-black-and-white-300x199.jpg 300w, https:\/\/elephantguide.com\/wp-content\/uploads\/2022\/11\/elephants-drinking-in-pond-black-and-white-1024x678.jpg 1024w, https:\/\/elephantguide.com\/wp-content\/uploads\/2022\/11\/elephants-drinking-in-pond-black-and-white-768x509.jpg 768w, https:\/\/elephantguide.com\/wp-content\/uploads\/2022\/11\/elephants-drinking-in-pond-black-and-white-18x12.jpg 18w, https:\/\/elephantguide.com\/wp-content\/uploads\/2022\/11\/elephants-drinking-in-pond-black-and-white.jpg 1200w\" sizes=\"auto, (max-width: 300px) 100vw, 300px\" \/><\/div><a class=\"wp-block-latest-posts__post-title\" href=\"https:\/\/elephantguide.com\/sv\/allt-du-behover-veta-om-elefanter-och-vatten\/\">Allt du beh\u00f6ver veta om elefanter och vatten<\/a><time datetime=\"2022-11-16T08:46:31+00:00\" class=\"wp-block-latest-posts__post-date\">16 november 2022<\/time><\/li>\n<li><div class=\"wp-block-latest-posts__featured-image aligncenter\"><img loading=\"lazy\" decoding=\"async\" width=\"300\" height=\"169\" src=\"https:\/\/elephantguide.com\/wp-content\/uploads\/2022\/02\/elephants-left-in-the-world-300x169.jpg\" class=\"attachment-medium size-medium wp-post-image\" alt=\"Stor elefant i Afrika\" style=\"\" srcset=\"https:\/\/elephantguide.com\/wp-content\/uploads\/2022\/02\/elephants-left-in-the-world-300x169.jpg 300w, https:\/\/elephantguide.com\/wp-content\/uploads\/2022\/02\/elephants-left-in-the-world-1024x576.jpg 1024w, https:\/\/elephantguide.com\/wp-content\/uploads\/2022\/02\/elephants-left-in-the-world-768x432.jpg 768w, https:\/\/elephantguide.com\/wp-content\/uploads\/2022\/02\/elephants-left-in-the-world-1536x864.jpg 1536w, https:\/\/elephantguide.com\/wp-content\/uploads\/2022\/02\/elephants-left-in-the-world-18x10.jpg 18w, https:\/\/elephantguide.com\/wp-content\/uploads\/2022\/02\/elephants-left-in-the-world-1200x675.jpg 1200w, https:\/\/elephantguide.com\/wp-content\/uploads\/2022\/02\/elephants-left-in-the-world.jpg 1600w\" sizes=\"auto, (max-width: 300px) 100vw, 300px\" \/><\/div><a class=\"wp-block-latest-posts__post-title\" href=\"https:\/\/elephantguide.com\/sv\/hur-manga-elefanter-finns-kvar-i-varlden\/\">Hur m\u00e5nga elefanter finns det kvar i v\u00e4rlden?<\/a><time datetime=\"2022-10-01T10:58:55+00:00\" class=\"wp-block-latest-posts__post-date\">1 oktober 2022<\/time><\/li>\n<li><div class=\"wp-block-latest-posts__featured-image aligncenter\"><img loading=\"lazy\" decoding=\"async\" width=\"300\" height=\"200\" src=\"https:\/\/elephantguide.com\/wp-content\/uploads\/2022\/02\/elephant-strolling-into-sunset-300x200.jpg\" class=\"attachment-medium size-medium wp-post-image\" alt=\"Elefant som promenerar i solnedg\u00e5ngen\" style=\"\" srcset=\"https:\/\/elephantguide.com\/wp-content\/uploads\/2022\/02\/elephant-strolling-into-sunset-300x200.jpg 300w, https:\/\/elephantguide.com\/wp-content\/uploads\/2022\/02\/elephant-strolling-into-sunset-1024x683.jpg 1024w, https:\/\/elephantguide.com\/wp-content\/uploads\/2022\/02\/elephant-strolling-into-sunset-768x512.jpg 768w, https:\/\/elephantguide.com\/wp-content\/uploads\/2022\/02\/elephant-strolling-into-sunset-1536x1024.jpg 1536w, https:\/\/elephantguide.com\/wp-content\/uploads\/2022\/02\/elephant-strolling-into-sunset-18x12.jpg 18w, https:\/\/elephantguide.com\/wp-content\/uploads\/2022\/02\/elephant-strolling-into-sunset-1200x800.jpg 1200w, https:\/\/elephantguide.com\/wp-content\/uploads\/2022\/02\/elephant-strolling-into-sunset.jpg 1600w\" sizes=\"auto, (max-width: 300px) 100vw, 300px\" \/><\/div><a class=\"wp-block-latest-posts__post-title\" href=\"https:\/\/elephantguide.com\/sv\/besok-ett-elefantreservat-fristad\/\">Allt du beh\u00f6ver veta om att bes\u00f6ka ett elefantreservat med f\u00f6r\u00e4ldral\u00f6sa barnelefanter<\/a><time datetime=\"2022-08-06T19:15:16+00:00\" class=\"wp-block-latest-posts__post-date\">augusti 6, 2022<\/time><\/li>\n<li><div class=\"wp-block-latest-posts__featured-image aligncenter\"><img loading=\"lazy\" decoding=\"async\" width=\"300\" height=\"200\" src=\"https:\/\/elephantguide.com\/wp-content\/uploads\/2022\/03\/elephant-walking-nature-300x200.jpg\" class=\"attachment-medium size-medium wp-post-image\" alt=\"\" style=\"\" srcset=\"https:\/\/elephantguide.com\/wp-content\/uploads\/2022\/03\/elephant-walking-nature-300x200.jpg 300w, https:\/\/elephantguide.com\/wp-content\/uploads\/2022\/03\/elephant-walking-nature-1024x682.jpg 1024w, https:\/\/elephantguide.com\/wp-content\/uploads\/2022\/03\/elephant-walking-nature-768x512.jpg 768w, https:\/\/elephantguide.com\/wp-content\/uploads\/2022\/03\/elephant-walking-nature-18x12.jpg 18w, https:\/\/elephantguide.com\/wp-content\/uploads\/2022\/03\/elephant-walking-nature-1200x800.jpg 1200w, https:\/\/elephantguide.com\/wp-content\/uploads\/2022\/03\/elephant-walking-nature.jpg 1400w\" sizes=\"auto, (max-width: 300px) 100vw, 300px\" \/><\/div><a class=\"wp-block-latest-posts__post-title\" href=\"https:\/\/elephantguide.com\/sv\/adoptera-en-elefant\/\">Allt du beh\u00f6ver veta om att adoptera en elefant<\/a><time datetime=\"2022-03-29T16:04:57+00:00\" class=\"wp-block-latest-posts__post-date\">mars 29, 2022<\/time><\/li>\n<\/ul>\n\n\n<hr class=\"wp-block-separator has-alpha-channel-opacity is-style-dots\"\/>\n\n\n\n<figure class=\"wp-block-pullquote\"><blockquote><p>Det minsta jag kan g\u00f6ra \u00e4r att tala f\u00f6r dem som inte kan tala f\u00f6r sig sj\u00e4lva.<\/p><cite>Jane Goodall<\/cite><\/blockquote><\/figure>\n\n\n\n<hr class=\"wp-block-separator has-alpha-channel-opacity is-style-dots\"\/>\n\n\n\n<div class=\"wp-block-group alignfull has-accent-background-color has-background\"><div class=\"wp-block-group__inner-container is-layout-flow wp-block-group-is-layout-flow\">\n<p class=\"has-text-align-left has-large-font-size\"><strong>Varf\u00f6r ska du l\u00e4sa v\u00e5ra artiklar?<\/strong><\/p>\n\n\n\n<ul class=\"wp-block-list\">\n<li>V\u00e5rt team best\u00e5r av erfarna afrikanska journalister med omfattande kunskaper om djurlivet i Afrika.<\/li>\n\n\n\n<li>Medarbetarna har presenterats i ansedda produktioner som \"Planet Earth\" och National Geographic Magazine.<\/li>\n\n\n\n<li>Hyllade fotografer som har ett \u00f6ga f\u00f6r att f\u00e5nga de afrikanska elefanternas v\u00e4sen i deras naturliga livsmilj\u00f6er.<\/li>\n\n\n\n<li>H\u00e4ngivna f\u00f6respr\u00e5kare som har deltagit i praktiska projekt f\u00f6r bevarande av elefanter och som har haft en p\u00e5taglig inverkan.<\/li>\n\n\n\n<li>Ett orubbligt engagemang f\u00f6r att upplysa l\u00e4sarna om de otroliga elefanternas underverk och vikten av att bevara deras ekosystem.<\/li>\n<\/ul>\n<\/div><\/div>","protected":false},"excerpt":{"rendered":"<p>Dive into the world of elephant conservation, discovering the essential efforts to protect our elephants, preserve their habitats, and ensure a thriving future. United for Elephants: Embracing the Mission of Conservation Become an integral part of the crucial mission to protect and conserve the great elephants that grace our planet. Learn about the challenges they [&hellip;]<\/p>\n","protected":false},"author":3,"featured_media":0,"parent":0,"menu_order":0,"comment_status":"closed","ping_status":"closed","template":"","meta":{"footnotes":""},"class_list":["post-1340","page","type-page","status-publish","hentry"],"yoast_head":"<!-- This site is optimized with the Yoast SEO plugin v27.3 - https:\/\/yoast.com\/product\/yoast-seo-wordpress\/ -->\n<title>Conservation Efforts of Elephants - The Elephant Guide<\/title>\n<meta name=\"robots\" content=\"index, follow, max-snippet:-1, max-image-preview:large, max-video-preview:-1\" \/>\n<link rel=\"canonical\" href=\"https:\/\/elephantguide.com\/sv\/bevara-elefanter\/\" \/>\n<meta property=\"og:locale\" content=\"sv_SE\" \/>\n<meta property=\"og:type\" content=\"article\" \/>\n<meta property=\"og:title\" content=\"Conservation Efforts of Elephants - The Elephant Guide\" \/>\n<meta property=\"og:description\" content=\"Dive into the world of elephant conservation, discovering the essential efforts to protect our elephants, preserve their habitats, and ensure a thriving future. United for Elephants: Embracing the Mission of Conservation Become an integral part of the crucial mission to protect and conserve the great elephants that grace our planet. Learn about the challenges they [&hellip;]\" \/>\n<meta property=\"og:url\" content=\"https:\/\/elephantguide.com\/sv\/bevara-elefanter\/\" \/>\n<meta property=\"og:site_name\" content=\"The Elephant Guide\" \/>\n<meta property=\"article:modified_time\" content=\"2023-03-28T08:04:09+00:00\" \/>\n<meta property=\"og:image\" content=\"https:\/\/elephantguide.com\/wp-content\/uploads\/2023\/03\/elephant-in-the-sunset.jpg\" \/>\n<meta name=\"twitter:card\" content=\"summary_large_image\" \/>\n<meta name=\"twitter:label1\" content=\"Ber\u00e4knad l\u00e4stid\" \/>\n\t<meta name=\"twitter:data1\" content=\"3 minuter\" \/>\n<script type=\"application\/ld+json\" class=\"yoast-schema-graph\">{\"@context\":\"https:\\\/\\\/schema.org\",\"@graph\":[{\"@type\":\"WebPage\",\"@id\":\"https:\\\/\\\/elephantguide.com\\\/conservation-efforts\\\/\",\"url\":\"https:\\\/\\\/elephantguide.com\\\/conservation-efforts\\\/\",\"name\":\"Conservation Efforts of Elephants - The Elephant Guide\",\"isPartOf\":{\"@id\":\"https:\\\/\\\/elephantguide.com\\\/en\\\/#website\"},\"primaryImageOfPage\":{\"@id\":\"https:\\\/\\\/elephantguide.com\\\/conservation-efforts\\\/#primaryimage\"},\"image\":{\"@id\":\"https:\\\/\\\/elephantguide.com\\\/conservation-efforts\\\/#primaryimage\"},\"thumbnailUrl\":\"https:\\\/\\\/elephantguide.com\\\/wp-content\\\/uploads\\\/2023\\\/03\\\/elephant-in-the-sunset.jpg\",\"datePublished\":\"2023-03-27T21:49:31+00:00\",\"dateModified\":\"2023-03-28T08:04:09+00:00\",\"breadcrumb\":{\"@id\":\"https:\\\/\\\/elephantguide.com\\\/conservation-efforts\\\/#breadcrumb\"},\"inLanguage\":\"sv-SE\",\"potentialAction\":[{\"@type\":\"ReadAction\",\"target\":[\"https:\\\/\\\/elephantguide.com\\\/conservation-efforts\\\/\"]}]},{\"@type\":\"ImageObject\",\"inLanguage\":\"sv-SE\",\"@id\":\"https:\\\/\\\/elephantguide.com\\\/conservation-efforts\\\/#primaryimage\",\"url\":\"https:\\\/\\\/elephantguide.com\\\/wp-content\\\/uploads\\\/2023\\\/03\\\/elephant-in-the-sunset.jpg\",\"contentUrl\":\"https:\\\/\\\/elephantguide.com\\\/wp-content\\\/uploads\\\/2023\\\/03\\\/elephant-in-the-sunset.jpg\"},{\"@type\":\"BreadcrumbList\",\"@id\":\"https:\\\/\\\/elephantguide.com\\\/conservation-efforts\\\/#breadcrumb\",\"itemListElement\":[{\"@type\":\"ListItem\",\"position\":1,\"name\":\"Home\",\"item\":\"https:\\\/\\\/elephantguide.com\\\/\"},{\"@type\":\"ListItem\",\"position\":2,\"name\":\"Conservation Efforts of Elephants\"}]},{\"@type\":\"WebSite\",\"@id\":\"https:\\\/\\\/elephantguide.com\\\/en\\\/#website\",\"url\":\"https:\\\/\\\/elephantguide.com\\\/en\\\/\",\"name\":\"The Elephant Guide\",\"description\":\"Facts about elephants and best places to see them in the wild\",\"publisher\":{\"@id\":\"https:\\\/\\\/elephantguide.com\\\/en\\\/#organization\"},\"potentialAction\":[{\"@type\":\"SearchAction\",\"target\":{\"@type\":\"EntryPoint\",\"urlTemplate\":\"https:\\\/\\\/elephantguide.com\\\/en\\\/?s={search_term_string}\"},\"query-input\":{\"@type\":\"PropertyValueSpecification\",\"valueRequired\":true,\"valueName\":\"search_term_string\"}}],\"inLanguage\":\"sv-SE\"},{\"@type\":\"Organization\",\"@id\":\"https:\\\/\\\/elephantguide.com\\\/en\\\/#organization\",\"name\":\"The Elephant Guide\",\"url\":\"https:\\\/\\\/elephantguide.com\\\/en\\\/\",\"logo\":{\"@type\":\"ImageObject\",\"inLanguage\":\"sv-SE\",\"@id\":\"https:\\\/\\\/elephantguide.com\\\/en\\\/#\\\/schema\\\/logo\\\/image\\\/\",\"url\":\"https:\\\/\\\/elephantguide.com\\\/wp-content\\\/uploads\\\/2022\\\/02\\\/elephanticon.png\",\"contentUrl\":\"https:\\\/\\\/elephantguide.com\\\/wp-content\\\/uploads\\\/2022\\\/02\\\/elephanticon.png\",\"width\":1000,\"height\":1000,\"caption\":\"The Elephant Guide\"},\"image\":{\"@id\":\"https:\\\/\\\/elephantguide.com\\\/en\\\/#\\\/schema\\\/logo\\\/image\\\/\"}}]}<\/script>\n<!-- \/ Yoast SEO plugin. -->","yoast_head_json":{"title":"Bevarande av elefanter - Elefantguiden","robots":{"index":"index","follow":"follow","max-snippet":"max-snippet:-1","max-image-preview":"max-image-preview:large","max-video-preview":"max-video-preview:-1"},"canonical":"https:\/\/elephantguide.com\/sv\/bevara-elefanter\/","og_locale":"sv_SE","og_type":"article","og_title":"Conservation Efforts of Elephants - The Elephant Guide","og_description":"Dive into the world of elephant conservation, discovering the essential efforts to protect our elephants, preserve their habitats, and ensure a thriving future. United for Elephants: Embracing the Mission of Conservation Become an integral part of the crucial mission to protect and conserve the great elephants that grace our planet. Learn about the challenges they [&hellip;]","og_url":"https:\/\/elephantguide.com\/sv\/bevara-elefanter\/","og_site_name":"The Elephant Guide","article_modified_time":"2023-03-28T08:04:09+00:00","og_image":[{"url":"https:\/\/elephantguide.com\/wp-content\/uploads\/2023\/03\/elephant-in-the-sunset.jpg","type":"","width":"","height":""}],"twitter_card":"summary_large_image","twitter_misc":{"Ber\u00e4knad l\u00e4stid":"3 minuter"},"schema":{"@context":"https:\/\/schema.org","@graph":[{"@type":"WebPage","@id":"https:\/\/elephantguide.com\/conservation-efforts\/","url":"https:\/\/elephantguide.com\/conservation-efforts\/","name":"Bevarande av elefanter - Elefantguiden","isPartOf":{"@id":"https:\/\/elephantguide.com\/en\/#website"},"primaryImageOfPage":{"@id":"https:\/\/elephantguide.com\/conservation-efforts\/#primaryimage"},"image":{"@id":"https:\/\/elephantguide.com\/conservation-efforts\/#primaryimage"},"thumbnailUrl":"https:\/\/elephantguide.com\/wp-content\/uploads\/2023\/03\/elephant-in-the-sunset.jpg","datePublished":"2023-03-27T21:49:31+00:00","dateModified":"2023-03-28T08:04:09+00:00","breadcrumb":{"@id":"https:\/\/elephantguide.com\/conservation-efforts\/#breadcrumb"},"inLanguage":"sv-SE","potentialAction":[{"@type":"ReadAction","target":["https:\/\/elephantguide.com\/conservation-efforts\/"]}]},{"@type":"ImageObject","inLanguage":"sv-SE","@id":"https:\/\/elephantguide.com\/conservation-efforts\/#primaryimage","url":"https:\/\/elephantguide.com\/wp-content\/uploads\/2023\/03\/elephant-in-the-sunset.jpg","contentUrl":"https:\/\/elephantguide.com\/wp-content\/uploads\/2023\/03\/elephant-in-the-sunset.jpg"},{"@type":"BreadcrumbList","@id":"https:\/\/elephantguide.com\/conservation-efforts\/#breadcrumb","itemListElement":[{"@type":"ListItem","position":1,"name":"Home","item":"https:\/\/elephantguide.com\/"},{"@type":"ListItem","position":2,"name":"Conservation Efforts of Elephants"}]},{"@type":"WebSite","@id":"https:\/\/elephantguide.com\/en\/#website","url":"https:\/\/elephantguide.com\/en\/","name":"Elefantguiden","description":"Fakta om elefanter och de b\u00e4sta platserna att se dem i naturen","publisher":{"@id":"https:\/\/elephantguide.com\/en\/#organization"},"potentialAction":[{"@type":"SearchAction","target":{"@type":"EntryPoint","urlTemplate":"https:\/\/elephantguide.com\/en\/?s={search_term_string}"},"query-input":{"@type":"PropertyValueSpecification","valueRequired":true,"valueName":"search_term_string"}}],"inLanguage":"sv-SE"},{"@type":"Organization","@id":"https:\/\/elephantguide.com\/en\/#organization","name":"Elefantguiden","url":"https:\/\/elephantguide.com\/en\/","logo":{"@type":"ImageObject","inLanguage":"sv-SE","@id":"https:\/\/elephantguide.com\/en\/#\/schema\/logo\/image\/","url":"https:\/\/elephantguide.com\/wp-content\/uploads\/2022\/02\/elephanticon.png","contentUrl":"https:\/\/elephantguide.com\/wp-content\/uploads\/2022\/02\/elephanticon.png","width":1000,"height":1000,"caption":"The Elephant Guide"},"image":{"@id":"https:\/\/elephantguide.com\/en\/#\/schema\/logo\/image\/"}}]}},"yoast_title":"","yoast_description":"","yoast_keyword":"conservation efforts","_links":{"self":[{"href":"https:\/\/elephantguide.com\/sv\/wp-json\/wp\/v2\/pages\/1340","targetHints":{"allow":["GET"]}}],"collection":[{"href":"https:\/\/elephantguide.com\/sv\/wp-json\/wp\/v2\/pages"}],"about":[{"href":"https:\/\/elephantguide.com\/sv\/wp-json\/wp\/v2\/types\/page"}],"author":[{"embeddable":true,"href":"https:\/\/elephantguide.com\/sv\/wp-json\/wp\/v2\/users\/3"}],"replies":[{"embeddable":true,"href":"https:\/\/elephantguide.com\/sv\/wp-json\/wp\/v2\/comments?post=1340"}],"version-history":[{"count":9,"href":"https:\/\/elephantguide.com\/sv\/wp-json\/wp\/v2\/pages\/1340\/revisions"}],"predecessor-version":[{"id":1403,"href":"https:\/\/elephantguide.com\/sv\/wp-json\/wp\/v2\/pages\/1340\/revisions\/1403"}],"wp:attachment":[{"href":"https:\/\/elephantguide.com\/sv\/wp-json\/wp\/v2\/media?parent=1340"}],"curies":[{"name":"wp","href":"https:\/\/api.w.org\/{rel}","templated":true}]}}