{"id":1329,"date":"2023-03-27T21:34:46","date_gmt":"2023-03-27T21:34:46","guid":{"rendered":"https:\/\/elephantguide.com\/behaviors-copy\/"},"modified":"2023-03-28T08:03:52","modified_gmt":"2023-03-28T08:03:52","slug":"de-olika-elefantarterna","status":"publish","type":"page","link":"https:\/\/elephantguide.com\/sv\/de-olika-elefantarterna\/","title":{"rendered":"Arter av elefanter"},"content":{"rendered":"<p class=\"has-text-align-center has-large-font-size\"><br>F\u00f6rdjupa dig i elefantarternas varierande v\u00e4rld och uppt\u00e4ck unika egenskaper och fascinerande skillnader.<\/p>\n\n\n\n<hr class=\"wp-block-separator has-alpha-channel-opacity is-style-dots\"\/>\n\n\n\n<div class=\"wp-block-group alignwide\"><div class=\"wp-block-group__inner-container is-layout-flow wp-block-group-is-layout-flow\">\n<h2 class=\"alignwide has-text-align-center wp-block-heading\" id=\"facts-about-elephants-and-best-places-to-see-them-in-the-wild\">Utforskning av elefanternas m\u00e5ngfald: J\u00e4mf\u00f6relse av elefantarter och deras egenskaper<\/h2>\n\n\n\n<p>F\u00f6lj med oss p\u00e5 ett \u00e4ventyr d\u00e4r vi j\u00e4mf\u00f6r och kontrasterar de olika elefantarterna p\u00e5 olika kontinenter. <\/p>\n\n\n\n<p>Uppt\u00e4ck den subtila <a href=\"https:\/\/elephantguide.com\/sv\/skillnader-mellan-afrikansk-elefant-och-asiatisk-elefant\/\">Skillnader mellan afrikanska och asiatiska elefanter.<\/a>, och l\u00e4r dig om de olika egenskaper som k\u00e4nnetecknar varje art. <\/p>\n\n\n\n<p>F\u00f6lj med in i de sv\u00e5rf\u00e5ngade skogselefanternas v\u00e4rld och f\u00f6rst\u00e5 deras unika anpassningar. L\u00e5t oss fira sk\u00f6nheten och m\u00e5ngfalden hos de olika elefantarterna.<\/p>\n\n\n\n<figure class=\"wp-block-image alignfull size-full is-style-default\"><img loading=\"lazy\" decoding=\"async\" width=\"1111\" height=\"548\" src=\"https:\/\/elephantguide.com\/wp-content\/uploads\/2023\/03\/difference-between-asian-elephant-and-african-elephant-edited.jpg\" alt=\"En asiatisk elefant och en afrikansk elefant promenerar i en skog. Bildk\u00e4lla: ElephantGuide.com\" class=\"wp-image-1334\" srcset=\"https:\/\/elephantguide.com\/wp-content\/uploads\/2023\/03\/difference-between-asian-elephant-and-african-elephant-edited.jpg 1111w, https:\/\/elephantguide.com\/wp-content\/uploads\/2023\/03\/difference-between-asian-elephant-and-african-elephant-edited-300x148.jpg 300w, https:\/\/elephantguide.com\/wp-content\/uploads\/2023\/03\/difference-between-asian-elephant-and-african-elephant-edited-1024x505.jpg 1024w, https:\/\/elephantguide.com\/wp-content\/uploads\/2023\/03\/difference-between-asian-elephant-and-african-elephant-edited-768x379.jpg 768w, https:\/\/elephantguide.com\/wp-content\/uploads\/2023\/03\/difference-between-asian-elephant-and-african-elephant-edited-18x9.jpg 18w\" sizes=\"auto, (max-width: 1111px) 100vw, 1111px\" \/><figcaption class=\"wp-element-caption\">En asiatisk elefant och en afrikansk elefant promenerar i en skog. Bildk\u00e4lla: ElephantGuide.com<\/figcaption><\/figure>\n<\/div><\/div>\n\n\n\n<hr class=\"wp-block-separator has-alpha-channel-opacity is-style-dots\"\/>\n\n\n\n<h2 class=\"alignwide has-text-align-center wp-block-heading\" id=\"how-many-species-of-elephant-are-there\">Utforskning av elefanter: Intressanta uppt\u00e4ckter och skillnader mellan olika elefantarter<\/h2>\n\n\n\n<p>Uppt\u00e4ck v\u00e5ra nyaste artiklar om elefantarter som avsl\u00f6jar de fascinerande skillnaderna, unika egenskaperna och fascinerande anpassningarna hos dessa f\u00e4ngslande varelser. <\/p>\n\n\n\n<p>F\u00f6lj med oss p\u00e5 en resa genom elefanternas varierande v\u00e4rld, fr\u00e5n de vidstr\u00e4ckta afrikanska savannerna till de t\u00e4ta asiatiska skogarna. <\/p>\n\n\n\n<p>Dyk ner och bli f\u00f6rv\u00e5nad \u00f6ver naturens otroliga variation, f\u00f6rundras \u00f6ver sk\u00f6nheten och komplexiteten hos varje enskild art!<\/p>\n\n\n<ul class=\"wp-block-latest-posts__list is-grid columns-3 has-dates alignwide wp-block-latest-posts\"><li><div class=\"wp-block-latest-posts__featured-image aligncenter\"><img loading=\"lazy\" decoding=\"async\" width=\"300\" height=\"200\" src=\"https:\/\/elephantguide.com\/wp-content\/uploads\/2025\/06\/two-elephants-playing-opt-300x200.jpg\" class=\"attachment-medium size-medium wp-post-image\" alt=\"Tv\u00e5 broderliga elefanter som leker.\" style=\"\" srcset=\"https:\/\/elephantguide.com\/wp-content\/uploads\/2025\/06\/two-elephants-playing-opt-300x200.jpg 300w, https:\/\/elephantguide.com\/wp-content\/uploads\/2025\/06\/two-elephants-playing-opt-1024x682.jpg 1024w, https:\/\/elephantguide.com\/wp-content\/uploads\/2025\/06\/two-elephants-playing-opt-768x512.jpg 768w, https:\/\/elephantguide.com\/wp-content\/uploads\/2025\/06\/two-elephants-playing-opt-18x12.jpg 18w, https:\/\/elephantguide.com\/wp-content\/uploads\/2025\/06\/two-elephants-playing-opt-1200x800.jpg 1200w, https:\/\/elephantguide.com\/wp-content\/uploads\/2025\/06\/two-elephants-playing-opt.jpg 1400w\" sizes=\"auto, (max-width: 300px) 100vw, 300px\" \/><\/div><a class=\"wp-block-latest-posts__post-title\" href=\"https:\/\/elephantguide.com\/sv\/afrikansk-buskelefant-vs-skogselefant-komplett-guide-till-afrikas-tva-arter\/\">Afrikansk Bush Elephant vs Forest Elephant: Komplett guide till Afrikas tv\u00e5 arter<\/a><time datetime=\"2025-06-27T08:48:46+00:00\" class=\"wp-block-latest-posts__post-date\">27 juni 2025<\/time><\/li>\n<li><div class=\"wp-block-latest-posts__featured-image aligncenter\"><img loading=\"lazy\" decoding=\"async\" width=\"300\" height=\"148\" src=\"https:\/\/elephantguide.com\/wp-content\/uploads\/2022\/11\/difference-between-asian-elephant-and-african-elephant-300x148.jpg\" class=\"attachment-medium size-medium wp-post-image\" alt=\"Vilka \u00e4r skillnaderna mellan afrikanska elefanter och asiatiska elefanter?\" style=\"\" srcset=\"https:\/\/elephantguide.com\/wp-content\/uploads\/2022\/11\/difference-between-asian-elephant-and-african-elephant-300x148.jpg 300w, https:\/\/elephantguide.com\/wp-content\/uploads\/2022\/11\/difference-between-asian-elephant-and-african-elephant-1024x505.jpg 1024w, https:\/\/elephantguide.com\/wp-content\/uploads\/2022\/11\/difference-between-asian-elephant-and-african-elephant-768x379.jpg 768w, https:\/\/elephantguide.com\/wp-content\/uploads\/2022\/11\/difference-between-asian-elephant-and-african-elephant-18x9.jpg 18w, https:\/\/elephantguide.com\/wp-content\/uploads\/2022\/11\/difference-between-asian-elephant-and-african-elephant.jpg 1200w\" sizes=\"auto, (max-width: 300px) 100vw, 300px\" \/><\/div><a class=\"wp-block-latest-posts__post-title\" href=\"https:\/\/elephantguide.com\/sv\/skillnader-mellan-afrikansk-elefant-och-asiatisk-elefant\/\">Vilka \u00e4r skillnaderna mellan afrikanska elefanter och asiatiska elefanter?<\/a><time datetime=\"2022-12-19T12:25:29+00:00\" class=\"wp-block-latest-posts__post-date\">19 december 2022<\/time><\/li>\n<li><div class=\"wp-block-latest-posts__featured-image aligncenter\"><img loading=\"lazy\" decoding=\"async\" width=\"300\" height=\"199\" src=\"https:\/\/elephantguide.com\/wp-content\/uploads\/2021\/12\/3-elephant-species-300x199.jpeg\" class=\"attachment-medium size-medium wp-post-image\" alt=\"3 arter av elefanter\" style=\"\" srcset=\"https:\/\/elephantguide.com\/wp-content\/uploads\/2021\/12\/3-elephant-species-300x199.jpeg 300w, https:\/\/elephantguide.com\/wp-content\/uploads\/2021\/12\/3-elephant-species-1024x678.jpeg 1024w, https:\/\/elephantguide.com\/wp-content\/uploads\/2021\/12\/3-elephant-species-768x509.jpeg 768w, https:\/\/elephantguide.com\/wp-content\/uploads\/2021\/12\/3-elephant-species-1536x1018.jpeg 1536w, https:\/\/elephantguide.com\/wp-content\/uploads\/2021\/12\/3-elephant-species-18x12.jpeg 18w, https:\/\/elephantguide.com\/wp-content\/uploads\/2021\/12\/3-elephant-species-1200x795.jpeg 1200w, https:\/\/elephantguide.com\/wp-content\/uploads\/2021\/12\/3-elephant-species.jpeg 1920w\" sizes=\"auto, (max-width: 300px) 100vw, 300px\" \/><\/div><a class=\"wp-block-latest-posts__post-title\" href=\"https:\/\/elephantguide.com\/sv\/de-tre-elefantarterna\/\">De tre elefantarterna<\/a><time datetime=\"2022-11-04T14:24:34+00:00\" class=\"wp-block-latest-posts__post-date\">4 november 2022<\/time><\/li>\n<li><div class=\"wp-block-latest-posts__featured-image aligncenter\"><img loading=\"lazy\" decoding=\"async\" width=\"300\" height=\"187\" src=\"https:\/\/elephantguide.com\/wp-content\/uploads\/2022\/08\/elephant-in-africa-sunset-300x187.jpg\" class=\"attachment-medium size-medium wp-post-image\" alt=\"Elefant i Afrika njuter av solnedg\u00e5ngen\" style=\"\" srcset=\"https:\/\/elephantguide.com\/wp-content\/uploads\/2022\/08\/elephant-in-africa-sunset-300x187.jpg 300w, https:\/\/elephantguide.com\/wp-content\/uploads\/2022\/08\/elephant-in-africa-sunset-1024x637.jpg 1024w, https:\/\/elephantguide.com\/wp-content\/uploads\/2022\/08\/elephant-in-africa-sunset-768x477.jpg 768w, https:\/\/elephantguide.com\/wp-content\/uploads\/2022\/08\/elephant-in-africa-sunset-18x12.jpg 18w, https:\/\/elephantguide.com\/wp-content\/uploads\/2022\/08\/elephant-in-africa-sunset.jpg 1200w\" sizes=\"auto, (max-width: 300px) 100vw, 300px\" \/><\/div><a class=\"wp-block-latest-posts__post-title\" href=\"https:\/\/elephantguide.com\/sv\/varfor-lever-elefanter-bara-i-afrika-och-asien\/\">Varf\u00f6r lever vilda elefanter bara i Afrika och Asien?<\/a><time datetime=\"2022-08-03T08:37:33+00:00\" class=\"wp-block-latest-posts__post-date\">augusti 3, 2022<\/time><\/li>\n<\/ul>\n\n\n<hr class=\"wp-block-separator has-alpha-channel-opacity is-style-dots\"\/>\n\n\n\n<figure class=\"wp-block-pullquote\"><blockquote><p>Om n\u00e5gon vill veta hur elefanter \u00e4r s\u00e5 \u00e4r de som m\u00e4nniskor, fast mer.<\/p><cite>Peter Corneille<\/cite><\/blockquote><\/figure>\n\n\n\n<hr class=\"wp-block-separator has-alpha-channel-opacity is-style-dots\"\/>\n\n\n\n<div class=\"wp-block-group alignfull has-accent-background-color has-background\"><div class=\"wp-block-group__inner-container is-layout-flow wp-block-group-is-layout-flow\">\n<p class=\"has-text-align-left has-large-font-size\"><strong>Varf\u00f6r ska du l\u00e4sa v\u00e5ra artiklar?<\/strong><\/p>\n\n\n\n<ul class=\"wp-block-list\">\n<li>V\u00e5rt team best\u00e5r av erfarna afrikanska journalister med omfattande kunskaper om djurlivet i Afrika.<\/li>\n\n\n\n<li>Medarbetarna har presenterats i ansedda produktioner som \"Planet Earth\" och National Geographic Magazine.<\/li>\n\n\n\n<li>Hyllade fotografer som har ett \u00f6ga f\u00f6r att f\u00e5nga de afrikanska elefanternas v\u00e4sen i deras naturliga livsmilj\u00f6er.<\/li>\n\n\n\n<li>H\u00e4ngivna f\u00f6respr\u00e5kare som har deltagit i praktiska projekt f\u00f6r bevarande av elefanter och som har haft en p\u00e5taglig inverkan.<\/li>\n\n\n\n<li>Ett orubbligt engagemang f\u00f6r att upplysa l\u00e4sarna om de otroliga elefanternas underverk och vikten av att bevara deras ekosystem.<\/li>\n<\/ul>\n<\/div><\/div>","protected":false},"excerpt":{"rendered":"<p>Delve into the diverse world of elephant species, uncovering unique traits and fascinating distinctions. Exploring Elephant Diversity: Comparing Elephant Species and Their Traits Join us on an adventure to compare and contrast the diverse species of elephants across continents. Uncover the subtle differences between African and Asian elephants, and learn about the distinct traits that [&hellip;]<\/p>\n","protected":false},"author":3,"featured_media":0,"parent":0,"menu_order":0,"comment_status":"closed","ping_status":"closed","template":"","meta":{"footnotes":""},"class_list":["post-1329","page","type-page","status-publish","hentry"],"yoast_head":"<!-- This site is optimized with the Yoast SEO plugin v27.4 - https:\/\/yoast.com\/product\/yoast-seo-wordpress\/ -->\n<title>Elephant Species - The Elephant Guide<\/title>\n<meta name=\"robots\" content=\"index, follow, max-snippet:-1, max-image-preview:large, max-video-preview:-1\" \/>\n<link rel=\"canonical\" href=\"https:\/\/elephantguide.com\/sv\/de-olika-elefantarterna\/\" \/>\n<meta property=\"og:locale\" content=\"sv_SE\" \/>\n<meta property=\"og:type\" content=\"article\" \/>\n<meta property=\"og:title\" content=\"Elephant Species - The Elephant Guide\" \/>\n<meta property=\"og:description\" content=\"Delve into the diverse world of elephant species, uncovering unique traits and fascinating distinctions. Exploring Elephant Diversity: Comparing Elephant Species and Their Traits Join us on an adventure to compare and contrast the diverse species of elephants across continents. Uncover the subtle differences between African and Asian elephants, and learn about the distinct traits that [&hellip;]\" \/>\n<meta property=\"og:url\" content=\"https:\/\/elephantguide.com\/sv\/de-olika-elefantarterna\/\" \/>\n<meta property=\"og:site_name\" content=\"The Elephant Guide\" \/>\n<meta property=\"article:modified_time\" content=\"2023-03-28T08:03:52+00:00\" \/>\n<meta property=\"og:image\" content=\"https:\/\/elephantguide.com\/wp-content\/uploads\/2023\/03\/difference-between-asian-elephant-and-african-elephant-edited.jpg\" \/>\n<meta name=\"twitter:card\" content=\"summary_large_image\" \/>\n<meta name=\"twitter:label1\" content=\"Ber\u00e4knad l\u00e4stid\" \/>\n\t<meta name=\"twitter:data1\" content=\"3 minuter\" \/>\n<script type=\"application\/ld+json\" class=\"yoast-schema-graph\">{\"@context\":\"https:\\\/\\\/schema.org\",\"@graph\":[{\"@type\":\"WebPage\",\"@id\":\"https:\\\/\\\/elephantguide.com\\\/species\\\/\",\"url\":\"https:\\\/\\\/elephantguide.com\\\/species\\\/\",\"name\":\"Elephant Species - The Elephant Guide\",\"isPartOf\":{\"@id\":\"https:\\\/\\\/elephantguide.com\\\/en\\\/#website\"},\"primaryImageOfPage\":{\"@id\":\"https:\\\/\\\/elephantguide.com\\\/species\\\/#primaryimage\"},\"image\":{\"@id\":\"https:\\\/\\\/elephantguide.com\\\/species\\\/#primaryimage\"},\"thumbnailUrl\":\"https:\\\/\\\/elephantguide.com\\\/wp-content\\\/uploads\\\/2023\\\/03\\\/difference-between-asian-elephant-and-african-elephant-edited.jpg\",\"datePublished\":\"2023-03-27T21:34:46+00:00\",\"dateModified\":\"2023-03-28T08:03:52+00:00\",\"breadcrumb\":{\"@id\":\"https:\\\/\\\/elephantguide.com\\\/species\\\/#breadcrumb\"},\"inLanguage\":\"sv-SE\",\"potentialAction\":[{\"@type\":\"ReadAction\",\"target\":[\"https:\\\/\\\/elephantguide.com\\\/species\\\/\"]}]},{\"@type\":\"ImageObject\",\"inLanguage\":\"sv-SE\",\"@id\":\"https:\\\/\\\/elephantguide.com\\\/species\\\/#primaryimage\",\"url\":\"https:\\\/\\\/elephantguide.com\\\/wp-content\\\/uploads\\\/2023\\\/03\\\/difference-between-asian-elephant-and-african-elephant-edited.jpg\",\"contentUrl\":\"https:\\\/\\\/elephantguide.com\\\/wp-content\\\/uploads\\\/2023\\\/03\\\/difference-between-asian-elephant-and-african-elephant-edited.jpg\"},{\"@type\":\"BreadcrumbList\",\"@id\":\"https:\\\/\\\/elephantguide.com\\\/species\\\/#breadcrumb\",\"itemListElement\":[{\"@type\":\"ListItem\",\"position\":1,\"name\":\"Home\",\"item\":\"https:\\\/\\\/elephantguide.com\\\/\"},{\"@type\":\"ListItem\",\"position\":2,\"name\":\"Elephant Species\"}]},{\"@type\":\"WebSite\",\"@id\":\"https:\\\/\\\/elephantguide.com\\\/en\\\/#website\",\"url\":\"https:\\\/\\\/elephantguide.com\\\/en\\\/\",\"name\":\"The Elephant Guide\",\"description\":\"Facts about elephants and best places to see them in the wild\",\"publisher\":{\"@id\":\"https:\\\/\\\/elephantguide.com\\\/en\\\/#organization\"},\"potentialAction\":[{\"@type\":\"SearchAction\",\"target\":{\"@type\":\"EntryPoint\",\"urlTemplate\":\"https:\\\/\\\/elephantguide.com\\\/en\\\/?s={search_term_string}\"},\"query-input\":{\"@type\":\"PropertyValueSpecification\",\"valueRequired\":true,\"valueName\":\"search_term_string\"}}],\"inLanguage\":\"sv-SE\"},{\"@type\":\"Organization\",\"@id\":\"https:\\\/\\\/elephantguide.com\\\/en\\\/#organization\",\"name\":\"The Elephant Guide\",\"url\":\"https:\\\/\\\/elephantguide.com\\\/en\\\/\",\"logo\":{\"@type\":\"ImageObject\",\"inLanguage\":\"sv-SE\",\"@id\":\"https:\\\/\\\/elephantguide.com\\\/en\\\/#\\\/schema\\\/logo\\\/image\\\/\",\"url\":\"https:\\\/\\\/elephantguide.com\\\/wp-content\\\/uploads\\\/2022\\\/02\\\/elephanticon.png\",\"contentUrl\":\"https:\\\/\\\/elephantguide.com\\\/wp-content\\\/uploads\\\/2022\\\/02\\\/elephanticon.png\",\"width\":1000,\"height\":1000,\"caption\":\"The Elephant Guide\"},\"image\":{\"@id\":\"https:\\\/\\\/elephantguide.com\\\/en\\\/#\\\/schema\\\/logo\\\/image\\\/\"}}]}<\/script>\n<!-- \/ Yoast SEO plugin. -->","yoast_head_json":{"title":"Elefantarter - Elefantguiden","robots":{"index":"index","follow":"follow","max-snippet":"max-snippet:-1","max-image-preview":"max-image-preview:large","max-video-preview":"max-video-preview:-1"},"canonical":"https:\/\/elephantguide.com\/sv\/de-olika-elefantarterna\/","og_locale":"sv_SE","og_type":"article","og_title":"Elephant Species - The Elephant Guide","og_description":"Delve into the diverse world of elephant species, uncovering unique traits and fascinating distinctions. Exploring Elephant Diversity: Comparing Elephant Species and Their Traits Join us on an adventure to compare and contrast the diverse species of elephants across continents. Uncover the subtle differences between African and Asian elephants, and learn about the distinct traits that [&hellip;]","og_url":"https:\/\/elephantguide.com\/sv\/de-olika-elefantarterna\/","og_site_name":"The Elephant Guide","article_modified_time":"2023-03-28T08:03:52+00:00","og_image":[{"url":"https:\/\/elephantguide.com\/wp-content\/uploads\/2023\/03\/difference-between-asian-elephant-and-african-elephant-edited.jpg","type":"","width":"","height":""}],"twitter_card":"summary_large_image","twitter_misc":{"Ber\u00e4knad l\u00e4stid":"3 minuter"},"schema":{"@context":"https:\/\/schema.org","@graph":[{"@type":"WebPage","@id":"https:\/\/elephantguide.com\/species\/","url":"https:\/\/elephantguide.com\/species\/","name":"Elefantarter - Elefantguiden","isPartOf":{"@id":"https:\/\/elephantguide.com\/en\/#website"},"primaryImageOfPage":{"@id":"https:\/\/elephantguide.com\/species\/#primaryimage"},"image":{"@id":"https:\/\/elephantguide.com\/species\/#primaryimage"},"thumbnailUrl":"https:\/\/elephantguide.com\/wp-content\/uploads\/2023\/03\/difference-between-asian-elephant-and-african-elephant-edited.jpg","datePublished":"2023-03-27T21:34:46+00:00","dateModified":"2023-03-28T08:03:52+00:00","breadcrumb":{"@id":"https:\/\/elephantguide.com\/species\/#breadcrumb"},"inLanguage":"sv-SE","potentialAction":[{"@type":"ReadAction","target":["https:\/\/elephantguide.com\/species\/"]}]},{"@type":"ImageObject","inLanguage":"sv-SE","@id":"https:\/\/elephantguide.com\/species\/#primaryimage","url":"https:\/\/elephantguide.com\/wp-content\/uploads\/2023\/03\/difference-between-asian-elephant-and-african-elephant-edited.jpg","contentUrl":"https:\/\/elephantguide.com\/wp-content\/uploads\/2023\/03\/difference-between-asian-elephant-and-african-elephant-edited.jpg"},{"@type":"BreadcrumbList","@id":"https:\/\/elephantguide.com\/species\/#breadcrumb","itemListElement":[{"@type":"ListItem","position":1,"name":"Home","item":"https:\/\/elephantguide.com\/"},{"@type":"ListItem","position":2,"name":"Elephant Species"}]},{"@type":"WebSite","@id":"https:\/\/elephantguide.com\/en\/#website","url":"https:\/\/elephantguide.com\/en\/","name":"Elefantguiden","description":"Fakta om elefanter och de b\u00e4sta platserna att se dem i naturen","publisher":{"@id":"https:\/\/elephantguide.com\/en\/#organization"},"potentialAction":[{"@type":"SearchAction","target":{"@type":"EntryPoint","urlTemplate":"https:\/\/elephantguide.com\/en\/?s={search_term_string}"},"query-input":{"@type":"PropertyValueSpecification","valueRequired":true,"valueName":"search_term_string"}}],"inLanguage":"sv-SE"},{"@type":"Organization","@id":"https:\/\/elephantguide.com\/en\/#organization","name":"Elefantguiden","url":"https:\/\/elephantguide.com\/en\/","logo":{"@type":"ImageObject","inLanguage":"sv-SE","@id":"https:\/\/elephantguide.com\/en\/#\/schema\/logo\/image\/","url":"https:\/\/elephantguide.com\/wp-content\/uploads\/2022\/02\/elephanticon.png","contentUrl":"https:\/\/elephantguide.com\/wp-content\/uploads\/2022\/02\/elephanticon.png","width":1000,"height":1000,"caption":"The Elephant Guide"},"image":{"@id":"https:\/\/elephantguide.com\/en\/#\/schema\/logo\/image\/"}}]}},"yoast_title":"","yoast_description":"","yoast_keyword":"elephant species","_links":{"self":[{"href":"https:\/\/elephantguide.com\/sv\/wp-json\/wp\/v2\/pages\/1329","targetHints":{"allow":["GET"]}}],"collection":[{"href":"https:\/\/elephantguide.com\/sv\/wp-json\/wp\/v2\/pages"}],"about":[{"href":"https:\/\/elephantguide.com\/sv\/wp-json\/wp\/v2\/types\/page"}],"author":[{"embeddable":true,"href":"https:\/\/elephantguide.com\/sv\/wp-json\/wp\/v2\/users\/3"}],"replies":[{"embeddable":true,"href":"https:\/\/elephantguide.com\/sv\/wp-json\/wp\/v2\/comments?post=1329"}],"version-history":[{"count":10,"href":"https:\/\/elephantguide.com\/sv\/wp-json\/wp\/v2\/pages\/1329\/revisions"}],"predecessor-version":[{"id":1401,"href":"https:\/\/elephantguide.com\/sv\/wp-json\/wp\/v2\/pages\/1329\/revisions\/1401"}],"wp:attachment":[{"href":"https:\/\/elephantguide.com\/sv\/wp-json\/wp\/v2\/media?parent=1329"}],"curies":[{"name":"wp","href":"https:\/\/api.w.org\/{rel}","templated":true}]}}