{"id":1323,"date":"2023-03-27T21:23:19","date_gmt":"2023-03-27T21:23:19","guid":{"rendered":"https:\/\/elephantguide.com\/elephant-anatomy-copy\/"},"modified":"2023-03-28T08:03:48","modified_gmt":"2023-03-28T08:03:48","slug":"elefant-beteenden","status":"publish","type":"page","link":"https:\/\/elephantguide.com\/sv\/elefant-beteenden\/","title":{"rendered":"Beteenden hos elefanter"},"content":{"rendered":"<p class=\"has-text-align-center has-large-font-size\"><br>Utforska den f\u00e4ngslande v\u00e4rlden av elefanters beteenden och avsl\u00f6ja deras intelligens, k\u00e4nslor och sociala dynamik. Dyk ner nu!<\/p>\n\n\n\n<hr class=\"wp-block-separator has-alpha-channel-opacity is-style-dots\"\/>\n\n\n\n<div class=\"wp-block-group alignwide\"><div class=\"wp-block-group__inner-container is-layout-flow wp-block-group-is-layout-flow\">\n<h2 class=\"alignwide has-text-align-center wp-block-heading\" id=\"facts-about-elephants-and-best-places-to-see-them-in-the-wild\">Avsl\u00f6ja hemligheterna: Elefantbeteende och kommunikation: De komplicerade detaljerna i elefanternas beteende och kommunikation<\/h2>\n\n\n\n<p>Uppt\u00e4ck den f\u00f6rtrollande v\u00e4rlden av elefanters beteenden n\u00e4r vi avsl\u00f6jar mysterierna bakom deras speciella beteenden och ritualer. <\/p>\n\n\n\n<p>Fr\u00e5n deras <a href=\"https:\/\/elephantguide.com\/sv\/fakta-om-elefanthjordar\/\">starka familjeband<\/a> till deras komplexa kommunikationsmetoder, kommer du att f\u00e5 en djupare f\u00f6rst\u00e5else f\u00f6r dessa <a href=\"https:\/\/elephantguide.com\/sv\/hur-smarta-ar-elefanter\/\">intelligenta djur<\/a>. <\/p>\n\n\n\n<p>Utforska moderskapets \u00f6mma stunder, ungas lekfulla uppt\u00e5g och de extraordin\u00e4ra k\u00e4nslom\u00e4ssiga f\u00f6rbindelserna inom elefantsamh\u00e4llen och elefanthjordar.<\/p>\n\n\n\n<figure class=\"wp-block-image alignfull size-full\"><img loading=\"lazy\" decoding=\"async\" width=\"1200\" height=\"551\" src=\"https:\/\/elephantguide.com\/wp-content\/uploads\/2023\/03\/large-elephant-herd-in-kenya.jpg\" alt=\"En stor hjord p\u00e5 v\u00e4g genom Amboseli, Kenya. Foto av Neil och Zulma Scott.\" class=\"wp-image-1326\" srcset=\"https:\/\/elephantguide.com\/wp-content\/uploads\/2023\/03\/large-elephant-herd-in-kenya.jpg 1200w, https:\/\/elephantguide.com\/wp-content\/uploads\/2023\/03\/large-elephant-herd-in-kenya-300x138.jpg 300w, https:\/\/elephantguide.com\/wp-content\/uploads\/2023\/03\/large-elephant-herd-in-kenya-1024x470.jpg 1024w, https:\/\/elephantguide.com\/wp-content\/uploads\/2023\/03\/large-elephant-herd-in-kenya-768x353.jpg 768w, https:\/\/elephantguide.com\/wp-content\/uploads\/2023\/03\/large-elephant-herd-in-kenya-18x8.jpg 18w\" sizes=\"auto, (max-width: 1200px) 100vw, 1200px\" \/><figcaption class=\"wp-element-caption\">En stor hjord, p\u00e5 v\u00e4g \u00f6ver den <a href=\"https:\/\/elephantguide.com\/sv\/basta-platserna-att-se-elefanter-kenya\/\">Amboseli, Kenya<\/a>. Foto av <a href=\"https:\/\/unsplash.com\/@valenciascott?utm_source=unsplash&amp;utm_medium=referral&amp;utm_content=creditCopyText\" target=\"_blank\" rel=\"noreferrer noopener nofollow\">Neil och Zulma Scott<\/a>.<\/figcaption><\/figure>\n<\/div><\/div>\n\n\n\n<hr class=\"wp-block-separator has-alpha-channel-opacity is-style-dots\"\/>\n\n\n\n<h2 class=\"alignwide has-text-align-center wp-block-heading\" id=\"how-many-species-of-elephant-are-there\">L\u00e4s mer: Avkodning av elefantbeteenden, avsl\u00f6jande av social dynamik och k\u00e4nslor<\/h2>\n\n\n\n<p>L\u00e4s v\u00e5ra senaste artiklar om elefanters beteenden, som ger f\u00e4ngslande insikter om deras sociala dynamik, emotionella intelligens och unika egenskaper. <\/p>\n\n\n\n<p>L\u00e4r dig mer om deras starka familjeband, komplexa kommunikationsmetoder och den f\u00f6rtrollande v\u00e4rld som g\u00f6r dessa extraordin\u00e4ra djur s\u00e5 fascinerande. H\u00e5ll dig uppdaterad och l\u00e5t dig f\u00f6rundras \u00f6ver elefanternas beteende!<\/p>\n\n\n<ul class=\"wp-block-latest-posts__list is-grid columns-3 has-dates alignwide wp-block-latest-posts\"><li><div class=\"wp-block-latest-posts__featured-image aligncenter\"><img loading=\"lazy\" decoding=\"async\" width=\"300\" height=\"200\" src=\"https:\/\/elephantguide.com\/wp-content\/uploads\/2021\/12\/elephants-are-smart-IQ-300x200.jpeg\" class=\"attachment-medium size-medium wp-post-image\" alt=\"Tv\u00e5 smarta elefanter badar\" style=\"\" srcset=\"https:\/\/elephantguide.com\/wp-content\/uploads\/2021\/12\/elephants-are-smart-IQ-300x200.jpeg 300w, https:\/\/elephantguide.com\/wp-content\/uploads\/2021\/12\/elephants-are-smart-IQ-1024x683.jpeg 1024w, https:\/\/elephantguide.com\/wp-content\/uploads\/2021\/12\/elephants-are-smart-IQ-768x512.jpeg 768w, https:\/\/elephantguide.com\/wp-content\/uploads\/2021\/12\/elephants-are-smart-IQ-1536x1024.jpeg 1536w, https:\/\/elephantguide.com\/wp-content\/uploads\/2021\/12\/elephants-are-smart-IQ-18x12.jpeg 18w, https:\/\/elephantguide.com\/wp-content\/uploads\/2021\/12\/elephants-are-smart-IQ-1200x800.jpeg 1200w, https:\/\/elephantguide.com\/wp-content\/uploads\/2021\/12\/elephants-are-smart-IQ.jpeg 1600w\" sizes=\"auto, (max-width: 300px) 100vw, 300px\" \/><\/div><a class=\"wp-block-latest-posts__post-title\" href=\"https:\/\/elephantguide.com\/sv\/hur-smarta-ar-elefanter\/\">Elefanter visar att de \u00e4r smarta och vi kan inte ignorera det<\/a><time datetime=\"2026-03-25T09:00:00+00:00\" class=\"wp-block-latest-posts__post-date\">mars 25, 2026<\/time><\/li>\n<li><div class=\"wp-block-latest-posts__featured-image aligncenter\"><img loading=\"lazy\" decoding=\"async\" width=\"300\" height=\"203\" src=\"https:\/\/elephantguide.com\/wp-content\/uploads\/2023\/07\/close-up-asian-elephant-300x203.jpg\" class=\"attachment-medium size-medium wp-post-image\" alt=\"N\u00e4rbild p\u00e5 en asiatisk elefant tagen i Udawalawa, Sri Lanka.\" style=\"\" srcset=\"https:\/\/elephantguide.com\/wp-content\/uploads\/2023\/07\/close-up-asian-elephant-300x203.jpg 300w, https:\/\/elephantguide.com\/wp-content\/uploads\/2023\/07\/close-up-asian-elephant-1024x693.jpg 1024w, https:\/\/elephantguide.com\/wp-content\/uploads\/2023\/07\/close-up-asian-elephant-768x520.jpg 768w, https:\/\/elephantguide.com\/wp-content\/uploads\/2023\/07\/close-up-asian-elephant-18x12.jpg 18w, https:\/\/elephantguide.com\/wp-content\/uploads\/2023\/07\/close-up-asian-elephant.jpg 1200w\" sizes=\"auto, (max-width: 300px) 100vw, 300px\" \/><\/div><a class=\"wp-block-latest-posts__post-title\" href=\"https:\/\/elephantguide.com\/sv\/elefant-musth-en-omfattande-guide\/\">Elefantmusth: En omfattande guide f\u00f6r att f\u00f6rst\u00e5 tillst\u00e5ndet<\/a><time datetime=\"2023-07-13T11:02:48+00:00\" class=\"wp-block-latest-posts__post-date\">13 juli 2023<\/time><\/li>\n<li><div class=\"wp-block-latest-posts__featured-image aligncenter\"><img loading=\"lazy\" decoding=\"async\" width=\"300\" height=\"200\" src=\"https:\/\/elephantguide.com\/wp-content\/uploads\/2023\/07\/elephant-scratching-against-car-300x200.jpg\" class=\"attachment-medium size-medium wp-post-image\" alt=\"En elefant kliar sig p\u00e5 magen mot en bil. Foto: earthtouchnews.com.\" style=\"\" srcset=\"https:\/\/elephantguide.com\/wp-content\/uploads\/2023\/07\/elephant-scratching-against-car-300x200.jpg 300w, https:\/\/elephantguide.com\/wp-content\/uploads\/2023\/07\/elephant-scratching-against-car-1024x683.jpg 1024w, https:\/\/elephantguide.com\/wp-content\/uploads\/2023\/07\/elephant-scratching-against-car-768x512.jpg 768w, https:\/\/elephantguide.com\/wp-content\/uploads\/2023\/07\/elephant-scratching-against-car-18x12.jpg 18w, https:\/\/elephantguide.com\/wp-content\/uploads\/2023\/07\/elephant-scratching-against-car.jpg 1200w\" sizes=\"auto, (max-width: 300px) 100vw, 300px\" \/><\/div><a class=\"wp-block-latest-posts__post-title\" href=\"https:\/\/elephantguide.com\/sv\/hur-kliar-en-elefant-bort-klada\/\">Hur kliar en elefant bort kl\u00e5da?<\/a><time datetime=\"2023-07-04T10:16:40+00:00\" class=\"wp-block-latest-posts__post-date\">4 juli 2023<\/time><\/li>\n<li><div class=\"wp-block-latest-posts__featured-image aligncenter\"><img loading=\"lazy\" decoding=\"async\" width=\"300\" height=\"200\" src=\"https:\/\/elephantguide.com\/wp-content\/uploads\/2023\/06\/elephant-taking-mud-bath-300x200.jpg\" class=\"attachment-medium size-medium wp-post-image\" alt=\"En liten elefant tar ett svalkande gyttjebad i Addo nationalpark.\" style=\"\" srcset=\"https:\/\/elephantguide.com\/wp-content\/uploads\/2023\/06\/elephant-taking-mud-bath-300x200.jpg 300w, https:\/\/elephantguide.com\/wp-content\/uploads\/2023\/06\/elephant-taking-mud-bath-1024x683.jpg 1024w, https:\/\/elephantguide.com\/wp-content\/uploads\/2023\/06\/elephant-taking-mud-bath-768x512.jpg 768w, https:\/\/elephantguide.com\/wp-content\/uploads\/2023\/06\/elephant-taking-mud-bath-18x12.jpg 18w, https:\/\/elephantguide.com\/wp-content\/uploads\/2023\/06\/elephant-taking-mud-bath.jpg 1200w\" sizes=\"auto, (max-width: 300px) 100vw, 300px\" \/><\/div><a class=\"wp-block-latest-posts__post-title\" href=\"https:\/\/elephantguide.com\/sv\/hur-rengor-elefanter-sig-sjalva\/\">Hur reng\u00f6r elefanter sig sj\u00e4lva?<\/a><time datetime=\"2023-06-09T12:46:36+00:00\" class=\"wp-block-latest-posts__post-date\">9 juni 2023<\/time><\/li>\n<li><div class=\"wp-block-latest-posts__featured-image aligncenter\"><img loading=\"lazy\" decoding=\"async\" width=\"300\" height=\"200\" src=\"https:\/\/elephantguide.com\/wp-content\/uploads\/2022\/05\/elephants-sleeping-habits-cuddling-300x200.jpg\" class=\"attachment-medium size-medium wp-post-image\" alt=\"\" style=\"\" srcset=\"https:\/\/elephantguide.com\/wp-content\/uploads\/2022\/05\/elephants-sleeping-habits-cuddling-300x200.jpg 300w, https:\/\/elephantguide.com\/wp-content\/uploads\/2022\/05\/elephants-sleeping-habits-cuddling-1024x682.jpg 1024w, https:\/\/elephantguide.com\/wp-content\/uploads\/2022\/05\/elephants-sleeping-habits-cuddling-768x512.jpg 768w, https:\/\/elephantguide.com\/wp-content\/uploads\/2022\/05\/elephants-sleeping-habits-cuddling-18x12.jpg 18w, https:\/\/elephantguide.com\/wp-content\/uploads\/2022\/05\/elephants-sleeping-habits-cuddling-1200x800.jpg 1200w, https:\/\/elephantguide.com\/wp-content\/uploads\/2022\/05\/elephants-sleeping-habits-cuddling.jpg 1400w\" sizes=\"auto, (max-width: 300px) 100vw, 300px\" \/><\/div><a class=\"wp-block-latest-posts__post-title\" href=\"https:\/\/elephantguide.com\/sv\/hur-sover-elefanter\/\">Hur sover elefanter?<\/a><time datetime=\"2023-05-27T16:00:00+00:00\" class=\"wp-block-latest-posts__post-date\">27 maj 2023<\/time><\/li>\n<li><div class=\"wp-block-latest-posts__featured-image aligncenter\"><img loading=\"lazy\" decoding=\"async\" width=\"300\" height=\"206\" src=\"https:\/\/elephantguide.com\/wp-content\/uploads\/2023\/02\/asian-elephant-in-thailand-destroying-trees-300x206.jpg\" class=\"attachment-medium size-medium wp-post-image\" alt=\"En asiatisk elefant i Thailand som f\u00f6rst\u00f6r tr\u00e4d och buskar.\" style=\"\" srcset=\"https:\/\/elephantguide.com\/wp-content\/uploads\/2023\/02\/asian-elephant-in-thailand-destroying-trees-300x206.jpg 300w, https:\/\/elephantguide.com\/wp-content\/uploads\/2023\/02\/asian-elephant-in-thailand-destroying-trees-1024x704.jpg 1024w, https:\/\/elephantguide.com\/wp-content\/uploads\/2023\/02\/asian-elephant-in-thailand-destroying-trees-768x528.jpg 768w, https:\/\/elephantguide.com\/wp-content\/uploads\/2023\/02\/asian-elephant-in-thailand-destroying-trees-18x12.jpg 18w, https:\/\/elephantguide.com\/wp-content\/uploads\/2023\/02\/asian-elephant-in-thailand-destroying-trees.jpg 1200w\" sizes=\"auto, (max-width: 300px) 100vw, 300px\" \/><\/div><a class=\"wp-block-latest-posts__post-title\" href=\"https:\/\/elephantguide.com\/sv\/varfor-forstor-elefanter-trad\/\">Varf\u00f6r f\u00f6rst\u00f6r elefanter tr\u00e4d?<\/a><time datetime=\"2023-02-21T07:51:49+00:00\" class=\"wp-block-latest-posts__post-date\">februari 21, 2023<\/time><\/li>\n<\/ul>\n\n\n<hr class=\"wp-block-separator has-alpha-channel-opacity is-style-dots\"\/>\n\n\n\n<figure class=\"wp-block-pullquote\"><blockquote><p>Elefanter \u00e4lskar \u00e5terf\u00f6reningar. De k\u00e4nner igen varandra efter \u00e5ratal av separation och h\u00e4lsar p\u00e5 varandra med vild, h\u00f6gljudd gl\u00e4dje. <\/p><cite>Jennifer Richard Jacobson<\/cite><\/blockquote><\/figure>\n\n\n\n<hr class=\"wp-block-separator has-alpha-channel-opacity is-style-dots\"\/>\n\n\n\n<div class=\"wp-block-group alignfull has-accent-background-color has-background\"><div class=\"wp-block-group__inner-container is-layout-flow wp-block-group-is-layout-flow\">\n<p class=\"has-text-align-left has-large-font-size\"><strong>Varf\u00f6r ska du l\u00e4sa v\u00e5ra artiklar?<\/strong><\/p>\n\n\n\n<ul class=\"wp-block-list\">\n<li>V\u00e5rt team best\u00e5r av erfarna afrikanska journalister med omfattande kunskaper om djurlivet i Afrika.<\/li>\n\n\n\n<li>Medarbetarna har presenterats i ansedda produktioner som \"Planet Earth\" och National Geographic Magazine.<\/li>\n\n\n\n<li>Hyllade fotografer som har ett \u00f6ga f\u00f6r att f\u00e5nga de afrikanska elefanternas v\u00e4sen i deras naturliga livsmilj\u00f6er.<\/li>\n\n\n\n<li>H\u00e4ngivna f\u00f6respr\u00e5kare som har deltagit i praktiska projekt f\u00f6r bevarande av elefanter och som har haft en p\u00e5taglig inverkan.<\/li>\n\n\n\n<li>Ett orubbligt engagemang f\u00f6r att upplysa l\u00e4sarna om de otroliga elefanternas underverk och vikten av att bevara deras ekosystem.<\/li>\n<\/ul>\n<\/div><\/div>","protected":false},"excerpt":{"rendered":"<p>Explore the captivating world of elephant behaviors, unveiling their intelligence, emotions, and social dynamics. Dive in now! Unveiling the Secrets: The Intricacies of Elephant Behavior and Communication Discover the enchanting realm of elephant behaviors as we unravel the mysteries behind their distinctive mannerisms and rituals. From their strong family bonds to their complex communication methods, [&hellip;]<\/p>\n","protected":false},"author":3,"featured_media":0,"parent":0,"menu_order":0,"comment_status":"closed","ping_status":"closed","template":"","meta":{"footnotes":""},"class_list":["post-1323","page","type-page","status-publish","hentry"],"yoast_head":"<!-- This site is optimized with the Yoast SEO plugin v27.4 - https:\/\/yoast.com\/product\/yoast-seo-wordpress\/ -->\n<title>Elephant Behaviors - The Elephant Guide<\/title>\n<meta name=\"robots\" content=\"index, follow, max-snippet:-1, max-image-preview:large, max-video-preview:-1\" \/>\n<link rel=\"canonical\" href=\"https:\/\/elephantguide.com\/sv\/elefant-beteenden\/\" \/>\n<meta property=\"og:locale\" content=\"sv_SE\" \/>\n<meta property=\"og:type\" content=\"article\" \/>\n<meta property=\"og:title\" content=\"Elephant Behaviors - The Elephant Guide\" \/>\n<meta property=\"og:description\" content=\"Explore the captivating world of elephant behaviors, unveiling their intelligence, emotions, and social dynamics. Dive in now! Unveiling the Secrets: The Intricacies of Elephant Behavior and Communication Discover the enchanting realm of elephant behaviors as we unravel the mysteries behind their distinctive mannerisms and rituals. From their strong family bonds to their complex communication methods, [&hellip;]\" \/>\n<meta property=\"og:url\" content=\"https:\/\/elephantguide.com\/sv\/elefant-beteenden\/\" \/>\n<meta property=\"og:site_name\" content=\"The Elephant Guide\" \/>\n<meta property=\"article:modified_time\" content=\"2023-03-28T08:03:48+00:00\" \/>\n<meta property=\"og:image\" content=\"https:\/\/elephantguide.com\/wp-content\/uploads\/2023\/03\/large-elephant-herd-in-kenya.jpg\" \/>\n<meta name=\"twitter:card\" content=\"summary_large_image\" \/>\n<meta name=\"twitter:label1\" content=\"Ber\u00e4knad l\u00e4stid\" \/>\n\t<meta name=\"twitter:data1\" content=\"3 minuter\" \/>\n<script type=\"application\/ld+json\" class=\"yoast-schema-graph\">{\"@context\":\"https:\\\/\\\/schema.org\",\"@graph\":[{\"@type\":\"WebPage\",\"@id\":\"https:\\\/\\\/elephantguide.com\\\/behaviors\\\/\",\"url\":\"https:\\\/\\\/elephantguide.com\\\/behaviors\\\/\",\"name\":\"Elephant Behaviors - The Elephant Guide\",\"isPartOf\":{\"@id\":\"https:\\\/\\\/elephantguide.com\\\/en\\\/#website\"},\"primaryImageOfPage\":{\"@id\":\"https:\\\/\\\/elephantguide.com\\\/behaviors\\\/#primaryimage\"},\"image\":{\"@id\":\"https:\\\/\\\/elephantguide.com\\\/behaviors\\\/#primaryimage\"},\"thumbnailUrl\":\"https:\\\/\\\/elephantguide.com\\\/wp-content\\\/uploads\\\/2023\\\/03\\\/large-elephant-herd-in-kenya.jpg\",\"datePublished\":\"2023-03-27T21:23:19+00:00\",\"dateModified\":\"2023-03-28T08:03:48+00:00\",\"breadcrumb\":{\"@id\":\"https:\\\/\\\/elephantguide.com\\\/behaviors\\\/#breadcrumb\"},\"inLanguage\":\"sv-SE\",\"potentialAction\":[{\"@type\":\"ReadAction\",\"target\":[\"https:\\\/\\\/elephantguide.com\\\/behaviors\\\/\"]}]},{\"@type\":\"ImageObject\",\"inLanguage\":\"sv-SE\",\"@id\":\"https:\\\/\\\/elephantguide.com\\\/behaviors\\\/#primaryimage\",\"url\":\"https:\\\/\\\/elephantguide.com\\\/wp-content\\\/uploads\\\/2023\\\/03\\\/large-elephant-herd-in-kenya.jpg\",\"contentUrl\":\"https:\\\/\\\/elephantguide.com\\\/wp-content\\\/uploads\\\/2023\\\/03\\\/large-elephant-herd-in-kenya.jpg\"},{\"@type\":\"BreadcrumbList\",\"@id\":\"https:\\\/\\\/elephantguide.com\\\/behaviors\\\/#breadcrumb\",\"itemListElement\":[{\"@type\":\"ListItem\",\"position\":1,\"name\":\"Home\",\"item\":\"https:\\\/\\\/elephantguide.com\\\/\"},{\"@type\":\"ListItem\",\"position\":2,\"name\":\"Elephant Behaviors\"}]},{\"@type\":\"WebSite\",\"@id\":\"https:\\\/\\\/elephantguide.com\\\/en\\\/#website\",\"url\":\"https:\\\/\\\/elephantguide.com\\\/en\\\/\",\"name\":\"The Elephant Guide\",\"description\":\"Facts about elephants and best places to see them in the wild\",\"publisher\":{\"@id\":\"https:\\\/\\\/elephantguide.com\\\/en\\\/#organization\"},\"potentialAction\":[{\"@type\":\"SearchAction\",\"target\":{\"@type\":\"EntryPoint\",\"urlTemplate\":\"https:\\\/\\\/elephantguide.com\\\/en\\\/?s={search_term_string}\"},\"query-input\":{\"@type\":\"PropertyValueSpecification\",\"valueRequired\":true,\"valueName\":\"search_term_string\"}}],\"inLanguage\":\"sv-SE\"},{\"@type\":\"Organization\",\"@id\":\"https:\\\/\\\/elephantguide.com\\\/en\\\/#organization\",\"name\":\"The Elephant Guide\",\"url\":\"https:\\\/\\\/elephantguide.com\\\/en\\\/\",\"logo\":{\"@type\":\"ImageObject\",\"inLanguage\":\"sv-SE\",\"@id\":\"https:\\\/\\\/elephantguide.com\\\/en\\\/#\\\/schema\\\/logo\\\/image\\\/\",\"url\":\"https:\\\/\\\/elephantguide.com\\\/wp-content\\\/uploads\\\/2022\\\/02\\\/elephanticon.png\",\"contentUrl\":\"https:\\\/\\\/elephantguide.com\\\/wp-content\\\/uploads\\\/2022\\\/02\\\/elephanticon.png\",\"width\":1000,\"height\":1000,\"caption\":\"The Elephant Guide\"},\"image\":{\"@id\":\"https:\\\/\\\/elephantguide.com\\\/en\\\/#\\\/schema\\\/logo\\\/image\\\/\"}}]}<\/script>\n<!-- \/ Yoast SEO plugin. -->","yoast_head_json":{"title":"Beteenden hos elefanter - Elefantguiden","robots":{"index":"index","follow":"follow","max-snippet":"max-snippet:-1","max-image-preview":"max-image-preview:large","max-video-preview":"max-video-preview:-1"},"canonical":"https:\/\/elephantguide.com\/sv\/elefant-beteenden\/","og_locale":"sv_SE","og_type":"article","og_title":"Elephant Behaviors - The Elephant Guide","og_description":"Explore the captivating world of elephant behaviors, unveiling their intelligence, emotions, and social dynamics. Dive in now! Unveiling the Secrets: The Intricacies of Elephant Behavior and Communication Discover the enchanting realm of elephant behaviors as we unravel the mysteries behind their distinctive mannerisms and rituals. From their strong family bonds to their complex communication methods, [&hellip;]","og_url":"https:\/\/elephantguide.com\/sv\/elefant-beteenden\/","og_site_name":"The Elephant Guide","article_modified_time":"2023-03-28T08:03:48+00:00","og_image":[{"url":"https:\/\/elephantguide.com\/wp-content\/uploads\/2023\/03\/large-elephant-herd-in-kenya.jpg","type":"","width":"","height":""}],"twitter_card":"summary_large_image","twitter_misc":{"Ber\u00e4knad l\u00e4stid":"3 minuter"},"schema":{"@context":"https:\/\/schema.org","@graph":[{"@type":"WebPage","@id":"https:\/\/elephantguide.com\/behaviors\/","url":"https:\/\/elephantguide.com\/behaviors\/","name":"Beteenden hos elefanter - Elefantguiden","isPartOf":{"@id":"https:\/\/elephantguide.com\/en\/#website"},"primaryImageOfPage":{"@id":"https:\/\/elephantguide.com\/behaviors\/#primaryimage"},"image":{"@id":"https:\/\/elephantguide.com\/behaviors\/#primaryimage"},"thumbnailUrl":"https:\/\/elephantguide.com\/wp-content\/uploads\/2023\/03\/large-elephant-herd-in-kenya.jpg","datePublished":"2023-03-27T21:23:19+00:00","dateModified":"2023-03-28T08:03:48+00:00","breadcrumb":{"@id":"https:\/\/elephantguide.com\/behaviors\/#breadcrumb"},"inLanguage":"sv-SE","potentialAction":[{"@type":"ReadAction","target":["https:\/\/elephantguide.com\/behaviors\/"]}]},{"@type":"ImageObject","inLanguage":"sv-SE","@id":"https:\/\/elephantguide.com\/behaviors\/#primaryimage","url":"https:\/\/elephantguide.com\/wp-content\/uploads\/2023\/03\/large-elephant-herd-in-kenya.jpg","contentUrl":"https:\/\/elephantguide.com\/wp-content\/uploads\/2023\/03\/large-elephant-herd-in-kenya.jpg"},{"@type":"BreadcrumbList","@id":"https:\/\/elephantguide.com\/behaviors\/#breadcrumb","itemListElement":[{"@type":"ListItem","position":1,"name":"Home","item":"https:\/\/elephantguide.com\/"},{"@type":"ListItem","position":2,"name":"Elephant Behaviors"}]},{"@type":"WebSite","@id":"https:\/\/elephantguide.com\/en\/#website","url":"https:\/\/elephantguide.com\/en\/","name":"Elefantguiden","description":"Fakta om elefanter och de b\u00e4sta platserna att se dem i naturen","publisher":{"@id":"https:\/\/elephantguide.com\/en\/#organization"},"potentialAction":[{"@type":"SearchAction","target":{"@type":"EntryPoint","urlTemplate":"https:\/\/elephantguide.com\/en\/?s={search_term_string}"},"query-input":{"@type":"PropertyValueSpecification","valueRequired":true,"valueName":"search_term_string"}}],"inLanguage":"sv-SE"},{"@type":"Organization","@id":"https:\/\/elephantguide.com\/en\/#organization","name":"Elefantguiden","url":"https:\/\/elephantguide.com\/en\/","logo":{"@type":"ImageObject","inLanguage":"sv-SE","@id":"https:\/\/elephantguide.com\/en\/#\/schema\/logo\/image\/","url":"https:\/\/elephantguide.com\/wp-content\/uploads\/2022\/02\/elephanticon.png","contentUrl":"https:\/\/elephantguide.com\/wp-content\/uploads\/2022\/02\/elephanticon.png","width":1000,"height":1000,"caption":"The Elephant Guide"},"image":{"@id":"https:\/\/elephantguide.com\/en\/#\/schema\/logo\/image\/"}}]}},"yoast_title":"","yoast_description":"","yoast_keyword":"elephant behaviors","_links":{"self":[{"href":"https:\/\/elephantguide.com\/sv\/wp-json\/wp\/v2\/pages\/1323","targetHints":{"allow":["GET"]}}],"collection":[{"href":"https:\/\/elephantguide.com\/sv\/wp-json\/wp\/v2\/pages"}],"about":[{"href":"https:\/\/elephantguide.com\/sv\/wp-json\/wp\/v2\/types\/page"}],"author":[{"embeddable":true,"href":"https:\/\/elephantguide.com\/sv\/wp-json\/wp\/v2\/users\/3"}],"replies":[{"embeddable":true,"href":"https:\/\/elephantguide.com\/sv\/wp-json\/wp\/v2\/comments?post=1323"}],"version-history":[{"count":5,"href":"https:\/\/elephantguide.com\/sv\/wp-json\/wp\/v2\/pages\/1323\/revisions"}],"predecessor-version":[{"id":1399,"href":"https:\/\/elephantguide.com\/sv\/wp-json\/wp\/v2\/pages\/1323\/revisions\/1399"}],"wp:attachment":[{"href":"https:\/\/elephantguide.com\/sv\/wp-json\/wp\/v2\/media?parent=1323"}],"curies":[{"name":"wp","href":"https:\/\/api.w.org\/{rel}","templated":true}]}}