{"id":1310,"date":"2023-03-27T20:52:44","date_gmt":"2023-03-27T20:52:44","guid":{"rendered":"https:\/\/elephantguide.com\/elephant-destinations-copy\/"},"modified":"2023-03-28T08:03:48","modified_gmt":"2023-03-28T08:03:48","slug":"anatomi-elefanter","status":"publish","type":"page","link":"https:\/\/elephantguide.com\/sv\/anatomi-elefanter\/","title":{"rendered":"Anatomi av en elefant \ud83d\udc18"},"content":{"rendered":"<p class=\"has-text-align-center has-large-font-size\"><br>Uppt\u00e4ck elefantens anatomi i detalj och uppt\u00e4ck naturens fascinerande blandning av styrka, anpassningsf\u00f6rm\u00e5ga och elegans. Utforska nu!<\/p>\n\n\n\n<hr class=\"wp-block-separator has-alpha-channel-opacity is-style-dots\"\/>\n\n\n\n<div class=\"wp-block-group alignwide\"><div class=\"wp-block-group__inner-container is-layout-flow wp-block-group-is-layout-flow\">\n<h2 class=\"alignwide has-text-align-center wp-block-heading\" id=\"facts-about-elephants-and-best-places-to-see-them-in-the-wild\">Uppt\u00e4ck elefantens anatomi: Den \u00e4r inte alls som andra djur<\/h2>\n\n\n\n<p>H\u00e4r hittar du all information om elefanternas imponerande anatomi. <\/p>\n\n\n\n<p>Vi kommer att utforska deras anm\u00e4rkningsv\u00e4rda <a href=\"https:\/\/elephantguide.com\/sv\/fakta-om-elefant-snabeln\/\">stammar<\/a>, h\u00f6ga grenar, invecklade <a href=\"https:\/\/elephantguide.com\/sv\/hur-manga-ben-har-en-elefant\/\">Benstruktur.<\/a>, starka muskler, <a href=\"https:\/\/elephantguide.com\/sv\/varfor-har-elefanter-stora-oron\/\">expansiva \u00f6ron<\/a>, specialiserad <a href=\"https:\/\/elephantguide.com\/sv\/hur-manga-magar-har-en-elefant\/\">magar<\/a>, och imponerande <a href=\"https:\/\/elephantguide.com\/sv\/allt-du-behover-veta-om-elefantens-betar\/\">betar<\/a>. <\/p>\n\n\n\n<p>Med varje fascinerande detalj f\u00e5r du en djupare f\u00f6rst\u00e5else f\u00f6r dessa magnifika varelser och de extraordin\u00e4ra egenskaper som skiljer dem fr\u00e5n andra djur i djurriket. <\/p>\n\n\n\n<p>Dyk ner och uppt\u00e4ck elefantens anatomiska underverk!<\/p>\n\n\n\n<figure class=\"wp-block-image alignfull size-full\"><img loading=\"lazy\" decoding=\"async\" width=\"1200\" height=\"550\" src=\"https:\/\/elephantguide.com\/wp-content\/uploads\/2023\/03\/close-up-elephant-eye.jpg\" alt=\"N\u00e4rbild av en elefants \u00f6ga och ansikte, tagen i Chang Mai, Thailand. Foto av Lauren Kay.\" class=\"wp-image-1314\" srcset=\"https:\/\/elephantguide.com\/wp-content\/uploads\/2023\/03\/close-up-elephant-eye.jpg 1200w, https:\/\/elephantguide.com\/wp-content\/uploads\/2023\/03\/close-up-elephant-eye-300x138.jpg 300w, https:\/\/elephantguide.com\/wp-content\/uploads\/2023\/03\/close-up-elephant-eye-1024x469.jpg 1024w, https:\/\/elephantguide.com\/wp-content\/uploads\/2023\/03\/close-up-elephant-eye-768x352.jpg 768w, https:\/\/elephantguide.com\/wp-content\/uploads\/2023\/03\/close-up-elephant-eye-18x8.jpg 18w\" sizes=\"auto, (max-width: 1200px) 100vw, 1200px\" \/><figcaption class=\"wp-element-caption\">N\u00e4rbild av en elefants \u00f6ga och dess ansikte, taget i <a href=\"https:\/\/elephantguide.com\/sv\/basta-platserna-att-se-elefanter-thailand\/\">Chang Mai, Thailand<\/a>. Foto av <a href=\"https:\/\/unsplash.com\/@lakael?utm_source=unsplash&amp;utm_medium=referral&amp;utm_content=creditCopyText\" target=\"_blank\" rel=\"noreferrer noopener nofollow\">Lauren Kay<\/a>.<\/figcaption><\/figure>\n<\/div><\/div>\n\n\n\n<hr class=\"wp-block-separator has-alpha-channel-opacity is-style-dots\"\/>\n\n\n\n<h2 class=\"alignwide has-text-align-center wp-block-heading\" id=\"how-many-species-of-elephant-are-there\">G\u00e5 djupare ner i djupet: F\u00e4ngslande insikter i elefantens fysiologi<\/h2>\n\n\n\n<p>F\u00f6rdjupa dig i v\u00e5ra senaste anatomiartiklar som ger f\u00e4ngslande insikter i elefanternas extraordin\u00e4ra egenskaper och underverk. <\/p>\n\n\n\n<p>Fr\u00e5n kraftiga stammar till intrikata benstrukturer - avsl\u00f6ja deras fascinerande hemligheter och f\u00f6rdjupa din f\u00f6rst\u00e5else f\u00f6r dessa anm\u00e4rkningsv\u00e4rda varelser. H\u00e5ll dig uppdaterad och l\u00e5t naturens underverk f\u00f6rv\u00e5na dig!<\/p>\n\n\n<ul class=\"wp-block-latest-posts__list is-grid columns-3 has-dates alignwide wp-block-latest-posts\"><li><div class=\"wp-block-latest-posts__featured-image aligncenter\"><img loading=\"lazy\" decoding=\"async\" width=\"300\" height=\"172\" src=\"https:\/\/elephantguide.com\/wp-content\/uploads\/2022\/01\/elephant-tail-behind-300x172.jpg\" class=\"attachment-medium size-medium wp-post-image\" alt=\"Elefantstj\u00e4rt bakifr\u00e5n\" style=\"\" srcset=\"https:\/\/elephantguide.com\/wp-content\/uploads\/2022\/01\/elephant-tail-behind-300x172.jpg 300w, https:\/\/elephantguide.com\/wp-content\/uploads\/2022\/01\/elephant-tail-behind-1024x586.jpg 1024w, https:\/\/elephantguide.com\/wp-content\/uploads\/2022\/01\/elephant-tail-behind-768x439.jpg 768w, https:\/\/elephantguide.com\/wp-content\/uploads\/2022\/01\/elephant-tail-behind-1536x878.jpg 1536w, https:\/\/elephantguide.com\/wp-content\/uploads\/2022\/01\/elephant-tail-behind-18x10.jpg 18w, https:\/\/elephantguide.com\/wp-content\/uploads\/2022\/01\/elephant-tail-behind-1200x686.jpg 1200w, https:\/\/elephantguide.com\/wp-content\/uploads\/2022\/01\/elephant-tail-behind.jpg 1600w\" sizes=\"auto, (max-width: 300px) 100vw, 300px\" \/><\/div><a class=\"wp-block-latest-posts__post-title\" href=\"https:\/\/elephantguide.com\/sv\/varfor-ar-elefantens-svans-kort\/\">Varf\u00f6r har elefanter en liten svans?<\/a><time datetime=\"2026-03-27T09:00:00+00:00\" class=\"wp-block-latest-posts__post-date\">mars 27, 2026<\/time><\/li>\n<li><div class=\"wp-block-latest-posts__featured-image aligncenter\"><img loading=\"lazy\" decoding=\"async\" width=\"300\" height=\"200\" src=\"https:\/\/elephantguide.com\/wp-content\/uploads\/2022\/03\/baby-elephant-trumpeting-300x200.jpg\" class=\"attachment-medium size-medium wp-post-image\" alt=\"Elefantbarn som trumpetar\" style=\"\" srcset=\"https:\/\/elephantguide.com\/wp-content\/uploads\/2022\/03\/baby-elephant-trumpeting-300x200.jpg 300w, https:\/\/elephantguide.com\/wp-content\/uploads\/2022\/03\/baby-elephant-trumpeting-1024x683.jpg 1024w, https:\/\/elephantguide.com\/wp-content\/uploads\/2022\/03\/baby-elephant-trumpeting-768x512.jpg 768w, https:\/\/elephantguide.com\/wp-content\/uploads\/2022\/03\/baby-elephant-trumpeting-1536x1024.jpg 1536w, https:\/\/elephantguide.com\/wp-content\/uploads\/2022\/03\/baby-elephant-trumpeting-18x12.jpg 18w, https:\/\/elephantguide.com\/wp-content\/uploads\/2022\/03\/baby-elephant-trumpeting-1200x800.jpg 1200w, https:\/\/elephantguide.com\/wp-content\/uploads\/2022\/03\/baby-elephant-trumpeting.jpg 1600w\" sizes=\"auto, (max-width: 300px) 100vw, 300px\" \/><\/div><a class=\"wp-block-latest-posts__post-title\" href=\"https:\/\/elephantguide.com\/sv\/fakta-om-bebis-elefanter\/\">Fakta om elefantungar: Varf\u00f6r \u00e4r vi s\u00e5 fascinerade av kalvarna?<\/a><time datetime=\"2023-01-22T21:42:24+00:00\" class=\"wp-block-latest-posts__post-date\">januari 22, 2023<\/time><\/li>\n<li><div class=\"wp-block-latest-posts__featured-image aligncenter\"><img loading=\"lazy\" decoding=\"async\" width=\"300\" height=\"194\" src=\"https:\/\/elephantguide.com\/wp-content\/uploads\/2021\/12\/elephant-tusks-bull-fight-300x194.jpeg\" class=\"attachment-medium size-medium wp-post-image\" alt=\"Manliga elefanter med betar som sl\u00e5ss\" style=\"\" srcset=\"https:\/\/elephantguide.com\/wp-content\/uploads\/2021\/12\/elephant-tusks-bull-fight-300x194.jpeg 300w, https:\/\/elephantguide.com\/wp-content\/uploads\/2021\/12\/elephant-tusks-bull-fight-1024x661.jpeg 1024w, https:\/\/elephantguide.com\/wp-content\/uploads\/2021\/12\/elephant-tusks-bull-fight-768x496.jpeg 768w, https:\/\/elephantguide.com\/wp-content\/uploads\/2021\/12\/elephant-tusks-bull-fight-1536x992.jpeg 1536w, https:\/\/elephantguide.com\/wp-content\/uploads\/2021\/12\/elephant-tusks-bull-fight-18x12.jpeg 18w, https:\/\/elephantguide.com\/wp-content\/uploads\/2021\/12\/elephant-tusks-bull-fight-1200x775.jpeg 1200w, https:\/\/elephantguide.com\/wp-content\/uploads\/2021\/12\/elephant-tusks-bull-fight.jpeg 1920w\" sizes=\"auto, (max-width: 300px) 100vw, 300px\" \/><\/div><a class=\"wp-block-latest-posts__post-title\" href=\"https:\/\/elephantguide.com\/sv\/allt-du-behover-veta-om-elefantens-betar\/\">Elefanter har betar av elfenben: Allt du beh\u00f6ver veta<\/a><time datetime=\"2022-12-06T17:13:00+00:00\" class=\"wp-block-latest-posts__post-date\">6 december 2022<\/time><\/li>\n<li><div class=\"wp-block-latest-posts__featured-image aligncenter\"><img loading=\"lazy\" decoding=\"async\" width=\"300\" height=\"203\" src=\"https:\/\/elephantguide.com\/wp-content\/uploads\/2022\/06\/elephant-in-water-lifting-tree-300x203.jpg\" class=\"attachment-medium size-medium wp-post-image\" alt=\"Indisk elefant i vatten som lyfter tr\u00e4d\" style=\"\" srcset=\"https:\/\/elephantguide.com\/wp-content\/uploads\/2022\/06\/elephant-in-water-lifting-tree-300x203.jpg 300w, https:\/\/elephantguide.com\/wp-content\/uploads\/2022\/06\/elephant-in-water-lifting-tree-1024x691.jpg 1024w, https:\/\/elephantguide.com\/wp-content\/uploads\/2022\/06\/elephant-in-water-lifting-tree-768x518.jpg 768w, https:\/\/elephantguide.com\/wp-content\/uploads\/2022\/06\/elephant-in-water-lifting-tree-18x12.jpg 18w, https:\/\/elephantguide.com\/wp-content\/uploads\/2022\/06\/elephant-in-water-lifting-tree-1200x810.jpg 1200w, https:\/\/elephantguide.com\/wp-content\/uploads\/2022\/06\/elephant-in-water-lifting-tree.jpg 1400w\" sizes=\"auto, (max-width: 300px) 100vw, 300px\" \/><\/div><a class=\"wp-block-latest-posts__post-title\" href=\"https:\/\/elephantguide.com\/sv\/hur-mycket-kan-en-elefant-lyfta\/\">Hur mycket kan en elefant lyfta?<\/a><time datetime=\"2022-12-01T11:18:19+00:00\" class=\"wp-block-latest-posts__post-date\">1 december 2022<\/time><\/li>\n<li><div class=\"wp-block-latest-posts__featured-image aligncenter\"><img loading=\"lazy\" decoding=\"async\" width=\"300\" height=\"200\" src=\"https:\/\/elephantguide.com\/wp-content\/uploads\/2022\/11\/image-of-mammoth-from-aussie-museum-300x200.jpg\" class=\"attachment-medium size-medium wp-post-image\" alt=\"Steppmammut p\u00e5 Australian Museum. Foto av April Pethybridge.\" style=\"\" srcset=\"https:\/\/elephantguide.com\/wp-content\/uploads\/2022\/11\/image-of-mammoth-from-aussie-museum-300x200.jpg 300w, https:\/\/elephantguide.com\/wp-content\/uploads\/2022\/11\/image-of-mammoth-from-aussie-museum-1024x683.jpg 1024w, https:\/\/elephantguide.com\/wp-content\/uploads\/2022\/11\/image-of-mammoth-from-aussie-museum-768x512.jpg 768w, https:\/\/elephantguide.com\/wp-content\/uploads\/2022\/11\/image-of-mammoth-from-aussie-museum-18x12.jpg 18w, https:\/\/elephantguide.com\/wp-content\/uploads\/2022\/11\/image-of-mammoth-from-aussie-museum.jpg 1200w\" sizes=\"auto, (max-width: 300px) 100vw, 300px\" \/><\/div><a class=\"wp-block-latest-posts__post-title\" href=\"https:\/\/elephantguide.com\/sv\/hur-stora-ar-elefanter-vs-mammutar\/\">Hur stora \u00e4r elefanter j\u00e4mf\u00f6rt med mammutar?<\/a><time datetime=\"2022-11-07T15:59:59+00:00\" class=\"wp-block-latest-posts__post-date\">7 november 2022<\/time><\/li>\n<li><div class=\"wp-block-latest-posts__featured-image aligncenter\"><img loading=\"lazy\" decoding=\"async\" width=\"300\" height=\"202\" src=\"https:\/\/elephantguide.com\/wp-content\/uploads\/2022\/04\/elephants-running-cant-jump-300x202.jpg\" class=\"attachment-medium size-medium wp-post-image\" alt=\"Elefanter kan springa, men de kan inte hoppa\" style=\"\" srcset=\"https:\/\/elephantguide.com\/wp-content\/uploads\/2022\/04\/elephants-running-cant-jump-300x202.jpg 300w, https:\/\/elephantguide.com\/wp-content\/uploads\/2022\/04\/elephants-running-cant-jump-1024x689.jpg 1024w, https:\/\/elephantguide.com\/wp-content\/uploads\/2022\/04\/elephants-running-cant-jump-768x517.jpg 768w, https:\/\/elephantguide.com\/wp-content\/uploads\/2022\/04\/elephants-running-cant-jump-18x12.jpg 18w, https:\/\/elephantguide.com\/wp-content\/uploads\/2022\/04\/elephants-running-cant-jump-1200x808.jpg 1200w, https:\/\/elephantguide.com\/wp-content\/uploads\/2022\/04\/elephants-running-cant-jump.jpg 1300w\" sizes=\"auto, (max-width: 300px) 100vw, 300px\" \/><\/div><a class=\"wp-block-latest-posts__post-title\" href=\"https:\/\/elephantguide.com\/sv\/elefanter-kan-inte-hoppa-har-ar-anledningarna-varfor\/\">Elefanter kan inte hoppa: H\u00e4r \u00e4r de viktigaste anledningarna varf\u00f6r<\/a><time datetime=\"2022-11-04T19:04:51+00:00\" class=\"wp-block-latest-posts__post-date\">4 november 2022<\/time><\/li>\n<\/ul>\n\n\n<hr class=\"wp-block-separator has-alpha-channel-opacity is-style-dots\"\/>\n\n\n\n<figure class=\"wp-block-pullquote\"><blockquote><p>Naturens stora m\u00e4sterverk, en elefant; det enda ofarliga stora tinget.<\/p><cite>John Donne<\/cite><\/blockquote><\/figure>\n\n\n\n<hr class=\"wp-block-separator has-alpha-channel-opacity is-style-dots\"\/>\n\n\n\n<div class=\"wp-block-group alignfull has-accent-background-color has-background\"><div class=\"wp-block-group__inner-container is-layout-flow wp-block-group-is-layout-flow\">\n<p class=\"has-text-align-left has-large-font-size\"><strong>Varf\u00f6r ska du l\u00e4sa v\u00e5ra artiklar?<\/strong><\/p>\n\n\n\n<ul class=\"wp-block-list\">\n<li>V\u00e5rt team best\u00e5r av erfarna afrikanska journalister med omfattande kunskaper om djurlivet i Afrika.<\/li>\n\n\n\n<li>Medarbetarna har presenterats i ansedda produktioner som \"Planet Earth\" och National Geographic Magazine.<\/li>\n\n\n\n<li>Hyllade fotografer som har ett \u00f6ga f\u00f6r att f\u00e5nga de afrikanska elefanternas v\u00e4sen i deras naturliga livsmilj\u00f6er.<\/li>\n\n\n\n<li>H\u00e4ngivna f\u00f6respr\u00e5kare som har deltagit i praktiska projekt f\u00f6r bevarande av elefanter och som har haft en p\u00e5taglig inverkan.<\/li>\n\n\n\n<li>Ett orubbligt engagemang f\u00f6r att upplysa l\u00e4sarna om de otroliga elefanternas underverk och vikten av att bevara deras ekosystem.<\/li>\n<\/ul>\n<\/div><\/div>","protected":false},"excerpt":{"rendered":"<p>Discover the intricate details of elephant anatomy, revealing nature&#8217;s fascinating blend of strength, adaptability, and grace. Explore now! Discover the Elephant&#8217;s Anatomy: It&#8217;s nothing like any other animal Consider this your hub for all information related to the awe-inspiring anatomy of elephants. We&#8217;ll explore their remarkable trunks, towering limbs, intricate bone structure, powerful muscles, expansive [&hellip;]<\/p>\n","protected":false},"author":3,"featured_media":0,"parent":0,"menu_order":0,"comment_status":"closed","ping_status":"closed","template":"","meta":{"footnotes":""},"class_list":["post-1310","page","type-page","status-publish","hentry"],"yoast_head":"<!-- This site is optimized with the Yoast SEO plugin v27.3 - https:\/\/yoast.com\/product\/yoast-seo-wordpress\/ -->\n<title>Elephant Anatomy \ud83d\udc18 - The Elephant Guide<\/title>\n<meta name=\"robots\" content=\"index, follow, max-snippet:-1, max-image-preview:large, max-video-preview:-1\" \/>\n<link rel=\"canonical\" href=\"https:\/\/elephantguide.com\/sv\/anatomi-elefanter\/\" \/>\n<meta property=\"og:locale\" content=\"sv_SE\" \/>\n<meta property=\"og:type\" content=\"article\" \/>\n<meta property=\"og:title\" content=\"Elephant Anatomy \ud83d\udc18 - The Elephant Guide\" \/>\n<meta property=\"og:description\" content=\"Discover the intricate details of elephant anatomy, revealing nature&#8217;s fascinating blend of strength, adaptability, and grace. Explore now! Discover the Elephant&#8217;s Anatomy: It&#8217;s nothing like any other animal Consider this your hub for all information related to the awe-inspiring anatomy of elephants. We&#8217;ll explore their remarkable trunks, towering limbs, intricate bone structure, powerful muscles, expansive [&hellip;]\" \/>\n<meta property=\"og:url\" content=\"https:\/\/elephantguide.com\/sv\/anatomi-elefanter\/\" \/>\n<meta property=\"og:site_name\" content=\"The Elephant Guide\" \/>\n<meta property=\"article:modified_time\" content=\"2023-03-28T08:03:48+00:00\" \/>\n<meta property=\"og:image\" content=\"https:\/\/elephantguide.com\/wp-content\/uploads\/2023\/03\/close-up-elephant-eye.jpg\" \/>\n<meta name=\"twitter:card\" content=\"summary_large_image\" \/>\n<meta name=\"twitter:label1\" content=\"Ber\u00e4knad l\u00e4stid\" \/>\n\t<meta name=\"twitter:data1\" content=\"3 minuter\" \/>\n<script type=\"application\/ld+json\" class=\"yoast-schema-graph\">{\"@context\":\"https:\\\/\\\/schema.org\",\"@graph\":[{\"@type\":\"WebPage\",\"@id\":\"https:\\\/\\\/elephantguide.com\\\/elephant-anatomy\\\/\",\"url\":\"https:\\\/\\\/elephantguide.com\\\/elephant-anatomy\\\/\",\"name\":\"Elephant Anatomy \ud83d\udc18 - The Elephant Guide\",\"isPartOf\":{\"@id\":\"https:\\\/\\\/elephantguide.com\\\/en\\\/#website\"},\"primaryImageOfPage\":{\"@id\":\"https:\\\/\\\/elephantguide.com\\\/elephant-anatomy\\\/#primaryimage\"},\"image\":{\"@id\":\"https:\\\/\\\/elephantguide.com\\\/elephant-anatomy\\\/#primaryimage\"},\"thumbnailUrl\":\"https:\\\/\\\/elephantguide.com\\\/wp-content\\\/uploads\\\/2023\\\/03\\\/close-up-elephant-eye.jpg\",\"datePublished\":\"2023-03-27T20:52:44+00:00\",\"dateModified\":\"2023-03-28T08:03:48+00:00\",\"breadcrumb\":{\"@id\":\"https:\\\/\\\/elephantguide.com\\\/elephant-anatomy\\\/#breadcrumb\"},\"inLanguage\":\"sv-SE\",\"potentialAction\":[{\"@type\":\"ReadAction\",\"target\":[\"https:\\\/\\\/elephantguide.com\\\/elephant-anatomy\\\/\"]}]},{\"@type\":\"ImageObject\",\"inLanguage\":\"sv-SE\",\"@id\":\"https:\\\/\\\/elephantguide.com\\\/elephant-anatomy\\\/#primaryimage\",\"url\":\"https:\\\/\\\/elephantguide.com\\\/wp-content\\\/uploads\\\/2023\\\/03\\\/close-up-elephant-eye.jpg\",\"contentUrl\":\"https:\\\/\\\/elephantguide.com\\\/wp-content\\\/uploads\\\/2023\\\/03\\\/close-up-elephant-eye.jpg\"},{\"@type\":\"BreadcrumbList\",\"@id\":\"https:\\\/\\\/elephantguide.com\\\/elephant-anatomy\\\/#breadcrumb\",\"itemListElement\":[{\"@type\":\"ListItem\",\"position\":1,\"name\":\"Home\",\"item\":\"https:\\\/\\\/elephantguide.com\\\/\"},{\"@type\":\"ListItem\",\"position\":2,\"name\":\"Elephant Anatomy \ud83d\udc18\"}]},{\"@type\":\"WebSite\",\"@id\":\"https:\\\/\\\/elephantguide.com\\\/en\\\/#website\",\"url\":\"https:\\\/\\\/elephantguide.com\\\/en\\\/\",\"name\":\"The Elephant Guide\",\"description\":\"Facts about elephants and best places to see them in the wild\",\"publisher\":{\"@id\":\"https:\\\/\\\/elephantguide.com\\\/en\\\/#organization\"},\"potentialAction\":[{\"@type\":\"SearchAction\",\"target\":{\"@type\":\"EntryPoint\",\"urlTemplate\":\"https:\\\/\\\/elephantguide.com\\\/en\\\/?s={search_term_string}\"},\"query-input\":{\"@type\":\"PropertyValueSpecification\",\"valueRequired\":true,\"valueName\":\"search_term_string\"}}],\"inLanguage\":\"sv-SE\"},{\"@type\":\"Organization\",\"@id\":\"https:\\\/\\\/elephantguide.com\\\/en\\\/#organization\",\"name\":\"The Elephant Guide\",\"url\":\"https:\\\/\\\/elephantguide.com\\\/en\\\/\",\"logo\":{\"@type\":\"ImageObject\",\"inLanguage\":\"sv-SE\",\"@id\":\"https:\\\/\\\/elephantguide.com\\\/en\\\/#\\\/schema\\\/logo\\\/image\\\/\",\"url\":\"https:\\\/\\\/elephantguide.com\\\/wp-content\\\/uploads\\\/2022\\\/02\\\/elephanticon.png\",\"contentUrl\":\"https:\\\/\\\/elephantguide.com\\\/wp-content\\\/uploads\\\/2022\\\/02\\\/elephanticon.png\",\"width\":1000,\"height\":1000,\"caption\":\"The Elephant Guide\"},\"image\":{\"@id\":\"https:\\\/\\\/elephantguide.com\\\/en\\\/#\\\/schema\\\/logo\\\/image\\\/\"}}]}<\/script>\n<!-- \/ Yoast SEO plugin. -->","yoast_head_json":{"title":"Elefantanatomi \ud83d\udc18 - Elefantguiden","robots":{"index":"index","follow":"follow","max-snippet":"max-snippet:-1","max-image-preview":"max-image-preview:large","max-video-preview":"max-video-preview:-1"},"canonical":"https:\/\/elephantguide.com\/sv\/anatomi-elefanter\/","og_locale":"sv_SE","og_type":"article","og_title":"Elephant Anatomy \ud83d\udc18 - The Elephant Guide","og_description":"Discover the intricate details of elephant anatomy, revealing nature&#8217;s fascinating blend of strength, adaptability, and grace. Explore now! Discover the Elephant&#8217;s Anatomy: It&#8217;s nothing like any other animal Consider this your hub for all information related to the awe-inspiring anatomy of elephants. We&#8217;ll explore their remarkable trunks, towering limbs, intricate bone structure, powerful muscles, expansive [&hellip;]","og_url":"https:\/\/elephantguide.com\/sv\/anatomi-elefanter\/","og_site_name":"The Elephant Guide","article_modified_time":"2023-03-28T08:03:48+00:00","og_image":[{"url":"https:\/\/elephantguide.com\/wp-content\/uploads\/2023\/03\/close-up-elephant-eye.jpg","type":"","width":"","height":""}],"twitter_card":"summary_large_image","twitter_misc":{"Ber\u00e4knad l\u00e4stid":"3 minuter"},"schema":{"@context":"https:\/\/schema.org","@graph":[{"@type":"WebPage","@id":"https:\/\/elephantguide.com\/elephant-anatomy\/","url":"https:\/\/elephantguide.com\/elephant-anatomy\/","name":"Elefantanatomi \ud83d\udc18 - Elefantguiden","isPartOf":{"@id":"https:\/\/elephantguide.com\/en\/#website"},"primaryImageOfPage":{"@id":"https:\/\/elephantguide.com\/elephant-anatomy\/#primaryimage"},"image":{"@id":"https:\/\/elephantguide.com\/elephant-anatomy\/#primaryimage"},"thumbnailUrl":"https:\/\/elephantguide.com\/wp-content\/uploads\/2023\/03\/close-up-elephant-eye.jpg","datePublished":"2023-03-27T20:52:44+00:00","dateModified":"2023-03-28T08:03:48+00:00","breadcrumb":{"@id":"https:\/\/elephantguide.com\/elephant-anatomy\/#breadcrumb"},"inLanguage":"sv-SE","potentialAction":[{"@type":"ReadAction","target":["https:\/\/elephantguide.com\/elephant-anatomy\/"]}]},{"@type":"ImageObject","inLanguage":"sv-SE","@id":"https:\/\/elephantguide.com\/elephant-anatomy\/#primaryimage","url":"https:\/\/elephantguide.com\/wp-content\/uploads\/2023\/03\/close-up-elephant-eye.jpg","contentUrl":"https:\/\/elephantguide.com\/wp-content\/uploads\/2023\/03\/close-up-elephant-eye.jpg"},{"@type":"BreadcrumbList","@id":"https:\/\/elephantguide.com\/elephant-anatomy\/#breadcrumb","itemListElement":[{"@type":"ListItem","position":1,"name":"Home","item":"https:\/\/elephantguide.com\/"},{"@type":"ListItem","position":2,"name":"Elephant Anatomy \ud83d\udc18"}]},{"@type":"WebSite","@id":"https:\/\/elephantguide.com\/en\/#website","url":"https:\/\/elephantguide.com\/en\/","name":"Elefantguiden","description":"Fakta om elefanter och de b\u00e4sta platserna att se dem i naturen","publisher":{"@id":"https:\/\/elephantguide.com\/en\/#organization"},"potentialAction":[{"@type":"SearchAction","target":{"@type":"EntryPoint","urlTemplate":"https:\/\/elephantguide.com\/en\/?s={search_term_string}"},"query-input":{"@type":"PropertyValueSpecification","valueRequired":true,"valueName":"search_term_string"}}],"inLanguage":"sv-SE"},{"@type":"Organization","@id":"https:\/\/elephantguide.com\/en\/#organization","name":"Elefantguiden","url":"https:\/\/elephantguide.com\/en\/","logo":{"@type":"ImageObject","inLanguage":"sv-SE","@id":"https:\/\/elephantguide.com\/en\/#\/schema\/logo\/image\/","url":"https:\/\/elephantguide.com\/wp-content\/uploads\/2022\/02\/elephanticon.png","contentUrl":"https:\/\/elephantguide.com\/wp-content\/uploads\/2022\/02\/elephanticon.png","width":1000,"height":1000,"caption":"The Elephant Guide"},"image":{"@id":"https:\/\/elephantguide.com\/en\/#\/schema\/logo\/image\/"}}]}},"yoast_title":"","yoast_description":"","yoast_keyword":"elephant anatomy","_links":{"self":[{"href":"https:\/\/elephantguide.com\/sv\/wp-json\/wp\/v2\/pages\/1310","targetHints":{"allow":["GET"]}}],"collection":[{"href":"https:\/\/elephantguide.com\/sv\/wp-json\/wp\/v2\/pages"}],"about":[{"href":"https:\/\/elephantguide.com\/sv\/wp-json\/wp\/v2\/types\/page"}],"author":[{"embeddable":true,"href":"https:\/\/elephantguide.com\/sv\/wp-json\/wp\/v2\/users\/3"}],"replies":[{"embeddable":true,"href":"https:\/\/elephantguide.com\/sv\/wp-json\/wp\/v2\/comments?post=1310"}],"version-history":[{"count":10,"href":"https:\/\/elephantguide.com\/sv\/wp-json\/wp\/v2\/pages\/1310\/revisions"}],"predecessor-version":[{"id":1400,"href":"https:\/\/elephantguide.com\/sv\/wp-json\/wp\/v2\/pages\/1310\/revisions\/1400"}],"wp:attachment":[{"href":"https:\/\/elephantguide.com\/sv\/wp-json\/wp\/v2\/media?parent=1310"}],"curies":[{"name":"wp","href":"https:\/\/api.w.org\/{rel}","templated":true}]}}