{"id":1291,"date":"2023-03-27T19:40:38","date_gmt":"2023-03-27T19:40:38","guid":{"rendered":"https:\/\/elephantguide.com\/elephant-guide-homepage-copy\/"},"modified":"2026-03-17T16:51:11","modified_gmt":"2026-03-17T16:51:11","slug":"elefantresmal","status":"publish","type":"page","link":"https:\/\/elephantguide.com\/sv\/elefantresmal\/","title":{"rendered":"Destinationer och resm\u00e5l f\u00f6r att se elefanter \ud83c\udf0e"},"content":{"rendered":"<p class=\"has-text-align-center has-large-font-size\"><br>Utforska majest\u00e4tiska landskap, m\u00f6t f\u00e4ngslande elefanter och uppt\u00e4ck deras hemligheter n\u00e4r vi uppt\u00e4cker de b\u00e4sta resm\u00e5len f\u00f6r att se elefanter i det vilda!<\/p>\n\n\n\n<hr class=\"wp-block-separator has-alpha-channel-opacity is-style-dots\"\/>\n\n\n\n<div class=\"wp-block-group alignwide\"><div class=\"wp-block-group__inner-container is-layout-flow wp-block-group-is-layout-flow\">\n<h2 class=\"wp-block-heading alignwide has-text-align-center\" id=\"facts-about-elephants-and-best-places-to-see-them-in-the-wild\">De b\u00e4sta resm\u00e5len i v\u00e4rlden f\u00f6r att se elefanter i det vilda<\/h2>\n\n\n\n<p class=\"has-text-align-left\">Ge dig ut p\u00e5 en extraordin\u00e4r resa n\u00e4r du utforskar v\u00e4rldens mest f\u00e4ngslande elefanthotspots. <\/p>\n\n\n\n<p class=\"has-text-align-left\">Fr\u00e5n Afrikas vidstr\u00e4ckta savanner till Asiens t\u00e4ta djungler leder v\u00e5ra redakt\u00f6rer dig genom of\u00f6rgl\u00f6mliga upplevelser d\u00e4r du kan bevittna elefanter i deras naturliga livsmilj\u00f6, i det vilda! <\/p>\n\n\n\n<p class=\"has-text-align-left\">Upplev magin med elefanter som vandrar fritt i hisnande landskap.<\/p>\n\n\n\n<div class=\"wp-block-group alignwide has-background\" style=\"background-color:#dec488\"><div class=\"wp-block-group__inner-container is-layout-flow wp-block-group-is-layout-flow\">\n<h3 class=\"wp-block-heading has-text-align-center has-larger-font-size\">\ud83d\udd1c Planerar du ditt bes\u00f6k? Anv\u00e4nda <a href=\"\/sv\/komplett-sasongsguide-for-elefantskadning-per-plats\/\">v\u00e5r s\u00e4songsbetonade kalender f\u00f6r elefantsk\u00e5dning<\/a> f\u00f6r att hitta optimala tider i Asien och Afrika! \ud83d\udcf7<\/h3>\n<\/div><\/div>\n\n\n\n<figure class=\"wp-block-image alignfull size-full\"><img loading=\"lazy\" decoding=\"async\" width=\"1200\" height=\"549\" src=\"https:\/\/elephantguide.com\/wp-content\/uploads\/2023\/03\/top-elephant-destinations-in-wild.jpg\" alt=\"Elefanter i det vilda i Samburu National Reserve, Kenya. Foto av Photos By Beks.\" class=\"wp-image-1300\" srcset=\"https:\/\/elephantguide.com\/wp-content\/uploads\/2023\/03\/top-elephant-destinations-in-wild.jpg 1200w, https:\/\/elephantguide.com\/wp-content\/uploads\/2023\/03\/top-elephant-destinations-in-wild-300x137.jpg 300w, https:\/\/elephantguide.com\/wp-content\/uploads\/2023\/03\/top-elephant-destinations-in-wild-1024x468.jpg 1024w, https:\/\/elephantguide.com\/wp-content\/uploads\/2023\/03\/top-elephant-destinations-in-wild-768x351.jpg 768w, https:\/\/elephantguide.com\/wp-content\/uploads\/2023\/03\/top-elephant-destinations-in-wild-18x8.jpg 18w\" sizes=\"auto, (max-width: 1200px) 100vw, 1200px\" \/><figcaption class=\"wp-element-caption\">Elefanter i det vilda i <a href=\"https:\/\/elephantguide.com\/sv\/basta-platserna-att-se-elefanter-kenya\/\">Samburu nationalreservat, Kenya<\/a>. Foto av <a href=\"https:\/\/unsplash.com\/@photosbybeks?utm_source=unsplash&amp;utm_medium=referral&amp;utm_content=creditCopyText\" target=\"_blank\" rel=\"noreferrer noopener nofollow\">Bilder av Beks<\/a>.<\/figcaption><\/figure>\n<\/div><\/div>\n\n\n\n<hr class=\"wp-block-separator has-alpha-channel-opacity is-style-dots\"\/>\n\n\n\n<h2 class=\"wp-block-heading alignwide has-text-align-center\" id=\"how-many-species-of-elephant-are-there\">Reseguider f\u00f6r att se elefanter i det vilda<\/h2>\n\n\n\n<p>Uppt\u00e4ck v\u00e5ra senaste reseguider om de b\u00e4sta l\u00e4nderna och platserna f\u00f6r att se elefanter i det vilda. H\u00e4r avsl\u00f6jar vi de b\u00e4sta resm\u00e5len och of\u00f6rgl\u00f6mliga m\u00f6ten med dessa m\u00e4rkliga djur. Dyk ner nu!<\/p>\n\n\n\n<div class=\"wp-block-columns alignwide is-layout-flex wp-container-core-columns-is-layout-9d6595d7 wp-block-columns-is-layout-flex\">\n<div class=\"wp-block-column is-layout-flow wp-block-column-is-layout-flow\">\n<div class=\"wp-block-group alignwide has-background\" style=\"background-color:#dec488\"><div class=\"wp-block-group__inner-container is-layout-flow wp-block-group-is-layout-flow\">\n<h3 class=\"wp-block-heading has-text-align-center has-larger-font-size\">Afrika<\/h3>\n\n\n\n<p class=\"has-text-align-center has-primary-color has-text-color has-large-font-size\">\ud83c\udde7\ud83c\uddfc <a href=\"https:\/\/elephantguide.com\/sv\/basta-platserna-att-se-elefanter-botswana\/\">Botswana<\/a><br><br>\ud83c\uddf0\ud83c\uddea <a href=\"https:\/\/elephantguide.com\/sv\/basta-platserna-att-se-elefanter-kenya\/\">Kenya<\/a><br><br>\ud83c\uddff\ud83c\udde6 <a href=\"https:\/\/elephantguide.com\/sv\/basta-platserna-att-se-elefanter-sydafrika\/\">Sydafrika<\/a><br><br>\ud83c\uddff\ud83c\uddfc <a href=\"https:\/\/elephantguide.com\/sv\/basta-platserna-att-se-elefanter-zimbabwe\/\">Zimbabwe<\/a><\/p>\n\n\n\n<p class=\"has-text-align-center has-primary-color has-text-color has-large-font-size\">\ud83c\uddf9\ud83c\uddff <a href=\"https:\/\/elephantguide.com\/sv\/basta-platserna-att-se-elefanter-tanzania\/\">Tanzania<\/a><\/p>\n<\/div><\/div>\n<\/div>\n\n\n\n<div class=\"wp-block-column is-layout-flow wp-block-column-is-layout-flow\">\n<div class=\"wp-block-group alignwide has-background\" style=\"background-color:#dec488\"><div class=\"wp-block-group__inner-container is-layout-flow wp-block-group-is-layout-flow\">\n<h3 class=\"wp-block-heading has-text-align-center has-larger-font-size\">Asien<\/h3>\n\n\n\n<p class=\"has-text-align-center has-primary-color has-text-color has-large-font-size\">\ud83c\uddf0\ud83c\udded <a href=\"https:\/\/elephantguide.com\/sv\/basta-platserna-att-se-elefanter-kambodja\/\">Kambodja<\/a><br><br>\ud83c\uddf9\ud83c\udded <a href=\"https:\/\/elephantguide.com\/sv\/basta-platserna-att-se-elefanter-thailand\/\">Thailand<\/a><br><br>\ud83c\uddfb\ud83c\uddf3 <a href=\"https:\/\/elephantguide.com\/sv\/basta-platserna-att-se-elefanter-vietnam\/\">Vietnam<\/a><\/p>\n<\/div><\/div>\n<\/div>\n\n\n\n<div class=\"wp-block-column is-layout-flow wp-block-column-is-layout-flow\">\n<div class=\"wp-block-group alignwide has-background\" style=\"background-color:#dec488\"><div class=\"wp-block-group__inner-container is-layout-flow wp-block-group-is-layout-flow\">\n<h3 class=\"wp-block-heading has-text-align-center has-larger-font-size\">Resten av v\u00e4rlden<\/h3>\n\n\n\n<p class=\"has-text-align-center has-primary-color has-text-color has-large-font-size\">\ud83c\uddfa\ud83c\uddf8 <a href=\"https:\/\/elephantguide.com\/sv\/basta-platserna-att-se-elefanter-usa\/\">F\u00f6renta staterna<\/a><\/p>\n<\/div><\/div>\n<\/div>\n<\/div>\n\n\n\n<hr class=\"wp-block-separator has-alpha-channel-opacity is-style-dots\"\/>\n\n\n\n<figure class=\"wp-block-pullquote has-text-align-center\"><blockquote><p>Fr\u00e5gan \u00e4r om vi \u00e4r n\u00f6jda med att v\u00e5ra barnbarn kanske aldrig kommer att f\u00e5 se en elefant annat \u00e4n i en bilderbok.<\/p><cite>David Attenborough<\/cite><\/blockquote><\/figure>\n\n\n\n<hr class=\"wp-block-separator has-alpha-channel-opacity is-style-dots\"\/>\n\n\n\n<div class=\"wp-block-group alignfull has-accent-background-color has-background\"><div class=\"wp-block-group__inner-container is-layout-flow wp-block-group-is-layout-flow\">\n<p class=\"has-text-align-left has-large-font-size\"><strong>Varf\u00f6r ska du l\u00e4sa v\u00e5ra artiklar?<\/strong><\/p>\n\n\n\n<ul class=\"wp-block-list\">\n<li>V\u00e5rt team best\u00e5r av erfarna afrikanska journalister med omfattande kunskaper om djurlivet i Afrika.<\/li>\n\n\n\n<li>Medarbetarna har presenterats i ansedda produktioner som \"Planet Earth\" och National Geographic Magazine.<\/li>\n\n\n\n<li>Hyllade fotografer som har ett \u00f6ga f\u00f6r att f\u00e5nga de afrikanska elefanternas v\u00e4sen i deras naturliga livsmilj\u00f6er.<\/li>\n\n\n\n<li>H\u00e4ngivna f\u00f6respr\u00e5kare som har deltagit i praktiska projekt f\u00f6r bevarande av elefanter och som har haft en p\u00e5taglig inverkan.<\/li>\n\n\n\n<li>Ett orubbligt engagemang f\u00f6r att upplysa l\u00e4sarna om de otroliga elefanternas underverk och vikten av att bevara deras ekosystem.<\/li>\n<\/ul>\n<\/div><\/div>","protected":false},"excerpt":{"rendered":"<p>Explore majestic lands, encounter captivating elephants, and unearth their secrets as we discover the top destinations to see Elephants in the wild! The Best Destinations in the World to see Elephants in the wild Embark on an extraordinary journey as you explore the world&#8217;s most captivating elephant hotspots. From the vast savannas of Africa to [&hellip;]<\/p>\n","protected":false},"author":3,"featured_media":0,"parent":0,"menu_order":0,"comment_status":"closed","ping_status":"closed","template":"","meta":{"footnotes":""},"class_list":["post-1291","page","type-page","status-publish","hentry"],"yoast_head":"<!-- This site is optimized with the Yoast SEO plugin v27.3 - https:\/\/yoast.com\/product\/yoast-seo-wordpress\/ -->\n<title>Elephant Destinations \ud83c\udf0e - The Elephant Guide<\/title>\n<meta name=\"robots\" content=\"index, follow, max-snippet:-1, max-image-preview:large, max-video-preview:-1\" \/>\n<link rel=\"canonical\" href=\"https:\/\/elephantguide.com\/sv\/elefantresmal\/\" \/>\n<meta property=\"og:locale\" content=\"sv_SE\" \/>\n<meta property=\"og:type\" content=\"article\" \/>\n<meta property=\"og:title\" content=\"Elephant Destinations \ud83c\udf0e - The Elephant Guide\" \/>\n<meta property=\"og:description\" content=\"Explore majestic lands, encounter captivating elephants, and unearth their secrets as we discover the top destinations to see Elephants in the wild! The Best Destinations in the World to see Elephants in the wild Embark on an extraordinary journey as you explore the world&#8217;s most captivating elephant hotspots. From the vast savannas of Africa to [&hellip;]\" \/>\n<meta property=\"og:url\" content=\"https:\/\/elephantguide.com\/sv\/elefantresmal\/\" \/>\n<meta property=\"og:site_name\" content=\"The Elephant Guide\" \/>\n<meta property=\"article:modified_time\" content=\"2026-03-17T16:51:11+00:00\" \/>\n<meta property=\"og:image\" content=\"https:\/\/elephantguide.com\/wp-content\/uploads\/2023\/03\/top-elephant-destinations-in-wild.jpg\" \/>\n\t<meta property=\"og:image:width\" content=\"1200\" \/>\n\t<meta property=\"og:image:height\" content=\"549\" \/>\n\t<meta property=\"og:image:type\" content=\"image\/jpeg\" \/>\n<meta name=\"twitter:card\" content=\"summary_large_image\" \/>\n<meta name=\"twitter:label1\" content=\"Ber\u00e4knad l\u00e4stid\" \/>\n\t<meta name=\"twitter:data1\" content=\"3 minuter\" \/>\n<script type=\"application\/ld+json\" class=\"yoast-schema-graph\">{\"@context\":\"https:\\\/\\\/schema.org\",\"@graph\":[{\"@type\":\"WebPage\",\"@id\":\"https:\\\/\\\/elephantguide.com\\\/elephant-destinations\\\/\",\"url\":\"https:\\\/\\\/elephantguide.com\\\/elephant-destinations\\\/\",\"name\":\"Elephant Destinations \ud83c\udf0e - The Elephant Guide\",\"isPartOf\":{\"@id\":\"https:\\\/\\\/elephantguide.com\\\/en\\\/#website\"},\"primaryImageOfPage\":{\"@id\":\"https:\\\/\\\/elephantguide.com\\\/elephant-destinations\\\/#primaryimage\"},\"image\":{\"@id\":\"https:\\\/\\\/elephantguide.com\\\/elephant-destinations\\\/#primaryimage\"},\"thumbnailUrl\":\"https:\\\/\\\/elephantguide.com\\\/wp-content\\\/uploads\\\/2023\\\/03\\\/top-elephant-destinations-in-wild.jpg\",\"datePublished\":\"2023-03-27T19:40:38+00:00\",\"dateModified\":\"2026-03-17T16:51:11+00:00\",\"breadcrumb\":{\"@id\":\"https:\\\/\\\/elephantguide.com\\\/elephant-destinations\\\/#breadcrumb\"},\"inLanguage\":\"sv-SE\",\"potentialAction\":[{\"@type\":\"ReadAction\",\"target\":[\"https:\\\/\\\/elephantguide.com\\\/elephant-destinations\\\/\"]}]},{\"@type\":\"ImageObject\",\"inLanguage\":\"sv-SE\",\"@id\":\"https:\\\/\\\/elephantguide.com\\\/elephant-destinations\\\/#primaryimage\",\"url\":\"https:\\\/\\\/elephantguide.com\\\/wp-content\\\/uploads\\\/2023\\\/03\\\/top-elephant-destinations-in-wild.jpg\",\"contentUrl\":\"https:\\\/\\\/elephantguide.com\\\/wp-content\\\/uploads\\\/2023\\\/03\\\/top-elephant-destinations-in-wild.jpg\"},{\"@type\":\"BreadcrumbList\",\"@id\":\"https:\\\/\\\/elephantguide.com\\\/elephant-destinations\\\/#breadcrumb\",\"itemListElement\":[{\"@type\":\"ListItem\",\"position\":1,\"name\":\"Home\",\"item\":\"https:\\\/\\\/elephantguide.com\\\/\"},{\"@type\":\"ListItem\",\"position\":2,\"name\":\"Elephant Destinations \ud83c\udf0e\"}]},{\"@type\":\"WebSite\",\"@id\":\"https:\\\/\\\/elephantguide.com\\\/en\\\/#website\",\"url\":\"https:\\\/\\\/elephantguide.com\\\/en\\\/\",\"name\":\"The Elephant Guide\",\"description\":\"Facts about elephants and best places to see them in the wild\",\"publisher\":{\"@id\":\"https:\\\/\\\/elephantguide.com\\\/en\\\/#organization\"},\"potentialAction\":[{\"@type\":\"SearchAction\",\"target\":{\"@type\":\"EntryPoint\",\"urlTemplate\":\"https:\\\/\\\/elephantguide.com\\\/en\\\/?s={search_term_string}\"},\"query-input\":{\"@type\":\"PropertyValueSpecification\",\"valueRequired\":true,\"valueName\":\"search_term_string\"}}],\"inLanguage\":\"sv-SE\"},{\"@type\":\"Organization\",\"@id\":\"https:\\\/\\\/elephantguide.com\\\/en\\\/#organization\",\"name\":\"The Elephant Guide\",\"url\":\"https:\\\/\\\/elephantguide.com\\\/en\\\/\",\"logo\":{\"@type\":\"ImageObject\",\"inLanguage\":\"sv-SE\",\"@id\":\"https:\\\/\\\/elephantguide.com\\\/en\\\/#\\\/schema\\\/logo\\\/image\\\/\",\"url\":\"https:\\\/\\\/elephantguide.com\\\/wp-content\\\/uploads\\\/2022\\\/02\\\/elephanticon.png\",\"contentUrl\":\"https:\\\/\\\/elephantguide.com\\\/wp-content\\\/uploads\\\/2022\\\/02\\\/elephanticon.png\",\"width\":1000,\"height\":1000,\"caption\":\"The Elephant Guide\"},\"image\":{\"@id\":\"https:\\\/\\\/elephantguide.com\\\/en\\\/#\\\/schema\\\/logo\\\/image\\\/\"}}]}<\/script>\n<!-- \/ Yoast SEO plugin. -->","yoast_head_json":{"title":"Resm\u00e5l med elefanter \ud83c\udf0e - Elefantguiden","robots":{"index":"index","follow":"follow","max-snippet":"max-snippet:-1","max-image-preview":"max-image-preview:large","max-video-preview":"max-video-preview:-1"},"canonical":"https:\/\/elephantguide.com\/sv\/elefantresmal\/","og_locale":"sv_SE","og_type":"article","og_title":"Elephant Destinations \ud83c\udf0e - The Elephant Guide","og_description":"Explore majestic lands, encounter captivating elephants, and unearth their secrets as we discover the top destinations to see Elephants in the wild! The Best Destinations in the World to see Elephants in the wild Embark on an extraordinary journey as you explore the world&#8217;s most captivating elephant hotspots. From the vast savannas of Africa to [&hellip;]","og_url":"https:\/\/elephantguide.com\/sv\/elefantresmal\/","og_site_name":"The Elephant Guide","article_modified_time":"2026-03-17T16:51:11+00:00","og_image":[{"width":1200,"height":549,"url":"https:\/\/elephantguide.com\/wp-content\/uploads\/2023\/03\/top-elephant-destinations-in-wild.jpg","type":"image\/jpeg"}],"twitter_card":"summary_large_image","twitter_misc":{"Ber\u00e4knad l\u00e4stid":"3 minuter"},"schema":{"@context":"https:\/\/schema.org","@graph":[{"@type":"WebPage","@id":"https:\/\/elephantguide.com\/elephant-destinations\/","url":"https:\/\/elephantguide.com\/elephant-destinations\/","name":"Resm\u00e5l med elefanter \ud83c\udf0e - Elefantguiden","isPartOf":{"@id":"https:\/\/elephantguide.com\/en\/#website"},"primaryImageOfPage":{"@id":"https:\/\/elephantguide.com\/elephant-destinations\/#primaryimage"},"image":{"@id":"https:\/\/elephantguide.com\/elephant-destinations\/#primaryimage"},"thumbnailUrl":"https:\/\/elephantguide.com\/wp-content\/uploads\/2023\/03\/top-elephant-destinations-in-wild.jpg","datePublished":"2023-03-27T19:40:38+00:00","dateModified":"2026-03-17T16:51:11+00:00","breadcrumb":{"@id":"https:\/\/elephantguide.com\/elephant-destinations\/#breadcrumb"},"inLanguage":"sv-SE","potentialAction":[{"@type":"ReadAction","target":["https:\/\/elephantguide.com\/elephant-destinations\/"]}]},{"@type":"ImageObject","inLanguage":"sv-SE","@id":"https:\/\/elephantguide.com\/elephant-destinations\/#primaryimage","url":"https:\/\/elephantguide.com\/wp-content\/uploads\/2023\/03\/top-elephant-destinations-in-wild.jpg","contentUrl":"https:\/\/elephantguide.com\/wp-content\/uploads\/2023\/03\/top-elephant-destinations-in-wild.jpg"},{"@type":"BreadcrumbList","@id":"https:\/\/elephantguide.com\/elephant-destinations\/#breadcrumb","itemListElement":[{"@type":"ListItem","position":1,"name":"Home","item":"https:\/\/elephantguide.com\/"},{"@type":"ListItem","position":2,"name":"Elephant Destinations \ud83c\udf0e"}]},{"@type":"WebSite","@id":"https:\/\/elephantguide.com\/en\/#website","url":"https:\/\/elephantguide.com\/en\/","name":"Elefantguiden","description":"Fakta om elefanter och de b\u00e4sta platserna att se dem i naturen","publisher":{"@id":"https:\/\/elephantguide.com\/en\/#organization"},"potentialAction":[{"@type":"SearchAction","target":{"@type":"EntryPoint","urlTemplate":"https:\/\/elephantguide.com\/en\/?s={search_term_string}"},"query-input":{"@type":"PropertyValueSpecification","valueRequired":true,"valueName":"search_term_string"}}],"inLanguage":"sv-SE"},{"@type":"Organization","@id":"https:\/\/elephantguide.com\/en\/#organization","name":"Elefantguiden","url":"https:\/\/elephantguide.com\/en\/","logo":{"@type":"ImageObject","inLanguage":"sv-SE","@id":"https:\/\/elephantguide.com\/en\/#\/schema\/logo\/image\/","url":"https:\/\/elephantguide.com\/wp-content\/uploads\/2022\/02\/elephanticon.png","contentUrl":"https:\/\/elephantguide.com\/wp-content\/uploads\/2022\/02\/elephanticon.png","width":1000,"height":1000,"caption":"The Elephant Guide"},"image":{"@id":"https:\/\/elephantguide.com\/en\/#\/schema\/logo\/image\/"}}]}},"yoast_title":"","yoast_description":"","yoast_keyword":"elephant destinations","_links":{"self":[{"href":"https:\/\/elephantguide.com\/sv\/wp-json\/wp\/v2\/pages\/1291","targetHints":{"allow":["GET"]}}],"collection":[{"href":"https:\/\/elephantguide.com\/sv\/wp-json\/wp\/v2\/pages"}],"about":[{"href":"https:\/\/elephantguide.com\/sv\/wp-json\/wp\/v2\/types\/page"}],"author":[{"embeddable":true,"href":"https:\/\/elephantguide.com\/sv\/wp-json\/wp\/v2\/users\/3"}],"replies":[{"embeddable":true,"href":"https:\/\/elephantguide.com\/sv\/wp-json\/wp\/v2\/comments?post=1291"}],"version-history":[{"count":10,"href":"https:\/\/elephantguide.com\/sv\/wp-json\/wp\/v2\/pages\/1291\/revisions"}],"predecessor-version":[{"id":1655,"href":"https:\/\/elephantguide.com\/sv\/wp-json\/wp\/v2\/pages\/1291\/revisions\/1655"}],"wp:attachment":[{"href":"https:\/\/elephantguide.com\/sv\/wp-json\/wp\/v2\/media?parent=1291"}],"curies":[{"name":"wp","href":"https:\/\/api.w.org\/{rel}","templated":true}]}}