{"id":3,"date":"2021-11-26T08:22:38","date_gmt":"2021-11-26T08:22:38","guid":{"rendered":"https:\/\/elephantguide.com\/?page_id=3"},"modified":"2023-09-08T09:41:44","modified_gmt":"2023-09-08T09:41:44","slug":"politica-de-privacidad","status":"publish","type":"page","link":"https:\/\/elephantguide.com\/es\/politica-de-privacidad\/","title":{"rendered":"Pol\u00edtica de privacidad"},"content":{"rendered":"<h2 class=\"wp-block-heading\">Qui\u00e9nes somos<\/h2>\n\n\n\n<p>Somos entusiastas de los elefantes, nada m\u00e1s que eso. Nuestro objetivo es publicar art\u00edculos \u00fatiles sobre los elefantes y su h\u00e1bitat natural. <br><br>La direcci\u00f3n de nuestro sitio web es: https:\/\/elephantguide.com.<\/p>\n\n\n\n<h2 class=\"wp-block-heading\">Comentarios<\/h2>\n\n\n\n<p>Cuando los visitantes dejan comentarios en el sitio, recopilamos los datos que aparecen en el formulario de comentarios y tambi\u00e9n alguna otra informaci\u00f3n, como la cadena de agente de usuario del navegador, para ayudar a nuestra funci\u00f3n de detecci\u00f3n de spam.<\/p>\n\n\n\n<p>Una cadena an\u00f3nima creada a partir de su direcci\u00f3n de correo electr\u00f3nico (tambi\u00e9n llamada hash) puede ser proporcionada al servicio Gravatar para saber si usted la est\u00e1 utilizando. La pol\u00edtica de privacidad del servicio Gravatar est\u00e1 disponible aqu\u00ed: <a href=\"https:\/\/automattic.com\/privacy\/\" target=\"_blank\" rel=\"noreferrer noopener nofollow\">https:\/\/automattic.com\/privacy\/<\/a>. Tras la aprobaci\u00f3n de su comentario, su foto de perfil ser\u00e1 visible para el p\u00fablico en el contexto de su comentario.<\/p>\n\n\n\n<h2 class=\"wp-block-heading\">Cookies<\/h2>\n\n\n\n<p>Si deja un comentario en nuestro sitio, puede optar por guardar su nombre, direcci\u00f3n de correo electr\u00f3nico y URL del sitio web en cookies. Esto es para su comodidad, para que no tenga que volver a rellenar sus datos cuando deje otro comentario. Estas cookies durar\u00e1n un a\u00f1o.<\/p>\n\n\n\n<h2 class=\"wp-block-heading\">Marketing directo<\/h2>\n\n\n\n<p>Podemos utilizar sus datos personales para enviarle comunicaciones comerciales directas sobre productos y servicios que nosotros y nuestros socios ofrecemos, por ejemplo, safaris y viajes en elefante. Esto puede hacerse por correo electr\u00f3nico o mediante anuncios en l\u00ednea en el sitio web.<\/p>\n\n\n\n<p>El uso y tratamiento de sus datos personales con el fin de enviarle mensajes electr\u00f3nicos de marketing se basar\u00e1 en su consentimiento para recibir dichos mensajes. Cuando la ley lo permita, se basar\u00e1 en nuestro inter\u00e9s leg\u00edtimo. Siempre que hayamos recibido su consentimiento, recurriremos a un tercero para que nos ayude en el tratamiento de sus datos personales con fines de marketing.<\/p>\n\n\n\n<p>En cualquier momento despu\u00e9s de que tengamos su consentimiento para enviarle mensajes electr\u00f3nicos de marketing, siempre tiene derecho a darse de baja para no recibir m\u00e1s mensajes electr\u00f3nicos de marketing, en cualquier momento. Puede utilizar el enlace para darse de baja que encontrar\u00e1 en todas las comunicaciones directas de marketing electr\u00f3nico.<\/p>\n\n\n\n<p>Tomamos medidas para limitar el marketing directo a un nivel razonable y proporcionado, y para enviarle comunicaciones que creemos que pueden ser de su inter\u00e9s o relevancia, bas\u00e1ndonos en la informaci\u00f3n que tenemos sobre usted.<\/p>\n\n\n\n<h2 class=\"wp-block-heading\">Productos y enlaces afiliados<\/h2>\n\n\n\n<p>Podemos mostrar anuncios de terceros y otros contenidos que enlazan con sitios web de terceros. Si hace clic en un anuncio o enlace de terceros, tenga en cuenta que abandona nuestro sitio y que cualquier dato que nos proporcione ser\u00e1 tratado de acuerdo con las respectivas pol\u00edticas de privacidad y cookies de dichos terceros.<\/p>\n\n\n\n<h2 class=\"wp-block-heading\">Contenido incrustado de otros sitios web<\/h2>\n\n\n\n<p>Los art\u00edculos de este sitio pueden incluir contenido incrustado (por ejemplo, v\u00eddeos, im\u00e1genes, art\u00edculos, etc.). Los contenidos incrustados de otros sitios web se comportan exactamente igual que si el visitante hubiera visitado el otro sitio web.<\/p>\n\n\n\n<p>Estos sitios web pueden recopilar datos sobre usted, utilizar cookies, incrustar seguimiento adicional de terceros y supervisar su interacci\u00f3n con ese contenido incrustado, incluido el seguimiento de su interacci\u00f3n con el contenido incrustado si tiene una cuenta y ha iniciado sesi\u00f3n en ese sitio web.<\/p>\n\n\n\n<h2 class=\"wp-block-heading\">Con qui\u00e9n compartimos sus datos<\/h2>\n\n\n\n<p>Trabajamos con terceros que nos ayudan a gestionar nuestra empresa y a prestar nuestros servicios. Estos terceros pueden necesitar ocasionalmente tener acceso a sus datos personales:<\/p>\n\n\n\n<ul class=\"wp-block-list\">\n<li>Nuestros proveedores de aplicaciones de correo:\n<ul class=\"wp-block-list\">\n<li>Mailchimp, una plataforma de marketing online operada por The Rocket Science Group LLC, una empresa con sede en el Estado de Georgia en Estados Unidos. <a href=\"https:\/\/mailchimp.com\/legal\/privacy\/\" target=\"_blank\" rel=\"noreferrer noopener\">Pol\u00edtica de privacidad de Mailchimp<\/a>.<\/li>\n<\/ul>\n<\/li>\n\n\n\n<li>Nuestro proveedor de plugins y host de WordPress.com Automattic, Inc. con sede en EE.UU. que cuenta con la certificaci\u00f3n Privacy Shield como puede ver&nbsp;<a href=\"https:\/\/www.privacyshield.gov\/participant?id=a2zt0000000CbqcAAC&amp;status=Active\" target=\"_blank\" rel=\"noreferrer noopener\">aqu\u00ed<\/a>&nbsp;y procesa datos personales en nuestro nombre;<\/li>\n\n\n\n<li>Nuestros proveedores de servicios de cookies (y tecnolog\u00edas similares) (como Google), que procesan datos personales para sus propios fines como Responsables del Tratamiento. <\/li>\n\n\n\n<li>Proveedores de servicios o procesadores de datos que tratan sus datos personales siguiendo nuestras instrucciones, por ejemplo, servicios en la nube.<\/li>\n\n\n\n<li>Si estamos obligados a revelar informaci\u00f3n para cumplir una obligaci\u00f3n legal o proteger nuestros intereses o seguridad.<\/li>\n<\/ul>\n\n\n\n<h2 class=\"wp-block-heading\">Cu\u00e1nto tiempo conservamos sus datos<\/h2>\n\n\n\n<p>Si deja un comentario, el comentario y sus metadatos se conservan indefinidamente. As\u00ed podemos reconocer y aprobar autom\u00e1ticamente cualquier comentario posterior en lugar de retenerlo en una cola de moderaci\u00f3n.<\/p>\n\n\n\n<p>En el caso de los usuarios que se registran en nuestro sitio web (si los hay), tambi\u00e9n almacenamos la informaci\u00f3n personal que proporcionan en su perfil de usuario. Todos los usuarios pueden ver, editar o borrar su informaci\u00f3n personal en cualquier momento (excepto que no pueden cambiar su nombre de usuario). Los administradores del sitio web tambi\u00e9n pueden ver y editar esa informaci\u00f3n.<\/p>\n\n\n\n<h2 class=\"wp-block-heading\">Qu\u00e9 derechos tiene sobre sus datos<\/h2>\n\n\n\n<p>Si tiene una cuenta en este sitio o ha dejado comentarios, puede solicitar que le enviemos un archivo exportado de los datos personales que tenemos sobre usted, incluidos los que nos haya facilitado. Tambi\u00e9n puede solicitar que borremos cualquier dato personal que tengamos sobre usted. Esto no incluye los datos que estemos obligados a conservar por motivos administrativos, legales o de seguridad.<\/p>\n\n\n\n<h2 class=\"wp-block-heading\">D\u00f3nde enviamos sus datos<\/h2>\n\n\n\n<p>Los comentarios de los visitantes pueden ser controlados por un servicio automatizado de detecci\u00f3n de spam.<\/p>","protected":false},"excerpt":{"rendered":"<p>Who we are We are elephants enthusiasts, nothing more than that. We aim to publish useful articles about elephants and their natural habitat. Our website address is: https:\/\/elephantguide.com. Comments When visitors leave comments on the site we collect the data shown in the comments form, and also some other information such as browser user agent [&hellip;]<\/p>\n","protected":false},"author":3,"featured_media":0,"parent":0,"menu_order":0,"comment_status":"closed","ping_status":"open","template":"","meta":{"footnotes":""},"class_list":["post-3","page","type-page","status-publish","hentry"],"yoast_head":"<!-- This site is optimized with the Yoast SEO plugin v27.4 - https:\/\/yoast.com\/product\/yoast-seo-wordpress\/ -->\n<title>Privacy Policy - The Elephant Guide<\/title>\n<meta name=\"description\" content=\"Privacy Policy of The Elephant Guide. What data do we collect?\" \/>\n<meta name=\"robots\" content=\"index, follow, max-snippet:-1, max-image-preview:large, max-video-preview:-1\" \/>\n<link rel=\"canonical\" href=\"https:\/\/elephantguide.com\/es\/politica-de-privacidad\/\" \/>\n<meta property=\"og:locale\" content=\"es_ES\" \/>\n<meta property=\"og:type\" content=\"article\" \/>\n<meta property=\"og:title\" content=\"Privacy Policy - The Elephant Guide\" \/>\n<meta property=\"og:description\" content=\"Privacy Policy of The Elephant Guide. What data do we collect?\" \/>\n<meta property=\"og:url\" content=\"https:\/\/elephantguide.com\/es\/politica-de-privacidad\/\" \/>\n<meta property=\"og:site_name\" content=\"The Elephant Guide\" \/>\n<meta property=\"article:modified_time\" content=\"2023-09-08T09:41:44+00:00\" \/>\n<meta name=\"twitter:card\" content=\"summary_large_image\" \/>\n<meta name=\"twitter:label1\" content=\"Tiempo de lectura\" \/>\n\t<meta name=\"twitter:data1\" content=\"4 minutos\" \/>\n<script type=\"application\/ld+json\" class=\"yoast-schema-graph\">{\"@context\":\"https:\\\/\\\/schema.org\",\"@graph\":[{\"@type\":\"WebPage\",\"@id\":\"https:\\\/\\\/elephantguide.com\\\/privacy-policy\\\/\",\"url\":\"https:\\\/\\\/elephantguide.com\\\/privacy-policy\\\/\",\"name\":\"Privacy Policy - The Elephant Guide\",\"isPartOf\":{\"@id\":\"https:\\\/\\\/elephantguide.com\\\/en\\\/#website\"},\"datePublished\":\"2021-11-26T08:22:38+00:00\",\"dateModified\":\"2023-09-08T09:41:44+00:00\",\"description\":\"Privacy Policy of The Elephant Guide. What data do we collect?\",\"breadcrumb\":{\"@id\":\"https:\\\/\\\/elephantguide.com\\\/privacy-policy\\\/#breadcrumb\"},\"inLanguage\":\"es\",\"potentialAction\":[{\"@type\":\"ReadAction\",\"target\":[\"https:\\\/\\\/elephantguide.com\\\/privacy-policy\\\/\"]}]},{\"@type\":\"BreadcrumbList\",\"@id\":\"https:\\\/\\\/elephantguide.com\\\/privacy-policy\\\/#breadcrumb\",\"itemListElement\":[{\"@type\":\"ListItem\",\"position\":1,\"name\":\"Home\",\"item\":\"https:\\\/\\\/elephantguide.com\\\/\"},{\"@type\":\"ListItem\",\"position\":2,\"name\":\"Privacy Policy\"}]},{\"@type\":\"WebSite\",\"@id\":\"https:\\\/\\\/elephantguide.com\\\/en\\\/#website\",\"url\":\"https:\\\/\\\/elephantguide.com\\\/en\\\/\",\"name\":\"The Elephant Guide\",\"description\":\"Facts about elephants and best places to see them in the wild\",\"publisher\":{\"@id\":\"https:\\\/\\\/elephantguide.com\\\/en\\\/#organization\"},\"potentialAction\":[{\"@type\":\"SearchAction\",\"target\":{\"@type\":\"EntryPoint\",\"urlTemplate\":\"https:\\\/\\\/elephantguide.com\\\/en\\\/?s={search_term_string}\"},\"query-input\":{\"@type\":\"PropertyValueSpecification\",\"valueRequired\":true,\"valueName\":\"search_term_string\"}}],\"inLanguage\":\"es\"},{\"@type\":\"Organization\",\"@id\":\"https:\\\/\\\/elephantguide.com\\\/en\\\/#organization\",\"name\":\"The Elephant Guide\",\"url\":\"https:\\\/\\\/elephantguide.com\\\/en\\\/\",\"logo\":{\"@type\":\"ImageObject\",\"inLanguage\":\"es\",\"@id\":\"https:\\\/\\\/elephantguide.com\\\/en\\\/#\\\/schema\\\/logo\\\/image\\\/\",\"url\":\"https:\\\/\\\/elephantguide.com\\\/wp-content\\\/uploads\\\/2022\\\/02\\\/elephanticon.png\",\"contentUrl\":\"https:\\\/\\\/elephantguide.com\\\/wp-content\\\/uploads\\\/2022\\\/02\\\/elephanticon.png\",\"width\":1000,\"height\":1000,\"caption\":\"The Elephant Guide\"},\"image\":{\"@id\":\"https:\\\/\\\/elephantguide.com\\\/en\\\/#\\\/schema\\\/logo\\\/image\\\/\"}}]}<\/script>\n<!-- \/ Yoast SEO plugin. -->","yoast_head_json":{"title":"Pol\u00edtica de privacidad - La Gu\u00eda del Elefante","description":"Pol\u00edtica de privacidad de La Gu\u00eda del Elefante. Qu\u00e9 datos recogemos?","robots":{"index":"index","follow":"follow","max-snippet":"max-snippet:-1","max-image-preview":"max-image-preview:large","max-video-preview":"max-video-preview:-1"},"canonical":"https:\/\/elephantguide.com\/es\/politica-de-privacidad\/","og_locale":"es_ES","og_type":"article","og_title":"Privacy Policy - The Elephant Guide","og_description":"Privacy Policy of The Elephant Guide. What data do we collect?","og_url":"https:\/\/elephantguide.com\/es\/politica-de-privacidad\/","og_site_name":"The Elephant Guide","article_modified_time":"2023-09-08T09:41:44+00:00","twitter_card":"summary_large_image","twitter_misc":{"Tiempo de lectura":"4 minutos"},"schema":{"@context":"https:\/\/schema.org","@graph":[{"@type":"WebPage","@id":"https:\/\/elephantguide.com\/privacy-policy\/","url":"https:\/\/elephantguide.com\/privacy-policy\/","name":"Pol\u00edtica de privacidad - La Gu\u00eda del Elefante","isPartOf":{"@id":"https:\/\/elephantguide.com\/en\/#website"},"datePublished":"2021-11-26T08:22:38+00:00","dateModified":"2023-09-08T09:41:44+00:00","description":"Pol\u00edtica de privacidad de La Gu\u00eda del Elefante. Qu\u00e9 datos recogemos?","breadcrumb":{"@id":"https:\/\/elephantguide.com\/privacy-policy\/#breadcrumb"},"inLanguage":"es","potentialAction":[{"@type":"ReadAction","target":["https:\/\/elephantguide.com\/privacy-policy\/"]}]},{"@type":"BreadcrumbList","@id":"https:\/\/elephantguide.com\/privacy-policy\/#breadcrumb","itemListElement":[{"@type":"ListItem","position":1,"name":"Home","item":"https:\/\/elephantguide.com\/"},{"@type":"ListItem","position":2,"name":"Privacy Policy"}]},{"@type":"WebSite","@id":"https:\/\/elephantguide.com\/en\/#website","url":"https:\/\/elephantguide.com\/en\/","name":"Gu\u00eda del elefante","description":"Datos sobre los elefantes y los mejores lugares para verlos en libertad","publisher":{"@id":"https:\/\/elephantguide.com\/en\/#organization"},"potentialAction":[{"@type":"SearchAction","target":{"@type":"EntryPoint","urlTemplate":"https:\/\/elephantguide.com\/en\/?s={search_term_string}"},"query-input":{"@type":"PropertyValueSpecification","valueRequired":true,"valueName":"search_term_string"}}],"inLanguage":"es"},{"@type":"Organization","@id":"https:\/\/elephantguide.com\/en\/#organization","name":"Gu\u00eda del elefante","url":"https:\/\/elephantguide.com\/en\/","logo":{"@type":"ImageObject","inLanguage":"es","@id":"https:\/\/elephantguide.com\/en\/#\/schema\/logo\/image\/","url":"https:\/\/elephantguide.com\/wp-content\/uploads\/2022\/02\/elephanticon.png","contentUrl":"https:\/\/elephantguide.com\/wp-content\/uploads\/2022\/02\/elephanticon.png","width":1000,"height":1000,"caption":"The Elephant Guide"},"image":{"@id":"https:\/\/elephantguide.com\/en\/#\/schema\/logo\/image\/"}}]}},"yoast_title":"","yoast_description":"Privacy Policy of The Elephant Guide. What data do we collect?","yoast_keyword":"privacy policy","_links":{"self":[{"href":"https:\/\/elephantguide.com\/es\/wp-json\/wp\/v2\/pages\/3","targetHints":{"allow":["GET"]}}],"collection":[{"href":"https:\/\/elephantguide.com\/es\/wp-json\/wp\/v2\/pages"}],"about":[{"href":"https:\/\/elephantguide.com\/es\/wp-json\/wp\/v2\/types\/page"}],"author":[{"embeddable":true,"href":"https:\/\/elephantguide.com\/es\/wp-json\/wp\/v2\/users\/3"}],"replies":[{"embeddable":true,"href":"https:\/\/elephantguide.com\/es\/wp-json\/wp\/v2\/comments?post=3"}],"version-history":[{"count":3,"href":"https:\/\/elephantguide.com\/es\/wp-json\/wp\/v2\/pages\/3\/revisions"}],"predecessor-version":[{"id":1599,"href":"https:\/\/elephantguide.com\/es\/wp-json\/wp\/v2\/pages\/3\/revisions\/1599"}],"wp:attachment":[{"href":"https:\/\/elephantguide.com\/es\/wp-json\/wp\/v2\/media?parent=3"}],"curies":[{"name":"wp","href":"https:\/\/api.w.org\/{rel}","templated":true}]}}