{"id":1329,"date":"2023-03-27T21:34:46","date_gmt":"2023-03-27T21:34:46","guid":{"rendered":"https:\/\/elephantguide.com\/behaviors-copy\/"},"modified":"2023-03-28T08:03:52","modified_gmt":"2023-03-28T08:03:52","slug":"especies","status":"publish","type":"page","link":"https:\/\/elephantguide.com\/es\/especies\/","title":{"rendered":"Especies de elefantes"},"content":{"rendered":"<p class=\"has-text-align-center has-large-font-size\"><br>Ad\u00e9ntrese en el variado mundo de las especies de elefantes y descubra rasgos \u00fanicos y distinciones fascinantes.<\/p>\n\n\n\n<hr class=\"wp-block-separator has-alpha-channel-opacity is-style-dots\"\/>\n\n\n\n<div class=\"wp-block-group alignwide\"><div class=\"wp-block-group__inner-container is-layout-flow wp-block-group-is-layout-flow\">\n<h2 class=\"alignwide has-text-align-center wp-block-heading\" id=\"facts-about-elephants-and-best-places-to-see-them-in-the-wild\">Explorando la diversidad de los elefantes: Comparaci\u00f3n de las especies de elefantes y sus rasgos<\/h2>\n\n\n\n<p>Acomp\u00e1\u00f1enos en una aventura para comparar y contrastar las diversas especies de elefantes de todos los continentes. <\/p>\n\n\n\n<p>Descubrir lo sutil <a href=\"https:\/\/elephantguide.com\/es\/diferencias-entre-elefante-africano-y-elefante-asiatico\/\">diferencias entre elefantes africanos y asi\u00e1ticos<\/a>y conozca los rasgos distintivos que definen a cada especie. <\/p>\n\n\n\n<p>Avent\u00farese en el reino de los elusivos elefantes de bosque y comprenda sus singulares adaptaciones. Celebremos la belleza y la diversidad de las distintas especies de elefantes.<\/p>\n\n\n\n<figure class=\"wp-block-image alignfull size-full is-style-default\"><img loading=\"lazy\" decoding=\"async\" width=\"1111\" height=\"548\" src=\"https:\/\/elephantguide.com\/wp-content\/uploads\/2023\/03\/difference-between-asian-elephant-and-african-elephant-edited.jpg\" alt=\"Un elefante asi\u00e1tico y un elefante africano paseando por un bosque. Fuente de la imagen: ElephantGuide.com\" class=\"wp-image-1334\" srcset=\"https:\/\/elephantguide.com\/wp-content\/uploads\/2023\/03\/difference-between-asian-elephant-and-african-elephant-edited.jpg 1111w, https:\/\/elephantguide.com\/wp-content\/uploads\/2023\/03\/difference-between-asian-elephant-and-african-elephant-edited-300x148.jpg 300w, https:\/\/elephantguide.com\/wp-content\/uploads\/2023\/03\/difference-between-asian-elephant-and-african-elephant-edited-1024x505.jpg 1024w, https:\/\/elephantguide.com\/wp-content\/uploads\/2023\/03\/difference-between-asian-elephant-and-african-elephant-edited-768x379.jpg 768w, https:\/\/elephantguide.com\/wp-content\/uploads\/2023\/03\/difference-between-asian-elephant-and-african-elephant-edited-18x9.jpg 18w\" sizes=\"auto, (max-width: 1111px) 100vw, 1111px\" \/><figcaption class=\"wp-element-caption\">Un elefante asi\u00e1tico y un elefante africano paseando por un bosque. Fuente de la imagen: ElephantGuide.com<\/figcaption><\/figure>\n<\/div><\/div>\n\n\n\n<hr class=\"wp-block-separator has-alpha-channel-opacity is-style-dots\"\/>\n\n\n\n<h2 class=\"alignwide has-text-align-center wp-block-heading\" id=\"how-many-species-of-elephant-are-there\">Explorando a los elefantes: Descubrimientos intrigantes y diferencias entre las especies de elefantes<\/h2>\n\n\n\n<p>Descubra nuestros art\u00edculos m\u00e1s recientes sobre especies de elefantes, que desvelan las fascinantes distinciones, rasgos \u00fanicos e intrigantes adaptaciones de estas cautivadoras criaturas. <\/p>\n\n\n\n<p>Viaje con nosotros por el variado mundo de los elefantes, desde las vastas sabanas africanas hasta las densas selvas asi\u00e1ticas. <\/p>\n\n\n\n<p>Sum\u00e9rjase y d\u00e9jese sorprender por la incre\u00edble variedad de la naturaleza, maravill\u00e1ndose ante la belleza y complejidad de cada especie.<\/p>\n\n\n<ul class=\"wp-block-latest-posts__list is-grid columns-3 has-dates alignwide wp-block-latest-posts\"><li><div class=\"wp-block-latest-posts__featured-image aligncenter\"><img loading=\"lazy\" decoding=\"async\" width=\"300\" height=\"200\" src=\"https:\/\/elephantguide.com\/wp-content\/uploads\/2025\/06\/two-elephants-playing-opt-300x200.jpg\" class=\"attachment-medium size-medium wp-post-image\" alt=\"Dos elefantes hermanos jugando.\" style=\"\" srcset=\"https:\/\/elephantguide.com\/wp-content\/uploads\/2025\/06\/two-elephants-playing-opt-300x200.jpg 300w, https:\/\/elephantguide.com\/wp-content\/uploads\/2025\/06\/two-elephants-playing-opt-1024x682.jpg 1024w, https:\/\/elephantguide.com\/wp-content\/uploads\/2025\/06\/two-elephants-playing-opt-768x512.jpg 768w, https:\/\/elephantguide.com\/wp-content\/uploads\/2025\/06\/two-elephants-playing-opt-18x12.jpg 18w, https:\/\/elephantguide.com\/wp-content\/uploads\/2025\/06\/two-elephants-playing-opt-1200x800.jpg 1200w, https:\/\/elephantguide.com\/wp-content\/uploads\/2025\/06\/two-elephants-playing-opt.jpg 1400w\" sizes=\"auto, (max-width: 300px) 100vw, 300px\" \/><\/div><a class=\"wp-block-latest-posts__post-title\" href=\"https:\/\/elephantguide.com\/es\/elefante-africano-de-sabana-vs-elefante-de-bosque-guia-completa-de-las-dos-especies-africanas\/\">Elefante africano de los matorrales y elefante de los bosques: Gu\u00eda completa de las dos especies africanas<\/a><time datetime=\"2025-06-27T08:48:46+00:00\" class=\"wp-block-latest-posts__post-date\">27 de junio de 2025<\/time><\/li>\n<li><div class=\"wp-block-latest-posts__featured-image aligncenter\"><img loading=\"lazy\" decoding=\"async\" width=\"300\" height=\"148\" src=\"https:\/\/elephantguide.com\/wp-content\/uploads\/2022\/11\/difference-between-asian-elephant-and-african-elephant-300x148.jpg\" class=\"attachment-medium size-medium wp-post-image\" alt=\"\u00bfQu\u00e9 diferencias hay entre el elefante africano y el asi\u00e1tico?\" style=\"\" srcset=\"https:\/\/elephantguide.com\/wp-content\/uploads\/2022\/11\/difference-between-asian-elephant-and-african-elephant-300x148.jpg 300w, https:\/\/elephantguide.com\/wp-content\/uploads\/2022\/11\/difference-between-asian-elephant-and-african-elephant-1024x505.jpg 1024w, https:\/\/elephantguide.com\/wp-content\/uploads\/2022\/11\/difference-between-asian-elephant-and-african-elephant-768x379.jpg 768w, https:\/\/elephantguide.com\/wp-content\/uploads\/2022\/11\/difference-between-asian-elephant-and-african-elephant-18x9.jpg 18w, https:\/\/elephantguide.com\/wp-content\/uploads\/2022\/11\/difference-between-asian-elephant-and-african-elephant.jpg 1200w\" sizes=\"auto, (max-width: 300px) 100vw, 300px\" \/><\/div><a class=\"wp-block-latest-posts__post-title\" href=\"https:\/\/elephantguide.com\/es\/diferencias-entre-elefante-africano-y-elefante-asiatico\/\">\u00bfQu\u00e9 diferencias hay entre el elefante africano y el asi\u00e1tico?<\/a><time datetime=\"2022-12-19T12:25:29+00:00\" class=\"wp-block-latest-posts__post-date\">19 de diciembre de 2022<\/time><\/li>\n<li><div class=\"wp-block-latest-posts__featured-image aligncenter\"><img loading=\"lazy\" decoding=\"async\" width=\"300\" height=\"199\" src=\"https:\/\/elephantguide.com\/wp-content\/uploads\/2021\/12\/3-elephant-species-300x199.jpeg\" class=\"attachment-medium size-medium wp-post-image\" alt=\"3 especies de elefantes\" style=\"\" srcset=\"https:\/\/elephantguide.com\/wp-content\/uploads\/2021\/12\/3-elephant-species-300x199.jpeg 300w, https:\/\/elephantguide.com\/wp-content\/uploads\/2021\/12\/3-elephant-species-1024x678.jpeg 1024w, https:\/\/elephantguide.com\/wp-content\/uploads\/2021\/12\/3-elephant-species-768x509.jpeg 768w, https:\/\/elephantguide.com\/wp-content\/uploads\/2021\/12\/3-elephant-species-1536x1018.jpeg 1536w, https:\/\/elephantguide.com\/wp-content\/uploads\/2021\/12\/3-elephant-species-18x12.jpeg 18w, https:\/\/elephantguide.com\/wp-content\/uploads\/2021\/12\/3-elephant-species-1200x795.jpeg 1200w, https:\/\/elephantguide.com\/wp-content\/uploads\/2021\/12\/3-elephant-species.jpeg 1920w\" sizes=\"auto, (max-width: 300px) 100vw, 300px\" \/><\/div><a class=\"wp-block-latest-posts__post-title\" href=\"https:\/\/elephantguide.com\/es\/las-tres-especies-de-elefante\/\">Las tres especies de elefante<\/a><time datetime=\"2022-11-04T14:24:34+00:00\" class=\"wp-block-latest-posts__post-date\">4 de noviembre de 2022<\/time><\/li>\n<li><div class=\"wp-block-latest-posts__featured-image aligncenter\"><img loading=\"lazy\" decoding=\"async\" width=\"300\" height=\"187\" src=\"https:\/\/elephantguide.com\/wp-content\/uploads\/2022\/08\/elephant-in-africa-sunset-300x187.jpg\" class=\"attachment-medium size-medium wp-post-image\" alt=\"Elefante en \u00c1frica disfrutando de la puesta de sol\" style=\"\" srcset=\"https:\/\/elephantguide.com\/wp-content\/uploads\/2022\/08\/elephant-in-africa-sunset-300x187.jpg 300w, https:\/\/elephantguide.com\/wp-content\/uploads\/2022\/08\/elephant-in-africa-sunset-1024x637.jpg 1024w, https:\/\/elephantguide.com\/wp-content\/uploads\/2022\/08\/elephant-in-africa-sunset-768x477.jpg 768w, https:\/\/elephantguide.com\/wp-content\/uploads\/2022\/08\/elephant-in-africa-sunset-18x12.jpg 18w, https:\/\/elephantguide.com\/wp-content\/uploads\/2022\/08\/elephant-in-africa-sunset.jpg 1200w\" sizes=\"auto, (max-width: 300px) 100vw, 300px\" \/><\/div><a class=\"wp-block-latest-posts__post-title\" href=\"https:\/\/elephantguide.com\/es\/por-que-los-elefantes-solo-viven-solos-en-africa-y-asia\/\">\u00bfPor qu\u00e9 los elefantes s\u00f3lo viven en \u00c1frica y Asia?<\/a><time datetime=\"2022-08-03T08:37:33+00:00\" class=\"wp-block-latest-posts__post-date\">3 de agosto de 2022<\/time><\/li>\n<\/ul>\n\n\n<hr class=\"wp-block-separator has-alpha-channel-opacity is-style-dots\"\/>\n\n\n\n<figure class=\"wp-block-pullquote\"><blockquote><p>Si alguien quiere saber c\u00f3mo son los elefantes, son como las personas, pero m\u00e1s.<\/p><cite>Peter Corneille<\/cite><\/blockquote><\/figure>\n\n\n\n<hr class=\"wp-block-separator has-alpha-channel-opacity is-style-dots\"\/>\n\n\n\n<div class=\"wp-block-group alignfull has-accent-background-color has-background\"><div class=\"wp-block-group__inner-container is-layout-flow wp-block-group-is-layout-flow\">\n<p class=\"has-text-align-left has-large-font-size\"><strong>\u00bfPor qu\u00e9 leer nuestros art\u00edculos?<\/strong><\/p>\n\n\n\n<ul class=\"wp-block-list\">\n<li>Nuestro equipo est\u00e1 compuesto por experimentados periodistas africanos especializados en fauna salvaje con amplios conocimientos sobre el terreno.<\/li>\n\n\n\n<li>Los colaboradores han aparecido en producciones tan prestigiosas como \"Planeta Tierra\" y la revista National Geographic.<\/li>\n\n\n\n<li>C\u00e9lebres fot\u00f3grafos con buen ojo para captar la esencia de los elefantes africanos en su h\u00e1bitat natural.<\/li>\n\n\n\n<li>Defensores entregados que han participado en proyectos pr\u00e1cticos de conservaci\u00f3n de elefantes, logrando un impacto tangible.<\/li>\n\n\n\n<li>Compromiso inquebrantable para ilustrar a los lectores sobre las maravillas de los incre\u00edbles elefantes y la importancia de preservar sus ecosistemas.<\/li>\n<\/ul>\n<\/div><\/div>","protected":false},"excerpt":{"rendered":"<p>Delve into the diverse world of elephant species, uncovering unique traits and fascinating distinctions. Exploring Elephant Diversity: Comparing Elephant Species and Their Traits Join us on an adventure to compare and contrast the diverse species of elephants across continents. Uncover the subtle differences between African and Asian elephants, and learn about the distinct traits that [&hellip;]<\/p>\n","protected":false},"author":3,"featured_media":0,"parent":0,"menu_order":0,"comment_status":"closed","ping_status":"closed","template":"","meta":{"footnotes":""},"class_list":["post-1329","page","type-page","status-publish","hentry"],"yoast_head":"<!-- This site is optimized with the Yoast SEO plugin v27.3 - https:\/\/yoast.com\/product\/yoast-seo-wordpress\/ -->\n<title>Elephant Species - The Elephant Guide<\/title>\n<meta name=\"robots\" content=\"index, follow, max-snippet:-1, max-image-preview:large, max-video-preview:-1\" \/>\n<link rel=\"canonical\" href=\"https:\/\/elephantguide.com\/es\/especies\/\" \/>\n<meta property=\"og:locale\" content=\"es_ES\" \/>\n<meta property=\"og:type\" content=\"article\" \/>\n<meta property=\"og:title\" content=\"Elephant Species - The Elephant Guide\" \/>\n<meta property=\"og:description\" content=\"Delve into the diverse world of elephant species, uncovering unique traits and fascinating distinctions. Exploring Elephant Diversity: Comparing Elephant Species and Their Traits Join us on an adventure to compare and contrast the diverse species of elephants across continents. Uncover the subtle differences between African and Asian elephants, and learn about the distinct traits that [&hellip;]\" \/>\n<meta property=\"og:url\" content=\"https:\/\/elephantguide.com\/es\/especies\/\" \/>\n<meta property=\"og:site_name\" content=\"The Elephant Guide\" \/>\n<meta property=\"article:modified_time\" content=\"2023-03-28T08:03:52+00:00\" \/>\n<meta property=\"og:image\" content=\"https:\/\/elephantguide.com\/wp-content\/uploads\/2023\/03\/difference-between-asian-elephant-and-african-elephant-edited.jpg\" \/>\n<meta name=\"twitter:card\" content=\"summary_large_image\" \/>\n<meta name=\"twitter:label1\" content=\"Tiempo de lectura\" \/>\n\t<meta name=\"twitter:data1\" content=\"3 minutos\" \/>\n<script type=\"application\/ld+json\" class=\"yoast-schema-graph\">{\"@context\":\"https:\\\/\\\/schema.org\",\"@graph\":[{\"@type\":\"WebPage\",\"@id\":\"https:\\\/\\\/elephantguide.com\\\/species\\\/\",\"url\":\"https:\\\/\\\/elephantguide.com\\\/species\\\/\",\"name\":\"Elephant Species - The Elephant Guide\",\"isPartOf\":{\"@id\":\"https:\\\/\\\/elephantguide.com\\\/en\\\/#website\"},\"primaryImageOfPage\":{\"@id\":\"https:\\\/\\\/elephantguide.com\\\/species\\\/#primaryimage\"},\"image\":{\"@id\":\"https:\\\/\\\/elephantguide.com\\\/species\\\/#primaryimage\"},\"thumbnailUrl\":\"https:\\\/\\\/elephantguide.com\\\/wp-content\\\/uploads\\\/2023\\\/03\\\/difference-between-asian-elephant-and-african-elephant-edited.jpg\",\"datePublished\":\"2023-03-27T21:34:46+00:00\",\"dateModified\":\"2023-03-28T08:03:52+00:00\",\"breadcrumb\":{\"@id\":\"https:\\\/\\\/elephantguide.com\\\/species\\\/#breadcrumb\"},\"inLanguage\":\"es\",\"potentialAction\":[{\"@type\":\"ReadAction\",\"target\":[\"https:\\\/\\\/elephantguide.com\\\/species\\\/\"]}]},{\"@type\":\"ImageObject\",\"inLanguage\":\"es\",\"@id\":\"https:\\\/\\\/elephantguide.com\\\/species\\\/#primaryimage\",\"url\":\"https:\\\/\\\/elephantguide.com\\\/wp-content\\\/uploads\\\/2023\\\/03\\\/difference-between-asian-elephant-and-african-elephant-edited.jpg\",\"contentUrl\":\"https:\\\/\\\/elephantguide.com\\\/wp-content\\\/uploads\\\/2023\\\/03\\\/difference-between-asian-elephant-and-african-elephant-edited.jpg\"},{\"@type\":\"BreadcrumbList\",\"@id\":\"https:\\\/\\\/elephantguide.com\\\/species\\\/#breadcrumb\",\"itemListElement\":[{\"@type\":\"ListItem\",\"position\":1,\"name\":\"Home\",\"item\":\"https:\\\/\\\/elephantguide.com\\\/\"},{\"@type\":\"ListItem\",\"position\":2,\"name\":\"Elephant Species\"}]},{\"@type\":\"WebSite\",\"@id\":\"https:\\\/\\\/elephantguide.com\\\/en\\\/#website\",\"url\":\"https:\\\/\\\/elephantguide.com\\\/en\\\/\",\"name\":\"The Elephant Guide\",\"description\":\"Facts about elephants and best places to see them in the wild\",\"publisher\":{\"@id\":\"https:\\\/\\\/elephantguide.com\\\/en\\\/#organization\"},\"potentialAction\":[{\"@type\":\"SearchAction\",\"target\":{\"@type\":\"EntryPoint\",\"urlTemplate\":\"https:\\\/\\\/elephantguide.com\\\/en\\\/?s={search_term_string}\"},\"query-input\":{\"@type\":\"PropertyValueSpecification\",\"valueRequired\":true,\"valueName\":\"search_term_string\"}}],\"inLanguage\":\"es\"},{\"@type\":\"Organization\",\"@id\":\"https:\\\/\\\/elephantguide.com\\\/en\\\/#organization\",\"name\":\"The Elephant Guide\",\"url\":\"https:\\\/\\\/elephantguide.com\\\/en\\\/\",\"logo\":{\"@type\":\"ImageObject\",\"inLanguage\":\"es\",\"@id\":\"https:\\\/\\\/elephantguide.com\\\/en\\\/#\\\/schema\\\/logo\\\/image\\\/\",\"url\":\"https:\\\/\\\/elephantguide.com\\\/wp-content\\\/uploads\\\/2022\\\/02\\\/elephanticon.png\",\"contentUrl\":\"https:\\\/\\\/elephantguide.com\\\/wp-content\\\/uploads\\\/2022\\\/02\\\/elephanticon.png\",\"width\":1000,\"height\":1000,\"caption\":\"The Elephant Guide\"},\"image\":{\"@id\":\"https:\\\/\\\/elephantguide.com\\\/en\\\/#\\\/schema\\\/logo\\\/image\\\/\"}}]}<\/script>\n<!-- \/ Yoast SEO plugin. -->","yoast_head_json":{"title":"Especies de elefantes - Gu\u00eda de Elefantes","robots":{"index":"index","follow":"follow","max-snippet":"max-snippet:-1","max-image-preview":"max-image-preview:large","max-video-preview":"max-video-preview:-1"},"canonical":"https:\/\/elephantguide.com\/es\/especies\/","og_locale":"es_ES","og_type":"article","og_title":"Elephant Species - The Elephant Guide","og_description":"Delve into the diverse world of elephant species, uncovering unique traits and fascinating distinctions. Exploring Elephant Diversity: Comparing Elephant Species and Their Traits Join us on an adventure to compare and contrast the diverse species of elephants across continents. Uncover the subtle differences between African and Asian elephants, and learn about the distinct traits that [&hellip;]","og_url":"https:\/\/elephantguide.com\/es\/especies\/","og_site_name":"The Elephant Guide","article_modified_time":"2023-03-28T08:03:52+00:00","og_image":[{"url":"https:\/\/elephantguide.com\/wp-content\/uploads\/2023\/03\/difference-between-asian-elephant-and-african-elephant-edited.jpg","type":"","width":"","height":""}],"twitter_card":"summary_large_image","twitter_misc":{"Tiempo de lectura":"3 minutos"},"schema":{"@context":"https:\/\/schema.org","@graph":[{"@type":"WebPage","@id":"https:\/\/elephantguide.com\/species\/","url":"https:\/\/elephantguide.com\/species\/","name":"Especies de elefantes - Gu\u00eda de Elefantes","isPartOf":{"@id":"https:\/\/elephantguide.com\/en\/#website"},"primaryImageOfPage":{"@id":"https:\/\/elephantguide.com\/species\/#primaryimage"},"image":{"@id":"https:\/\/elephantguide.com\/species\/#primaryimage"},"thumbnailUrl":"https:\/\/elephantguide.com\/wp-content\/uploads\/2023\/03\/difference-between-asian-elephant-and-african-elephant-edited.jpg","datePublished":"2023-03-27T21:34:46+00:00","dateModified":"2023-03-28T08:03:52+00:00","breadcrumb":{"@id":"https:\/\/elephantguide.com\/species\/#breadcrumb"},"inLanguage":"es","potentialAction":[{"@type":"ReadAction","target":["https:\/\/elephantguide.com\/species\/"]}]},{"@type":"ImageObject","inLanguage":"es","@id":"https:\/\/elephantguide.com\/species\/#primaryimage","url":"https:\/\/elephantguide.com\/wp-content\/uploads\/2023\/03\/difference-between-asian-elephant-and-african-elephant-edited.jpg","contentUrl":"https:\/\/elephantguide.com\/wp-content\/uploads\/2023\/03\/difference-between-asian-elephant-and-african-elephant-edited.jpg"},{"@type":"BreadcrumbList","@id":"https:\/\/elephantguide.com\/species\/#breadcrumb","itemListElement":[{"@type":"ListItem","position":1,"name":"Home","item":"https:\/\/elephantguide.com\/"},{"@type":"ListItem","position":2,"name":"Elephant Species"}]},{"@type":"WebSite","@id":"https:\/\/elephantguide.com\/en\/#website","url":"https:\/\/elephantguide.com\/en\/","name":"Gu\u00eda del elefante","description":"Datos sobre los elefantes y los mejores lugares para verlos en libertad","publisher":{"@id":"https:\/\/elephantguide.com\/en\/#organization"},"potentialAction":[{"@type":"SearchAction","target":{"@type":"EntryPoint","urlTemplate":"https:\/\/elephantguide.com\/en\/?s={search_term_string}"},"query-input":{"@type":"PropertyValueSpecification","valueRequired":true,"valueName":"search_term_string"}}],"inLanguage":"es"},{"@type":"Organization","@id":"https:\/\/elephantguide.com\/en\/#organization","name":"Gu\u00eda del elefante","url":"https:\/\/elephantguide.com\/en\/","logo":{"@type":"ImageObject","inLanguage":"es","@id":"https:\/\/elephantguide.com\/en\/#\/schema\/logo\/image\/","url":"https:\/\/elephantguide.com\/wp-content\/uploads\/2022\/02\/elephanticon.png","contentUrl":"https:\/\/elephantguide.com\/wp-content\/uploads\/2022\/02\/elephanticon.png","width":1000,"height":1000,"caption":"The Elephant Guide"},"image":{"@id":"https:\/\/elephantguide.com\/en\/#\/schema\/logo\/image\/"}}]}},"yoast_title":"","yoast_description":"","yoast_keyword":"elephant species","_links":{"self":[{"href":"https:\/\/elephantguide.com\/es\/wp-json\/wp\/v2\/pages\/1329","targetHints":{"allow":["GET"]}}],"collection":[{"href":"https:\/\/elephantguide.com\/es\/wp-json\/wp\/v2\/pages"}],"about":[{"href":"https:\/\/elephantguide.com\/es\/wp-json\/wp\/v2\/types\/page"}],"author":[{"embeddable":true,"href":"https:\/\/elephantguide.com\/es\/wp-json\/wp\/v2\/users\/3"}],"replies":[{"embeddable":true,"href":"https:\/\/elephantguide.com\/es\/wp-json\/wp\/v2\/comments?post=1329"}],"version-history":[{"count":10,"href":"https:\/\/elephantguide.com\/es\/wp-json\/wp\/v2\/pages\/1329\/revisions"}],"predecessor-version":[{"id":1401,"href":"https:\/\/elephantguide.com\/es\/wp-json\/wp\/v2\/pages\/1329\/revisions\/1401"}],"wp:attachment":[{"href":"https:\/\/elephantguide.com\/es\/wp-json\/wp\/v2\/media?parent=1329"}],"curies":[{"name":"wp","href":"https:\/\/api.w.org\/{rel}","templated":true}]}}