{"id":1323,"date":"2023-03-27T21:23:19","date_gmt":"2023-03-27T21:23:19","guid":{"rendered":"https:\/\/elephantguide.com\/elephant-anatomy-copy\/"},"modified":"2023-03-28T08:03:48","modified_gmt":"2023-03-28T08:03:48","slug":"comportamientos","status":"publish","type":"page","link":"https:\/\/elephantguide.com\/es\/comportamientos\/","title":{"rendered":"Comportamientos de los elefantes"},"content":{"rendered":"<p class=\"has-text-align-center has-large-font-size\"><br>Explore el cautivador mundo de los comportamientos de los elefantes y descubra su inteligencia, sus emociones y su din\u00e1mica social. \u00a1Sum\u00e9rjase ya!<\/p>\n\n\n\n<hr class=\"wp-block-separator has-alpha-channel-opacity is-style-dots\"\/>\n\n\n\n<div class=\"wp-block-group alignwide\"><div class=\"wp-block-group__inner-container is-layout-flow wp-block-group-is-layout-flow\">\n<h2 class=\"alignwide has-text-align-center wp-block-heading\" id=\"facts-about-elephants-and-best-places-to-see-them-in-the-wild\">Desvelando los secretos: La complejidad del comportamiento y la comunicaci\u00f3n de los elefantes<\/h2>\n\n\n\n<p>Descubra el encantador mundo de los comportamientos de los elefantes mientras desentra\u00f1amos los misterios que se esconden tras sus peculiares gestos y rituales. <\/p>\n\n\n\n<p>De su <a href=\"https:\/\/elephantguide.com\/es\/datos-sobre-elphant-herd\/\">fuertes lazos familiares<\/a> a sus complejos m\u00e9todos de comunicaci\u00f3n, comprender\u00e1 mejor a estos <a href=\"https:\/\/elephantguide.com\/es\/elefantes-que-demuestran-ser-inteligentes-y-no-lo-ignoramos\/\">animales inteligentes<\/a>. <\/p>\n\n\n\n<p>Explore los tiernos momentos de la maternidad, las juguetonas travesuras de los j\u00f3venes y las extraordinarias conexiones emocionales dentro de las sociedades y manadas de elefantes.<\/p>\n\n\n\n<figure class=\"wp-block-image alignfull size-full\"><img loading=\"lazy\" decoding=\"async\" width=\"1200\" height=\"551\" src=\"https:\/\/elephantguide.com\/wp-content\/uploads\/2023\/03\/large-elephant-herd-in-kenya.jpg\" alt=\"Una gran manada, abri\u00e9ndose paso por Amboseli, Kenia. Fotograf\u00eda de Neil y Zulma Scott.\" class=\"wp-image-1326\" srcset=\"https:\/\/elephantguide.com\/wp-content\/uploads\/2023\/03\/large-elephant-herd-in-kenya.jpg 1200w, https:\/\/elephantguide.com\/wp-content\/uploads\/2023\/03\/large-elephant-herd-in-kenya-300x138.jpg 300w, https:\/\/elephantguide.com\/wp-content\/uploads\/2023\/03\/large-elephant-herd-in-kenya-1024x470.jpg 1024w, https:\/\/elephantguide.com\/wp-content\/uploads\/2023\/03\/large-elephant-herd-in-kenya-768x353.jpg 768w, https:\/\/elephantguide.com\/wp-content\/uploads\/2023\/03\/large-elephant-herd-in-kenya-18x8.jpg 18w\" sizes=\"auto, (max-width: 1200px) 100vw, 1200px\" \/><figcaption class=\"wp-element-caption\">Un gran reba\u00f1o, abri\u00e9ndose paso a trav\u00e9s del <a href=\"https:\/\/elephantguide.com\/es\/los-mejores-lugares-para-ver-elefantes-en-kenia\/\">Amboseli, Kenia<\/a>. Foto de <a href=\"https:\/\/unsplash.com\/@valenciascott?utm_source=unsplash&amp;utm_medium=referral&amp;utm_content=creditCopyText\" target=\"_blank\" rel=\"noreferrer noopener nofollow\">Neil y Zulma Scott<\/a>.<\/figcaption><\/figure>\n<\/div><\/div>\n\n\n\n<hr class=\"wp-block-separator has-alpha-channel-opacity is-style-dots\"\/>\n\n\n\n<h2 class=\"alignwide has-text-align-center wp-block-heading\" id=\"how-many-species-of-elephant-are-there\">M\u00e1s informaci\u00f3n: Descifrar los comportamientos de los elefantes, desentra\u00f1ar las din\u00e1micas sociales y las emociones<\/h2>\n\n\n\n<p>Sum\u00e9rjase en nuestros \u00faltimos art\u00edculos sobre los comportamientos de los elefantes, que ofrecen una visi\u00f3n cautivadora de su din\u00e1mica social, su inteligencia emocional y sus rasgos \u00fanicos. <\/p>\n\n\n\n<p>Conozca sus fuertes lazos familiares, sus complejos m\u00e9todos de comunicaci\u00f3n y el encantador mundo que hace tan fascinantes a estos extraordinarios animales. \u00a1Mantente al d\u00eda y deja que las maravillas del comportamiento de los elefantes te asombren!<\/p>\n\n\n<ul class=\"wp-block-latest-posts__list is-grid columns-3 has-dates alignwide wp-block-latest-posts\"><li><div class=\"wp-block-latest-posts__featured-image aligncenter\"><img loading=\"lazy\" decoding=\"async\" width=\"300\" height=\"200\" src=\"https:\/\/elephantguide.com\/wp-content\/uploads\/2021\/12\/elephants-are-smart-IQ-300x200.jpeg\" class=\"attachment-medium size-medium wp-post-image\" alt=\"Dos elegantes elefantes ba\u00f1\u00e1ndose\" style=\"\" srcset=\"https:\/\/elephantguide.com\/wp-content\/uploads\/2021\/12\/elephants-are-smart-IQ-300x200.jpeg 300w, https:\/\/elephantguide.com\/wp-content\/uploads\/2021\/12\/elephants-are-smart-IQ-1024x683.jpeg 1024w, https:\/\/elephantguide.com\/wp-content\/uploads\/2021\/12\/elephants-are-smart-IQ-768x512.jpeg 768w, https:\/\/elephantguide.com\/wp-content\/uploads\/2021\/12\/elephants-are-smart-IQ-1536x1024.jpeg 1536w, https:\/\/elephantguide.com\/wp-content\/uploads\/2021\/12\/elephants-are-smart-IQ-18x12.jpeg 18w, https:\/\/elephantguide.com\/wp-content\/uploads\/2021\/12\/elephants-are-smart-IQ-1200x800.jpeg 1200w, https:\/\/elephantguide.com\/wp-content\/uploads\/2021\/12\/elephants-are-smart-IQ.jpeg 1600w\" sizes=\"auto, (max-width: 300px) 100vw, 300px\" \/><\/div><a class=\"wp-block-latest-posts__post-title\" href=\"https:\/\/elephantguide.com\/es\/elefantes-que-demuestran-ser-inteligentes-y-no-lo-ignoramos\/\">Los elefantes demuestran que son listos y no podemos ignorarlo<\/a><time datetime=\"2026-03-25T09:00:00+00:00\" class=\"wp-block-latest-posts__post-date\">marzo 25, 2026<\/time><\/li>\n<li><div class=\"wp-block-latest-posts__featured-image aligncenter\"><img loading=\"lazy\" decoding=\"async\" width=\"300\" height=\"203\" src=\"https:\/\/elephantguide.com\/wp-content\/uploads\/2023\/07\/close-up-asian-elephant-300x203.jpg\" class=\"attachment-medium size-medium wp-post-image\" alt=\"Primer plano de un elefante asi\u00e1tico tomado en Udawalawa, Sri Lanka.\" style=\"\" srcset=\"https:\/\/elephantguide.com\/wp-content\/uploads\/2023\/07\/close-up-asian-elephant-300x203.jpg 300w, https:\/\/elephantguide.com\/wp-content\/uploads\/2023\/07\/close-up-asian-elephant-1024x693.jpg 1024w, https:\/\/elephantguide.com\/wp-content\/uploads\/2023\/07\/close-up-asian-elephant-768x520.jpg 768w, https:\/\/elephantguide.com\/wp-content\/uploads\/2023\/07\/close-up-asian-elephant-18x12.jpg 18w, https:\/\/elephantguide.com\/wp-content\/uploads\/2023\/07\/close-up-asian-elephant.jpg 1200w\" sizes=\"auto, (max-width: 300px) 100vw, 300px\" \/><\/div><a class=\"wp-block-latest-posts__post-title\" href=\"https:\/\/elephantguide.com\/es\/desvelar-el-misterio-del-elefante-musth-una-guia-comprensiva\/\">Desvelando el misterio del musth del elefante: Una gu\u00eda completa<\/a><time datetime=\"2023-07-13T11:02:48+00:00\" class=\"wp-block-latest-posts__post-date\">13 de julio de 2023<\/time><\/li>\n<li><div class=\"wp-block-latest-posts__featured-image aligncenter\"><img loading=\"lazy\" decoding=\"async\" width=\"300\" height=\"200\" src=\"https:\/\/elephantguide.com\/wp-content\/uploads\/2023\/07\/elephant-scratching-against-car-300x200.jpg\" class=\"attachment-medium size-medium wp-post-image\" alt=\"Un elefante se rasca el est\u00f3mago contra un coche. Cr\u00e9dito de la foto: earthtouchnews.com.\" style=\"\" srcset=\"https:\/\/elephantguide.com\/wp-content\/uploads\/2023\/07\/elephant-scratching-against-car-300x200.jpg 300w, https:\/\/elephantguide.com\/wp-content\/uploads\/2023\/07\/elephant-scratching-against-car-1024x683.jpg 1024w, https:\/\/elephantguide.com\/wp-content\/uploads\/2023\/07\/elephant-scratching-against-car-768x512.jpg 768w, https:\/\/elephantguide.com\/wp-content\/uploads\/2023\/07\/elephant-scratching-against-car-18x12.jpg 18w, https:\/\/elephantguide.com\/wp-content\/uploads\/2023\/07\/elephant-scratching-against-car.jpg 1200w\" sizes=\"auto, (max-width: 300px) 100vw, 300px\" \/><\/div><a class=\"wp-block-latest-posts__post-title\" href=\"https:\/\/elephantguide.com\/es\/como-se-arana-un-elefante\/\">\u00bfC\u00f3mo se rasca un elefante?<\/a><time datetime=\"2023-07-04T10:16:40+00:00\" class=\"wp-block-latest-posts__post-date\">4 de julio de 2023<\/time><\/li>\n<li><div class=\"wp-block-latest-posts__featured-image aligncenter\"><img loading=\"lazy\" decoding=\"async\" width=\"300\" height=\"200\" src=\"https:\/\/elephantguide.com\/wp-content\/uploads\/2023\/06\/elephant-taking-mud-bath-300x200.jpg\" class=\"attachment-medium size-medium wp-post-image\" alt=\"Un peque\u00f1o elefante toma un refrescante ba\u00f1o de barro en el Parque Nacional de Addo.\" style=\"\" srcset=\"https:\/\/elephantguide.com\/wp-content\/uploads\/2023\/06\/elephant-taking-mud-bath-300x200.jpg 300w, https:\/\/elephantguide.com\/wp-content\/uploads\/2023\/06\/elephant-taking-mud-bath-1024x683.jpg 1024w, https:\/\/elephantguide.com\/wp-content\/uploads\/2023\/06\/elephant-taking-mud-bath-768x512.jpg 768w, https:\/\/elephantguide.com\/wp-content\/uploads\/2023\/06\/elephant-taking-mud-bath-18x12.jpg 18w, https:\/\/elephantguide.com\/wp-content\/uploads\/2023\/06\/elephant-taking-mud-bath.jpg 1200w\" sizes=\"auto, (max-width: 300px) 100vw, 300px\" \/><\/div><a class=\"wp-block-latest-posts__post-title\" href=\"https:\/\/elephantguide.com\/es\/como-se-limpian-los-elefantes\/\">\u00bfC\u00f3mo se limpian los elefantes?<\/a><time datetime=\"2023-06-09T12:46:36+00:00\" class=\"wp-block-latest-posts__post-date\">9 de junio de 2023<\/time><\/li>\n<li><div class=\"wp-block-latest-posts__featured-image aligncenter\"><img loading=\"lazy\" decoding=\"async\" width=\"300\" height=\"200\" src=\"https:\/\/elephantguide.com\/wp-content\/uploads\/2022\/05\/elephants-sleeping-habits-cuddling-300x200.jpg\" class=\"attachment-medium size-medium wp-post-image\" alt=\"\" style=\"\" srcset=\"https:\/\/elephantguide.com\/wp-content\/uploads\/2022\/05\/elephants-sleeping-habits-cuddling-300x200.jpg 300w, https:\/\/elephantguide.com\/wp-content\/uploads\/2022\/05\/elephants-sleeping-habits-cuddling-1024x682.jpg 1024w, https:\/\/elephantguide.com\/wp-content\/uploads\/2022\/05\/elephants-sleeping-habits-cuddling-768x512.jpg 768w, https:\/\/elephantguide.com\/wp-content\/uploads\/2022\/05\/elephants-sleeping-habits-cuddling-18x12.jpg 18w, https:\/\/elephantguide.com\/wp-content\/uploads\/2022\/05\/elephants-sleeping-habits-cuddling-1200x800.jpg 1200w, https:\/\/elephantguide.com\/wp-content\/uploads\/2022\/05\/elephants-sleeping-habits-cuddling.jpg 1400w\" sizes=\"auto, (max-width: 300px) 100vw, 300px\" \/><\/div><a class=\"wp-block-latest-posts__post-title\" href=\"https:\/\/elephantguide.com\/es\/como-duermen-los-elefantes\/\">\u00bfC\u00f3mo duermen los elefantes?<\/a><time datetime=\"2023-05-27T16:00:00+00:00\" class=\"wp-block-latest-posts__post-date\">27 de mayo de 2023<\/time><\/li>\n<li><div class=\"wp-block-latest-posts__featured-image aligncenter\"><img loading=\"lazy\" decoding=\"async\" width=\"300\" height=\"206\" src=\"https:\/\/elephantguide.com\/wp-content\/uploads\/2023\/02\/asian-elephant-in-thailand-destroying-trees-300x206.jpg\" class=\"attachment-medium size-medium wp-post-image\" alt=\"Un elefante asi\u00e1tico en Tailandia destruyendo \u00e1rboles y arbustos.\" style=\"\" srcset=\"https:\/\/elephantguide.com\/wp-content\/uploads\/2023\/02\/asian-elephant-in-thailand-destroying-trees-300x206.jpg 300w, https:\/\/elephantguide.com\/wp-content\/uploads\/2023\/02\/asian-elephant-in-thailand-destroying-trees-1024x704.jpg 1024w, https:\/\/elephantguide.com\/wp-content\/uploads\/2023\/02\/asian-elephant-in-thailand-destroying-trees-768x528.jpg 768w, https:\/\/elephantguide.com\/wp-content\/uploads\/2023\/02\/asian-elephant-in-thailand-destroying-trees-18x12.jpg 18w, https:\/\/elephantguide.com\/wp-content\/uploads\/2023\/02\/asian-elephant-in-thailand-destroying-trees.jpg 1200w\" sizes=\"auto, (max-width: 300px) 100vw, 300px\" \/><\/div><a class=\"wp-block-latest-posts__post-title\" href=\"https:\/\/elephantguide.com\/es\/por-que-los-elefantes-destruyen-los-arboles\/\">\u00bfPor qu\u00e9 destruyen los elefantes los \u00e1rboles?<\/a><time datetime=\"2023-02-21T07:51:49+00:00\" class=\"wp-block-latest-posts__post-date\">21 de febrero de 2023<\/time><\/li>\n<\/ul>\n\n\n<hr class=\"wp-block-separator has-alpha-channel-opacity is-style-dots\"\/>\n\n\n\n<figure class=\"wp-block-pullquote\"><blockquote><p>A los elefantes les encantan los reencuentros. Se reconocen tras a\u00f1os y a\u00f1os de separaci\u00f3n y se saludan con una alegr\u00eda salvaje y bulliciosa. <\/p><cite>Jennifer Richard Jacobson<\/cite><\/blockquote><\/figure>\n\n\n\n<hr class=\"wp-block-separator has-alpha-channel-opacity is-style-dots\"\/>\n\n\n\n<div class=\"wp-block-group alignfull has-accent-background-color has-background\"><div class=\"wp-block-group__inner-container is-layout-flow wp-block-group-is-layout-flow\">\n<p class=\"has-text-align-left has-large-font-size\"><strong>\u00bfPor qu\u00e9 leer nuestros art\u00edculos?<\/strong><\/p>\n\n\n\n<ul class=\"wp-block-list\">\n<li>Nuestro equipo est\u00e1 compuesto por experimentados periodistas africanos especializados en fauna salvaje con amplios conocimientos sobre el terreno.<\/li>\n\n\n\n<li>Los colaboradores han aparecido en producciones tan prestigiosas como \"Planeta Tierra\" y la revista National Geographic.<\/li>\n\n\n\n<li>C\u00e9lebres fot\u00f3grafos con buen ojo para captar la esencia de los elefantes africanos en su h\u00e1bitat natural.<\/li>\n\n\n\n<li>Defensores entregados que han participado en proyectos pr\u00e1cticos de conservaci\u00f3n de elefantes, logrando un impacto tangible.<\/li>\n\n\n\n<li>Compromiso inquebrantable para ilustrar a los lectores sobre las maravillas de los incre\u00edbles elefantes y la importancia de preservar sus ecosistemas.<\/li>\n<\/ul>\n<\/div><\/div>","protected":false},"excerpt":{"rendered":"<p>Explore the captivating world of elephant behaviors, unveiling their intelligence, emotions, and social dynamics. Dive in now! Unveiling the Secrets: The Intricacies of Elephant Behavior and Communication Discover the enchanting realm of elephant behaviors as we unravel the mysteries behind their distinctive mannerisms and rituals. From their strong family bonds to their complex communication methods, [&hellip;]<\/p>\n","protected":false},"author":3,"featured_media":0,"parent":0,"menu_order":0,"comment_status":"closed","ping_status":"closed","template":"","meta":{"footnotes":""},"class_list":["post-1323","page","type-page","status-publish","hentry"],"yoast_head":"<!-- This site is optimized with the Yoast SEO plugin v27.4 - https:\/\/yoast.com\/product\/yoast-seo-wordpress\/ -->\n<title>Elephant Behaviors - The Elephant Guide<\/title>\n<meta name=\"robots\" content=\"index, follow, max-snippet:-1, max-image-preview:large, max-video-preview:-1\" \/>\n<link rel=\"canonical\" href=\"https:\/\/elephantguide.com\/es\/comportamientos\/\" \/>\n<meta property=\"og:locale\" content=\"es_ES\" \/>\n<meta property=\"og:type\" content=\"article\" \/>\n<meta property=\"og:title\" content=\"Elephant Behaviors - The Elephant Guide\" \/>\n<meta property=\"og:description\" content=\"Explore the captivating world of elephant behaviors, unveiling their intelligence, emotions, and social dynamics. Dive in now! Unveiling the Secrets: The Intricacies of Elephant Behavior and Communication Discover the enchanting realm of elephant behaviors as we unravel the mysteries behind their distinctive mannerisms and rituals. From their strong family bonds to their complex communication methods, [&hellip;]\" \/>\n<meta property=\"og:url\" content=\"https:\/\/elephantguide.com\/es\/comportamientos\/\" \/>\n<meta property=\"og:site_name\" content=\"The Elephant Guide\" \/>\n<meta property=\"article:modified_time\" content=\"2023-03-28T08:03:48+00:00\" \/>\n<meta property=\"og:image\" content=\"https:\/\/elephantguide.com\/wp-content\/uploads\/2023\/03\/large-elephant-herd-in-kenya.jpg\" \/>\n<meta name=\"twitter:card\" content=\"summary_large_image\" \/>\n<meta name=\"twitter:label1\" content=\"Tiempo de lectura\" \/>\n\t<meta name=\"twitter:data1\" content=\"3 minutos\" \/>\n<script type=\"application\/ld+json\" class=\"yoast-schema-graph\">{\"@context\":\"https:\\\/\\\/schema.org\",\"@graph\":[{\"@type\":\"WebPage\",\"@id\":\"https:\\\/\\\/elephantguide.com\\\/behaviors\\\/\",\"url\":\"https:\\\/\\\/elephantguide.com\\\/behaviors\\\/\",\"name\":\"Elephant Behaviors - The Elephant Guide\",\"isPartOf\":{\"@id\":\"https:\\\/\\\/elephantguide.com\\\/en\\\/#website\"},\"primaryImageOfPage\":{\"@id\":\"https:\\\/\\\/elephantguide.com\\\/behaviors\\\/#primaryimage\"},\"image\":{\"@id\":\"https:\\\/\\\/elephantguide.com\\\/behaviors\\\/#primaryimage\"},\"thumbnailUrl\":\"https:\\\/\\\/elephantguide.com\\\/wp-content\\\/uploads\\\/2023\\\/03\\\/large-elephant-herd-in-kenya.jpg\",\"datePublished\":\"2023-03-27T21:23:19+00:00\",\"dateModified\":\"2023-03-28T08:03:48+00:00\",\"breadcrumb\":{\"@id\":\"https:\\\/\\\/elephantguide.com\\\/behaviors\\\/#breadcrumb\"},\"inLanguage\":\"es\",\"potentialAction\":[{\"@type\":\"ReadAction\",\"target\":[\"https:\\\/\\\/elephantguide.com\\\/behaviors\\\/\"]}]},{\"@type\":\"ImageObject\",\"inLanguage\":\"es\",\"@id\":\"https:\\\/\\\/elephantguide.com\\\/behaviors\\\/#primaryimage\",\"url\":\"https:\\\/\\\/elephantguide.com\\\/wp-content\\\/uploads\\\/2023\\\/03\\\/large-elephant-herd-in-kenya.jpg\",\"contentUrl\":\"https:\\\/\\\/elephantguide.com\\\/wp-content\\\/uploads\\\/2023\\\/03\\\/large-elephant-herd-in-kenya.jpg\"},{\"@type\":\"BreadcrumbList\",\"@id\":\"https:\\\/\\\/elephantguide.com\\\/behaviors\\\/#breadcrumb\",\"itemListElement\":[{\"@type\":\"ListItem\",\"position\":1,\"name\":\"Home\",\"item\":\"https:\\\/\\\/elephantguide.com\\\/\"},{\"@type\":\"ListItem\",\"position\":2,\"name\":\"Elephant Behaviors\"}]},{\"@type\":\"WebSite\",\"@id\":\"https:\\\/\\\/elephantguide.com\\\/en\\\/#website\",\"url\":\"https:\\\/\\\/elephantguide.com\\\/en\\\/\",\"name\":\"The Elephant Guide\",\"description\":\"Facts about elephants and best places to see them in the wild\",\"publisher\":{\"@id\":\"https:\\\/\\\/elephantguide.com\\\/en\\\/#organization\"},\"potentialAction\":[{\"@type\":\"SearchAction\",\"target\":{\"@type\":\"EntryPoint\",\"urlTemplate\":\"https:\\\/\\\/elephantguide.com\\\/en\\\/?s={search_term_string}\"},\"query-input\":{\"@type\":\"PropertyValueSpecification\",\"valueRequired\":true,\"valueName\":\"search_term_string\"}}],\"inLanguage\":\"es\"},{\"@type\":\"Organization\",\"@id\":\"https:\\\/\\\/elephantguide.com\\\/en\\\/#organization\",\"name\":\"The Elephant Guide\",\"url\":\"https:\\\/\\\/elephantguide.com\\\/en\\\/\",\"logo\":{\"@type\":\"ImageObject\",\"inLanguage\":\"es\",\"@id\":\"https:\\\/\\\/elephantguide.com\\\/en\\\/#\\\/schema\\\/logo\\\/image\\\/\",\"url\":\"https:\\\/\\\/elephantguide.com\\\/wp-content\\\/uploads\\\/2022\\\/02\\\/elephanticon.png\",\"contentUrl\":\"https:\\\/\\\/elephantguide.com\\\/wp-content\\\/uploads\\\/2022\\\/02\\\/elephanticon.png\",\"width\":1000,\"height\":1000,\"caption\":\"The Elephant Guide\"},\"image\":{\"@id\":\"https:\\\/\\\/elephantguide.com\\\/en\\\/#\\\/schema\\\/logo\\\/image\\\/\"}}]}<\/script>\n<!-- \/ Yoast SEO plugin. -->","yoast_head_json":{"title":"Comportamientos de los elefantes - Gu\u00eda de Elefantes","robots":{"index":"index","follow":"follow","max-snippet":"max-snippet:-1","max-image-preview":"max-image-preview:large","max-video-preview":"max-video-preview:-1"},"canonical":"https:\/\/elephantguide.com\/es\/comportamientos\/","og_locale":"es_ES","og_type":"article","og_title":"Elephant Behaviors - The Elephant Guide","og_description":"Explore the captivating world of elephant behaviors, unveiling their intelligence, emotions, and social dynamics. Dive in now! Unveiling the Secrets: The Intricacies of Elephant Behavior and Communication Discover the enchanting realm of elephant behaviors as we unravel the mysteries behind their distinctive mannerisms and rituals. From their strong family bonds to their complex communication methods, [&hellip;]","og_url":"https:\/\/elephantguide.com\/es\/comportamientos\/","og_site_name":"The Elephant Guide","article_modified_time":"2023-03-28T08:03:48+00:00","og_image":[{"url":"https:\/\/elephantguide.com\/wp-content\/uploads\/2023\/03\/large-elephant-herd-in-kenya.jpg","type":"","width":"","height":""}],"twitter_card":"summary_large_image","twitter_misc":{"Tiempo de lectura":"3 minutos"},"schema":{"@context":"https:\/\/schema.org","@graph":[{"@type":"WebPage","@id":"https:\/\/elephantguide.com\/behaviors\/","url":"https:\/\/elephantguide.com\/behaviors\/","name":"Comportamientos de los elefantes - Gu\u00eda de Elefantes","isPartOf":{"@id":"https:\/\/elephantguide.com\/en\/#website"},"primaryImageOfPage":{"@id":"https:\/\/elephantguide.com\/behaviors\/#primaryimage"},"image":{"@id":"https:\/\/elephantguide.com\/behaviors\/#primaryimage"},"thumbnailUrl":"https:\/\/elephantguide.com\/wp-content\/uploads\/2023\/03\/large-elephant-herd-in-kenya.jpg","datePublished":"2023-03-27T21:23:19+00:00","dateModified":"2023-03-28T08:03:48+00:00","breadcrumb":{"@id":"https:\/\/elephantguide.com\/behaviors\/#breadcrumb"},"inLanguage":"es","potentialAction":[{"@type":"ReadAction","target":["https:\/\/elephantguide.com\/behaviors\/"]}]},{"@type":"ImageObject","inLanguage":"es","@id":"https:\/\/elephantguide.com\/behaviors\/#primaryimage","url":"https:\/\/elephantguide.com\/wp-content\/uploads\/2023\/03\/large-elephant-herd-in-kenya.jpg","contentUrl":"https:\/\/elephantguide.com\/wp-content\/uploads\/2023\/03\/large-elephant-herd-in-kenya.jpg"},{"@type":"BreadcrumbList","@id":"https:\/\/elephantguide.com\/behaviors\/#breadcrumb","itemListElement":[{"@type":"ListItem","position":1,"name":"Home","item":"https:\/\/elephantguide.com\/"},{"@type":"ListItem","position":2,"name":"Elephant Behaviors"}]},{"@type":"WebSite","@id":"https:\/\/elephantguide.com\/en\/#website","url":"https:\/\/elephantguide.com\/en\/","name":"Gu\u00eda del elefante","description":"Datos sobre los elefantes y los mejores lugares para verlos en libertad","publisher":{"@id":"https:\/\/elephantguide.com\/en\/#organization"},"potentialAction":[{"@type":"SearchAction","target":{"@type":"EntryPoint","urlTemplate":"https:\/\/elephantguide.com\/en\/?s={search_term_string}"},"query-input":{"@type":"PropertyValueSpecification","valueRequired":true,"valueName":"search_term_string"}}],"inLanguage":"es"},{"@type":"Organization","@id":"https:\/\/elephantguide.com\/en\/#organization","name":"Gu\u00eda del elefante","url":"https:\/\/elephantguide.com\/en\/","logo":{"@type":"ImageObject","inLanguage":"es","@id":"https:\/\/elephantguide.com\/en\/#\/schema\/logo\/image\/","url":"https:\/\/elephantguide.com\/wp-content\/uploads\/2022\/02\/elephanticon.png","contentUrl":"https:\/\/elephantguide.com\/wp-content\/uploads\/2022\/02\/elephanticon.png","width":1000,"height":1000,"caption":"The Elephant Guide"},"image":{"@id":"https:\/\/elephantguide.com\/en\/#\/schema\/logo\/image\/"}}]}},"yoast_title":"","yoast_description":"","yoast_keyword":"elephant behaviors","_links":{"self":[{"href":"https:\/\/elephantguide.com\/es\/wp-json\/wp\/v2\/pages\/1323","targetHints":{"allow":["GET"]}}],"collection":[{"href":"https:\/\/elephantguide.com\/es\/wp-json\/wp\/v2\/pages"}],"about":[{"href":"https:\/\/elephantguide.com\/es\/wp-json\/wp\/v2\/types\/page"}],"author":[{"embeddable":true,"href":"https:\/\/elephantguide.com\/es\/wp-json\/wp\/v2\/users\/3"}],"replies":[{"embeddable":true,"href":"https:\/\/elephantguide.com\/es\/wp-json\/wp\/v2\/comments?post=1323"}],"version-history":[{"count":5,"href":"https:\/\/elephantguide.com\/es\/wp-json\/wp\/v2\/pages\/1323\/revisions"}],"predecessor-version":[{"id":1399,"href":"https:\/\/elephantguide.com\/es\/wp-json\/wp\/v2\/pages\/1323\/revisions\/1399"}],"wp:attachment":[{"href":"https:\/\/elephantguide.com\/es\/wp-json\/wp\/v2\/media?parent=1323"}],"curies":[{"name":"wp","href":"https:\/\/api.w.org\/{rel}","templated":true}]}}