{"id":1310,"date":"2023-03-27T20:52:44","date_gmt":"2023-03-27T20:52:44","guid":{"rendered":"https:\/\/elephantguide.com\/elephant-destinations-copy\/"},"modified":"2023-03-28T08:03:48","modified_gmt":"2023-03-28T08:03:48","slug":"anatomia-del-elefante","status":"publish","type":"page","link":"https:\/\/elephantguide.com\/es\/anatomia-del-elefante\/","title":{"rendered":"Anatom\u00eda del elefante \ud83d\udc18"},"content":{"rendered":"<p class=\"has-text-align-center has-large-font-size\"><br>Descubra los intrincados detalles de la anatom\u00eda del elefante, que revelan la fascinante mezcla de fuerza, adaptabilidad y gracia de la naturaleza. \u00a1Explora ahora!<\/p>\n\n\n\n<hr class=\"wp-block-separator has-alpha-channel-opacity is-style-dots\"\/>\n\n\n\n<div class=\"wp-block-group alignwide\"><div class=\"wp-block-group__inner-container is-layout-flow wp-block-group-is-layout-flow\">\n<h2 class=\"alignwide has-text-align-center wp-block-heading\" id=\"facts-about-elephants-and-best-places-to-see-them-in-the-wild\">Descubra la anatom\u00eda del elefante: no se parece en nada a la de cualquier otro animal<\/h2>\n\n\n\n<p>Aqu\u00ed encontrar\u00e1 toda la informaci\u00f3n relacionada con la impresionante anatom\u00eda de los elefantes. <\/p>\n\n\n\n<p>Exploraremos sus notables <a href=\"https:\/\/elephantguide.com\/es\/que-es-el-tronco-de-elefante-y-que-hace-por-un-elefante\/\">troncos<\/a>miembros imponentes, intrincados <a href=\"https:\/\/elephantguide.com\/es\/cuantos-huesos-tiene-un-elefante\/\">estructura \u00f3sea<\/a>...m\u00fasculos poderosos, <a href=\"https:\/\/elephantguide.com\/es\/por-que-los-elefantes-tienen-orejas-grandes\/\">o\u00eddos expansivos<\/a>, especializado <a href=\"https:\/\/elephantguide.com\/es\/cuantos-estomagos-tiene-un-elefante\/\">est\u00f3magos<\/a>e impresionante <a href=\"https:\/\/elephantguide.com\/es\/los-elefantes-tienen-cabeza-todo-lo-que-necesitas-saber\/\">colmillos<\/a>. <\/p>\n\n\n\n<p>Con cada fascinante detalle, conocer\u00e1 mejor a estas magn\u00edficas criaturas y las extraordinarias caracter\u00edsticas que las distinguen en el reino animal. <\/p>\n\n\n\n<p>Sum\u00e9rgete y descubre las maravillas de la anatom\u00eda de los elefantes.<\/p>\n\n\n\n<figure class=\"wp-block-image alignfull size-full\"><img loading=\"lazy\" decoding=\"async\" width=\"1200\" height=\"550\" src=\"https:\/\/elephantguide.com\/wp-content\/uploads\/2023\/03\/close-up-elephant-eye.jpg\" alt=\"Primer plano del ojo y la cara de un elefante, tomada en Chang Mai, Tailandia. Fotograf\u00eda de Lauren Kay.\" class=\"wp-image-1314\" srcset=\"https:\/\/elephantguide.com\/wp-content\/uploads\/2023\/03\/close-up-elephant-eye.jpg 1200w, https:\/\/elephantguide.com\/wp-content\/uploads\/2023\/03\/close-up-elephant-eye-300x138.jpg 300w, https:\/\/elephantguide.com\/wp-content\/uploads\/2023\/03\/close-up-elephant-eye-1024x469.jpg 1024w, https:\/\/elephantguide.com\/wp-content\/uploads\/2023\/03\/close-up-elephant-eye-768x352.jpg 768w, https:\/\/elephantguide.com\/wp-content\/uploads\/2023\/03\/close-up-elephant-eye-18x8.jpg 18w\" sizes=\"auto, (max-width: 1200px) 100vw, 1200px\" \/><figcaption class=\"wp-element-caption\">Primer plano del ojo y la cara de un elefante, tomado en <a href=\"https:\/\/elephantguide.com\/es\/los-mejores-lugares-para-ver-elefantes-en-tailandia\/\">Chang Mai, Tailandia<\/a>. Foto de <a href=\"https:\/\/unsplash.com\/@lakael?utm_source=unsplash&amp;utm_medium=referral&amp;utm_content=creditCopyText\" target=\"_blank\" rel=\"noreferrer noopener nofollow\">Lauren Kay<\/a>.<\/figcaption><\/figure>\n<\/div><\/div>\n\n\n\n<hr class=\"wp-block-separator has-alpha-channel-opacity is-style-dots\"\/>\n\n\n\n<h2 class=\"alignwide has-text-align-center wp-block-heading\" id=\"how-many-species-of-elephant-are-there\">Profundizar: Perspectivas cautivadoras sobre la fisiolog\u00eda del elefante<\/h2>\n\n\n\n<p>Sum\u00e9rjase en nuestros \u00faltimos art\u00edculos sobre anatom\u00eda, que ofrecen una visi\u00f3n cautivadora de las extraordinarias caracter\u00edsticas y maravillas de los elefantes. <\/p>\n\n\n\n<p>Desde poderosos troncos a intrincadas estructuras \u00f3seas, descubra sus fascinantes secretos y profundice en su aprecio por estas extraordinarias criaturas. \u00a1Mantente al d\u00eda y deja que las maravillas de la naturaleza te asombren!<\/p>\n\n\n<ul class=\"wp-block-latest-posts__list is-grid columns-3 has-dates alignwide wp-block-latest-posts\"><li><div class=\"wp-block-latest-posts__featured-image aligncenter\"><img loading=\"lazy\" decoding=\"async\" width=\"300\" height=\"172\" src=\"https:\/\/elephantguide.com\/wp-content\/uploads\/2022\/01\/elephant-tail-behind-300x172.jpg\" class=\"attachment-medium size-medium wp-post-image\" alt=\"Cola de elefante por detr\u00e1s\" style=\"\" srcset=\"https:\/\/elephantguide.com\/wp-content\/uploads\/2022\/01\/elephant-tail-behind-300x172.jpg 300w, https:\/\/elephantguide.com\/wp-content\/uploads\/2022\/01\/elephant-tail-behind-1024x586.jpg 1024w, https:\/\/elephantguide.com\/wp-content\/uploads\/2022\/01\/elephant-tail-behind-768x439.jpg 768w, https:\/\/elephantguide.com\/wp-content\/uploads\/2022\/01\/elephant-tail-behind-1536x878.jpg 1536w, https:\/\/elephantguide.com\/wp-content\/uploads\/2022\/01\/elephant-tail-behind-18x10.jpg 18w, https:\/\/elephantguide.com\/wp-content\/uploads\/2022\/01\/elephant-tail-behind-1200x686.jpg 1200w, https:\/\/elephantguide.com\/wp-content\/uploads\/2022\/01\/elephant-tail-behind.jpg 1600w\" sizes=\"auto, (max-width: 300px) 100vw, 300px\" \/><\/div><a class=\"wp-block-latest-posts__post-title\" href=\"https:\/\/elephantguide.com\/es\/por-que-los-elefantes-tienen-la-cola-pequena\/\">\u00bfPor qu\u00e9 los elefantes tienen la cola peque\u00f1a?<\/a><time datetime=\"2026-03-27T09:00:00+00:00\" class=\"wp-block-latest-posts__post-date\">marzo 27, 2026<\/time><\/li>\n<li><div class=\"wp-block-latest-posts__featured-image aligncenter\"><img loading=\"lazy\" decoding=\"async\" width=\"300\" height=\"200\" src=\"https:\/\/elephantguide.com\/wp-content\/uploads\/2022\/03\/baby-elephant-trumpeting-300x200.jpg\" class=\"attachment-medium size-medium wp-post-image\" alt=\"Beb\u00e9 elefante trompeteando\" style=\"\" srcset=\"https:\/\/elephantguide.com\/wp-content\/uploads\/2022\/03\/baby-elephant-trumpeting-300x200.jpg 300w, https:\/\/elephantguide.com\/wp-content\/uploads\/2022\/03\/baby-elephant-trumpeting-1024x683.jpg 1024w, https:\/\/elephantguide.com\/wp-content\/uploads\/2022\/03\/baby-elephant-trumpeting-768x512.jpg 768w, https:\/\/elephantguide.com\/wp-content\/uploads\/2022\/03\/baby-elephant-trumpeting-1536x1024.jpg 1536w, https:\/\/elephantguide.com\/wp-content\/uploads\/2022\/03\/baby-elephant-trumpeting-18x12.jpg 18w, https:\/\/elephantguide.com\/wp-content\/uploads\/2022\/03\/baby-elephant-trumpeting-1200x800.jpg 1200w, https:\/\/elephantguide.com\/wp-content\/uploads\/2022\/03\/baby-elephant-trumpeting.jpg 1600w\" sizes=\"auto, (max-width: 300px) 100vw, 300px\" \/><\/div><a class=\"wp-block-latest-posts__post-title\" href=\"https:\/\/elephantguide.com\/es\/datos-sobre-los-elefantes-bebes\/\">Datos sobre las cr\u00edas de elefante: \u00bfPor qu\u00e9 nos fascinan tanto las cr\u00edas?<\/a><time datetime=\"2023-01-22T21:42:24+00:00\" class=\"wp-block-latest-posts__post-date\">22 de enero de 2023<\/time><\/li>\n<li><div class=\"wp-block-latest-posts__featured-image aligncenter\"><img loading=\"lazy\" decoding=\"async\" width=\"300\" height=\"194\" src=\"https:\/\/elephantguide.com\/wp-content\/uploads\/2021\/12\/elephant-tusks-bull-fight-300x194.jpeg\" class=\"attachment-medium size-medium wp-post-image\" alt=\"Pelea de elefantes macho con colmillos\" style=\"\" srcset=\"https:\/\/elephantguide.com\/wp-content\/uploads\/2021\/12\/elephant-tusks-bull-fight-300x194.jpeg 300w, https:\/\/elephantguide.com\/wp-content\/uploads\/2021\/12\/elephant-tusks-bull-fight-1024x661.jpeg 1024w, https:\/\/elephantguide.com\/wp-content\/uploads\/2021\/12\/elephant-tusks-bull-fight-768x496.jpeg 768w, https:\/\/elephantguide.com\/wp-content\/uploads\/2021\/12\/elephant-tusks-bull-fight-1536x992.jpeg 1536w, https:\/\/elephantguide.com\/wp-content\/uploads\/2021\/12\/elephant-tusks-bull-fight-18x12.jpeg 18w, https:\/\/elephantguide.com\/wp-content\/uploads\/2021\/12\/elephant-tusks-bull-fight-1200x775.jpeg 1200w, https:\/\/elephantguide.com\/wp-content\/uploads\/2021\/12\/elephant-tusks-bull-fight.jpeg 1920w\" sizes=\"auto, (max-width: 300px) 100vw, 300px\" \/><\/div><a class=\"wp-block-latest-posts__post-title\" href=\"https:\/\/elephantguide.com\/es\/los-elefantes-tienen-cabeza-todo-lo-que-necesitas-saber\/\">Los elefantes tienen colmillos: Todo lo que debe saber<\/a><time datetime=\"2022-12-06T17:13:00+00:00\" class=\"wp-block-latest-posts__post-date\">6 de diciembre de 2022<\/time><\/li>\n<li><div class=\"wp-block-latest-posts__featured-image aligncenter\"><img loading=\"lazy\" decoding=\"async\" width=\"300\" height=\"203\" src=\"https:\/\/elephantguide.com\/wp-content\/uploads\/2022\/06\/elephant-in-water-lifting-tree-300x203.jpg\" class=\"attachment-medium size-medium wp-post-image\" alt=\"Elefante indio en el agua levantando un \u00e1rbol\" style=\"\" srcset=\"https:\/\/elephantguide.com\/wp-content\/uploads\/2022\/06\/elephant-in-water-lifting-tree-300x203.jpg 300w, https:\/\/elephantguide.com\/wp-content\/uploads\/2022\/06\/elephant-in-water-lifting-tree-1024x691.jpg 1024w, https:\/\/elephantguide.com\/wp-content\/uploads\/2022\/06\/elephant-in-water-lifting-tree-768x518.jpg 768w, https:\/\/elephantguide.com\/wp-content\/uploads\/2022\/06\/elephant-in-water-lifting-tree-18x12.jpg 18w, https:\/\/elephantguide.com\/wp-content\/uploads\/2022\/06\/elephant-in-water-lifting-tree-1200x810.jpg 1200w, https:\/\/elephantguide.com\/wp-content\/uploads\/2022\/06\/elephant-in-water-lifting-tree.jpg 1400w\" sizes=\"auto, (max-width: 300px) 100vw, 300px\" \/><\/div><a class=\"wp-block-latest-posts__post-title\" href=\"https:\/\/elephantguide.com\/es\/cuanto-puede-levantar-un-elefante\/\">\u00bfCu\u00e1nto puede levantar un elefante?<\/a><time datetime=\"2022-12-01T11:18:19+00:00\" class=\"wp-block-latest-posts__post-date\">1 de diciembre de 2022<\/time><\/li>\n<li><div class=\"wp-block-latest-posts__featured-image aligncenter\"><img loading=\"lazy\" decoding=\"async\" width=\"300\" height=\"200\" src=\"https:\/\/elephantguide.com\/wp-content\/uploads\/2022\/11\/image-of-mammoth-from-aussie-museum-300x200.jpg\" class=\"attachment-medium size-medium wp-post-image\" alt=\"Mamut estepario en el Museo Australiano. Fotograf\u00eda de April Pethybridge.\" style=\"\" srcset=\"https:\/\/elephantguide.com\/wp-content\/uploads\/2022\/11\/image-of-mammoth-from-aussie-museum-300x200.jpg 300w, https:\/\/elephantguide.com\/wp-content\/uploads\/2022\/11\/image-of-mammoth-from-aussie-museum-1024x683.jpg 1024w, https:\/\/elephantguide.com\/wp-content\/uploads\/2022\/11\/image-of-mammoth-from-aussie-museum-768x512.jpg 768w, https:\/\/elephantguide.com\/wp-content\/uploads\/2022\/11\/image-of-mammoth-from-aussie-museum-18x12.jpg 18w, https:\/\/elephantguide.com\/wp-content\/uploads\/2022\/11\/image-of-mammoth-from-aussie-museum.jpg 1200w\" sizes=\"auto, (max-width: 300px) 100vw, 300px\" \/><\/div><a class=\"wp-block-latest-posts__post-title\" href=\"https:\/\/elephantguide.com\/es\/comparacion-entre-elefantes-y-mamuts\/\">\u00bfQu\u00e9 tama\u00f1o tienen los elefantes en comparaci\u00f3n con los mamuts?<\/a><time datetime=\"2022-11-07T15:59:59+00:00\" class=\"wp-block-latest-posts__post-date\">7 de noviembre de 2022<\/time><\/li>\n<li><div class=\"wp-block-latest-posts__featured-image aligncenter\"><img loading=\"lazy\" decoding=\"async\" width=\"300\" height=\"202\" src=\"https:\/\/elephantguide.com\/wp-content\/uploads\/2022\/04\/elephants-running-cant-jump-300x202.jpg\" class=\"attachment-medium size-medium wp-post-image\" alt=\"Los elefantes corren, pero no saltan\" style=\"\" srcset=\"https:\/\/elephantguide.com\/wp-content\/uploads\/2022\/04\/elephants-running-cant-jump-300x202.jpg 300w, https:\/\/elephantguide.com\/wp-content\/uploads\/2022\/04\/elephants-running-cant-jump-1024x689.jpg 1024w, https:\/\/elephantguide.com\/wp-content\/uploads\/2022\/04\/elephants-running-cant-jump-768x517.jpg 768w, https:\/\/elephantguide.com\/wp-content\/uploads\/2022\/04\/elephants-running-cant-jump-18x12.jpg 18w, https:\/\/elephantguide.com\/wp-content\/uploads\/2022\/04\/elephants-running-cant-jump-1200x808.jpg 1200w, https:\/\/elephantguide.com\/wp-content\/uploads\/2022\/04\/elephants-running-cant-jump.jpg 1300w\" sizes=\"auto, (max-width: 300px) 100vw, 300px\" \/><\/div><a class=\"wp-block-latest-posts__post-title\" href=\"https:\/\/elephantguide.com\/es\/elefantes-no-pueden-saltar-las-razones-por-que\/\">Los elefantes no pueden saltar: Estas son las principales razones<\/a><time datetime=\"2022-11-04T19:04:51+00:00\" class=\"wp-block-latest-posts__post-date\">4 de noviembre de 2022<\/time><\/li>\n<\/ul>\n\n\n<hr class=\"wp-block-separator has-alpha-channel-opacity is-style-dots\"\/>\n\n\n\n<figure class=\"wp-block-pullquote\"><blockquote><p>La gran obra maestra de la naturaleza, un elefante; la \u00fanica gran cosa inofensiva.<\/p><cite>John Donne<\/cite><\/blockquote><\/figure>\n\n\n\n<hr class=\"wp-block-separator has-alpha-channel-opacity is-style-dots\"\/>\n\n\n\n<div class=\"wp-block-group alignfull has-accent-background-color has-background\"><div class=\"wp-block-group__inner-container is-layout-flow wp-block-group-is-layout-flow\">\n<p class=\"has-text-align-left has-large-font-size\"><strong>\u00bfPor qu\u00e9 leer nuestros art\u00edculos?<\/strong><\/p>\n\n\n\n<ul class=\"wp-block-list\">\n<li>Nuestro equipo est\u00e1 compuesto por experimentados periodistas africanos especializados en fauna salvaje con amplios conocimientos sobre el terreno.<\/li>\n\n\n\n<li>Los colaboradores han aparecido en producciones tan prestigiosas como \"Planeta Tierra\" y la revista National Geographic.<\/li>\n\n\n\n<li>C\u00e9lebres fot\u00f3grafos con buen ojo para captar la esencia de los elefantes africanos en su h\u00e1bitat natural.<\/li>\n\n\n\n<li>Defensores entregados que han participado en proyectos pr\u00e1cticos de conservaci\u00f3n de elefantes, logrando un impacto tangible.<\/li>\n\n\n\n<li>Compromiso inquebrantable para ilustrar a los lectores sobre las maravillas de los incre\u00edbles elefantes y la importancia de preservar sus ecosistemas.<\/li>\n<\/ul>\n<\/div><\/div>","protected":false},"excerpt":{"rendered":"<p>Discover the intricate details of elephant anatomy, revealing nature&#8217;s fascinating blend of strength, adaptability, and grace. Explore now! Discover the Elephant&#8217;s Anatomy: It&#8217;s nothing like any other animal Consider this your hub for all information related to the awe-inspiring anatomy of elephants. We&#8217;ll explore their remarkable trunks, towering limbs, intricate bone structure, powerful muscles, expansive [&hellip;]<\/p>\n","protected":false},"author":3,"featured_media":0,"parent":0,"menu_order":0,"comment_status":"closed","ping_status":"closed","template":"","meta":{"footnotes":""},"class_list":["post-1310","page","type-page","status-publish","hentry"],"yoast_head":"<!-- This site is optimized with the Yoast SEO plugin v27.3 - https:\/\/yoast.com\/product\/yoast-seo-wordpress\/ -->\n<title>Elephant Anatomy \ud83d\udc18 - The Elephant Guide<\/title>\n<meta name=\"robots\" content=\"index, follow, max-snippet:-1, max-image-preview:large, max-video-preview:-1\" \/>\n<link rel=\"canonical\" href=\"https:\/\/elephantguide.com\/es\/anatomia-del-elefante\/\" \/>\n<meta property=\"og:locale\" content=\"es_ES\" \/>\n<meta property=\"og:type\" content=\"article\" \/>\n<meta property=\"og:title\" content=\"Elephant Anatomy \ud83d\udc18 - The Elephant Guide\" \/>\n<meta property=\"og:description\" content=\"Discover the intricate details of elephant anatomy, revealing nature&#8217;s fascinating blend of strength, adaptability, and grace. Explore now! Discover the Elephant&#8217;s Anatomy: It&#8217;s nothing like any other animal Consider this your hub for all information related to the awe-inspiring anatomy of elephants. We&#8217;ll explore their remarkable trunks, towering limbs, intricate bone structure, powerful muscles, expansive [&hellip;]\" \/>\n<meta property=\"og:url\" content=\"https:\/\/elephantguide.com\/es\/anatomia-del-elefante\/\" \/>\n<meta property=\"og:site_name\" content=\"The Elephant Guide\" \/>\n<meta property=\"article:modified_time\" content=\"2023-03-28T08:03:48+00:00\" \/>\n<meta property=\"og:image\" content=\"https:\/\/elephantguide.com\/wp-content\/uploads\/2023\/03\/close-up-elephant-eye.jpg\" \/>\n<meta name=\"twitter:card\" content=\"summary_large_image\" \/>\n<meta name=\"twitter:label1\" content=\"Tiempo de lectura\" \/>\n\t<meta name=\"twitter:data1\" content=\"3 minutos\" \/>\n<script type=\"application\/ld+json\" class=\"yoast-schema-graph\">{\"@context\":\"https:\\\/\\\/schema.org\",\"@graph\":[{\"@type\":\"WebPage\",\"@id\":\"https:\\\/\\\/elephantguide.com\\\/elephant-anatomy\\\/\",\"url\":\"https:\\\/\\\/elephantguide.com\\\/elephant-anatomy\\\/\",\"name\":\"Elephant Anatomy \ud83d\udc18 - The Elephant Guide\",\"isPartOf\":{\"@id\":\"https:\\\/\\\/elephantguide.com\\\/en\\\/#website\"},\"primaryImageOfPage\":{\"@id\":\"https:\\\/\\\/elephantguide.com\\\/elephant-anatomy\\\/#primaryimage\"},\"image\":{\"@id\":\"https:\\\/\\\/elephantguide.com\\\/elephant-anatomy\\\/#primaryimage\"},\"thumbnailUrl\":\"https:\\\/\\\/elephantguide.com\\\/wp-content\\\/uploads\\\/2023\\\/03\\\/close-up-elephant-eye.jpg\",\"datePublished\":\"2023-03-27T20:52:44+00:00\",\"dateModified\":\"2023-03-28T08:03:48+00:00\",\"breadcrumb\":{\"@id\":\"https:\\\/\\\/elephantguide.com\\\/elephant-anatomy\\\/#breadcrumb\"},\"inLanguage\":\"es\",\"potentialAction\":[{\"@type\":\"ReadAction\",\"target\":[\"https:\\\/\\\/elephantguide.com\\\/elephant-anatomy\\\/\"]}]},{\"@type\":\"ImageObject\",\"inLanguage\":\"es\",\"@id\":\"https:\\\/\\\/elephantguide.com\\\/elephant-anatomy\\\/#primaryimage\",\"url\":\"https:\\\/\\\/elephantguide.com\\\/wp-content\\\/uploads\\\/2023\\\/03\\\/close-up-elephant-eye.jpg\",\"contentUrl\":\"https:\\\/\\\/elephantguide.com\\\/wp-content\\\/uploads\\\/2023\\\/03\\\/close-up-elephant-eye.jpg\"},{\"@type\":\"BreadcrumbList\",\"@id\":\"https:\\\/\\\/elephantguide.com\\\/elephant-anatomy\\\/#breadcrumb\",\"itemListElement\":[{\"@type\":\"ListItem\",\"position\":1,\"name\":\"Home\",\"item\":\"https:\\\/\\\/elephantguide.com\\\/\"},{\"@type\":\"ListItem\",\"position\":2,\"name\":\"Elephant Anatomy \ud83d\udc18\"}]},{\"@type\":\"WebSite\",\"@id\":\"https:\\\/\\\/elephantguide.com\\\/en\\\/#website\",\"url\":\"https:\\\/\\\/elephantguide.com\\\/en\\\/\",\"name\":\"The Elephant Guide\",\"description\":\"Facts about elephants and best places to see them in the wild\",\"publisher\":{\"@id\":\"https:\\\/\\\/elephantguide.com\\\/en\\\/#organization\"},\"potentialAction\":[{\"@type\":\"SearchAction\",\"target\":{\"@type\":\"EntryPoint\",\"urlTemplate\":\"https:\\\/\\\/elephantguide.com\\\/en\\\/?s={search_term_string}\"},\"query-input\":{\"@type\":\"PropertyValueSpecification\",\"valueRequired\":true,\"valueName\":\"search_term_string\"}}],\"inLanguage\":\"es\"},{\"@type\":\"Organization\",\"@id\":\"https:\\\/\\\/elephantguide.com\\\/en\\\/#organization\",\"name\":\"The Elephant Guide\",\"url\":\"https:\\\/\\\/elephantguide.com\\\/en\\\/\",\"logo\":{\"@type\":\"ImageObject\",\"inLanguage\":\"es\",\"@id\":\"https:\\\/\\\/elephantguide.com\\\/en\\\/#\\\/schema\\\/logo\\\/image\\\/\",\"url\":\"https:\\\/\\\/elephantguide.com\\\/wp-content\\\/uploads\\\/2022\\\/02\\\/elephanticon.png\",\"contentUrl\":\"https:\\\/\\\/elephantguide.com\\\/wp-content\\\/uploads\\\/2022\\\/02\\\/elephanticon.png\",\"width\":1000,\"height\":1000,\"caption\":\"The Elephant Guide\"},\"image\":{\"@id\":\"https:\\\/\\\/elephantguide.com\\\/en\\\/#\\\/schema\\\/logo\\\/image\\\/\"}}]}<\/script>\n<!-- \/ Yoast SEO plugin. -->","yoast_head_json":{"title":"Anatom\u00eda del elefante \ud83d\udc18 - La gu\u00eda del elefante","robots":{"index":"index","follow":"follow","max-snippet":"max-snippet:-1","max-image-preview":"max-image-preview:large","max-video-preview":"max-video-preview:-1"},"canonical":"https:\/\/elephantguide.com\/es\/anatomia-del-elefante\/","og_locale":"es_ES","og_type":"article","og_title":"Elephant Anatomy \ud83d\udc18 - The Elephant Guide","og_description":"Discover the intricate details of elephant anatomy, revealing nature&#8217;s fascinating blend of strength, adaptability, and grace. Explore now! Discover the Elephant&#8217;s Anatomy: It&#8217;s nothing like any other animal Consider this your hub for all information related to the awe-inspiring anatomy of elephants. We&#8217;ll explore their remarkable trunks, towering limbs, intricate bone structure, powerful muscles, expansive [&hellip;]","og_url":"https:\/\/elephantguide.com\/es\/anatomia-del-elefante\/","og_site_name":"The Elephant Guide","article_modified_time":"2023-03-28T08:03:48+00:00","og_image":[{"url":"https:\/\/elephantguide.com\/wp-content\/uploads\/2023\/03\/close-up-elephant-eye.jpg","type":"","width":"","height":""}],"twitter_card":"summary_large_image","twitter_misc":{"Tiempo de lectura":"3 minutos"},"schema":{"@context":"https:\/\/schema.org","@graph":[{"@type":"WebPage","@id":"https:\/\/elephantguide.com\/elephant-anatomy\/","url":"https:\/\/elephantguide.com\/elephant-anatomy\/","name":"Anatom\u00eda del elefante \ud83d\udc18 - La gu\u00eda del elefante","isPartOf":{"@id":"https:\/\/elephantguide.com\/en\/#website"},"primaryImageOfPage":{"@id":"https:\/\/elephantguide.com\/elephant-anatomy\/#primaryimage"},"image":{"@id":"https:\/\/elephantguide.com\/elephant-anatomy\/#primaryimage"},"thumbnailUrl":"https:\/\/elephantguide.com\/wp-content\/uploads\/2023\/03\/close-up-elephant-eye.jpg","datePublished":"2023-03-27T20:52:44+00:00","dateModified":"2023-03-28T08:03:48+00:00","breadcrumb":{"@id":"https:\/\/elephantguide.com\/elephant-anatomy\/#breadcrumb"},"inLanguage":"es","potentialAction":[{"@type":"ReadAction","target":["https:\/\/elephantguide.com\/elephant-anatomy\/"]}]},{"@type":"ImageObject","inLanguage":"es","@id":"https:\/\/elephantguide.com\/elephant-anatomy\/#primaryimage","url":"https:\/\/elephantguide.com\/wp-content\/uploads\/2023\/03\/close-up-elephant-eye.jpg","contentUrl":"https:\/\/elephantguide.com\/wp-content\/uploads\/2023\/03\/close-up-elephant-eye.jpg"},{"@type":"BreadcrumbList","@id":"https:\/\/elephantguide.com\/elephant-anatomy\/#breadcrumb","itemListElement":[{"@type":"ListItem","position":1,"name":"Home","item":"https:\/\/elephantguide.com\/"},{"@type":"ListItem","position":2,"name":"Elephant Anatomy \ud83d\udc18"}]},{"@type":"WebSite","@id":"https:\/\/elephantguide.com\/en\/#website","url":"https:\/\/elephantguide.com\/en\/","name":"Gu\u00eda del elefante","description":"Datos sobre los elefantes y los mejores lugares para verlos en libertad","publisher":{"@id":"https:\/\/elephantguide.com\/en\/#organization"},"potentialAction":[{"@type":"SearchAction","target":{"@type":"EntryPoint","urlTemplate":"https:\/\/elephantguide.com\/en\/?s={search_term_string}"},"query-input":{"@type":"PropertyValueSpecification","valueRequired":true,"valueName":"search_term_string"}}],"inLanguage":"es"},{"@type":"Organization","@id":"https:\/\/elephantguide.com\/en\/#organization","name":"Gu\u00eda del elefante","url":"https:\/\/elephantguide.com\/en\/","logo":{"@type":"ImageObject","inLanguage":"es","@id":"https:\/\/elephantguide.com\/en\/#\/schema\/logo\/image\/","url":"https:\/\/elephantguide.com\/wp-content\/uploads\/2022\/02\/elephanticon.png","contentUrl":"https:\/\/elephantguide.com\/wp-content\/uploads\/2022\/02\/elephanticon.png","width":1000,"height":1000,"caption":"The Elephant Guide"},"image":{"@id":"https:\/\/elephantguide.com\/en\/#\/schema\/logo\/image\/"}}]}},"yoast_title":"","yoast_description":"","yoast_keyword":"elephant anatomy","_links":{"self":[{"href":"https:\/\/elephantguide.com\/es\/wp-json\/wp\/v2\/pages\/1310","targetHints":{"allow":["GET"]}}],"collection":[{"href":"https:\/\/elephantguide.com\/es\/wp-json\/wp\/v2\/pages"}],"about":[{"href":"https:\/\/elephantguide.com\/es\/wp-json\/wp\/v2\/types\/page"}],"author":[{"embeddable":true,"href":"https:\/\/elephantguide.com\/es\/wp-json\/wp\/v2\/users\/3"}],"replies":[{"embeddable":true,"href":"https:\/\/elephantguide.com\/es\/wp-json\/wp\/v2\/comments?post=1310"}],"version-history":[{"count":10,"href":"https:\/\/elephantguide.com\/es\/wp-json\/wp\/v2\/pages\/1310\/revisions"}],"predecessor-version":[{"id":1400,"href":"https:\/\/elephantguide.com\/es\/wp-json\/wp\/v2\/pages\/1310\/revisions\/1400"}],"wp:attachment":[{"href":"https:\/\/elephantguide.com\/es\/wp-json\/wp\/v2\/media?parent=1310"}],"curies":[{"name":"wp","href":"https:\/\/api.w.org\/{rel}","templated":true}]}}