{"id":1291,"date":"2023-03-27T19:40:38","date_gmt":"2023-03-27T19:40:38","guid":{"rendered":"https:\/\/elephantguide.com\/elephant-guide-homepage-copy\/"},"modified":"2026-03-17T16:51:11","modified_gmt":"2026-03-17T16:51:11","slug":"destinos-elefante","status":"publish","type":"page","link":"https:\/\/elephantguide.com\/es\/destinos-elefante\/","title":{"rendered":"Destinos para elefantes \ud83c\udf0e"},"content":{"rendered":"<p class=\"has-text-align-center has-large-font-size\"><br>Explore tierras majestuosas, encuentre elefantes cautivadores y descubra sus secretos mientras descubrimos los mejores destinos para ver elefantes en libertad.<\/p>\n\n\n\n<hr class=\"wp-block-separator has-alpha-channel-opacity is-style-dots\"\/>\n\n\n\n<div class=\"wp-block-group alignwide\"><div class=\"wp-block-group__inner-container is-layout-flow wp-block-group-is-layout-flow\">\n<h2 class=\"wp-block-heading alignwide has-text-align-center\" id=\"facts-about-elephants-and-best-places-to-see-them-in-the-wild\">Los mejores destinos del mundo para ver elefantes en libertad<\/h2>\n\n\n\n<p class=\"has-text-align-left\">Emb\u00e1rquese en un viaje extraordinario mientras explora los lugares m\u00e1s cautivadores del mundo para ver elefantes. <\/p>\n\n\n\n<p class=\"has-text-align-left\">Desde las vastas sabanas de \u00c1frica hasta las densas selvas de Asia, nuestros editores le guiar\u00e1n por experiencias inolvidables en las que podr\u00e1 presenciar elefantes en su h\u00e1bitat natural, \u00a1la naturaleza! <\/p>\n\n\n\n<p class=\"has-text-align-left\">Experimente la magia de los elefantes en libertad en paisajes sobrecogedores.<\/p>\n\n\n\n<div class=\"wp-block-group alignwide has-background\" style=\"background-color:#dec488\"><div class=\"wp-block-group__inner-container is-layout-flow wp-block-group-is-layout-flow\">\n<h3 class=\"wp-block-heading has-text-align-center has-larger-font-size\">\ud83d\udd1c \u00bfPlaneas tu visita? Utilice <a href=\"\/es\/guia-estacional-completa-de-avistamiento-de-elefantes-por-lugares\/\">nuestro calendario estacional de observaci\u00f3n de elefantes<\/a> \u00a1para encontrar horarios \u00f3ptimos en toda Asia y \u00c1frica! \ud83d\udcf7<\/h3>\n<\/div><\/div>\n\n\n\n<figure class=\"wp-block-image alignfull size-full\"><img loading=\"lazy\" decoding=\"async\" width=\"1200\" height=\"549\" src=\"https:\/\/elephantguide.com\/wp-content\/uploads\/2023\/03\/top-elephant-destinations-in-wild.jpg\" alt=\"Elefantes en libertad en la Reserva Nacional de Samburu, Kenia. Fotograf\u00eda de Photos By Beks.\" class=\"wp-image-1300\" srcset=\"https:\/\/elephantguide.com\/wp-content\/uploads\/2023\/03\/top-elephant-destinations-in-wild.jpg 1200w, https:\/\/elephantguide.com\/wp-content\/uploads\/2023\/03\/top-elephant-destinations-in-wild-300x137.jpg 300w, https:\/\/elephantguide.com\/wp-content\/uploads\/2023\/03\/top-elephant-destinations-in-wild-1024x468.jpg 1024w, https:\/\/elephantguide.com\/wp-content\/uploads\/2023\/03\/top-elephant-destinations-in-wild-768x351.jpg 768w, https:\/\/elephantguide.com\/wp-content\/uploads\/2023\/03\/top-elephant-destinations-in-wild-18x8.jpg 18w\" sizes=\"auto, (max-width: 1200px) 100vw, 1200px\" \/><figcaption class=\"wp-element-caption\">Elefantes en libertad en <a href=\"https:\/\/elephantguide.com\/es\/los-mejores-lugares-para-ver-elefantes-en-kenia\/\">Reserva Nacional de Samburu, Kenia<\/a>. Foto de <a href=\"https:\/\/unsplash.com\/@photosbybeks?utm_source=unsplash&amp;utm_medium=referral&amp;utm_content=creditCopyText\" target=\"_blank\" rel=\"noreferrer noopener nofollow\">Fotos de Beks<\/a>.<\/figcaption><\/figure>\n<\/div><\/div>\n\n\n\n<hr class=\"wp-block-separator has-alpha-channel-opacity is-style-dots\"\/>\n\n\n\n<h2 class=\"wp-block-heading alignwide has-text-align-center\" id=\"how-many-species-of-elephant-are-there\">Gu\u00edas de viaje para ver elefantes en libertad<\/h2>\n\n\n\n<p>Descubra nuestras \u00faltimas gu\u00edas de viaje sobre los mejores pa\u00edses y lugares para ver elefantes en libertad. Aqu\u00ed le desvelamos los mejores destinos y encuentros inolvidables con estos extraordinarios animales. \u00a1Sum\u00e9rjase ya!<\/p>\n\n\n\n<div class=\"wp-block-columns alignwide is-layout-flex wp-container-core-columns-is-layout-9d6595d7 wp-block-columns-is-layout-flex\">\n<div class=\"wp-block-column is-layout-flow wp-block-column-is-layout-flow\">\n<div class=\"wp-block-group alignwide has-background\" style=\"background-color:#dec488\"><div class=\"wp-block-group__inner-container is-layout-flow wp-block-group-is-layout-flow\">\n<h3 class=\"wp-block-heading has-text-align-center has-larger-font-size\">\u00c1frica<\/h3>\n\n\n\n<p class=\"has-text-align-center has-primary-color has-text-color has-large-font-size\">\ud83c\udde7\ud83c\uddfc <a href=\"https:\/\/elephantguide.com\/es\/los-mejores-lugares-para-ver-elefantes-en-botsuana\/\">Botsuana<\/a><br><br>\ud83c\uddf0\ud83c\uddea <a href=\"https:\/\/elephantguide.com\/es\/los-mejores-lugares-para-ver-elefantes-en-kenia\/\">Kenia<\/a><br><br>\ud83c\uddff\ud83c\udde6 <a href=\"https:\/\/elephantguide.com\/es\/los-mejores-lugares-para-ver-elefantes-en-sudafrica\/\">Sud\u00e1frica<\/a><br><br>\ud83c\uddff\ud83c\uddfc <a href=\"https:\/\/elephantguide.com\/es\/los-mejores-lugares-para-ver-elefantes-en-zimbabue\/\">Zimbabue<\/a><\/p>\n\n\n\n<p class=\"has-text-align-center has-primary-color has-text-color has-large-font-size\">\ud83c\uddf9\ud83c\uddff <a href=\"https:\/\/elephantguide.com\/es\/los-mejores-lugares-para-ver-elefantes-en-tanzania\/\">Tanzania<\/a><\/p>\n<\/div><\/div>\n<\/div>\n\n\n\n<div class=\"wp-block-column is-layout-flow wp-block-column-is-layout-flow\">\n<div class=\"wp-block-group alignwide has-background\" style=\"background-color:#dec488\"><div class=\"wp-block-group__inner-container is-layout-flow wp-block-group-is-layout-flow\">\n<h3 class=\"wp-block-heading has-text-align-center has-larger-font-size\">Asia<\/h3>\n\n\n\n<p class=\"has-text-align-center has-primary-color has-text-color has-large-font-size\">\ud83c\uddf0\ud83c\udded <a href=\"https:\/\/elephantguide.com\/es\/los-mejores-lugares-para-ver-elefantes-en-camboya\/\">Camboya<\/a><br><br>\ud83c\uddf9\ud83c\udded <a href=\"https:\/\/elephantguide.com\/es\/los-mejores-lugares-para-ver-elefantes-en-tailandia\/\">Tailandia<\/a><br><br>\ud83c\uddfb\ud83c\uddf3 <a href=\"https:\/\/elephantguide.com\/es\/los-mejores-lugares-para-ver-elefantes-en-vietnam\/\">Vietnam<\/a><\/p>\n<\/div><\/div>\n<\/div>\n\n\n\n<div class=\"wp-block-column is-layout-flow wp-block-column-is-layout-flow\">\n<div class=\"wp-block-group alignwide has-background\" style=\"background-color:#dec488\"><div class=\"wp-block-group__inner-container is-layout-flow wp-block-group-is-layout-flow\">\n<h3 class=\"wp-block-heading has-text-align-center has-larger-font-size\">Resto del mundo<\/h3>\n\n\n\n<p class=\"has-text-align-center has-primary-color has-text-color has-large-font-size\">\ud83c\uddfa\ud83c\uddf8 <a href=\"https:\/\/elephantguide.com\/es\/mejor-experiencia-elefante-en-estados-unidos\/\">Estados Unidos<\/a><\/p>\n<\/div><\/div>\n<\/div>\n<\/div>\n\n\n\n<hr class=\"wp-block-separator has-alpha-channel-opacity is-style-dots\"\/>\n\n\n\n<figure class=\"wp-block-pullquote has-text-align-center\"><blockquote><p>La pregunta es: \u00bfnos parece bien suponer que nuestros nietos no podr\u00e1n ver nunca un elefante m\u00e1s que en un libro ilustrado?<\/p><cite>David Attenborough<\/cite><\/blockquote><\/figure>\n\n\n\n<hr class=\"wp-block-separator has-alpha-channel-opacity is-style-dots\"\/>\n\n\n\n<div class=\"wp-block-group alignfull has-accent-background-color has-background\"><div class=\"wp-block-group__inner-container is-layout-flow wp-block-group-is-layout-flow\">\n<p class=\"has-text-align-left has-large-font-size\"><strong>\u00bfPor qu\u00e9 leer nuestros art\u00edculos?<\/strong><\/p>\n\n\n\n<ul class=\"wp-block-list\">\n<li>Nuestro equipo est\u00e1 compuesto por experimentados periodistas africanos especializados en fauna salvaje con amplios conocimientos sobre el terreno.<\/li>\n\n\n\n<li>Los colaboradores han aparecido en producciones tan prestigiosas como \"Planeta Tierra\" y la revista National Geographic.<\/li>\n\n\n\n<li>C\u00e9lebres fot\u00f3grafos con buen ojo para captar la esencia de los elefantes africanos en su h\u00e1bitat natural.<\/li>\n\n\n\n<li>Defensores entregados que han participado en proyectos pr\u00e1cticos de conservaci\u00f3n de elefantes, logrando un impacto tangible.<\/li>\n\n\n\n<li>Compromiso inquebrantable para ilustrar a los lectores sobre las maravillas de los incre\u00edbles elefantes y la importancia de preservar sus ecosistemas.<\/li>\n<\/ul>\n<\/div><\/div>","protected":false},"excerpt":{"rendered":"<p>Explore majestic lands, encounter captivating elephants, and unearth their secrets as we discover the top destinations to see Elephants in the wild! The Best Destinations in the World to see Elephants in the wild Embark on an extraordinary journey as you explore the world&#8217;s most captivating elephant hotspots. From the vast savannas of Africa to [&hellip;]<\/p>\n","protected":false},"author":3,"featured_media":0,"parent":0,"menu_order":0,"comment_status":"closed","ping_status":"closed","template":"","meta":{"footnotes":""},"class_list":["post-1291","page","type-page","status-publish","hentry"],"yoast_head":"<!-- This site is optimized with the Yoast SEO plugin v27.3 - https:\/\/yoast.com\/product\/yoast-seo-wordpress\/ -->\n<title>Elephant Destinations \ud83c\udf0e - The Elephant Guide<\/title>\n<meta name=\"robots\" content=\"index, follow, max-snippet:-1, max-image-preview:large, max-video-preview:-1\" \/>\n<link rel=\"canonical\" href=\"https:\/\/elephantguide.com\/es\/destinos-elefante\/\" \/>\n<meta property=\"og:locale\" content=\"es_ES\" \/>\n<meta property=\"og:type\" content=\"article\" \/>\n<meta property=\"og:title\" content=\"Elephant Destinations \ud83c\udf0e - The Elephant Guide\" \/>\n<meta property=\"og:description\" content=\"Explore majestic lands, encounter captivating elephants, and unearth their secrets as we discover the top destinations to see Elephants in the wild! The Best Destinations in the World to see Elephants in the wild Embark on an extraordinary journey as you explore the world&#8217;s most captivating elephant hotspots. From the vast savannas of Africa to [&hellip;]\" \/>\n<meta property=\"og:url\" content=\"https:\/\/elephantguide.com\/es\/destinos-elefante\/\" \/>\n<meta property=\"og:site_name\" content=\"The Elephant Guide\" \/>\n<meta property=\"article:modified_time\" content=\"2026-03-17T16:51:11+00:00\" \/>\n<meta property=\"og:image\" content=\"https:\/\/elephantguide.com\/wp-content\/uploads\/2023\/03\/top-elephant-destinations-in-wild.jpg\" \/>\n\t<meta property=\"og:image:width\" content=\"1200\" \/>\n\t<meta property=\"og:image:height\" content=\"549\" \/>\n\t<meta property=\"og:image:type\" content=\"image\/jpeg\" \/>\n<meta name=\"twitter:card\" content=\"summary_large_image\" \/>\n<meta name=\"twitter:label1\" content=\"Tiempo de lectura\" \/>\n\t<meta name=\"twitter:data1\" content=\"3 minutos\" \/>\n<script type=\"application\/ld+json\" class=\"yoast-schema-graph\">{\"@context\":\"https:\\\/\\\/schema.org\",\"@graph\":[{\"@type\":\"WebPage\",\"@id\":\"https:\\\/\\\/elephantguide.com\\\/elephant-destinations\\\/\",\"url\":\"https:\\\/\\\/elephantguide.com\\\/elephant-destinations\\\/\",\"name\":\"Elephant Destinations \ud83c\udf0e - The Elephant Guide\",\"isPartOf\":{\"@id\":\"https:\\\/\\\/elephantguide.com\\\/en\\\/#website\"},\"primaryImageOfPage\":{\"@id\":\"https:\\\/\\\/elephantguide.com\\\/elephant-destinations\\\/#primaryimage\"},\"image\":{\"@id\":\"https:\\\/\\\/elephantguide.com\\\/elephant-destinations\\\/#primaryimage\"},\"thumbnailUrl\":\"https:\\\/\\\/elephantguide.com\\\/wp-content\\\/uploads\\\/2023\\\/03\\\/top-elephant-destinations-in-wild.jpg\",\"datePublished\":\"2023-03-27T19:40:38+00:00\",\"dateModified\":\"2026-03-17T16:51:11+00:00\",\"breadcrumb\":{\"@id\":\"https:\\\/\\\/elephantguide.com\\\/elephant-destinations\\\/#breadcrumb\"},\"inLanguage\":\"es\",\"potentialAction\":[{\"@type\":\"ReadAction\",\"target\":[\"https:\\\/\\\/elephantguide.com\\\/elephant-destinations\\\/\"]}]},{\"@type\":\"ImageObject\",\"inLanguage\":\"es\",\"@id\":\"https:\\\/\\\/elephantguide.com\\\/elephant-destinations\\\/#primaryimage\",\"url\":\"https:\\\/\\\/elephantguide.com\\\/wp-content\\\/uploads\\\/2023\\\/03\\\/top-elephant-destinations-in-wild.jpg\",\"contentUrl\":\"https:\\\/\\\/elephantguide.com\\\/wp-content\\\/uploads\\\/2023\\\/03\\\/top-elephant-destinations-in-wild.jpg\"},{\"@type\":\"BreadcrumbList\",\"@id\":\"https:\\\/\\\/elephantguide.com\\\/elephant-destinations\\\/#breadcrumb\",\"itemListElement\":[{\"@type\":\"ListItem\",\"position\":1,\"name\":\"Home\",\"item\":\"https:\\\/\\\/elephantguide.com\\\/\"},{\"@type\":\"ListItem\",\"position\":2,\"name\":\"Elephant Destinations \ud83c\udf0e\"}]},{\"@type\":\"WebSite\",\"@id\":\"https:\\\/\\\/elephantguide.com\\\/en\\\/#website\",\"url\":\"https:\\\/\\\/elephantguide.com\\\/en\\\/\",\"name\":\"The Elephant Guide\",\"description\":\"Facts about elephants and best places to see them in the wild\",\"publisher\":{\"@id\":\"https:\\\/\\\/elephantguide.com\\\/en\\\/#organization\"},\"potentialAction\":[{\"@type\":\"SearchAction\",\"target\":{\"@type\":\"EntryPoint\",\"urlTemplate\":\"https:\\\/\\\/elephantguide.com\\\/en\\\/?s={search_term_string}\"},\"query-input\":{\"@type\":\"PropertyValueSpecification\",\"valueRequired\":true,\"valueName\":\"search_term_string\"}}],\"inLanguage\":\"es\"},{\"@type\":\"Organization\",\"@id\":\"https:\\\/\\\/elephantguide.com\\\/en\\\/#organization\",\"name\":\"The Elephant Guide\",\"url\":\"https:\\\/\\\/elephantguide.com\\\/en\\\/\",\"logo\":{\"@type\":\"ImageObject\",\"inLanguage\":\"es\",\"@id\":\"https:\\\/\\\/elephantguide.com\\\/en\\\/#\\\/schema\\\/logo\\\/image\\\/\",\"url\":\"https:\\\/\\\/elephantguide.com\\\/wp-content\\\/uploads\\\/2022\\\/02\\\/elephanticon.png\",\"contentUrl\":\"https:\\\/\\\/elephantguide.com\\\/wp-content\\\/uploads\\\/2022\\\/02\\\/elephanticon.png\",\"width\":1000,\"height\":1000,\"caption\":\"The Elephant Guide\"},\"image\":{\"@id\":\"https:\\\/\\\/elephantguide.com\\\/en\\\/#\\\/schema\\\/logo\\\/image\\\/\"}}]}<\/script>\n<!-- \/ Yoast SEO plugin. -->","yoast_head_json":{"title":"Destinos para elefantes \ud83c\udf0e - La gu\u00eda de los elefantes","robots":{"index":"index","follow":"follow","max-snippet":"max-snippet:-1","max-image-preview":"max-image-preview:large","max-video-preview":"max-video-preview:-1"},"canonical":"https:\/\/elephantguide.com\/es\/destinos-elefante\/","og_locale":"es_ES","og_type":"article","og_title":"Elephant Destinations \ud83c\udf0e - The Elephant Guide","og_description":"Explore majestic lands, encounter captivating elephants, and unearth their secrets as we discover the top destinations to see Elephants in the wild! The Best Destinations in the World to see Elephants in the wild Embark on an extraordinary journey as you explore the world&#8217;s most captivating elephant hotspots. From the vast savannas of Africa to [&hellip;]","og_url":"https:\/\/elephantguide.com\/es\/destinos-elefante\/","og_site_name":"The Elephant Guide","article_modified_time":"2026-03-17T16:51:11+00:00","og_image":[{"width":1200,"height":549,"url":"https:\/\/elephantguide.com\/wp-content\/uploads\/2023\/03\/top-elephant-destinations-in-wild.jpg","type":"image\/jpeg"}],"twitter_card":"summary_large_image","twitter_misc":{"Tiempo de lectura":"3 minutos"},"schema":{"@context":"https:\/\/schema.org","@graph":[{"@type":"WebPage","@id":"https:\/\/elephantguide.com\/elephant-destinations\/","url":"https:\/\/elephantguide.com\/elephant-destinations\/","name":"Destinos para elefantes \ud83c\udf0e - La gu\u00eda de los elefantes","isPartOf":{"@id":"https:\/\/elephantguide.com\/en\/#website"},"primaryImageOfPage":{"@id":"https:\/\/elephantguide.com\/elephant-destinations\/#primaryimage"},"image":{"@id":"https:\/\/elephantguide.com\/elephant-destinations\/#primaryimage"},"thumbnailUrl":"https:\/\/elephantguide.com\/wp-content\/uploads\/2023\/03\/top-elephant-destinations-in-wild.jpg","datePublished":"2023-03-27T19:40:38+00:00","dateModified":"2026-03-17T16:51:11+00:00","breadcrumb":{"@id":"https:\/\/elephantguide.com\/elephant-destinations\/#breadcrumb"},"inLanguage":"es","potentialAction":[{"@type":"ReadAction","target":["https:\/\/elephantguide.com\/elephant-destinations\/"]}]},{"@type":"ImageObject","inLanguage":"es","@id":"https:\/\/elephantguide.com\/elephant-destinations\/#primaryimage","url":"https:\/\/elephantguide.com\/wp-content\/uploads\/2023\/03\/top-elephant-destinations-in-wild.jpg","contentUrl":"https:\/\/elephantguide.com\/wp-content\/uploads\/2023\/03\/top-elephant-destinations-in-wild.jpg"},{"@type":"BreadcrumbList","@id":"https:\/\/elephantguide.com\/elephant-destinations\/#breadcrumb","itemListElement":[{"@type":"ListItem","position":1,"name":"Home","item":"https:\/\/elephantguide.com\/"},{"@type":"ListItem","position":2,"name":"Elephant Destinations \ud83c\udf0e"}]},{"@type":"WebSite","@id":"https:\/\/elephantguide.com\/en\/#website","url":"https:\/\/elephantguide.com\/en\/","name":"Gu\u00eda del elefante","description":"Datos sobre los elefantes y los mejores lugares para verlos en libertad","publisher":{"@id":"https:\/\/elephantguide.com\/en\/#organization"},"potentialAction":[{"@type":"SearchAction","target":{"@type":"EntryPoint","urlTemplate":"https:\/\/elephantguide.com\/en\/?s={search_term_string}"},"query-input":{"@type":"PropertyValueSpecification","valueRequired":true,"valueName":"search_term_string"}}],"inLanguage":"es"},{"@type":"Organization","@id":"https:\/\/elephantguide.com\/en\/#organization","name":"Gu\u00eda del elefante","url":"https:\/\/elephantguide.com\/en\/","logo":{"@type":"ImageObject","inLanguage":"es","@id":"https:\/\/elephantguide.com\/en\/#\/schema\/logo\/image\/","url":"https:\/\/elephantguide.com\/wp-content\/uploads\/2022\/02\/elephanticon.png","contentUrl":"https:\/\/elephantguide.com\/wp-content\/uploads\/2022\/02\/elephanticon.png","width":1000,"height":1000,"caption":"The Elephant Guide"},"image":{"@id":"https:\/\/elephantguide.com\/en\/#\/schema\/logo\/image\/"}}]}},"yoast_title":"","yoast_description":"","yoast_keyword":"elephant destinations","_links":{"self":[{"href":"https:\/\/elephantguide.com\/es\/wp-json\/wp\/v2\/pages\/1291","targetHints":{"allow":["GET"]}}],"collection":[{"href":"https:\/\/elephantguide.com\/es\/wp-json\/wp\/v2\/pages"}],"about":[{"href":"https:\/\/elephantguide.com\/es\/wp-json\/wp\/v2\/types\/page"}],"author":[{"embeddable":true,"href":"https:\/\/elephantguide.com\/es\/wp-json\/wp\/v2\/users\/3"}],"replies":[{"embeddable":true,"href":"https:\/\/elephantguide.com\/es\/wp-json\/wp\/v2\/comments?post=1291"}],"version-history":[{"count":10,"href":"https:\/\/elephantguide.com\/es\/wp-json\/wp\/v2\/pages\/1291\/revisions"}],"predecessor-version":[{"id":1655,"href":"https:\/\/elephantguide.com\/es\/wp-json\/wp\/v2\/pages\/1291\/revisions\/1655"}],"wp:attachment":[{"href":"https:\/\/elephantguide.com\/es\/wp-json\/wp\/v2\/media?parent=1291"}],"curies":[{"name":"wp","href":"https:\/\/api.w.org\/{rel}","templated":true}]}}