{"id":149,"date":"2021-12-11T14:23:56","date_gmt":"2021-12-11T14:23:56","guid":{"rendered":"https:\/\/elephantguide.com\/?page_id=149"},"modified":"2023-04-05T15:37:40","modified_gmt":"2023-04-05T15:37:40","slug":"galletas","status":"publish","type":"page","link":"https:\/\/elephantguide.com\/es-mx\/politica-de-privacidad\/galletas\/","title":{"rendered":"Cookies"},"content":{"rendered":"<h2 class=\"wp-block-heading\">Utilizamos cookies<\/h2>\n\n\n\n<p>Para ofrecerle una gama completa de funciones cuando visita nuestro sitio web, reconocer sus preferencias y hacer que el uso de nuestro sitio web sea m\u00e1s c\u00f3modo y pr\u00e1ctico, utilizamos \"cookies\".<\/p>\n\n\n\n<h2 class=\"wp-block-heading\">\u00bfQu\u00e9 son las cookies?<\/h2>\n\n\n\n<p>Una cookie es un peque\u00f1o archivo o informaci\u00f3n que se guarda en su ordenador o dispositivo cuando visita el sitio web. Estas tecnolog\u00edas nos permiten recordar sus acciones y preferencias (como el idioma, la cantidad de tiempo que interact\u00faa con nosotros a trav\u00e9s de una herramienta anal\u00edtica, etc.) durante un periodo de tiempo.<\/p>\n\n\n\n<h2 class=\"wp-block-heading\">Sus opciones<\/h2>\n\n\n\n<p>En general, puede ver nuestro sitio web sin cookies, pero es posible que algunas partes del sitio web no funcionen correctamente o que la navegaci\u00f3n sea m\u00e1s lenta.<\/p>\n\n\n\n<p>Si no desea que se almacenen cookies en su ordenador o dispositivo, puede desactivar la opci\u00f3n correspondiente en la configuraci\u00f3n del sistema de su navegador. Tambi\u00e9n puede eliminar las cookies almacenadas en la configuraci\u00f3n del sistema de su navegador en cualquier momento.<\/p>\n\n\n\n<p>Encontrar\u00e1 m\u00e1s informaci\u00f3n sobre c\u00f3mo desactivar o eliminar las cookies en&nbsp;<a href=\"https:\/\/www.aboutcookies.org\/cookie-faq\/\" target=\"_blank\" rel=\"noreferrer noopener\">aqu\u00ed<\/a>. Sin embargo, tenga en cuenta que si no acepta ninguna cookie, esto puede restringir la funcionalidad de nuestras ofertas.<\/p>\n\n\n\n<h2 class=\"wp-block-heading\">Categor\u00edas de cookies<\/h2>\n\n\n\n<figure class=\"wp-block-table\"><table><thead><tr><td><strong>Tipo de cookie<\/strong><\/td><td><strong>Prop\u00f3sito<\/strong><\/td><td><strong>Vida \u00fatil m\u00e1xima<\/strong><\/td><\/tr><\/thead><tbody><tr><td><strong>Cookies necesarias<\/strong><\/td><td>Estas cookies son necesarias para habilitar las funciones b\u00e1sicas del sitio web. Sin ellas, no se pueden prestar los servicios que ha solicitado. Si desactiva estas cookies, algunas partes del sitio web no funcionar\u00e1n para usted.<\/td><td>Hasta 24 meses<\/td><\/tr><tr><td><strong>Cookies anal\u00edticas<\/strong><\/td><td>Estas cookies nos ayudan a mejorar u optimizar la experiencia que ofrecemos. Nos permiten medir c\u00f3mo interact\u00faan los visitantes con el sitio web y mejorar la experiencia del usuario y el rendimiento del sitio web.<br><br>Se utilizan para recopilar informaci\u00f3n t\u00e9cnica como la \u00faltima vez que visit\u00f3 el sitio web, el n\u00famero de p\u00e1ginas visitadas, las partes de nuestro sitio web en las que se hace clic y el tiempo transcurrido entre clics. Consulte la secci\u00f3n \"Detalles sobre terceros y nuestras cookies m\u00e1s comunes\" a continuaci\u00f3n para obtener m\u00e1s informaci\u00f3n sobre d\u00f3nde colocan estas cookies terceros.<\/td><td>Hasta 24 meses<\/td><\/tr><\/tbody><\/table><\/figure>\n\n\n\n<p>Detalles sobre terceros y nuestras cookies m\u00e1s comunes:<\/p>\n\n\n\n<figure class=\"wp-block-table\"><table><thead><tr><td><strong>Nombre de la cookie<\/strong><\/td><td><strong>Proveedor de cookies<\/strong><\/td><td><strong>Prop\u00f3sito<\/strong><\/td><\/tr><\/thead><tbody><tr><td>Ezoico<\/td><td>Ezoico<\/td><td>Ezoic puede recopilar informaci\u00f3n personal tal y como se define en el GDPR (como la direcci\u00f3n IP y un identificador \u00fanico en una cookie) sobre los visitantes de su sitio web con fines estad\u00edsticos, anal\u00edticos y de personalizaci\u00f3n. Adem\u00e1s, Ezoic trabaja con numerosos terceros para la recogida y almacenamiento de datos y la prestaci\u00f3n de servicios de an\u00e1lisis y publicidad. <a href=\"https:\/\/g.ezoic.net\/privacy\/elephantguide.com\" target=\"_blank\" rel=\"noreferrer noopener nofollow\">M\u00e1s informaci\u00f3n<\/a>.<\/td><\/tr><\/tbody><\/table><\/figure>\n\n\n\n<h2 class=\"wp-block-heading\">Productos y enlaces afiliados<\/h2>\n\n\n\n<p>Podemos mostrar anuncios de terceros y otros contenidos que enlazan con sitios web de terceros. Si hace clic en un anuncio o enlace de terceros, tenga en cuenta que abandona nuestro sitio y que cualquier dato que nos facilite ser\u00e1 tratado de acuerdo con las respectivas pol\u00edticas de privacidad y cookies de dichos terceros, que le aconsejamos consultar previamente.<\/p>\n\n\n\n<h2 class=\"wp-block-heading\">M\u00e1s detalles<\/h2>\n\n\n\n<p>Si desea ponerse en contacto con nosotros o saber m\u00e1s sobre la forma en que tratamos sus datos personales, consulte nuestro&nbsp;<a href=\"\/es-mx\/politica-de-privacidad\/\">Pol\u00edtica de privacidad<\/a>.<\/p>","protected":false},"excerpt":{"rendered":"<p>We use Cookies To offer you a full range of functions when you visit our website, recognize your preferences, and make the use of our website more comfortable and convenient, we use \u201ccookies.\u201d What are Cookies? A cookie is a small file or information saved on your computer or device when you visit the website. [&hellip;]<\/p>\n","protected":false},"author":3,"featured_media":0,"parent":3,"menu_order":0,"comment_status":"closed","ping_status":"closed","template":"","meta":{"footnotes":""},"class_list":["post-149","page","type-page","status-publish","hentry"],"yoast_head":"<!-- This site is optimized with the Yoast SEO plugin v27.4 - https:\/\/yoast.com\/product\/yoast-seo-wordpress\/ -->\n<title>Cookies - The Elephant Guide<\/title>\n<meta name=\"description\" content=\"Cookie Policy of The Elephant Guide. What data do we store?\" \/>\n<meta name=\"robots\" content=\"index, follow, max-snippet:-1, max-image-preview:large, max-video-preview:-1\" \/>\n<link rel=\"canonical\" href=\"https:\/\/elephantguide.com\/es-mx\/politica-de-privacidad\/galletas\/\" \/>\n<meta property=\"og:locale\" content=\"es_MX\" \/>\n<meta property=\"og:type\" content=\"article\" \/>\n<meta property=\"og:title\" content=\"Cookies - The Elephant Guide\" \/>\n<meta property=\"og:description\" content=\"Cookie Policy of The Elephant Guide. What data do we store?\" \/>\n<meta property=\"og:url\" content=\"https:\/\/elephantguide.com\/es-mx\/politica-de-privacidad\/galletas\/\" \/>\n<meta property=\"og:site_name\" content=\"The Elephant Guide\" \/>\n<meta property=\"article:modified_time\" content=\"2023-04-05T15:37:40+00:00\" \/>\n<meta name=\"twitter:card\" content=\"summary_large_image\" \/>\n<meta name=\"twitter:label1\" content=\"Tiempo de lectura\" \/>\n\t<meta name=\"twitter:data1\" content=\"3 minutos\" \/>\n<script type=\"application\/ld+json\" class=\"yoast-schema-graph\">{\"@context\":\"https:\\\/\\\/schema.org\",\"@graph\":[{\"@type\":\"WebPage\",\"@id\":\"https:\\\/\\\/elephantguide.com\\\/privacy-policy\\\/cookies\\\/\",\"url\":\"https:\\\/\\\/elephantguide.com\\\/privacy-policy\\\/cookies\\\/\",\"name\":\"Cookies - The Elephant Guide\",\"isPartOf\":{\"@id\":\"https:\\\/\\\/elephantguide.com\\\/en\\\/#website\"},\"datePublished\":\"2021-12-11T14:23:56+00:00\",\"dateModified\":\"2023-04-05T15:37:40+00:00\",\"description\":\"Cookie Policy of The Elephant Guide. What data do we store?\",\"breadcrumb\":{\"@id\":\"https:\\\/\\\/elephantguide.com\\\/privacy-policy\\\/cookies\\\/#breadcrumb\"},\"inLanguage\":\"es\",\"potentialAction\":[{\"@type\":\"ReadAction\",\"target\":[\"https:\\\/\\\/elephantguide.com\\\/privacy-policy\\\/cookies\\\/\"]}]},{\"@type\":\"BreadcrumbList\",\"@id\":\"https:\\\/\\\/elephantguide.com\\\/privacy-policy\\\/cookies\\\/#breadcrumb\",\"itemListElement\":[{\"@type\":\"ListItem\",\"position\":1,\"name\":\"Home\",\"item\":\"https:\\\/\\\/elephantguide.com\\\/\"},{\"@type\":\"ListItem\",\"position\":2,\"name\":\"Privacy Policy\",\"item\":\"https:\\\/\\\/elephantguide.com\\\/privacy-policy\\\/\"},{\"@type\":\"ListItem\",\"position\":3,\"name\":\"Cookies\"}]},{\"@type\":\"WebSite\",\"@id\":\"https:\\\/\\\/elephantguide.com\\\/en\\\/#website\",\"url\":\"https:\\\/\\\/elephantguide.com\\\/en\\\/\",\"name\":\"The Elephant Guide\",\"description\":\"Facts about elephants and best places to see them in the wild\",\"publisher\":{\"@id\":\"https:\\\/\\\/elephantguide.com\\\/en\\\/#organization\"},\"potentialAction\":[{\"@type\":\"SearchAction\",\"target\":{\"@type\":\"EntryPoint\",\"urlTemplate\":\"https:\\\/\\\/elephantguide.com\\\/en\\\/?s={search_term_string}\"},\"query-input\":{\"@type\":\"PropertyValueSpecification\",\"valueRequired\":true,\"valueName\":\"search_term_string\"}}],\"inLanguage\":\"es\"},{\"@type\":\"Organization\",\"@id\":\"https:\\\/\\\/elephantguide.com\\\/en\\\/#organization\",\"name\":\"The Elephant Guide\",\"url\":\"https:\\\/\\\/elephantguide.com\\\/en\\\/\",\"logo\":{\"@type\":\"ImageObject\",\"inLanguage\":\"es\",\"@id\":\"https:\\\/\\\/elephantguide.com\\\/en\\\/#\\\/schema\\\/logo\\\/image\\\/\",\"url\":\"https:\\\/\\\/elephantguide.com\\\/wp-content\\\/uploads\\\/2022\\\/02\\\/elephanticon.png\",\"contentUrl\":\"https:\\\/\\\/elephantguide.com\\\/wp-content\\\/uploads\\\/2022\\\/02\\\/elephanticon.png\",\"width\":1000,\"height\":1000,\"caption\":\"The Elephant Guide\"},\"image\":{\"@id\":\"https:\\\/\\\/elephantguide.com\\\/en\\\/#\\\/schema\\\/logo\\\/image\\\/\"}}]}<\/script>\n<!-- \/ Yoast SEO plugin. -->","yoast_head_json":{"title":"Galletas - La Gu\u00eda del Elefante","description":"Pol\u00edtica de cookies de La gu\u00eda del elefante. Qu\u00e9 datos almacenamos?","robots":{"index":"index","follow":"follow","max-snippet":"max-snippet:-1","max-image-preview":"max-image-preview:large","max-video-preview":"max-video-preview:-1"},"canonical":"https:\/\/elephantguide.com\/es-mx\/politica-de-privacidad\/galletas\/","og_locale":"es_MX","og_type":"article","og_title":"Cookies - The Elephant Guide","og_description":"Cookie Policy of The Elephant Guide. What data do we store?","og_url":"https:\/\/elephantguide.com\/es-mx\/politica-de-privacidad\/galletas\/","og_site_name":"The Elephant Guide","article_modified_time":"2023-04-05T15:37:40+00:00","twitter_card":"summary_large_image","twitter_misc":{"Tiempo de lectura":"3 minutos"},"schema":{"@context":"https:\/\/schema.org","@graph":[{"@type":"WebPage","@id":"https:\/\/elephantguide.com\/privacy-policy\/cookies\/","url":"https:\/\/elephantguide.com\/privacy-policy\/cookies\/","name":"Galletas - La Gu\u00eda del Elefante","isPartOf":{"@id":"https:\/\/elephantguide.com\/en\/#website"},"datePublished":"2021-12-11T14:23:56+00:00","dateModified":"2023-04-05T15:37:40+00:00","description":"Pol\u00edtica de cookies de La gu\u00eda del elefante. Qu\u00e9 datos almacenamos?","breadcrumb":{"@id":"https:\/\/elephantguide.com\/privacy-policy\/cookies\/#breadcrumb"},"inLanguage":"es","potentialAction":[{"@type":"ReadAction","target":["https:\/\/elephantguide.com\/privacy-policy\/cookies\/"]}]},{"@type":"BreadcrumbList","@id":"https:\/\/elephantguide.com\/privacy-policy\/cookies\/#breadcrumb","itemListElement":[{"@type":"ListItem","position":1,"name":"Home","item":"https:\/\/elephantguide.com\/"},{"@type":"ListItem","position":2,"name":"Privacy Policy","item":"https:\/\/elephantguide.com\/privacy-policy\/"},{"@type":"ListItem","position":3,"name":"Cookies"}]},{"@type":"WebSite","@id":"https:\/\/elephantguide.com\/en\/#website","url":"https:\/\/elephantguide.com\/en\/","name":"Gu\u00eda del elefante","description":"Datos sobre los elefantes y los mejores lugares para verlos en libertad","publisher":{"@id":"https:\/\/elephantguide.com\/en\/#organization"},"potentialAction":[{"@type":"SearchAction","target":{"@type":"EntryPoint","urlTemplate":"https:\/\/elephantguide.com\/en\/?s={search_term_string}"},"query-input":{"@type":"PropertyValueSpecification","valueRequired":true,"valueName":"search_term_string"}}],"inLanguage":"es"},{"@type":"Organization","@id":"https:\/\/elephantguide.com\/en\/#organization","name":"Gu\u00eda del elefante","url":"https:\/\/elephantguide.com\/en\/","logo":{"@type":"ImageObject","inLanguage":"es","@id":"https:\/\/elephantguide.com\/en\/#\/schema\/logo\/image\/","url":"https:\/\/elephantguide.com\/wp-content\/uploads\/2022\/02\/elephanticon.png","contentUrl":"https:\/\/elephantguide.com\/wp-content\/uploads\/2022\/02\/elephanticon.png","width":1000,"height":1000,"caption":"The Elephant Guide"},"image":{"@id":"https:\/\/elephantguide.com\/en\/#\/schema\/logo\/image\/"}}]}},"yoast_title":"","yoast_description":"Cookie Policy of The Elephant Guide. What data do we store?","yoast_keyword":"cookie policy","_links":{"self":[{"href":"https:\/\/elephantguide.com\/es-mx\/wp-json\/wp\/v2\/pages\/149","targetHints":{"allow":["GET"]}}],"collection":[{"href":"https:\/\/elephantguide.com\/es-mx\/wp-json\/wp\/v2\/pages"}],"about":[{"href":"https:\/\/elephantguide.com\/es-mx\/wp-json\/wp\/v2\/types\/page"}],"author":[{"embeddable":true,"href":"https:\/\/elephantguide.com\/es-mx\/wp-json\/wp\/v2\/users\/3"}],"replies":[{"embeddable":true,"href":"https:\/\/elephantguide.com\/es-mx\/wp-json\/wp\/v2\/comments?post=149"}],"version-history":[{"count":4,"href":"https:\/\/elephantguide.com\/es-mx\/wp-json\/wp\/v2\/pages\/149\/revisions"}],"predecessor-version":[{"id":1486,"href":"https:\/\/elephantguide.com\/es-mx\/wp-json\/wp\/v2\/pages\/149\/revisions\/1486"}],"up":[{"embeddable":true,"href":"https:\/\/elephantguide.com\/es-mx\/wp-json\/wp\/v2\/pages\/3"}],"wp:attachment":[{"href":"https:\/\/elephantguide.com\/es-mx\/wp-json\/wp\/v2\/media?parent=149"}],"curies":[{"name":"wp","href":"https:\/\/api.w.org\/{rel}","templated":true}]}}