{"id":1340,"date":"2023-03-27T21:49:31","date_gmt":"2023-03-27T21:49:31","guid":{"rendered":"https:\/\/elephantguide.com\/species-copy\/"},"modified":"2023-03-28T08:04:09","modified_gmt":"2023-03-28T08:04:09","slug":"esfuerzos-de-conservacion","status":"publish","type":"page","link":"https:\/\/elephantguide.com\/es-mx\/esfuerzos-de-conservacion\/","title":{"rendered":"Esfuerzos de conservaci\u00f3n de los elefantes"},"content":{"rendered":"<p class=\"has-text-align-center has-large-font-size\"><br>Sum\u00e9rjase en el mundo de la conservaci\u00f3n de los elefantes y descubra los esfuerzos esenciales para proteger a nuestros elefantes, preservar sus h\u00e1bitats y garantizarles un futuro pr\u00f3spero.<\/p>\n\n\n\n<hr class=\"wp-block-separator has-alpha-channel-opacity is-style-dots\"\/>\n\n\n\n<div class=\"wp-block-group alignwide\"><div class=\"wp-block-group__inner-container is-layout-flow wp-block-group-is-layout-flow\">\n<h2 class=\"alignwide has-text-align-center wp-block-heading\" id=\"facts-about-elephants-and-best-places-to-see-them-in-the-wild\">Unidos por los elefantes: Adoptar la misi\u00f3n de conservaci\u00f3n<\/h2>\n\n\n\n<p>Convi\u00e9rtase en parte integrante de la crucial misi\u00f3n de proteger y conservar los grandes elefantes que adornan nuestro planeta. <\/p>\n\n\n\n<p>Conozca los retos a los que se enfrentan, desde <a href=\"https:\/\/elephantguide.com\/es-mx\/como-cambia-el-clima-los-habitats-de-los-elefantes\/\">p\u00e9rdida de h\u00e1bitat<\/a> a la caza furtiva, y descubra los esfuerzos que se est\u00e1n realizando para garantizar su supervivencia. <\/p>\n\n\n\n<p>Una sus fuerzas a las de conservacionistas, investigadores y apasionados de todo el mundo que se esfuerzan por cambiar la vida de estos fascinantes animales. <\/p>\n\n\n\n<p>Ay\u00fadenos a asegurar el futuro de los elefantes para las generaciones venideras.<\/p>\n\n\n\n<figure class=\"wp-block-image alignfull size-full is-style-default\"><img loading=\"lazy\" decoding=\"async\" width=\"1200\" height=\"560\" src=\"https:\/\/elephantguide.com\/wp-content\/uploads\/2023\/03\/elephant-in-the-sunset.jpg\" alt=\"Un elefante al atardecer en Botsuana. Fotograf\u00eda de Andy Brunner.\" class=\"wp-image-1346\" srcset=\"https:\/\/elephantguide.com\/wp-content\/uploads\/2023\/03\/elephant-in-the-sunset.jpg 1200w, https:\/\/elephantguide.com\/wp-content\/uploads\/2023\/03\/elephant-in-the-sunset-300x140.jpg 300w, https:\/\/elephantguide.com\/wp-content\/uploads\/2023\/03\/elephant-in-the-sunset-1024x478.jpg 1024w, https:\/\/elephantguide.com\/wp-content\/uploads\/2023\/03\/elephant-in-the-sunset-768x358.jpg 768w, https:\/\/elephantguide.com\/wp-content\/uploads\/2023\/03\/elephant-in-the-sunset-18x8.jpg 18w\" sizes=\"auto, (max-width: 1200px) 100vw, 1200px\" \/><figcaption class=\"wp-element-caption\">Un elefante al atardecer en <a href=\"https:\/\/elephantguide.com\/es-mx\/los-mejores-lugares-para-ver-elefantes-en-botsuana\/\">Botsuana<\/a>. Foto de <a href=\"https:\/\/unsplash.com\/@andy_brunner?utm_source=unsplash&amp;utm_medium=referral&amp;utm_content=creditCopyText\" target=\"_blank\" rel=\"noreferrer noopener nofollow\">Andy Brunner<\/a>.<\/figcaption><\/figure>\n<\/div><\/div>\n\n\n\n<hr class=\"wp-block-separator has-alpha-channel-opacity is-style-dots\"\/>\n\n\n\n<h2 class=\"alignwide has-text-align-center wp-block-heading\" id=\"how-many-species-of-elephant-are-there\">Cr\u00f3nicas de conservaci\u00f3n: Art\u00edculos recientes sobre iniciativas mundiales de conservaci\u00f3n y poblaciones de elefantes<\/h2>\n\n\n\n<p>Mant\u00e9ngase al d\u00eda sobre iniciativas y soluciones innovadoras y sobre el movimiento mundial para proteger el medio ambiente. <a href=\"https:\/\/elephantguide.com\/es-mx\/como-quedan-elefantes-en-el-mundo\/\">poblaci\u00f3n de elefantes<\/a> que adornan nuestro planeta. <\/p>\n\n\n\n<p>Sum\u00e9rjase en el mundo del cambio y participe en la misi\u00f3n de garantizar un futuro pr\u00f3spero a los elefantes.<\/p>\n\n\n<ul class=\"wp-block-latest-posts__list is-grid columns-3 has-dates alignwide wp-block-latest-posts\"><li><div class=\"wp-block-latest-posts__featured-image aligncenter\"><img loading=\"lazy\" decoding=\"async\" width=\"300\" height=\"200\" src=\"https:\/\/elephantguide.com\/wp-content\/uploads\/2023\/02\/african-forest-elephant-tanzania-300x200.jpg\" class=\"attachment-medium size-medium wp-post-image\" alt=\"Elefante africano de la selva durante un safari en Tanzania.\" style=\"\" srcset=\"https:\/\/elephantguide.com\/wp-content\/uploads\/2023\/02\/african-forest-elephant-tanzania-300x200.jpg 300w, https:\/\/elephantguide.com\/wp-content\/uploads\/2023\/02\/african-forest-elephant-tanzania-1024x683.jpg 1024w, https:\/\/elephantguide.com\/wp-content\/uploads\/2023\/02\/african-forest-elephant-tanzania-768x512.jpg 768w, https:\/\/elephantguide.com\/wp-content\/uploads\/2023\/02\/african-forest-elephant-tanzania-18x12.jpg 18w, https:\/\/elephantguide.com\/wp-content\/uploads\/2023\/02\/african-forest-elephant-tanzania.jpg 1200w\" sizes=\"auto, (max-width: 300px) 100vw, 300px\" \/><\/div><a class=\"wp-block-latest-posts__post-title\" href=\"https:\/\/elephantguide.com\/es-mx\/como-cambia-el-clima-los-habitats-de-los-elefantes\/\">\u00bfC\u00f3mo cambia el clima los h\u00e1bitats de los elefantes?<\/a><time datetime=\"2023-02-09T05:23:01+00:00\" class=\"wp-block-latest-posts__post-date\">9 de febrero de 2023<\/time><\/li>\n<li><div class=\"wp-block-latest-posts__featured-image aligncenter\"><img loading=\"lazy\" decoding=\"async\" width=\"300\" height=\"200\" src=\"https:\/\/elephantguide.com\/wp-content\/uploads\/2022\/12\/the-african-elephant-is-endangered-300x200.jpg\" class=\"attachment-medium size-medium wp-post-image\" alt=\"El elefante africano est\u00e1 desde hace tiempo en peligro de extinci\u00f3n.\" style=\"\" srcset=\"https:\/\/elephantguide.com\/wp-content\/uploads\/2022\/12\/the-african-elephant-is-endangered-300x200.jpg 300w, https:\/\/elephantguide.com\/wp-content\/uploads\/2022\/12\/the-african-elephant-is-endangered-1024x683.jpg 1024w, https:\/\/elephantguide.com\/wp-content\/uploads\/2022\/12\/the-african-elephant-is-endangered-768x512.jpg 768w, https:\/\/elephantguide.com\/wp-content\/uploads\/2022\/12\/the-african-elephant-is-endangered-18x12.jpg 18w, https:\/\/elephantguide.com\/wp-content\/uploads\/2022\/12\/the-african-elephant-is-endangered.jpg 1200w\" sizes=\"auto, (max-width: 300px) 100vw, 300px\" \/><\/div><a class=\"wp-block-latest-posts__post-title\" href=\"https:\/\/elephantguide.com\/es-mx\/razones-por-que-los-elefantes-estan-en-peligro\/\">Razones por las que los elefantes est\u00e1n en peligro de extinci\u00f3n<\/a><time datetime=\"2022-12-12T22:32:25+00:00\" class=\"wp-block-latest-posts__post-date\">12 de diciembre de 2022<\/time><\/li>\n<li><div class=\"wp-block-latest-posts__featured-image aligncenter\"><img loading=\"lazy\" decoding=\"async\" width=\"300\" height=\"199\" src=\"https:\/\/elephantguide.com\/wp-content\/uploads\/2022\/11\/elephants-drinking-in-pond-black-and-white-300x199.jpg\" class=\"attachment-medium size-medium wp-post-image\" alt=\"Imagen en blanco y negro de elefantes bebiendo agua de un abrevadero.\" style=\"\" srcset=\"https:\/\/elephantguide.com\/wp-content\/uploads\/2022\/11\/elephants-drinking-in-pond-black-and-white-300x199.jpg 300w, https:\/\/elephantguide.com\/wp-content\/uploads\/2022\/11\/elephants-drinking-in-pond-black-and-white-1024x678.jpg 1024w, https:\/\/elephantguide.com\/wp-content\/uploads\/2022\/11\/elephants-drinking-in-pond-black-and-white-768x509.jpg 768w, https:\/\/elephantguide.com\/wp-content\/uploads\/2022\/11\/elephants-drinking-in-pond-black-and-white-18x12.jpg 18w, https:\/\/elephantguide.com\/wp-content\/uploads\/2022\/11\/elephants-drinking-in-pond-black-and-white.jpg 1200w\" sizes=\"auto, (max-width: 300px) 100vw, 300px\" \/><\/div><a class=\"wp-block-latest-posts__post-title\" href=\"https:\/\/elephantguide.com\/es-mx\/todo-lo-que-necesita-saber-sobre-los-elefantes-y-el-agua\/\">Todo lo que debe saber sobre los elefantes y el agua<\/a><time datetime=\"2022-11-16T08:46:31+00:00\" class=\"wp-block-latest-posts__post-date\">16 de noviembre de 2022<\/time><\/li>\n<li><div class=\"wp-block-latest-posts__featured-image aligncenter\"><img loading=\"lazy\" decoding=\"async\" width=\"300\" height=\"169\" src=\"https:\/\/elephantguide.com\/wp-content\/uploads\/2022\/02\/elephants-left-in-the-world-300x169.jpg\" class=\"attachment-medium size-medium wp-post-image\" alt=\"Gran elefante en \u00c1frica\" style=\"\" srcset=\"https:\/\/elephantguide.com\/wp-content\/uploads\/2022\/02\/elephants-left-in-the-world-300x169.jpg 300w, https:\/\/elephantguide.com\/wp-content\/uploads\/2022\/02\/elephants-left-in-the-world-1024x576.jpg 1024w, https:\/\/elephantguide.com\/wp-content\/uploads\/2022\/02\/elephants-left-in-the-world-768x432.jpg 768w, https:\/\/elephantguide.com\/wp-content\/uploads\/2022\/02\/elephants-left-in-the-world-1536x864.jpg 1536w, https:\/\/elephantguide.com\/wp-content\/uploads\/2022\/02\/elephants-left-in-the-world-18x10.jpg 18w, https:\/\/elephantguide.com\/wp-content\/uploads\/2022\/02\/elephants-left-in-the-world-1200x675.jpg 1200w, https:\/\/elephantguide.com\/wp-content\/uploads\/2022\/02\/elephants-left-in-the-world.jpg 1600w\" sizes=\"auto, (max-width: 300px) 100vw, 300px\" \/><\/div><a class=\"wp-block-latest-posts__post-title\" href=\"https:\/\/elephantguide.com\/es-mx\/como-quedan-elefantes-en-el-mundo\/\">\u00bfCu\u00e1ntos elefantes quedan en el mundo?<\/a><time datetime=\"2022-10-01T10:58:55+00:00\" class=\"wp-block-latest-posts__post-date\">1 de octubre de 2022<\/time><\/li>\n<li><div class=\"wp-block-latest-posts__featured-image aligncenter\"><img loading=\"lazy\" decoding=\"async\" width=\"300\" height=\"200\" src=\"https:\/\/elephantguide.com\/wp-content\/uploads\/2022\/02\/elephant-strolling-into-sunset-300x200.jpg\" class=\"attachment-medium size-medium wp-post-image\" alt=\"Elefante paseando al atardecer\" style=\"\" srcset=\"https:\/\/elephantguide.com\/wp-content\/uploads\/2022\/02\/elephant-strolling-into-sunset-300x200.jpg 300w, https:\/\/elephantguide.com\/wp-content\/uploads\/2022\/02\/elephant-strolling-into-sunset-1024x683.jpg 1024w, https:\/\/elephantguide.com\/wp-content\/uploads\/2022\/02\/elephant-strolling-into-sunset-768x512.jpg 768w, https:\/\/elephantguide.com\/wp-content\/uploads\/2022\/02\/elephant-strolling-into-sunset-1536x1024.jpg 1536w, https:\/\/elephantguide.com\/wp-content\/uploads\/2022\/02\/elephant-strolling-into-sunset-18x12.jpg 18w, https:\/\/elephantguide.com\/wp-content\/uploads\/2022\/02\/elephant-strolling-into-sunset-1200x800.jpg 1200w, https:\/\/elephantguide.com\/wp-content\/uploads\/2022\/02\/elephant-strolling-into-sunset.jpg 1600w\" sizes=\"auto, (max-width: 300px) 100vw, 300px\" \/><\/div><a class=\"wp-block-latest-posts__post-title\" href=\"https:\/\/elephantguide.com\/es-mx\/visitar-elefante-santuario-orfanato\/\">Todo lo que debe saber para visitar un santuario\/orfanato de elefantes<\/a><time datetime=\"2022-08-06T19:15:16+00:00\" class=\"wp-block-latest-posts__post-date\">6 de agosto de 2022<\/time><\/li>\n<li><div class=\"wp-block-latest-posts__featured-image aligncenter\"><img loading=\"lazy\" decoding=\"async\" width=\"300\" height=\"200\" src=\"https:\/\/elephantguide.com\/wp-content\/uploads\/2022\/03\/elephant-walking-nature-300x200.jpg\" class=\"attachment-medium size-medium wp-post-image\" alt=\"\" style=\"\" srcset=\"https:\/\/elephantguide.com\/wp-content\/uploads\/2022\/03\/elephant-walking-nature-300x200.jpg 300w, https:\/\/elephantguide.com\/wp-content\/uploads\/2022\/03\/elephant-walking-nature-1024x682.jpg 1024w, https:\/\/elephantguide.com\/wp-content\/uploads\/2022\/03\/elephant-walking-nature-768x512.jpg 768w, https:\/\/elephantguide.com\/wp-content\/uploads\/2022\/03\/elephant-walking-nature-18x12.jpg 18w, https:\/\/elephantguide.com\/wp-content\/uploads\/2022\/03\/elephant-walking-nature-1200x800.jpg 1200w, https:\/\/elephantguide.com\/wp-content\/uploads\/2022\/03\/elephant-walking-nature.jpg 1400w\" sizes=\"auto, (max-width: 300px) 100vw, 300px\" \/><\/div><a class=\"wp-block-latest-posts__post-title\" href=\"https:\/\/elephantguide.com\/es-mx\/adoptar-un-elefante\/\">Todo lo que debe saber sobre la adopci\u00f3n de un elefante<\/a><time datetime=\"2022-03-29T16:04:57+00:00\" class=\"wp-block-latest-posts__post-date\">29 de marzo de 2022<\/time><\/li>\n<\/ul>\n\n\n<hr class=\"wp-block-separator has-alpha-channel-opacity is-style-dots\"\/>\n\n\n\n<figure class=\"wp-block-pullquote\"><blockquote><p>Lo menos que puedo hacer es hablar en nombre de quienes no pueden hacerlo por s\u00ed mismos.<\/p><cite>Jane Goodall<\/cite><\/blockquote><\/figure>\n\n\n\n<hr class=\"wp-block-separator has-alpha-channel-opacity is-style-dots\"\/>\n\n\n\n<div class=\"wp-block-group alignfull has-accent-background-color has-background\"><div class=\"wp-block-group__inner-container is-layout-flow wp-block-group-is-layout-flow\">\n<p class=\"has-text-align-left has-large-font-size\"><strong>\u00bfPor qu\u00e9 leer nuestros art\u00edculos?<\/strong><\/p>\n\n\n\n<ul class=\"wp-block-list\">\n<li>Nuestro equipo est\u00e1 compuesto por experimentados periodistas africanos especializados en fauna salvaje con amplios conocimientos sobre el terreno.<\/li>\n\n\n\n<li>Los colaboradores han aparecido en producciones tan prestigiosas como \"Planeta Tierra\" y la revista National Geographic.<\/li>\n\n\n\n<li>C\u00e9lebres fot\u00f3grafos con buen ojo para captar la esencia de los elefantes africanos en su h\u00e1bitat natural.<\/li>\n\n\n\n<li>Defensores entregados que han participado en proyectos pr\u00e1cticos de conservaci\u00f3n de elefantes, logrando un impacto tangible.<\/li>\n\n\n\n<li>Compromiso inquebrantable para ilustrar a los lectores sobre las maravillas de los incre\u00edbles elefantes y la importancia de preservar sus ecosistemas.<\/li>\n<\/ul>\n<\/div><\/div>","protected":false},"excerpt":{"rendered":"<p>Dive into the world of elephant conservation, discovering the essential efforts to protect our elephants, preserve their habitats, and ensure a thriving future. United for Elephants: Embracing the Mission of Conservation Become an integral part of the crucial mission to protect and conserve the great elephants that grace our planet. Learn about the challenges they [&hellip;]<\/p>\n","protected":false},"author":3,"featured_media":0,"parent":0,"menu_order":0,"comment_status":"closed","ping_status":"closed","template":"","meta":{"footnotes":""},"class_list":["post-1340","page","type-page","status-publish","hentry"],"yoast_head":"<!-- This site is optimized with the Yoast SEO plugin v27.3 - https:\/\/yoast.com\/product\/yoast-seo-wordpress\/ -->\n<title>Conservation Efforts of Elephants - The Elephant Guide<\/title>\n<meta name=\"robots\" content=\"index, follow, max-snippet:-1, max-image-preview:large, max-video-preview:-1\" \/>\n<link rel=\"canonical\" href=\"https:\/\/elephantguide.com\/es-mx\/esfuerzos-de-conservacion\/\" \/>\n<meta property=\"og:locale\" content=\"es_MX\" \/>\n<meta property=\"og:type\" content=\"article\" \/>\n<meta property=\"og:title\" content=\"Conservation Efforts of Elephants - The Elephant Guide\" \/>\n<meta property=\"og:description\" content=\"Dive into the world of elephant conservation, discovering the essential efforts to protect our elephants, preserve their habitats, and ensure a thriving future. United for Elephants: Embracing the Mission of Conservation Become an integral part of the crucial mission to protect and conserve the great elephants that grace our planet. Learn about the challenges they [&hellip;]\" \/>\n<meta property=\"og:url\" content=\"https:\/\/elephantguide.com\/es-mx\/esfuerzos-de-conservacion\/\" \/>\n<meta property=\"og:site_name\" content=\"The Elephant Guide\" \/>\n<meta property=\"article:modified_time\" content=\"2023-03-28T08:04:09+00:00\" \/>\n<meta property=\"og:image\" content=\"https:\/\/elephantguide.com\/wp-content\/uploads\/2023\/03\/elephant-in-the-sunset.jpg\" \/>\n<meta name=\"twitter:card\" content=\"summary_large_image\" \/>\n<meta name=\"twitter:label1\" content=\"Tiempo de lectura\" \/>\n\t<meta name=\"twitter:data1\" content=\"3 minutos\" \/>\n<script type=\"application\/ld+json\" class=\"yoast-schema-graph\">{\"@context\":\"https:\\\/\\\/schema.org\",\"@graph\":[{\"@type\":\"WebPage\",\"@id\":\"https:\\\/\\\/elephantguide.com\\\/conservation-efforts\\\/\",\"url\":\"https:\\\/\\\/elephantguide.com\\\/conservation-efforts\\\/\",\"name\":\"Conservation Efforts of Elephants - The Elephant Guide\",\"isPartOf\":{\"@id\":\"https:\\\/\\\/elephantguide.com\\\/en\\\/#website\"},\"primaryImageOfPage\":{\"@id\":\"https:\\\/\\\/elephantguide.com\\\/conservation-efforts\\\/#primaryimage\"},\"image\":{\"@id\":\"https:\\\/\\\/elephantguide.com\\\/conservation-efforts\\\/#primaryimage\"},\"thumbnailUrl\":\"https:\\\/\\\/elephantguide.com\\\/wp-content\\\/uploads\\\/2023\\\/03\\\/elephant-in-the-sunset.jpg\",\"datePublished\":\"2023-03-27T21:49:31+00:00\",\"dateModified\":\"2023-03-28T08:04:09+00:00\",\"breadcrumb\":{\"@id\":\"https:\\\/\\\/elephantguide.com\\\/conservation-efforts\\\/#breadcrumb\"},\"inLanguage\":\"es\",\"potentialAction\":[{\"@type\":\"ReadAction\",\"target\":[\"https:\\\/\\\/elephantguide.com\\\/conservation-efforts\\\/\"]}]},{\"@type\":\"ImageObject\",\"inLanguage\":\"es\",\"@id\":\"https:\\\/\\\/elephantguide.com\\\/conservation-efforts\\\/#primaryimage\",\"url\":\"https:\\\/\\\/elephantguide.com\\\/wp-content\\\/uploads\\\/2023\\\/03\\\/elephant-in-the-sunset.jpg\",\"contentUrl\":\"https:\\\/\\\/elephantguide.com\\\/wp-content\\\/uploads\\\/2023\\\/03\\\/elephant-in-the-sunset.jpg\"},{\"@type\":\"BreadcrumbList\",\"@id\":\"https:\\\/\\\/elephantguide.com\\\/conservation-efforts\\\/#breadcrumb\",\"itemListElement\":[{\"@type\":\"ListItem\",\"position\":1,\"name\":\"Home\",\"item\":\"https:\\\/\\\/elephantguide.com\\\/\"},{\"@type\":\"ListItem\",\"position\":2,\"name\":\"Conservation Efforts of Elephants\"}]},{\"@type\":\"WebSite\",\"@id\":\"https:\\\/\\\/elephantguide.com\\\/en\\\/#website\",\"url\":\"https:\\\/\\\/elephantguide.com\\\/en\\\/\",\"name\":\"The Elephant Guide\",\"description\":\"Facts about elephants and best places to see them in the wild\",\"publisher\":{\"@id\":\"https:\\\/\\\/elephantguide.com\\\/en\\\/#organization\"},\"potentialAction\":[{\"@type\":\"SearchAction\",\"target\":{\"@type\":\"EntryPoint\",\"urlTemplate\":\"https:\\\/\\\/elephantguide.com\\\/en\\\/?s={search_term_string}\"},\"query-input\":{\"@type\":\"PropertyValueSpecification\",\"valueRequired\":true,\"valueName\":\"search_term_string\"}}],\"inLanguage\":\"es\"},{\"@type\":\"Organization\",\"@id\":\"https:\\\/\\\/elephantguide.com\\\/en\\\/#organization\",\"name\":\"The Elephant Guide\",\"url\":\"https:\\\/\\\/elephantguide.com\\\/en\\\/\",\"logo\":{\"@type\":\"ImageObject\",\"inLanguage\":\"es\",\"@id\":\"https:\\\/\\\/elephantguide.com\\\/en\\\/#\\\/schema\\\/logo\\\/image\\\/\",\"url\":\"https:\\\/\\\/elephantguide.com\\\/wp-content\\\/uploads\\\/2022\\\/02\\\/elephanticon.png\",\"contentUrl\":\"https:\\\/\\\/elephantguide.com\\\/wp-content\\\/uploads\\\/2022\\\/02\\\/elephanticon.png\",\"width\":1000,\"height\":1000,\"caption\":\"The Elephant Guide\"},\"image\":{\"@id\":\"https:\\\/\\\/elephantguide.com\\\/en\\\/#\\\/schema\\\/logo\\\/image\\\/\"}}]}<\/script>\n<!-- \/ Yoast SEO plugin. -->","yoast_head_json":{"title":"Esfuerzos de conservaci\u00f3n de los elefantes - Gu\u00eda del Elefante","robots":{"index":"index","follow":"follow","max-snippet":"max-snippet:-1","max-image-preview":"max-image-preview:large","max-video-preview":"max-video-preview:-1"},"canonical":"https:\/\/elephantguide.com\/es-mx\/esfuerzos-de-conservacion\/","og_locale":"es_MX","og_type":"article","og_title":"Conservation Efforts of Elephants - The Elephant Guide","og_description":"Dive into the world of elephant conservation, discovering the essential efforts to protect our elephants, preserve their habitats, and ensure a thriving future. United for Elephants: Embracing the Mission of Conservation Become an integral part of the crucial mission to protect and conserve the great elephants that grace our planet. Learn about the challenges they [&hellip;]","og_url":"https:\/\/elephantguide.com\/es-mx\/esfuerzos-de-conservacion\/","og_site_name":"The Elephant Guide","article_modified_time":"2023-03-28T08:04:09+00:00","og_image":[{"url":"https:\/\/elephantguide.com\/wp-content\/uploads\/2023\/03\/elephant-in-the-sunset.jpg","type":"","width":"","height":""}],"twitter_card":"summary_large_image","twitter_misc":{"Tiempo de lectura":"3 minutos"},"schema":{"@context":"https:\/\/schema.org","@graph":[{"@type":"WebPage","@id":"https:\/\/elephantguide.com\/conservation-efforts\/","url":"https:\/\/elephantguide.com\/conservation-efforts\/","name":"Esfuerzos de conservaci\u00f3n de los elefantes - Gu\u00eda del Elefante","isPartOf":{"@id":"https:\/\/elephantguide.com\/en\/#website"},"primaryImageOfPage":{"@id":"https:\/\/elephantguide.com\/conservation-efforts\/#primaryimage"},"image":{"@id":"https:\/\/elephantguide.com\/conservation-efforts\/#primaryimage"},"thumbnailUrl":"https:\/\/elephantguide.com\/wp-content\/uploads\/2023\/03\/elephant-in-the-sunset.jpg","datePublished":"2023-03-27T21:49:31+00:00","dateModified":"2023-03-28T08:04:09+00:00","breadcrumb":{"@id":"https:\/\/elephantguide.com\/conservation-efforts\/#breadcrumb"},"inLanguage":"es","potentialAction":[{"@type":"ReadAction","target":["https:\/\/elephantguide.com\/conservation-efforts\/"]}]},{"@type":"ImageObject","inLanguage":"es","@id":"https:\/\/elephantguide.com\/conservation-efforts\/#primaryimage","url":"https:\/\/elephantguide.com\/wp-content\/uploads\/2023\/03\/elephant-in-the-sunset.jpg","contentUrl":"https:\/\/elephantguide.com\/wp-content\/uploads\/2023\/03\/elephant-in-the-sunset.jpg"},{"@type":"BreadcrumbList","@id":"https:\/\/elephantguide.com\/conservation-efforts\/#breadcrumb","itemListElement":[{"@type":"ListItem","position":1,"name":"Home","item":"https:\/\/elephantguide.com\/"},{"@type":"ListItem","position":2,"name":"Conservation Efforts of Elephants"}]},{"@type":"WebSite","@id":"https:\/\/elephantguide.com\/en\/#website","url":"https:\/\/elephantguide.com\/en\/","name":"Gu\u00eda del elefante","description":"Datos sobre los elefantes y los mejores lugares para verlos en libertad","publisher":{"@id":"https:\/\/elephantguide.com\/en\/#organization"},"potentialAction":[{"@type":"SearchAction","target":{"@type":"EntryPoint","urlTemplate":"https:\/\/elephantguide.com\/en\/?s={search_term_string}"},"query-input":{"@type":"PropertyValueSpecification","valueRequired":true,"valueName":"search_term_string"}}],"inLanguage":"es"},{"@type":"Organization","@id":"https:\/\/elephantguide.com\/en\/#organization","name":"Gu\u00eda del elefante","url":"https:\/\/elephantguide.com\/en\/","logo":{"@type":"ImageObject","inLanguage":"es","@id":"https:\/\/elephantguide.com\/en\/#\/schema\/logo\/image\/","url":"https:\/\/elephantguide.com\/wp-content\/uploads\/2022\/02\/elephanticon.png","contentUrl":"https:\/\/elephantguide.com\/wp-content\/uploads\/2022\/02\/elephanticon.png","width":1000,"height":1000,"caption":"The Elephant Guide"},"image":{"@id":"https:\/\/elephantguide.com\/en\/#\/schema\/logo\/image\/"}}]}},"yoast_title":"","yoast_description":"","yoast_keyword":"conservation efforts","_links":{"self":[{"href":"https:\/\/elephantguide.com\/es-mx\/wp-json\/wp\/v2\/pages\/1340","targetHints":{"allow":["GET"]}}],"collection":[{"href":"https:\/\/elephantguide.com\/es-mx\/wp-json\/wp\/v2\/pages"}],"about":[{"href":"https:\/\/elephantguide.com\/es-mx\/wp-json\/wp\/v2\/types\/page"}],"author":[{"embeddable":true,"href":"https:\/\/elephantguide.com\/es-mx\/wp-json\/wp\/v2\/users\/3"}],"replies":[{"embeddable":true,"href":"https:\/\/elephantguide.com\/es-mx\/wp-json\/wp\/v2\/comments?post=1340"}],"version-history":[{"count":9,"href":"https:\/\/elephantguide.com\/es-mx\/wp-json\/wp\/v2\/pages\/1340\/revisions"}],"predecessor-version":[{"id":1403,"href":"https:\/\/elephantguide.com\/es-mx\/wp-json\/wp\/v2\/pages\/1340\/revisions\/1403"}],"wp:attachment":[{"href":"https:\/\/elephantguide.com\/es-mx\/wp-json\/wp\/v2\/media?parent=1340"}],"curies":[{"name":"wp","href":"https:\/\/api.w.org\/{rel}","templated":true}]}}