{"id":149,"date":"2021-12-11T14:23:56","date_gmt":"2021-12-11T14:23:56","guid":{"rendered":"https:\/\/elephantguide.com\/?page_id=149"},"modified":"2023-04-05T15:37:40","modified_gmt":"2023-04-05T15:37:40","slug":"cookies","status":"publish","type":"page","link":"https:\/\/elephantguide.com\/de\/datenschutzbestimmungen\/cookies\/","title":{"rendered":"Cookies"},"content":{"rendered":"<h2 class=\"wp-block-heading\">Wir verwenden Cookies<\/h2>\n\n\n\n<p>Um Ihnen beim Besuch unserer Website einen vollen Funktionsumfang bieten zu k\u00f6nnen, Ihre Pr\u00e4ferenzen zu erkennen und die Nutzung unserer Website bequemer und komfortabler zu gestalten, verwenden wir \"Cookies\".<\/p>\n\n\n\n<h2 class=\"wp-block-heading\">Was sind Cookies?<\/h2>\n\n\n\n<p>Ein Cookie ist eine kleine Datei oder Information, die auf Ihrem Computer oder Ger\u00e4t gespeichert wird, wenn Sie die Website besuchen. Solche Technologien erm\u00f6glichen es uns, Ihre Handlungen und Pr\u00e4ferenzen (z. B. Sprache, Dauer Ihrer Interaktion mit uns \u00fcber ein Analysetool usw.) \u00fcber einen bestimmten Zeitraum hinweg zu speichern.<\/p>\n\n\n\n<h2 class=\"wp-block-heading\">Ihre Optionen<\/h2>\n\n\n\n<p>Sie k\u00f6nnen unsere Website in der Regel auch ohne Cookies betrachten, aber bestimmte Teile der Website funktionieren m\u00f6glicherweise nicht richtig oder die Navigation ist langsamer.<\/p>\n\n\n\n<p>Wenn Sie nicht w\u00fcnschen, dass Cookies auf Ihrem Computer oder Ger\u00e4t gespeichert werden, k\u00f6nnen Sie die entsprechende Option in den Systemeinstellungen Ihres Browsers deaktivieren. Sie k\u00f6nnen gespeicherte Cookies auch jederzeit in den Systemeinstellungen Ihres Browsers l\u00f6schen.<\/p>\n\n\n\n<p>Weitere Informationen zum Deaktivieren oder L\u00f6schen von Cookies finden Sie unter&nbsp;<a href=\"https:\/\/www.aboutcookies.org\/cookie-faq\/\" target=\"_blank\" rel=\"noreferrer noopener\">hier<\/a>. Bitte bedenken Sie jedoch, dass die Funktionalit\u00e4t unserer Angebote eingeschr\u00e4nkt sein kann, wenn Sie keine Cookies akzeptieren.<\/p>\n\n\n\n<h2 class=\"wp-block-heading\">Kategorien von Cookies<\/h2>\n\n\n\n<figure class=\"wp-block-table\"><table><thead><tr><td><strong>Art des Cookies<\/strong><\/td><td><strong>Zweck<\/strong><\/td><td><strong>Maximale Lebenserwartung<\/strong><\/td><\/tr><\/thead><tbody><tr><td><strong>Erforderliche Cookies<\/strong><\/td><td>Diese Cookies sind erforderlich, um zentrale Funktionen der Website zu erm\u00f6glichen. Ohne sie k\u00f6nnen die von Ihnen angeforderten Dienste nicht bereitgestellt werden. Wenn Sie diese Cookies deaktivieren, werden bestimmte Teile der Website f\u00fcr Sie nicht funktionieren.<\/td><td>bis zu 24 Monate<\/td><\/tr><tr><td><strong>Analyse-Cookies<\/strong><\/td><td>Diese Cookies helfen uns, das Angebot zu verbessern oder zu optimieren. Sie erm\u00f6glichen es uns zu messen, wie Besucher mit der Website interagieren, und die Benutzererfahrung und die Leistung der Website zu verbessern.<br><br>Sie werden verwendet, um technische Informationen zu sammeln, wie z. B. den letzten Besuch der Website, die Anzahl der besuchten Seiten, die angeklickten Teile unserer Website und die Zeitspanne zwischen den Klicks. Bitte lesen Sie den Abschnitt \"Details \u00fcber Dritte und unsere g\u00e4ngigsten Cookies\" weiter unten, um zu erfahren, wo diese Cookies von Dritten gesetzt werden.<\/td><td>bis zu 24 Monate<\/td><\/tr><\/tbody><\/table><\/figure>\n\n\n\n<p>Details \u00fcber Dritte und unsere g\u00e4ngigsten Cookies:<\/p>\n\n\n\n<figure class=\"wp-block-table\"><table><thead><tr><td><strong>Name des Cookies<\/strong><\/td><td><strong>Cookie-Anbieter<\/strong><\/td><td><strong>Zweck<\/strong><\/td><\/tr><\/thead><tbody><tr><td>Ezoisch<\/td><td>Ezoisch<\/td><td>Ezoic kann personenbezogene Daten im Sinne der DSGVO (z. B. die IP-Adresse und eine eindeutige Kennung in einem Cookie) \u00fcber die Besucher Ihrer Website zum Zwecke der Statistik, Analyse und Personalisierung erfassen. Dar\u00fcber hinaus arbeitet Ezoic f\u00fcr die Erhebung und Speicherung von Daten und die Bereitstellung von Analyse- und Werbedienstleistungen mit zahlreichen Drittanbietern zusammen. <a href=\"https:\/\/g.ezoic.net\/privacy\/elephantguide.com\" target=\"_blank\" rel=\"noreferrer noopener nofollow\">Weitere Informationen<\/a>.<\/td><\/tr><\/tbody><\/table><\/figure>\n\n\n\n<h2 class=\"wp-block-heading\">Angegliederte Produkte und Links<\/h2>\n\n\n\n<p>Wir k\u00f6nnen Werbung von Dritten und andere Inhalte anzeigen, die auf Websites Dritter verweisen. Wenn Sie auf eine Werbung oder einen Link eines Drittanbieters klicken, beachten Sie bitte, dass Sie unsere Website verlassen und alle von Ihnen bereitgestellten Daten in \u00dcbereinstimmung mit den jeweiligen Datenschutz- und Cookie-Richtlinien des Drittanbieters verarbeitet werden, die wir Ihnen empfehlen, vorher zu lesen.<\/p>\n\n\n\n<h2 class=\"wp-block-heading\">Mehr Details<\/h2>\n\n\n\n<p>Wenn Sie sich mit uns in Verbindung setzen oder mehr \u00fcber die Art und Weise erfahren m\u00f6chten, wie wir Ihre personenbezogenen Daten verarbeiten, konsultieren Sie bitte unsere&nbsp;<a href=\"\/de\/datenschutzbestimmungen\/\">Datenschutzbestimmungen<\/a>.<\/p>","protected":false},"excerpt":{"rendered":"<p>We use Cookies To offer you a full range of functions when you visit our website, recognize your preferences, and make the use of our website more comfortable and convenient, we use \u201ccookies.\u201d What are Cookies? A cookie is a small file or information saved on your computer or device when you visit the website. [&hellip;]<\/p>\n","protected":false},"author":3,"featured_media":0,"parent":3,"menu_order":0,"comment_status":"closed","ping_status":"closed","template":"","meta":{"footnotes":""},"class_list":["post-149","page","type-page","status-publish","hentry"],"yoast_head":"<!-- This site is optimized with the Yoast SEO plugin v27.3 - https:\/\/yoast.com\/product\/yoast-seo-wordpress\/ -->\n<title>Cookies - The Elephant Guide<\/title>\n<meta name=\"description\" content=\"Cookie Policy of The Elephant Guide. What data do we store?\" \/>\n<meta name=\"robots\" content=\"index, follow, max-snippet:-1, max-image-preview:large, max-video-preview:-1\" \/>\n<link rel=\"canonical\" href=\"https:\/\/elephantguide.com\/de\/datenschutzbestimmungen\/cookies\/\" \/>\n<meta property=\"og:locale\" content=\"de_DE\" \/>\n<meta property=\"og:type\" content=\"article\" \/>\n<meta property=\"og:title\" content=\"Cookies - The Elephant Guide\" \/>\n<meta property=\"og:description\" content=\"Cookie Policy of The Elephant Guide. What data do we store?\" \/>\n<meta property=\"og:url\" content=\"https:\/\/elephantguide.com\/de\/datenschutzbestimmungen\/cookies\/\" \/>\n<meta property=\"og:site_name\" content=\"The Elephant Guide\" \/>\n<meta property=\"article:modified_time\" content=\"2023-04-05T15:37:40+00:00\" \/>\n<meta name=\"twitter:card\" content=\"summary_large_image\" \/>\n<meta name=\"twitter:label1\" content=\"Gesch\u00e4tzte Lesezeit\" \/>\n\t<meta name=\"twitter:data1\" content=\"3\u00a0Minuten\" \/>\n<script type=\"application\/ld+json\" class=\"yoast-schema-graph\">{\"@context\":\"https:\\\/\\\/schema.org\",\"@graph\":[{\"@type\":\"WebPage\",\"@id\":\"https:\\\/\\\/elephantguide.com\\\/privacy-policy\\\/cookies\\\/\",\"url\":\"https:\\\/\\\/elephantguide.com\\\/privacy-policy\\\/cookies\\\/\",\"name\":\"Cookies - The Elephant Guide\",\"isPartOf\":{\"@id\":\"https:\\\/\\\/elephantguide.com\\\/en\\\/#website\"},\"datePublished\":\"2021-12-11T14:23:56+00:00\",\"dateModified\":\"2023-04-05T15:37:40+00:00\",\"description\":\"Cookie Policy of The Elephant Guide. What data do we store?\",\"breadcrumb\":{\"@id\":\"https:\\\/\\\/elephantguide.com\\\/privacy-policy\\\/cookies\\\/#breadcrumb\"},\"inLanguage\":\"de\",\"potentialAction\":[{\"@type\":\"ReadAction\",\"target\":[\"https:\\\/\\\/elephantguide.com\\\/privacy-policy\\\/cookies\\\/\"]}]},{\"@type\":\"BreadcrumbList\",\"@id\":\"https:\\\/\\\/elephantguide.com\\\/privacy-policy\\\/cookies\\\/#breadcrumb\",\"itemListElement\":[{\"@type\":\"ListItem\",\"position\":1,\"name\":\"Home\",\"item\":\"https:\\\/\\\/elephantguide.com\\\/\"},{\"@type\":\"ListItem\",\"position\":2,\"name\":\"Privacy Policy\",\"item\":\"https:\\\/\\\/elephantguide.com\\\/privacy-policy\\\/\"},{\"@type\":\"ListItem\",\"position\":3,\"name\":\"Cookies\"}]},{\"@type\":\"WebSite\",\"@id\":\"https:\\\/\\\/elephantguide.com\\\/en\\\/#website\",\"url\":\"https:\\\/\\\/elephantguide.com\\\/en\\\/\",\"name\":\"The Elephant Guide\",\"description\":\"Facts about elephants and best places to see them in the wild\",\"publisher\":{\"@id\":\"https:\\\/\\\/elephantguide.com\\\/en\\\/#organization\"},\"potentialAction\":[{\"@type\":\"SearchAction\",\"target\":{\"@type\":\"EntryPoint\",\"urlTemplate\":\"https:\\\/\\\/elephantguide.com\\\/en\\\/?s={search_term_string}\"},\"query-input\":{\"@type\":\"PropertyValueSpecification\",\"valueRequired\":true,\"valueName\":\"search_term_string\"}}],\"inLanguage\":\"de\"},{\"@type\":\"Organization\",\"@id\":\"https:\\\/\\\/elephantguide.com\\\/en\\\/#organization\",\"name\":\"The Elephant Guide\",\"url\":\"https:\\\/\\\/elephantguide.com\\\/en\\\/\",\"logo\":{\"@type\":\"ImageObject\",\"inLanguage\":\"de\",\"@id\":\"https:\\\/\\\/elephantguide.com\\\/en\\\/#\\\/schema\\\/logo\\\/image\\\/\",\"url\":\"https:\\\/\\\/elephantguide.com\\\/wp-content\\\/uploads\\\/2022\\\/02\\\/elephanticon.png\",\"contentUrl\":\"https:\\\/\\\/elephantguide.com\\\/wp-content\\\/uploads\\\/2022\\\/02\\\/elephanticon.png\",\"width\":1000,\"height\":1000,\"caption\":\"The Elephant Guide\"},\"image\":{\"@id\":\"https:\\\/\\\/elephantguide.com\\\/en\\\/#\\\/schema\\\/logo\\\/image\\\/\"}}]}<\/script>\n<!-- \/ Yoast SEO plugin. -->","yoast_head_json":{"title":"Kekse - Der Elefantenf\u00fchrer","description":"Cookie-Richtlinie von The Elephant Guide. Welche Daten speichern wir?","robots":{"index":"index","follow":"follow","max-snippet":"max-snippet:-1","max-image-preview":"max-image-preview:large","max-video-preview":"max-video-preview:-1"},"canonical":"https:\/\/elephantguide.com\/de\/datenschutzbestimmungen\/cookies\/","og_locale":"de_DE","og_type":"article","og_title":"Cookies - The Elephant Guide","og_description":"Cookie Policy of The Elephant Guide. What data do we store?","og_url":"https:\/\/elephantguide.com\/de\/datenschutzbestimmungen\/cookies\/","og_site_name":"The Elephant Guide","article_modified_time":"2023-04-05T15:37:40+00:00","twitter_card":"summary_large_image","twitter_misc":{"Gesch\u00e4tzte Lesezeit":"3\u00a0Minuten"},"schema":{"@context":"https:\/\/schema.org","@graph":[{"@type":"WebPage","@id":"https:\/\/elephantguide.com\/privacy-policy\/cookies\/","url":"https:\/\/elephantguide.com\/privacy-policy\/cookies\/","name":"Kekse - Der Elefantenf\u00fchrer","isPartOf":{"@id":"https:\/\/elephantguide.com\/en\/#website"},"datePublished":"2021-12-11T14:23:56+00:00","dateModified":"2023-04-05T15:37:40+00:00","description":"Cookie-Richtlinie von The Elephant Guide. Welche Daten speichern wir?","breadcrumb":{"@id":"https:\/\/elephantguide.com\/privacy-policy\/cookies\/#breadcrumb"},"inLanguage":"de","potentialAction":[{"@type":"ReadAction","target":["https:\/\/elephantguide.com\/privacy-policy\/cookies\/"]}]},{"@type":"BreadcrumbList","@id":"https:\/\/elephantguide.com\/privacy-policy\/cookies\/#breadcrumb","itemListElement":[{"@type":"ListItem","position":1,"name":"Home","item":"https:\/\/elephantguide.com\/"},{"@type":"ListItem","position":2,"name":"Privacy Policy","item":"https:\/\/elephantguide.com\/privacy-policy\/"},{"@type":"ListItem","position":3,"name":"Cookies"}]},{"@type":"WebSite","@id":"https:\/\/elephantguide.com\/en\/#website","url":"https:\/\/elephantguide.com\/en\/","name":"Der Elefantenf\u00fchrer","description":"Fakten \u00fcber Elefanten und die besten Orte, um sie in freier Wildbahn zu sehen","publisher":{"@id":"https:\/\/elephantguide.com\/en\/#organization"},"potentialAction":[{"@type":"SearchAction","target":{"@type":"EntryPoint","urlTemplate":"https:\/\/elephantguide.com\/en\/?s={search_term_string}"},"query-input":{"@type":"PropertyValueSpecification","valueRequired":true,"valueName":"search_term_string"}}],"inLanguage":"de"},{"@type":"Organization","@id":"https:\/\/elephantguide.com\/en\/#organization","name":"Der Elefantenf\u00fchrer","url":"https:\/\/elephantguide.com\/en\/","logo":{"@type":"ImageObject","inLanguage":"de","@id":"https:\/\/elephantguide.com\/en\/#\/schema\/logo\/image\/","url":"https:\/\/elephantguide.com\/wp-content\/uploads\/2022\/02\/elephanticon.png","contentUrl":"https:\/\/elephantguide.com\/wp-content\/uploads\/2022\/02\/elephanticon.png","width":1000,"height":1000,"caption":"The Elephant Guide"},"image":{"@id":"https:\/\/elephantguide.com\/en\/#\/schema\/logo\/image\/"}}]}},"yoast_title":"","yoast_description":"Cookie Policy of The Elephant Guide. What data do we store?","yoast_keyword":"cookie policy","_links":{"self":[{"href":"https:\/\/elephantguide.com\/de\/wp-json\/wp\/v2\/pages\/149","targetHints":{"allow":["GET"]}}],"collection":[{"href":"https:\/\/elephantguide.com\/de\/wp-json\/wp\/v2\/pages"}],"about":[{"href":"https:\/\/elephantguide.com\/de\/wp-json\/wp\/v2\/types\/page"}],"author":[{"embeddable":true,"href":"https:\/\/elephantguide.com\/de\/wp-json\/wp\/v2\/users\/3"}],"replies":[{"embeddable":true,"href":"https:\/\/elephantguide.com\/de\/wp-json\/wp\/v2\/comments?post=149"}],"version-history":[{"count":4,"href":"https:\/\/elephantguide.com\/de\/wp-json\/wp\/v2\/pages\/149\/revisions"}],"predecessor-version":[{"id":1486,"href":"https:\/\/elephantguide.com\/de\/wp-json\/wp\/v2\/pages\/149\/revisions\/1486"}],"up":[{"embeddable":true,"href":"https:\/\/elephantguide.com\/de\/wp-json\/wp\/v2\/pages\/3"}],"wp:attachment":[{"href":"https:\/\/elephantguide.com\/de\/wp-json\/wp\/v2\/media?parent=149"}],"curies":[{"name":"wp","href":"https:\/\/api.w.org\/{rel}","templated":true}]}}