{"id":1310,"date":"2023-03-27T20:52:44","date_gmt":"2023-03-27T20:52:44","guid":{"rendered":"https:\/\/elephantguide.com\/elephant-destinations-copy\/"},"modified":"2023-03-28T08:03:48","modified_gmt":"2023-03-28T08:03:48","slug":"elefanten-anatomie","status":"publish","type":"page","link":"https:\/\/elephantguide.com\/de\/elefanten-anatomie\/","title":{"rendered":"Elefanten Anatomie \ud83d\udc18"},"content":{"rendered":"<p class=\"has-text-align-center has-large-font-size\"><br>Entdecken Sie die komplizierten Details der Anatomie des Elefanten, die die faszinierende Mischung aus St\u00e4rke, Anpassungsf\u00e4higkeit und Anmut der Natur offenbaren. Jetzt erforschen!<\/p>\n\n\n\n<hr class=\"wp-block-separator has-alpha-channel-opacity is-style-dots\"\/>\n\n\n\n<div class=\"wp-block-group alignwide\"><div class=\"wp-block-group__inner-container is-layout-flow wp-block-group-is-layout-flow\">\n<h2 class=\"alignwide has-text-align-center wp-block-heading\" id=\"facts-about-elephants-and-best-places-to-see-them-in-the-wild\">Entdecke die Anatomie des Elefanten: Er ist nicht wie jedes andere Tier<\/h2>\n\n\n\n<p>Betrachten Sie diese Seite als Ihre Anlaufstelle f\u00fcr alle Informationen \u00fcber die beeindruckende Anatomie der Elefanten. <\/p>\n\n\n\n<p>Wir erkunden ihre bemerkenswerten <a href=\"https:\/\/elephantguide.com\/de\/was-ist-der-elefantenrussel-und-was-tut-er-fur-einen-elefanten\/\">St\u00e4mme<\/a>, hoch aufragende Gliedma\u00dfen, verschlungene <a href=\"https:\/\/elephantguide.com\/de\/wie-viele-knochen-hat-ein-elefant\/\">Knochenstruktur<\/a>, kr\u00e4ftige Muskeln <a href=\"https:\/\/elephantguide.com\/de\/warum-haben-elefanten-grose-ohren\/\">ausgedehnte Ohren<\/a>, spezialisiert <a href=\"https:\/\/elephantguide.com\/de\/wie-viele-magen-hat-ein-elefant-zu-haben\/\">M\u00e4gen<\/a>, und beeindruckend <a href=\"https:\/\/elephantguide.com\/de\/elefanten-haben-stosszahne-alles-was-man-wissen-muss\/\">Sto\u00dfz\u00e4hne<\/a>. <\/p>\n\n\n\n<p>Mit jedem faszinierenden Detail gewinnen Sie ein tieferes Verst\u00e4ndnis f\u00fcr diese gro\u00dfartigen Kreaturen und die au\u00dfergew\u00f6hnlichen Merkmale, die sie im Tierreich auszeichnen. <\/p>\n\n\n\n<p>Tauchen Sie ein und entdecken Sie die Wunder der Elefantenanatomie!<\/p>\n\n\n\n<figure class=\"wp-block-image alignfull size-full\"><img loading=\"lazy\" decoding=\"async\" width=\"1200\" height=\"550\" src=\"https:\/\/elephantguide.com\/wp-content\/uploads\/2023\/03\/close-up-elephant-eye.jpg\" alt=\"Nahaufnahme eines Elefantenauges und seines Gesichts, aufgenommen in Chang Mai, Thailand. Foto von Lauren Kay.\" class=\"wp-image-1314\" srcset=\"https:\/\/elephantguide.com\/wp-content\/uploads\/2023\/03\/close-up-elephant-eye.jpg 1200w, https:\/\/elephantguide.com\/wp-content\/uploads\/2023\/03\/close-up-elephant-eye-300x138.jpg 300w, https:\/\/elephantguide.com\/wp-content\/uploads\/2023\/03\/close-up-elephant-eye-1024x469.jpg 1024w, https:\/\/elephantguide.com\/wp-content\/uploads\/2023\/03\/close-up-elephant-eye-768x352.jpg 768w, https:\/\/elephantguide.com\/wp-content\/uploads\/2023\/03\/close-up-elephant-eye-18x8.jpg 18w\" sizes=\"auto, (max-width: 1200px) 100vw, 1200px\" \/><figcaption class=\"wp-element-caption\">Nahaufnahme des Auges eines Elefanten und seines Gesichts, aufgenommen in <a href=\"https:\/\/elephantguide.com\/de\/die-besten-orte-um-elefanten-in-thailand-zu-sehen\/\">Chang Mai, Thailand<\/a>. Foto von <a href=\"https:\/\/unsplash.com\/@lakael?utm_source=unsplash&amp;utm_medium=referral&amp;utm_content=creditCopyText\" target=\"_blank\" rel=\"noreferrer noopener nofollow\">Lauren Kay<\/a>.<\/figcaption><\/figure>\n<\/div><\/div>\n\n\n\n<hr class=\"wp-block-separator has-alpha-channel-opacity is-style-dots\"\/>\n\n\n\n<h2 class=\"alignwide has-text-align-center wp-block-heading\" id=\"how-many-species-of-elephant-are-there\">Tiefer eintauchen: Fesselnde Einblicke in die Physiologie der Elefanten<\/h2>\n\n\n\n<p>Tauchen Sie ein in unsere neuesten Anatomie-Artikel, die fesselnde Einblicke in die au\u00dfergew\u00f6hnlichen Merkmale und Wunder der Elefanten bieten. <\/p>\n\n\n\n<p>Von m\u00e4chtigen Baumst\u00e4mmen bis hin zu komplizierten Knochenstrukturen - entdecken Sie ihre faszinierenden Geheimnisse und vertiefen Sie Ihre Wertsch\u00e4tzung f\u00fcr diese bemerkenswerten Lebewesen. Bleiben Sie auf dem Laufenden und lassen Sie sich von den Wundern der Natur \u00fcberraschen!<\/p>\n\n\n<ul class=\"wp-block-latest-posts__list is-grid columns-3 has-dates alignwide wp-block-latest-posts\"><li><div class=\"wp-block-latest-posts__featured-image aligncenter\"><img loading=\"lazy\" decoding=\"async\" width=\"300\" height=\"172\" src=\"https:\/\/elephantguide.com\/wp-content\/uploads\/2022\/01\/elephant-tail-behind-300x172.jpg\" class=\"attachment-medium size-medium wp-post-image\" alt=\"Elefantenschwanz von hinten\" style=\"\" srcset=\"https:\/\/elephantguide.com\/wp-content\/uploads\/2022\/01\/elephant-tail-behind-300x172.jpg 300w, https:\/\/elephantguide.com\/wp-content\/uploads\/2022\/01\/elephant-tail-behind-1024x586.jpg 1024w, https:\/\/elephantguide.com\/wp-content\/uploads\/2022\/01\/elephant-tail-behind-768x439.jpg 768w, https:\/\/elephantguide.com\/wp-content\/uploads\/2022\/01\/elephant-tail-behind-1536x878.jpg 1536w, https:\/\/elephantguide.com\/wp-content\/uploads\/2022\/01\/elephant-tail-behind-18x10.jpg 18w, https:\/\/elephantguide.com\/wp-content\/uploads\/2022\/01\/elephant-tail-behind-1200x686.jpg 1200w, https:\/\/elephantguide.com\/wp-content\/uploads\/2022\/01\/elephant-tail-behind.jpg 1600w\" sizes=\"auto, (max-width: 300px) 100vw, 300px\" \/><\/div><a class=\"wp-block-latest-posts__post-title\" href=\"https:\/\/elephantguide.com\/de\/warum-haben-elefanten-einen-kleinen-schwanz\/\">Warum haben Elefanten einen kleinen Schwanz?<\/a><time datetime=\"2026-03-27T09:00:00+00:00\" class=\"wp-block-latest-posts__post-date\">M\u00e4rz 27, 2026<\/time><\/li>\n<li><div class=\"wp-block-latest-posts__featured-image aligncenter\"><img loading=\"lazy\" decoding=\"async\" width=\"300\" height=\"200\" src=\"https:\/\/elephantguide.com\/wp-content\/uploads\/2022\/03\/baby-elephant-trumpeting-300x200.jpg\" class=\"attachment-medium size-medium wp-post-image\" alt=\"Elefantenbaby trompetet\" style=\"\" srcset=\"https:\/\/elephantguide.com\/wp-content\/uploads\/2022\/03\/baby-elephant-trumpeting-300x200.jpg 300w, https:\/\/elephantguide.com\/wp-content\/uploads\/2022\/03\/baby-elephant-trumpeting-1024x683.jpg 1024w, https:\/\/elephantguide.com\/wp-content\/uploads\/2022\/03\/baby-elephant-trumpeting-768x512.jpg 768w, https:\/\/elephantguide.com\/wp-content\/uploads\/2022\/03\/baby-elephant-trumpeting-1536x1024.jpg 1536w, https:\/\/elephantguide.com\/wp-content\/uploads\/2022\/03\/baby-elephant-trumpeting-18x12.jpg 18w, https:\/\/elephantguide.com\/wp-content\/uploads\/2022\/03\/baby-elephant-trumpeting-1200x800.jpg 1200w, https:\/\/elephantguide.com\/wp-content\/uploads\/2022\/03\/baby-elephant-trumpeting.jpg 1600w\" sizes=\"auto, (max-width: 300px) 100vw, 300px\" \/><\/div><a class=\"wp-block-latest-posts__post-title\" href=\"https:\/\/elephantguide.com\/de\/fakten-uber-baby-elefanten\/\">Fakten \u00fcber Elefantenbabys: Warum sind wir von den K\u00e4lbern so fasziniert?<\/a><time datetime=\"2023-01-22T21:42:24+00:00\" class=\"wp-block-latest-posts__post-date\">22. Januar 2023<\/time><\/li>\n<li><div class=\"wp-block-latest-posts__featured-image aligncenter\"><img loading=\"lazy\" decoding=\"async\" width=\"300\" height=\"194\" src=\"https:\/\/elephantguide.com\/wp-content\/uploads\/2021\/12\/elephant-tusks-bull-fight-300x194.jpeg\" class=\"attachment-medium size-medium wp-post-image\" alt=\"M\u00e4nnliche Elefanten mit Sto\u00dfz\u00e4hnen im Kampf\" style=\"\" srcset=\"https:\/\/elephantguide.com\/wp-content\/uploads\/2021\/12\/elephant-tusks-bull-fight-300x194.jpeg 300w, https:\/\/elephantguide.com\/wp-content\/uploads\/2021\/12\/elephant-tusks-bull-fight-1024x661.jpeg 1024w, https:\/\/elephantguide.com\/wp-content\/uploads\/2021\/12\/elephant-tusks-bull-fight-768x496.jpeg 768w, https:\/\/elephantguide.com\/wp-content\/uploads\/2021\/12\/elephant-tusks-bull-fight-1536x992.jpeg 1536w, https:\/\/elephantguide.com\/wp-content\/uploads\/2021\/12\/elephant-tusks-bull-fight-18x12.jpeg 18w, https:\/\/elephantguide.com\/wp-content\/uploads\/2021\/12\/elephant-tusks-bull-fight-1200x775.jpeg 1200w, https:\/\/elephantguide.com\/wp-content\/uploads\/2021\/12\/elephant-tusks-bull-fight.jpeg 1920w\" sizes=\"auto, (max-width: 300px) 100vw, 300px\" \/><\/div><a class=\"wp-block-latest-posts__post-title\" href=\"https:\/\/elephantguide.com\/de\/elefanten-haben-stosszahne-alles-was-man-wissen-muss\/\">Elefanten haben Sto\u00dfz\u00e4hne: Alles, was Sie wissen m\u00fcssen<\/a><time datetime=\"2022-12-06T17:13:00+00:00\" class=\"wp-block-latest-posts__post-date\">Dezember 6, 2022<\/time><\/li>\n<li><div class=\"wp-block-latest-posts__featured-image aligncenter\"><img loading=\"lazy\" decoding=\"async\" width=\"300\" height=\"203\" src=\"https:\/\/elephantguide.com\/wp-content\/uploads\/2022\/06\/elephant-in-water-lifting-tree-300x203.jpg\" class=\"attachment-medium size-medium wp-post-image\" alt=\"Indischer Elefant im Wasser, der einen Baum hochhebt\" style=\"\" srcset=\"https:\/\/elephantguide.com\/wp-content\/uploads\/2022\/06\/elephant-in-water-lifting-tree-300x203.jpg 300w, https:\/\/elephantguide.com\/wp-content\/uploads\/2022\/06\/elephant-in-water-lifting-tree-1024x691.jpg 1024w, https:\/\/elephantguide.com\/wp-content\/uploads\/2022\/06\/elephant-in-water-lifting-tree-768x518.jpg 768w, https:\/\/elephantguide.com\/wp-content\/uploads\/2022\/06\/elephant-in-water-lifting-tree-18x12.jpg 18w, https:\/\/elephantguide.com\/wp-content\/uploads\/2022\/06\/elephant-in-water-lifting-tree-1200x810.jpg 1200w, https:\/\/elephantguide.com\/wp-content\/uploads\/2022\/06\/elephant-in-water-lifting-tree.jpg 1400w\" sizes=\"auto, (max-width: 300px) 100vw, 300px\" \/><\/div><a class=\"wp-block-latest-posts__post-title\" href=\"https:\/\/elephantguide.com\/de\/wie-viel-kann-ein-elefant-heben\/\">Wie viel kann ein Elefant heben?<\/a><time datetime=\"2022-12-01T11:18:19+00:00\" class=\"wp-block-latest-posts__post-date\">1. Dezember 2022<\/time><\/li>\n<li><div class=\"wp-block-latest-posts__featured-image aligncenter\"><img loading=\"lazy\" decoding=\"async\" width=\"300\" height=\"200\" src=\"https:\/\/elephantguide.com\/wp-content\/uploads\/2022\/11\/image-of-mammoth-from-aussie-museum-300x200.jpg\" class=\"attachment-medium size-medium wp-post-image\" alt=\"Steppenmammut im Australischen Museum. Foto von April Pethybridge.\" style=\"\" srcset=\"https:\/\/elephantguide.com\/wp-content\/uploads\/2022\/11\/image-of-mammoth-from-aussie-museum-300x200.jpg 300w, https:\/\/elephantguide.com\/wp-content\/uploads\/2022\/11\/image-of-mammoth-from-aussie-museum-1024x683.jpg 1024w, https:\/\/elephantguide.com\/wp-content\/uploads\/2022\/11\/image-of-mammoth-from-aussie-museum-768x512.jpg 768w, https:\/\/elephantguide.com\/wp-content\/uploads\/2022\/11\/image-of-mammoth-from-aussie-museum-18x12.jpg 18w, https:\/\/elephantguide.com\/wp-content\/uploads\/2022\/11\/image-of-mammoth-from-aussie-museum.jpg 1200w\" sizes=\"auto, (max-width: 300px) 100vw, 300px\" \/><\/div><a class=\"wp-block-latest-posts__post-title\" href=\"https:\/\/elephantguide.com\/de\/wie-gros-sind-elefanten-im-vergleich-zu-mammuts\/\">Wie gro\u00df sind Elefanten im Vergleich zu Mammuts?<\/a><time datetime=\"2022-11-07T15:59:59+00:00\" class=\"wp-block-latest-posts__post-date\">7. November 2022<\/time><\/li>\n<li><div class=\"wp-block-latest-posts__featured-image aligncenter\"><img loading=\"lazy\" decoding=\"async\" width=\"300\" height=\"202\" src=\"https:\/\/elephantguide.com\/wp-content\/uploads\/2022\/04\/elephants-running-cant-jump-300x202.jpg\" class=\"attachment-medium size-medium wp-post-image\" alt=\"Elefanten k\u00f6nnen rennen, aber nicht springen\" style=\"\" srcset=\"https:\/\/elephantguide.com\/wp-content\/uploads\/2022\/04\/elephants-running-cant-jump-300x202.jpg 300w, https:\/\/elephantguide.com\/wp-content\/uploads\/2022\/04\/elephants-running-cant-jump-1024x689.jpg 1024w, https:\/\/elephantguide.com\/wp-content\/uploads\/2022\/04\/elephants-running-cant-jump-768x517.jpg 768w, https:\/\/elephantguide.com\/wp-content\/uploads\/2022\/04\/elephants-running-cant-jump-18x12.jpg 18w, https:\/\/elephantguide.com\/wp-content\/uploads\/2022\/04\/elephants-running-cant-jump-1200x808.jpg 1200w, https:\/\/elephantguide.com\/wp-content\/uploads\/2022\/04\/elephants-running-cant-jump.jpg 1300w\" sizes=\"auto, (max-width: 300px) 100vw, 300px\" \/><\/div><a class=\"wp-block-latest-posts__post-title\" href=\"https:\/\/elephantguide.com\/de\/elefanten-konnen-springen-die-hauptgrunde-warum\/\">Elefanten k\u00f6nnen nicht springen: Hier sind die wichtigsten Gr\u00fcnde daf\u00fcr<\/a><time datetime=\"2022-11-04T19:04:51+00:00\" class=\"wp-block-latest-posts__post-date\">November 4, 2022<\/time><\/li>\n<\/ul>\n\n\n<hr class=\"wp-block-separator has-alpha-channel-opacity is-style-dots\"\/>\n\n\n\n<figure class=\"wp-block-pullquote\"><blockquote><p>Das gro\u00dfe Meisterwerk der Natur, ein Elefant, das einzige harmlose gro\u00dfe Ding.<\/p><cite>John Donne<\/cite><\/blockquote><\/figure>\n\n\n\n<hr class=\"wp-block-separator has-alpha-channel-opacity is-style-dots\"\/>\n\n\n\n<div class=\"wp-block-group alignfull has-accent-background-color has-background\"><div class=\"wp-block-group__inner-container is-layout-flow wp-block-group-is-layout-flow\">\n<p class=\"has-text-align-left has-large-font-size\"><strong>Warum sollten Sie unsere Artikel lesen?<\/strong><\/p>\n\n\n\n<ul class=\"wp-block-list\">\n<li>Unser Team besteht aus erfahrenen afrikanischen Wildtierjournalisten mit umfangreichem Fachwissen.<\/li>\n\n\n\n<li>Die Mitarbeiter wurden in angesehenen Produktionen wie \"Planet Earth\" und dem National Geographic Magazine vorgestellt.<\/li>\n\n\n\n<li>Gefeierte Fotografen mit einem scharfen Auge f\u00fcr das Wesen der afrikanischen Elefanten in ihrem nat\u00fcrlichen Lebensraum.<\/li>\n\n\n\n<li>Engagierte Bef\u00fcrworter, die an praktischen Projekten zum Schutz der Elefanten teilgenommen haben und dabei greifbare Ergebnisse erzielt haben.<\/li>\n\n\n\n<li>Unerm\u00fcdliches Engagement, um die Leser \u00fcber die Wunder der unglaublichen Elefanten und die Bedeutung des Schutzes ihrer \u00d6kosysteme aufzukl\u00e4ren.<\/li>\n<\/ul>\n<\/div><\/div>","protected":false},"excerpt":{"rendered":"<p>Discover the intricate details of elephant anatomy, revealing nature&#8217;s fascinating blend of strength, adaptability, and grace. Explore now! Discover the Elephant&#8217;s Anatomy: It&#8217;s nothing like any other animal Consider this your hub for all information related to the awe-inspiring anatomy of elephants. We&#8217;ll explore their remarkable trunks, towering limbs, intricate bone structure, powerful muscles, expansive [&hellip;]<\/p>\n","protected":false},"author":3,"featured_media":0,"parent":0,"menu_order":0,"comment_status":"closed","ping_status":"closed","template":"","meta":{"footnotes":""},"class_list":["post-1310","page","type-page","status-publish","hentry"],"yoast_head":"<!-- This site is optimized with the Yoast SEO plugin v27.3 - https:\/\/yoast.com\/product\/yoast-seo-wordpress\/ -->\n<title>Elephant Anatomy \ud83d\udc18 - The Elephant Guide<\/title>\n<meta name=\"robots\" content=\"index, follow, max-snippet:-1, max-image-preview:large, max-video-preview:-1\" \/>\n<link rel=\"canonical\" href=\"https:\/\/elephantguide.com\/de\/elefanten-anatomie\/\" \/>\n<meta property=\"og:locale\" content=\"de_DE\" \/>\n<meta property=\"og:type\" content=\"article\" \/>\n<meta property=\"og:title\" content=\"Elephant Anatomy \ud83d\udc18 - The Elephant Guide\" \/>\n<meta property=\"og:description\" content=\"Discover the intricate details of elephant anatomy, revealing nature&#8217;s fascinating blend of strength, adaptability, and grace. Explore now! Discover the Elephant&#8217;s Anatomy: It&#8217;s nothing like any other animal Consider this your hub for all information related to the awe-inspiring anatomy of elephants. We&#8217;ll explore their remarkable trunks, towering limbs, intricate bone structure, powerful muscles, expansive [&hellip;]\" \/>\n<meta property=\"og:url\" content=\"https:\/\/elephantguide.com\/de\/elefanten-anatomie\/\" \/>\n<meta property=\"og:site_name\" content=\"The Elephant Guide\" \/>\n<meta property=\"article:modified_time\" content=\"2023-03-28T08:03:48+00:00\" \/>\n<meta property=\"og:image\" content=\"https:\/\/elephantguide.com\/wp-content\/uploads\/2023\/03\/close-up-elephant-eye.jpg\" \/>\n<meta name=\"twitter:card\" content=\"summary_large_image\" \/>\n<meta name=\"twitter:label1\" content=\"Gesch\u00e4tzte Lesezeit\" \/>\n\t<meta name=\"twitter:data1\" content=\"3\u00a0Minuten\" \/>\n<script type=\"application\/ld+json\" class=\"yoast-schema-graph\">{\"@context\":\"https:\\\/\\\/schema.org\",\"@graph\":[{\"@type\":\"WebPage\",\"@id\":\"https:\\\/\\\/elephantguide.com\\\/elephant-anatomy\\\/\",\"url\":\"https:\\\/\\\/elephantguide.com\\\/elephant-anatomy\\\/\",\"name\":\"Elephant Anatomy \ud83d\udc18 - The Elephant Guide\",\"isPartOf\":{\"@id\":\"https:\\\/\\\/elephantguide.com\\\/en\\\/#website\"},\"primaryImageOfPage\":{\"@id\":\"https:\\\/\\\/elephantguide.com\\\/elephant-anatomy\\\/#primaryimage\"},\"image\":{\"@id\":\"https:\\\/\\\/elephantguide.com\\\/elephant-anatomy\\\/#primaryimage\"},\"thumbnailUrl\":\"https:\\\/\\\/elephantguide.com\\\/wp-content\\\/uploads\\\/2023\\\/03\\\/close-up-elephant-eye.jpg\",\"datePublished\":\"2023-03-27T20:52:44+00:00\",\"dateModified\":\"2023-03-28T08:03:48+00:00\",\"breadcrumb\":{\"@id\":\"https:\\\/\\\/elephantguide.com\\\/elephant-anatomy\\\/#breadcrumb\"},\"inLanguage\":\"de\",\"potentialAction\":[{\"@type\":\"ReadAction\",\"target\":[\"https:\\\/\\\/elephantguide.com\\\/elephant-anatomy\\\/\"]}]},{\"@type\":\"ImageObject\",\"inLanguage\":\"de\",\"@id\":\"https:\\\/\\\/elephantguide.com\\\/elephant-anatomy\\\/#primaryimage\",\"url\":\"https:\\\/\\\/elephantguide.com\\\/wp-content\\\/uploads\\\/2023\\\/03\\\/close-up-elephant-eye.jpg\",\"contentUrl\":\"https:\\\/\\\/elephantguide.com\\\/wp-content\\\/uploads\\\/2023\\\/03\\\/close-up-elephant-eye.jpg\"},{\"@type\":\"BreadcrumbList\",\"@id\":\"https:\\\/\\\/elephantguide.com\\\/elephant-anatomy\\\/#breadcrumb\",\"itemListElement\":[{\"@type\":\"ListItem\",\"position\":1,\"name\":\"Home\",\"item\":\"https:\\\/\\\/elephantguide.com\\\/\"},{\"@type\":\"ListItem\",\"position\":2,\"name\":\"Elephant Anatomy \ud83d\udc18\"}]},{\"@type\":\"WebSite\",\"@id\":\"https:\\\/\\\/elephantguide.com\\\/en\\\/#website\",\"url\":\"https:\\\/\\\/elephantguide.com\\\/en\\\/\",\"name\":\"The Elephant Guide\",\"description\":\"Facts about elephants and best places to see them in the wild\",\"publisher\":{\"@id\":\"https:\\\/\\\/elephantguide.com\\\/en\\\/#organization\"},\"potentialAction\":[{\"@type\":\"SearchAction\",\"target\":{\"@type\":\"EntryPoint\",\"urlTemplate\":\"https:\\\/\\\/elephantguide.com\\\/en\\\/?s={search_term_string}\"},\"query-input\":{\"@type\":\"PropertyValueSpecification\",\"valueRequired\":true,\"valueName\":\"search_term_string\"}}],\"inLanguage\":\"de\"},{\"@type\":\"Organization\",\"@id\":\"https:\\\/\\\/elephantguide.com\\\/en\\\/#organization\",\"name\":\"The Elephant Guide\",\"url\":\"https:\\\/\\\/elephantguide.com\\\/en\\\/\",\"logo\":{\"@type\":\"ImageObject\",\"inLanguage\":\"de\",\"@id\":\"https:\\\/\\\/elephantguide.com\\\/en\\\/#\\\/schema\\\/logo\\\/image\\\/\",\"url\":\"https:\\\/\\\/elephantguide.com\\\/wp-content\\\/uploads\\\/2022\\\/02\\\/elephanticon.png\",\"contentUrl\":\"https:\\\/\\\/elephantguide.com\\\/wp-content\\\/uploads\\\/2022\\\/02\\\/elephanticon.png\",\"width\":1000,\"height\":1000,\"caption\":\"The Elephant Guide\"},\"image\":{\"@id\":\"https:\\\/\\\/elephantguide.com\\\/en\\\/#\\\/schema\\\/logo\\\/image\\\/\"}}]}<\/script>\n<!-- \/ Yoast SEO plugin. -->","yoast_head_json":{"title":"Elefanten Anatomie \ud83d\udc18 - Der Elefantenf\u00fchrer","robots":{"index":"index","follow":"follow","max-snippet":"max-snippet:-1","max-image-preview":"max-image-preview:large","max-video-preview":"max-video-preview:-1"},"canonical":"https:\/\/elephantguide.com\/de\/elefanten-anatomie\/","og_locale":"de_DE","og_type":"article","og_title":"Elephant Anatomy \ud83d\udc18 - The Elephant Guide","og_description":"Discover the intricate details of elephant anatomy, revealing nature&#8217;s fascinating blend of strength, adaptability, and grace. Explore now! Discover the Elephant&#8217;s Anatomy: It&#8217;s nothing like any other animal Consider this your hub for all information related to the awe-inspiring anatomy of elephants. We&#8217;ll explore their remarkable trunks, towering limbs, intricate bone structure, powerful muscles, expansive [&hellip;]","og_url":"https:\/\/elephantguide.com\/de\/elefanten-anatomie\/","og_site_name":"The Elephant Guide","article_modified_time":"2023-03-28T08:03:48+00:00","og_image":[{"url":"https:\/\/elephantguide.com\/wp-content\/uploads\/2023\/03\/close-up-elephant-eye.jpg","type":"","width":"","height":""}],"twitter_card":"summary_large_image","twitter_misc":{"Gesch\u00e4tzte Lesezeit":"3\u00a0Minuten"},"schema":{"@context":"https:\/\/schema.org","@graph":[{"@type":"WebPage","@id":"https:\/\/elephantguide.com\/elephant-anatomy\/","url":"https:\/\/elephantguide.com\/elephant-anatomy\/","name":"Elefanten Anatomie \ud83d\udc18 - Der Elefantenf\u00fchrer","isPartOf":{"@id":"https:\/\/elephantguide.com\/en\/#website"},"primaryImageOfPage":{"@id":"https:\/\/elephantguide.com\/elephant-anatomy\/#primaryimage"},"image":{"@id":"https:\/\/elephantguide.com\/elephant-anatomy\/#primaryimage"},"thumbnailUrl":"https:\/\/elephantguide.com\/wp-content\/uploads\/2023\/03\/close-up-elephant-eye.jpg","datePublished":"2023-03-27T20:52:44+00:00","dateModified":"2023-03-28T08:03:48+00:00","breadcrumb":{"@id":"https:\/\/elephantguide.com\/elephant-anatomy\/#breadcrumb"},"inLanguage":"de","potentialAction":[{"@type":"ReadAction","target":["https:\/\/elephantguide.com\/elephant-anatomy\/"]}]},{"@type":"ImageObject","inLanguage":"de","@id":"https:\/\/elephantguide.com\/elephant-anatomy\/#primaryimage","url":"https:\/\/elephantguide.com\/wp-content\/uploads\/2023\/03\/close-up-elephant-eye.jpg","contentUrl":"https:\/\/elephantguide.com\/wp-content\/uploads\/2023\/03\/close-up-elephant-eye.jpg"},{"@type":"BreadcrumbList","@id":"https:\/\/elephantguide.com\/elephant-anatomy\/#breadcrumb","itemListElement":[{"@type":"ListItem","position":1,"name":"Home","item":"https:\/\/elephantguide.com\/"},{"@type":"ListItem","position":2,"name":"Elephant Anatomy \ud83d\udc18"}]},{"@type":"WebSite","@id":"https:\/\/elephantguide.com\/en\/#website","url":"https:\/\/elephantguide.com\/en\/","name":"Der Elefantenf\u00fchrer","description":"Fakten \u00fcber Elefanten und die besten Orte, um sie in freier Wildbahn zu sehen","publisher":{"@id":"https:\/\/elephantguide.com\/en\/#organization"},"potentialAction":[{"@type":"SearchAction","target":{"@type":"EntryPoint","urlTemplate":"https:\/\/elephantguide.com\/en\/?s={search_term_string}"},"query-input":{"@type":"PropertyValueSpecification","valueRequired":true,"valueName":"search_term_string"}}],"inLanguage":"de"},{"@type":"Organization","@id":"https:\/\/elephantguide.com\/en\/#organization","name":"Der Elefantenf\u00fchrer","url":"https:\/\/elephantguide.com\/en\/","logo":{"@type":"ImageObject","inLanguage":"de","@id":"https:\/\/elephantguide.com\/en\/#\/schema\/logo\/image\/","url":"https:\/\/elephantguide.com\/wp-content\/uploads\/2022\/02\/elephanticon.png","contentUrl":"https:\/\/elephantguide.com\/wp-content\/uploads\/2022\/02\/elephanticon.png","width":1000,"height":1000,"caption":"The Elephant Guide"},"image":{"@id":"https:\/\/elephantguide.com\/en\/#\/schema\/logo\/image\/"}}]}},"yoast_title":"","yoast_description":"","yoast_keyword":"elephant anatomy","_links":{"self":[{"href":"https:\/\/elephantguide.com\/de\/wp-json\/wp\/v2\/pages\/1310","targetHints":{"allow":["GET"]}}],"collection":[{"href":"https:\/\/elephantguide.com\/de\/wp-json\/wp\/v2\/pages"}],"about":[{"href":"https:\/\/elephantguide.com\/de\/wp-json\/wp\/v2\/types\/page"}],"author":[{"embeddable":true,"href":"https:\/\/elephantguide.com\/de\/wp-json\/wp\/v2\/users\/3"}],"replies":[{"embeddable":true,"href":"https:\/\/elephantguide.com\/de\/wp-json\/wp\/v2\/comments?post=1310"}],"version-history":[{"count":10,"href":"https:\/\/elephantguide.com\/de\/wp-json\/wp\/v2\/pages\/1310\/revisions"}],"predecessor-version":[{"id":1400,"href":"https:\/\/elephantguide.com\/de\/wp-json\/wp\/v2\/pages\/1310\/revisions\/1400"}],"wp:attachment":[{"href":"https:\/\/elephantguide.com\/de\/wp-json\/wp\/v2\/media?parent=1310"}],"curies":[{"name":"wp","href":"https:\/\/api.w.org\/{rel}","templated":true}]}}